{"id":18091,"date":"2026-01-06T18:14:00","date_gmt":"2026-01-06T17:14:00","guid":{"rendered":"https:\/\/cenariosdeacucar.pt\/?post_type=product&#038;p=18091"},"modified":"2026-01-06T18:14:00","modified_gmt":"2026-01-06T17:14:00","slug":"banner-happy-birthday-personalizavel-animais-da-quinta","status":"publish","type":"product","link":"https:\/\/cenariosdeacucar.pt\/?product=banner-happy-birthday-personalizavel-animais-da-quinta","title":{"rendered":"Banner Happy Birthday Personaliz\u00e1vel Animais da Quinta"},"content":{"rendered":"<p>Kit com 2 bandeirolas: uma a dizer &#8220;Happy Birthday&#8221; com as letras recortadas, com animais da quinta e o celeiro, que pode ser personalizado com a idade do\/da aniversariante; e outra a dizer &#8220;Lil Farmer&#8221;, com as letras recortadas e com os animais da quinta. Medidas: Banner &#8220;Happy Birthday&#8221; &#8211; 3 m x 23.4 cm; Banner &#8220;Lil Farmer&#8221; &#8211; 1.82 m x 10.1 cm<\/p>\n","protected":false},"excerpt":{"rendered":"<p>Kit com 2 bandeirolas: uma a dizer &#8220;Happy Birthday&#8221; com as letras recortadas, com animais da quinta e o celeiro, que pode ser personalizado com a idade do\/da aniversariante; e outra a dizer &#8220;Lil Farmer&#8221;, com as letras recortadas e com os animais da quinta. Medidas: Banner &#8220;Happy Birthday&#8221; &#8211; 3 m x 23.4 cm; [&hellip;]<\/p>\n","protected":false},"featured_media":18092,"comment_status":"closed","ping_status":"closed","template":"","meta":[],"product_brand":[],"product_cat":[187,178,174,185],"product_tag":[],"class_list":{"0":"post-18091","1":"product","2":"type-product","3":"status-publish","4":"has-post-thumbnail","6":"product_cat-animais-da-quinta","7":"product_cat-banner-e-grinaldas","8":"product_cat-decoracao","9":"product_cat-festas-tematicas","11":"first","12":"instock","13":"shipping-taxable","14":"purchasable","15":"product-type-simple"},"yoast_head":"<!-- This site is optimized with the Yoast SEO plugin v27.4 - https:\/\/yoast.com\/product\/yoast-seo-wordpress\/ -->\n<title>Banner Happy Birthday Personaliz\u00e1vel Animais da Quinta - Cen\u00e1rios de A\u00e7ucar<\/title>\n<meta name=\"robots\" content=\"index, follow, max-snippet:-1, max-image-preview:large, max-video-preview:-1\" \/>\n<link rel=\"canonical\" href=\"https:\/\/cenariosdeacucar.pt\/?product=banner-happy-birthday-personalizavel-animais-da-quinta\" \/>\n<meta property=\"og:locale\" content=\"pt_PT\" \/>\n<meta property=\"og:type\" content=\"article\" \/>\n<meta property=\"og:title\" content=\"Banner Happy Birthday Personaliz\u00e1vel Animais da Quinta - Cen\u00e1rios de A\u00e7ucar\" \/>\n<meta property=\"og:description\" content=\"Kit com 2 bandeirolas: uma a dizer &#8220;Happy Birthday&#8221; com as letras recortadas, com animais da quinta e o celeiro, que pode ser personalizado com a idade do\/da aniversariante; e outra a dizer &#8220;Lil Farmer&#8221;, com as letras recortadas e com os animais da quinta. Medidas: Banner &#8220;Happy Birthday&#8221; &#8211; 3 m x 23.4 cm; [&hellip;]\" \/>\n<meta property=\"og:url\" content=\"https:\/\/cenariosdeacucar.pt\/?product=banner-happy-birthday-personalizavel-animais-da-quinta\" \/>\n<meta property=\"og:site_name\" content=\"Cen\u00e1rios de A\u00e7ucar\" \/>\n<meta property=\"og:image\" content=\"https:\/\/cenariosdeacucar.pt\/novo\/wp-content\/uploads\/2026\/01\/imagehandler-12-1.jpg\" \/>\n\t<meta property=\"og:image:width\" content=\"1134\" \/>\n\t<meta property=\"og:image:height\" content=\"927\" \/>\n\t<meta property=\"og:image:type\" content=\"image\/jpeg\" \/>\n<meta name=\"twitter:card\" content=\"summary_large_image\" \/>\n<meta name=\"twitter:label1\" content=\"Tempo estimado de leitura\" \/>\n\t<meta name=\"twitter:data1\" content=\"1 minuto\" \/>\n<script type=\"application\/ld+json\" class=\"yoast-schema-graph\">{\"@context\":\"https:\\\/\\\/schema.org\",\"@graph\":[{\"@type\":\"WebPage\",\"@id\":\"https:\\\/\\\/cenariosdeacucar.pt\\\/?product=banner-happy-birthday-personalizavel-animais-da-quinta\",\"url\":\"https:\\\/\\\/cenariosdeacucar.pt\\\/?product=banner-happy-birthday-personalizavel-animais-da-quinta\",\"name\":\"Banner Happy Birthday Personaliz\u00e1vel Animais da Quinta - Cen\u00e1rios de A\u00e7ucar\",\"isPartOf\":{\"@id\":\"https:\\\/\\\/cenariosdeacucar.pt\\\/#website\"},\"primaryImageOfPage\":{\"@id\":\"https:\\\/\\\/cenariosdeacucar.pt\\\/?product=banner-happy-birthday-personalizavel-animais-da-quinta#primaryimage\"},\"image\":{\"@id\":\"https:\\\/\\\/cenariosdeacucar.pt\\\/?product=banner-happy-birthday-personalizavel-animais-da-quinta#primaryimage\"},\"thumbnailUrl\":\"https:\\\/\\\/cenariosdeacucar.pt\\\/novo\\\/wp-content\\\/uploads\\\/2026\\\/01\\\/imagehandler-12-1.jpg\",\"datePublished\":\"2026-01-06T17:14:00+00:00\",\"breadcrumb\":{\"@id\":\"https:\\\/\\\/cenariosdeacucar.pt\\\/?product=banner-happy-birthday-personalizavel-animais-da-quinta#breadcrumb\"},\"inLanguage\":\"pt-PT\",\"potentialAction\":[{\"@type\":\"ReadAction\",\"target\":[\"https:\\\/\\\/cenariosdeacucar.pt\\\/?product=banner-happy-birthday-personalizavel-animais-da-quinta\"]}]},{\"@type\":\"ImageObject\",\"inLanguage\":\"pt-PT\",\"@id\":\"https:\\\/\\\/cenariosdeacucar.pt\\\/?product=banner-happy-birthday-personalizavel-animais-da-quinta#primaryimage\",\"url\":\"https:\\\/\\\/cenariosdeacucar.pt\\\/novo\\\/wp-content\\\/uploads\\\/2026\\\/01\\\/imagehandler-12-1.jpg\",\"contentUrl\":\"https:\\\/\\\/cenariosdeacucar.pt\\\/novo\\\/wp-content\\\/uploads\\\/2026\\\/01\\\/imagehandler-12-1.jpg\",\"width\":1134,\"height\":927},{\"@type\":\"BreadcrumbList\",\"@id\":\"https:\\\/\\\/cenariosdeacucar.pt\\\/?product=banner-happy-birthday-personalizavel-animais-da-quinta#breadcrumb\",\"itemListElement\":[{\"@type\":\"ListItem\",\"position\":1,\"name\":\"In\u00edcio\",\"item\":\"https:\\\/\\\/cenariosdeacucar.pt\\\/\"},{\"@type\":\"ListItem\",\"position\":2,\"name\":\"Produtos\",\"item\":\"https:\\\/\\\/cenariosdeacucar.pt\\\/?post_type=product\"},{\"@type\":\"ListItem\",\"position\":3,\"name\":\"Banner Happy Birthday Personaliz\u00e1vel Animais da Quinta\"}]},{\"@type\":\"WebSite\",\"@id\":\"https:\\\/\\\/cenariosdeacucar.pt\\\/#website\",\"url\":\"https:\\\/\\\/cenariosdeacucar.pt\\\/\",\"name\":\"Cen\u00e1rios de A\u00e7ucar\",\"description\":\"Cake Design | Festas\",\"potentialAction\":[{\"@type\":\"SearchAction\",\"target\":{\"@type\":\"EntryPoint\",\"urlTemplate\":\"https:\\\/\\\/cenariosdeacucar.pt\\\/?s={search_term_string}\"},\"query-input\":{\"@type\":\"PropertyValueSpecification\",\"valueRequired\":true,\"valueName\":\"search_term_string\"}}],\"inLanguage\":\"pt-PT\"}]}<\/script>\n<!-- \/ Yoast SEO plugin. -->","yoast_head_json":{"title":"Banner Happy Birthday Personaliz\u00e1vel Animais da Quinta - Cen\u00e1rios de A\u00e7ucar","robots":{"index":"index","follow":"follow","max-snippet":"max-snippet:-1","max-image-preview":"max-image-preview:large","max-video-preview":"max-video-preview:-1"},"canonical":"https:\/\/cenariosdeacucar.pt\/?product=banner-happy-birthday-personalizavel-animais-da-quinta","og_locale":"pt_PT","og_type":"article","og_title":"Banner Happy Birthday Personaliz\u00e1vel Animais da Quinta - Cen\u00e1rios de A\u00e7ucar","og_description":"Kit com 2 bandeirolas: uma a dizer &#8220;Happy Birthday&#8221; com as letras recortadas, com animais da quinta e o celeiro, que pode ser personalizado com a idade do\/da aniversariante; e outra a dizer &#8220;Lil Farmer&#8221;, com as letras recortadas e com os animais da quinta. Medidas: Banner &#8220;Happy Birthday&#8221; &#8211; 3 m x 23.4 cm; [&hellip;]","og_url":"https:\/\/cenariosdeacucar.pt\/?product=banner-happy-birthday-personalizavel-animais-da-quinta","og_site_name":"Cen\u00e1rios de A\u00e7ucar","og_image":[{"width":1134,"height":927,"url":"https:\/\/cenariosdeacucar.pt\/novo\/wp-content\/uploads\/2026\/01\/imagehandler-12-1.jpg","type":"image\/jpeg"}],"twitter_card":"summary_large_image","twitter_misc":{"Tempo estimado de leitura":"1 minuto"},"schema":{"@context":"https:\/\/schema.org","@graph":[{"@type":"WebPage","@id":"https:\/\/cenariosdeacucar.pt\/?product=banner-happy-birthday-personalizavel-animais-da-quinta","url":"https:\/\/cenariosdeacucar.pt\/?product=banner-happy-birthday-personalizavel-animais-da-quinta","name":"Banner Happy Birthday Personaliz\u00e1vel Animais da Quinta - Cen\u00e1rios de A\u00e7ucar","isPartOf":{"@id":"https:\/\/cenariosdeacucar.pt\/#website"},"primaryImageOfPage":{"@id":"https:\/\/cenariosdeacucar.pt\/?product=banner-happy-birthday-personalizavel-animais-da-quinta#primaryimage"},"image":{"@id":"https:\/\/cenariosdeacucar.pt\/?product=banner-happy-birthday-personalizavel-animais-da-quinta#primaryimage"},"thumbnailUrl":"https:\/\/cenariosdeacucar.pt\/novo\/wp-content\/uploads\/2026\/01\/imagehandler-12-1.jpg","datePublished":"2026-01-06T17:14:00+00:00","breadcrumb":{"@id":"https:\/\/cenariosdeacucar.pt\/?product=banner-happy-birthday-personalizavel-animais-da-quinta#breadcrumb"},"inLanguage":"pt-PT","potentialAction":[{"@type":"ReadAction","target":["https:\/\/cenariosdeacucar.pt\/?product=banner-happy-birthday-personalizavel-animais-da-quinta"]}]},{"@type":"ImageObject","inLanguage":"pt-PT","@id":"https:\/\/cenariosdeacucar.pt\/?product=banner-happy-birthday-personalizavel-animais-da-quinta#primaryimage","url":"https:\/\/cenariosdeacucar.pt\/novo\/wp-content\/uploads\/2026\/01\/imagehandler-12-1.jpg","contentUrl":"https:\/\/cenariosdeacucar.pt\/novo\/wp-content\/uploads\/2026\/01\/imagehandler-12-1.jpg","width":1134,"height":927},{"@type":"BreadcrumbList","@id":"https:\/\/cenariosdeacucar.pt\/?product=banner-happy-birthday-personalizavel-animais-da-quinta#breadcrumb","itemListElement":[{"@type":"ListItem","position":1,"name":"In\u00edcio","item":"https:\/\/cenariosdeacucar.pt\/"},{"@type":"ListItem","position":2,"name":"Produtos","item":"https:\/\/cenariosdeacucar.pt\/?post_type=product"},{"@type":"ListItem","position":3,"name":"Banner Happy Birthday Personaliz\u00e1vel Animais da Quinta"}]},{"@type":"WebSite","@id":"https:\/\/cenariosdeacucar.pt\/#website","url":"https:\/\/cenariosdeacucar.pt\/","name":"Cen\u00e1rios de A\u00e7ucar","description":"Cake Design | Festas","potentialAction":[{"@type":"SearchAction","target":{"@type":"EntryPoint","urlTemplate":"https:\/\/cenariosdeacucar.pt\/?s={search_term_string}"},"query-input":{"@type":"PropertyValueSpecification","valueRequired":true,"valueName":"search_term_string"}}],"inLanguage":"pt-PT"}]}},"_links":{"self":[{"href":"https:\/\/cenariosdeacucar.pt\/index.php?rest_route=\/wp\/v2\/product\/18091","targetHints":{"allow":["GET"]}}],"collection":[{"href":"https:\/\/cenariosdeacucar.pt\/index.php?rest_route=\/wp\/v2\/product"}],"about":[{"href":"https:\/\/cenariosdeacucar.pt\/index.php?rest_route=\/wp\/v2\/types\/product"}],"replies":[{"embeddable":true,"href":"https:\/\/cenariosdeacucar.pt\/index.php?rest_route=%2Fwp%2Fv2%2Fcomments&post=18091"}],"wp:featuredmedia":[{"embeddable":true,"href":"https:\/\/cenariosdeacucar.pt\/index.php?rest_route=\/wp\/v2\/media\/18092"}],"wp:attachment":[{"href":"https:\/\/cenariosdeacucar.pt\/index.php?rest_route=%2Fwp%2Fv2%2Fmedia&parent=18091"}],"wp:term":[{"taxonomy":"product_brand","embeddable":true,"href":"https:\/\/cenariosdeacucar.pt\/index.php?rest_route=%2Fwp%2Fv2%2Fproduct_brand&post=18091"},{"taxonomy":"product_cat","embeddable":true,"href":"https:\/\/cenariosdeacucar.pt\/index.php?rest_route=%2Fwp%2Fv2%2Fproduct_cat&post=18091"},{"taxonomy":"product_tag","embeddable":true,"href":"https:\/\/cenariosdeacucar.pt\/index.php?rest_route=%2Fwp%2Fv2%2Fproduct_tag&post=18091"}],"curies":[{"name":"wp","href":"https:\/\/api.w.org\/{rel}","templated":true}]}}