{"id":18069,"date":"2025-11-27T17:49:15","date_gmt":"2025-11-27T16:49:15","guid":{"rendered":"https:\/\/cenariosdeacucar.pt\/?post_type=product&#038;p=18069"},"modified":"2025-12-09T19:35:35","modified_gmt":"2025-12-09T18:35:35","slug":"cortador-de-bolachas-casa-bolacha-de-gengibre","status":"publish","type":"product","link":"https:\/\/cenariosdeacucar.pt\/?product=cortador-de-bolachas-casa-bolacha-de-gengibre","title":{"rendered":"Cortador de bolachas Casa bolacha de Gengibre"},"content":{"rendered":"<p>Caracter\u00edsticas do produto:<\/p>\n<p>Medidas: 55x 90 x 15 mm<\/p>\n<p>Material: PLA (biopl\u00e1stico de origem vegetal)<\/p>\n<p>M\u00e9todo de fabrico: Impress\u00e3o 3D<\/p>\n<p>Cor: Aleat\u00f3ria<\/p>\n<p>Cuidados de utiliza\u00e7\u00e3o:<\/p>\n<p>Lavar com detergente neutro e \u00e1gua morna<\/p>\n<p>N\u00e3o lavar na m\u00e1quina de lavar lou\u00e7a<\/p>\n<p>Evitar exposi\u00e7\u00e3o a temperaturas superiores a 50 \u00b0C<\/p>\n<p>Um acess\u00f3rio pr\u00e1tico, ecol\u00f3gico e feito com carinho, perfeito para os amantes da pastelaria criativa.<\/p>\n","protected":false},"excerpt":{"rendered":"<p>Cortador de Bolachas Tem\u00e1tico<\/p>\n<p>D\u00ea um toque especial \u00e0s suas receitas com este cortador de bolachas tem\u00e1tico, ideal para criar formas \u00fanicas e divertidas. Produzido em PLA (\u00e1cido polil\u00e1ctico), um biopl\u00e1stico de origem vegetal e biodegrad\u00e1vel, este utens\u00edlio alia criatividade e sustentabilidade.<\/p>\n","protected":false},"featured_media":18070,"comment_status":"closed","ping_status":"closed","template":"","meta":[],"product_brand":[],"product_cat":[158,161,115,245,117],"product_tag":[],"class_list":{"0":"post-18069","1":"product","2":"type-product","3":"status-publish","4":"has-post-thumbnail","6":"product_cat-cakedesign","7":"product_cat-cortadores","8":"product_cat-epocas-especiais","9":"product_cat-formas","10":"product_cat-natal","12":"first","13":"outofstock","14":"shipping-taxable","15":"purchasable","16":"product-type-simple"},"yoast_head":"<!-- This site is optimized with the Yoast SEO plugin v27.4 - https:\/\/yoast.com\/product\/yoast-seo-wordpress\/ -->\n<title>Cortador de bolachas Casa bolacha de Gengibre - Cen\u00e1rios de A\u00e7ucar<\/title>\n<meta name=\"robots\" content=\"index, follow, max-snippet:-1, max-image-preview:large, max-video-preview:-1\" \/>\n<link rel=\"canonical\" href=\"https:\/\/cenariosdeacucar.pt\/?product=cortador-de-bolachas-casa-bolacha-de-gengibre\" \/>\n<meta property=\"og:locale\" content=\"pt_PT\" \/>\n<meta property=\"og:type\" content=\"article\" \/>\n<meta property=\"og:title\" content=\"Cortador de bolachas Casa bolacha de Gengibre - Cen\u00e1rios de A\u00e7ucar\" \/>\n<meta property=\"og:description\" content=\"Cortador de Bolachas Tem\u00e1tico  D\u00ea um toque especial \u00e0s suas receitas com este cortador de bolachas tem\u00e1tico, ideal para criar formas \u00fanicas e divertidas. Produzido em PLA (\u00e1cido polil\u00e1ctico), um biopl\u00e1stico de origem vegetal e biodegrad\u00e1vel, este utens\u00edlio alia criatividade e sustentabilidade.\" \/>\n<meta property=\"og:url\" content=\"https:\/\/cenariosdeacucar.pt\/?product=cortador-de-bolachas-casa-bolacha-de-gengibre\" \/>\n<meta property=\"og:site_name\" content=\"Cen\u00e1rios de A\u00e7ucar\" \/>\n<meta property=\"article:modified_time\" content=\"2025-12-09T18:35:35+00:00\" \/>\n<meta property=\"og:image\" content=\"https:\/\/cenariosdeacucar.pt\/novo\/wp-content\/uploads\/2025\/11\/CasaBolachadeGengibre-800x800-1.jpg\" \/>\n\t<meta property=\"og:image:width\" content=\"800\" \/>\n\t<meta property=\"og:image:height\" content=\"800\" \/>\n\t<meta property=\"og:image:type\" content=\"image\/jpeg\" \/>\n<meta name=\"twitter:card\" content=\"summary_large_image\" \/>\n<meta name=\"twitter:label1\" content=\"Tempo estimado de leitura\" \/>\n\t<meta name=\"twitter:data1\" content=\"1 minuto\" \/>\n<script type=\"application\/ld+json\" class=\"yoast-schema-graph\">{\"@context\":\"https:\\\/\\\/schema.org\",\"@graph\":[{\"@type\":\"WebPage\",\"@id\":\"https:\\\/\\\/cenariosdeacucar.pt\\\/?product=cortador-de-bolachas-casa-bolacha-de-gengibre\",\"url\":\"https:\\\/\\\/cenariosdeacucar.pt\\\/?product=cortador-de-bolachas-casa-bolacha-de-gengibre\",\"name\":\"Cortador de bolachas Casa bolacha de Gengibre - Cen\u00e1rios de A\u00e7ucar\",\"isPartOf\":{\"@id\":\"https:\\\/\\\/cenariosdeacucar.pt\\\/#website\"},\"primaryImageOfPage\":{\"@id\":\"https:\\\/\\\/cenariosdeacucar.pt\\\/?product=cortador-de-bolachas-casa-bolacha-de-gengibre#primaryimage\"},\"image\":{\"@id\":\"https:\\\/\\\/cenariosdeacucar.pt\\\/?product=cortador-de-bolachas-casa-bolacha-de-gengibre#primaryimage\"},\"thumbnailUrl\":\"https:\\\/\\\/cenariosdeacucar.pt\\\/novo\\\/wp-content\\\/uploads\\\/2025\\\/11\\\/CasaBolachadeGengibre-800x800-1.jpg\",\"datePublished\":\"2025-11-27T16:49:15+00:00\",\"dateModified\":\"2025-12-09T18:35:35+00:00\",\"breadcrumb\":{\"@id\":\"https:\\\/\\\/cenariosdeacucar.pt\\\/?product=cortador-de-bolachas-casa-bolacha-de-gengibre#breadcrumb\"},\"inLanguage\":\"pt-PT\",\"potentialAction\":[{\"@type\":\"ReadAction\",\"target\":[\"https:\\\/\\\/cenariosdeacucar.pt\\\/?product=cortador-de-bolachas-casa-bolacha-de-gengibre\"]}]},{\"@type\":\"ImageObject\",\"inLanguage\":\"pt-PT\",\"@id\":\"https:\\\/\\\/cenariosdeacucar.pt\\\/?product=cortador-de-bolachas-casa-bolacha-de-gengibre#primaryimage\",\"url\":\"https:\\\/\\\/cenariosdeacucar.pt\\\/novo\\\/wp-content\\\/uploads\\\/2025\\\/11\\\/CasaBolachadeGengibre-800x800-1.jpg\",\"contentUrl\":\"https:\\\/\\\/cenariosdeacucar.pt\\\/novo\\\/wp-content\\\/uploads\\\/2025\\\/11\\\/CasaBolachadeGengibre-800x800-1.jpg\",\"width\":800,\"height\":800},{\"@type\":\"BreadcrumbList\",\"@id\":\"https:\\\/\\\/cenariosdeacucar.pt\\\/?product=cortador-de-bolachas-casa-bolacha-de-gengibre#breadcrumb\",\"itemListElement\":[{\"@type\":\"ListItem\",\"position\":1,\"name\":\"In\u00edcio\",\"item\":\"https:\\\/\\\/cenariosdeacucar.pt\\\/\"},{\"@type\":\"ListItem\",\"position\":2,\"name\":\"Produtos\",\"item\":\"https:\\\/\\\/cenariosdeacucar.pt\\\/?post_type=product\"},{\"@type\":\"ListItem\",\"position\":3,\"name\":\"Cortador de bolachas Casa bolacha de Gengibre\"}]},{\"@type\":\"WebSite\",\"@id\":\"https:\\\/\\\/cenariosdeacucar.pt\\\/#website\",\"url\":\"https:\\\/\\\/cenariosdeacucar.pt\\\/\",\"name\":\"Cen\u00e1rios de A\u00e7ucar\",\"description\":\"Cake Design | Festas\",\"potentialAction\":[{\"@type\":\"SearchAction\",\"target\":{\"@type\":\"EntryPoint\",\"urlTemplate\":\"https:\\\/\\\/cenariosdeacucar.pt\\\/?s={search_term_string}\"},\"query-input\":{\"@type\":\"PropertyValueSpecification\",\"valueRequired\":true,\"valueName\":\"search_term_string\"}}],\"inLanguage\":\"pt-PT\"}]}<\/script>\n<!-- \/ Yoast SEO plugin. -->","yoast_head_json":{"title":"Cortador de bolachas Casa bolacha de Gengibre - Cen\u00e1rios de A\u00e7ucar","robots":{"index":"index","follow":"follow","max-snippet":"max-snippet:-1","max-image-preview":"max-image-preview:large","max-video-preview":"max-video-preview:-1"},"canonical":"https:\/\/cenariosdeacucar.pt\/?product=cortador-de-bolachas-casa-bolacha-de-gengibre","og_locale":"pt_PT","og_type":"article","og_title":"Cortador de bolachas Casa bolacha de Gengibre - Cen\u00e1rios de A\u00e7ucar","og_description":"Cortador de Bolachas Tem\u00e1tico  D\u00ea um toque especial \u00e0s suas receitas com este cortador de bolachas tem\u00e1tico, ideal para criar formas \u00fanicas e divertidas. Produzido em PLA (\u00e1cido polil\u00e1ctico), um biopl\u00e1stico de origem vegetal e biodegrad\u00e1vel, este utens\u00edlio alia criatividade e sustentabilidade.","og_url":"https:\/\/cenariosdeacucar.pt\/?product=cortador-de-bolachas-casa-bolacha-de-gengibre","og_site_name":"Cen\u00e1rios de A\u00e7ucar","article_modified_time":"2025-12-09T18:35:35+00:00","og_image":[{"width":800,"height":800,"url":"https:\/\/cenariosdeacucar.pt\/novo\/wp-content\/uploads\/2025\/11\/CasaBolachadeGengibre-800x800-1.jpg","type":"image\/jpeg"}],"twitter_card":"summary_large_image","twitter_misc":{"Tempo estimado de leitura":"1 minuto"},"schema":{"@context":"https:\/\/schema.org","@graph":[{"@type":"WebPage","@id":"https:\/\/cenariosdeacucar.pt\/?product=cortador-de-bolachas-casa-bolacha-de-gengibre","url":"https:\/\/cenariosdeacucar.pt\/?product=cortador-de-bolachas-casa-bolacha-de-gengibre","name":"Cortador de bolachas Casa bolacha de Gengibre - Cen\u00e1rios de A\u00e7ucar","isPartOf":{"@id":"https:\/\/cenariosdeacucar.pt\/#website"},"primaryImageOfPage":{"@id":"https:\/\/cenariosdeacucar.pt\/?product=cortador-de-bolachas-casa-bolacha-de-gengibre#primaryimage"},"image":{"@id":"https:\/\/cenariosdeacucar.pt\/?product=cortador-de-bolachas-casa-bolacha-de-gengibre#primaryimage"},"thumbnailUrl":"https:\/\/cenariosdeacucar.pt\/novo\/wp-content\/uploads\/2025\/11\/CasaBolachadeGengibre-800x800-1.jpg","datePublished":"2025-11-27T16:49:15+00:00","dateModified":"2025-12-09T18:35:35+00:00","breadcrumb":{"@id":"https:\/\/cenariosdeacucar.pt\/?product=cortador-de-bolachas-casa-bolacha-de-gengibre#breadcrumb"},"inLanguage":"pt-PT","potentialAction":[{"@type":"ReadAction","target":["https:\/\/cenariosdeacucar.pt\/?product=cortador-de-bolachas-casa-bolacha-de-gengibre"]}]},{"@type":"ImageObject","inLanguage":"pt-PT","@id":"https:\/\/cenariosdeacucar.pt\/?product=cortador-de-bolachas-casa-bolacha-de-gengibre#primaryimage","url":"https:\/\/cenariosdeacucar.pt\/novo\/wp-content\/uploads\/2025\/11\/CasaBolachadeGengibre-800x800-1.jpg","contentUrl":"https:\/\/cenariosdeacucar.pt\/novo\/wp-content\/uploads\/2025\/11\/CasaBolachadeGengibre-800x800-1.jpg","width":800,"height":800},{"@type":"BreadcrumbList","@id":"https:\/\/cenariosdeacucar.pt\/?product=cortador-de-bolachas-casa-bolacha-de-gengibre#breadcrumb","itemListElement":[{"@type":"ListItem","position":1,"name":"In\u00edcio","item":"https:\/\/cenariosdeacucar.pt\/"},{"@type":"ListItem","position":2,"name":"Produtos","item":"https:\/\/cenariosdeacucar.pt\/?post_type=product"},{"@type":"ListItem","position":3,"name":"Cortador de bolachas Casa bolacha de Gengibre"}]},{"@type":"WebSite","@id":"https:\/\/cenariosdeacucar.pt\/#website","url":"https:\/\/cenariosdeacucar.pt\/","name":"Cen\u00e1rios de A\u00e7ucar","description":"Cake Design | Festas","potentialAction":[{"@type":"SearchAction","target":{"@type":"EntryPoint","urlTemplate":"https:\/\/cenariosdeacucar.pt\/?s={search_term_string}"},"query-input":{"@type":"PropertyValueSpecification","valueRequired":true,"valueName":"search_term_string"}}],"inLanguage":"pt-PT"}]}},"_links":{"self":[{"href":"https:\/\/cenariosdeacucar.pt\/index.php?rest_route=\/wp\/v2\/product\/18069","targetHints":{"allow":["GET"]}}],"collection":[{"href":"https:\/\/cenariosdeacucar.pt\/index.php?rest_route=\/wp\/v2\/product"}],"about":[{"href":"https:\/\/cenariosdeacucar.pt\/index.php?rest_route=\/wp\/v2\/types\/product"}],"replies":[{"embeddable":true,"href":"https:\/\/cenariosdeacucar.pt\/index.php?rest_route=%2Fwp%2Fv2%2Fcomments&post=18069"}],"wp:featuredmedia":[{"embeddable":true,"href":"https:\/\/cenariosdeacucar.pt\/index.php?rest_route=\/wp\/v2\/media\/18070"}],"wp:attachment":[{"href":"https:\/\/cenariosdeacucar.pt\/index.php?rest_route=%2Fwp%2Fv2%2Fmedia&parent=18069"}],"wp:term":[{"taxonomy":"product_brand","embeddable":true,"href":"https:\/\/cenariosdeacucar.pt\/index.php?rest_route=%2Fwp%2Fv2%2Fproduct_brand&post=18069"},{"taxonomy":"product_cat","embeddable":true,"href":"https:\/\/cenariosdeacucar.pt\/index.php?rest_route=%2Fwp%2Fv2%2Fproduct_cat&post=18069"},{"taxonomy":"product_tag","embeddable":true,"href":"https:\/\/cenariosdeacucar.pt\/index.php?rest_route=%2Fwp%2Fv2%2Fproduct_tag&post=18069"}],"curies":[{"name":"wp","href":"https:\/\/api.w.org\/{rel}","templated":true}]}}