{"id":18041,"date":"2025-11-26T17:47:11","date_gmt":"2025-11-26T16:47:11","guid":{"rendered":"https:\/\/cenariosdeacucar.pt\/?post_type=product&#038;p=18041"},"modified":"2025-11-26T17:47:11","modified_gmt":"2025-11-26T16:47:11","slug":"pinca-gingerbread","status":"publish","type":"product","link":"https:\/\/cenariosdeacucar.pt\/?product=pinca-gingerbread","title":{"rendered":"Pin\u00e7a Gingerbread"},"content":{"rendered":"","protected":false},"excerpt":{"rendered":"<p>Esp\u00e1tulas de Natal \u2013 o toque m\u00e1gico na sua cozinha! Transforme os momentos \u00e0 volta da mesa em mem\u00f3rias especiais com as nossas esp\u00e1tulas tem\u00e1ticas de Natal. Perfeitas para cozinhar ou servir, elas unem qualidade, praticidade e muito encanto natalino.<\/p>\n","protected":false},"featured_media":18042,"comment_status":"closed","ping_status":"closed","template":"","meta":[],"product_brand":[],"product_cat":[115,245,117],"product_tag":[],"class_list":{"0":"post-18041","1":"product","2":"type-product","3":"status-publish","4":"has-post-thumbnail","6":"product_cat-epocas-especiais","7":"product_cat-formas","8":"product_cat-natal","10":"first","11":"instock","12":"shipping-taxable","13":"purchasable","14":"product-type-simple"},"yoast_head":"<!-- This site is optimized with the Yoast SEO plugin v27.4 - https:\/\/yoast.com\/product\/yoast-seo-wordpress\/ -->\n<title>Pin\u00e7a Gingerbread - Cen\u00e1rios de A\u00e7ucar<\/title>\n<meta name=\"robots\" content=\"index, follow, max-snippet:-1, max-image-preview:large, max-video-preview:-1\" \/>\n<link rel=\"canonical\" href=\"https:\/\/cenariosdeacucar.pt\/?product=pinca-gingerbread\" \/>\n<meta property=\"og:locale\" content=\"pt_PT\" \/>\n<meta property=\"og:type\" content=\"article\" \/>\n<meta property=\"og:title\" content=\"Pin\u00e7a Gingerbread - Cen\u00e1rios de A\u00e7ucar\" \/>\n<meta property=\"og:description\" content=\"Esp\u00e1tulas de Natal \u2013 o toque m\u00e1gico na sua cozinha! Transforme os momentos \u00e0 volta da mesa em mem\u00f3rias especiais com as nossas esp\u00e1tulas tem\u00e1ticas de Natal. Perfeitas para cozinhar ou servir, elas unem qualidade, praticidade e muito encanto natalino.\" \/>\n<meta property=\"og:url\" content=\"https:\/\/cenariosdeacucar.pt\/?product=pinca-gingerbread\" \/>\n<meta property=\"og:site_name\" content=\"Cen\u00e1rios de A\u00e7ucar\" \/>\n<meta property=\"og:image\" content=\"https:\/\/cenariosdeacucar.pt\/novo\/wp-content\/uploads\/2025\/11\/UTEESS047_1.jpg\" \/>\n\t<meta property=\"og:image:width\" content=\"900\" \/>\n\t<meta property=\"og:image:height\" content=\"900\" \/>\n\t<meta property=\"og:image:type\" content=\"image\/jpeg\" \/>\n<meta name=\"twitter:card\" content=\"summary_large_image\" \/>\n<meta name=\"twitter:label1\" content=\"Tempo estimado de leitura\" \/>\n\t<meta name=\"twitter:data1\" content=\"1 minuto\" \/>\n<script type=\"application\/ld+json\" class=\"yoast-schema-graph\">{\"@context\":\"https:\\\/\\\/schema.org\",\"@graph\":[{\"@type\":\"WebPage\",\"@id\":\"https:\\\/\\\/cenariosdeacucar.pt\\\/?product=pinca-gingerbread\",\"url\":\"https:\\\/\\\/cenariosdeacucar.pt\\\/?product=pinca-gingerbread\",\"name\":\"Pin\u00e7a Gingerbread - Cen\u00e1rios de A\u00e7ucar\",\"isPartOf\":{\"@id\":\"https:\\\/\\\/cenariosdeacucar.pt\\\/#website\"},\"primaryImageOfPage\":{\"@id\":\"https:\\\/\\\/cenariosdeacucar.pt\\\/?product=pinca-gingerbread#primaryimage\"},\"image\":{\"@id\":\"https:\\\/\\\/cenariosdeacucar.pt\\\/?product=pinca-gingerbread#primaryimage\"},\"thumbnailUrl\":\"https:\\\/\\\/cenariosdeacucar.pt\\\/novo\\\/wp-content\\\/uploads\\\/2025\\\/11\\\/UTEESS047_1.jpg\",\"datePublished\":\"2025-11-26T16:47:11+00:00\",\"breadcrumb\":{\"@id\":\"https:\\\/\\\/cenariosdeacucar.pt\\\/?product=pinca-gingerbread#breadcrumb\"},\"inLanguage\":\"pt-PT\",\"potentialAction\":[{\"@type\":\"ReadAction\",\"target\":[\"https:\\\/\\\/cenariosdeacucar.pt\\\/?product=pinca-gingerbread\"]}]},{\"@type\":\"ImageObject\",\"inLanguage\":\"pt-PT\",\"@id\":\"https:\\\/\\\/cenariosdeacucar.pt\\\/?product=pinca-gingerbread#primaryimage\",\"url\":\"https:\\\/\\\/cenariosdeacucar.pt\\\/novo\\\/wp-content\\\/uploads\\\/2025\\\/11\\\/UTEESS047_1.jpg\",\"contentUrl\":\"https:\\\/\\\/cenariosdeacucar.pt\\\/novo\\\/wp-content\\\/uploads\\\/2025\\\/11\\\/UTEESS047_1.jpg\",\"width\":900,\"height\":900},{\"@type\":\"BreadcrumbList\",\"@id\":\"https:\\\/\\\/cenariosdeacucar.pt\\\/?product=pinca-gingerbread#breadcrumb\",\"itemListElement\":[{\"@type\":\"ListItem\",\"position\":1,\"name\":\"In\u00edcio\",\"item\":\"https:\\\/\\\/cenariosdeacucar.pt\\\/\"},{\"@type\":\"ListItem\",\"position\":2,\"name\":\"Produtos\",\"item\":\"https:\\\/\\\/cenariosdeacucar.pt\\\/?post_type=product\"},{\"@type\":\"ListItem\",\"position\":3,\"name\":\"Pin\u00e7a Gingerbread\"}]},{\"@type\":\"WebSite\",\"@id\":\"https:\\\/\\\/cenariosdeacucar.pt\\\/#website\",\"url\":\"https:\\\/\\\/cenariosdeacucar.pt\\\/\",\"name\":\"Cen\u00e1rios de A\u00e7ucar\",\"description\":\"Cake Design | Festas\",\"potentialAction\":[{\"@type\":\"SearchAction\",\"target\":{\"@type\":\"EntryPoint\",\"urlTemplate\":\"https:\\\/\\\/cenariosdeacucar.pt\\\/?s={search_term_string}\"},\"query-input\":{\"@type\":\"PropertyValueSpecification\",\"valueRequired\":true,\"valueName\":\"search_term_string\"}}],\"inLanguage\":\"pt-PT\"}]}<\/script>\n<!-- \/ Yoast SEO plugin. -->","yoast_head_json":{"title":"Pin\u00e7a Gingerbread - Cen\u00e1rios de A\u00e7ucar","robots":{"index":"index","follow":"follow","max-snippet":"max-snippet:-1","max-image-preview":"max-image-preview:large","max-video-preview":"max-video-preview:-1"},"canonical":"https:\/\/cenariosdeacucar.pt\/?product=pinca-gingerbread","og_locale":"pt_PT","og_type":"article","og_title":"Pin\u00e7a Gingerbread - Cen\u00e1rios de A\u00e7ucar","og_description":"Esp\u00e1tulas de Natal \u2013 o toque m\u00e1gico na sua cozinha! Transforme os momentos \u00e0 volta da mesa em mem\u00f3rias especiais com as nossas esp\u00e1tulas tem\u00e1ticas de Natal. Perfeitas para cozinhar ou servir, elas unem qualidade, praticidade e muito encanto natalino.","og_url":"https:\/\/cenariosdeacucar.pt\/?product=pinca-gingerbread","og_site_name":"Cen\u00e1rios de A\u00e7ucar","og_image":[{"width":900,"height":900,"url":"https:\/\/cenariosdeacucar.pt\/novo\/wp-content\/uploads\/2025\/11\/UTEESS047_1.jpg","type":"image\/jpeg"}],"twitter_card":"summary_large_image","twitter_misc":{"Tempo estimado de leitura":"1 minuto"},"schema":{"@context":"https:\/\/schema.org","@graph":[{"@type":"WebPage","@id":"https:\/\/cenariosdeacucar.pt\/?product=pinca-gingerbread","url":"https:\/\/cenariosdeacucar.pt\/?product=pinca-gingerbread","name":"Pin\u00e7a Gingerbread - Cen\u00e1rios de A\u00e7ucar","isPartOf":{"@id":"https:\/\/cenariosdeacucar.pt\/#website"},"primaryImageOfPage":{"@id":"https:\/\/cenariosdeacucar.pt\/?product=pinca-gingerbread#primaryimage"},"image":{"@id":"https:\/\/cenariosdeacucar.pt\/?product=pinca-gingerbread#primaryimage"},"thumbnailUrl":"https:\/\/cenariosdeacucar.pt\/novo\/wp-content\/uploads\/2025\/11\/UTEESS047_1.jpg","datePublished":"2025-11-26T16:47:11+00:00","breadcrumb":{"@id":"https:\/\/cenariosdeacucar.pt\/?product=pinca-gingerbread#breadcrumb"},"inLanguage":"pt-PT","potentialAction":[{"@type":"ReadAction","target":["https:\/\/cenariosdeacucar.pt\/?product=pinca-gingerbread"]}]},{"@type":"ImageObject","inLanguage":"pt-PT","@id":"https:\/\/cenariosdeacucar.pt\/?product=pinca-gingerbread#primaryimage","url":"https:\/\/cenariosdeacucar.pt\/novo\/wp-content\/uploads\/2025\/11\/UTEESS047_1.jpg","contentUrl":"https:\/\/cenariosdeacucar.pt\/novo\/wp-content\/uploads\/2025\/11\/UTEESS047_1.jpg","width":900,"height":900},{"@type":"BreadcrumbList","@id":"https:\/\/cenariosdeacucar.pt\/?product=pinca-gingerbread#breadcrumb","itemListElement":[{"@type":"ListItem","position":1,"name":"In\u00edcio","item":"https:\/\/cenariosdeacucar.pt\/"},{"@type":"ListItem","position":2,"name":"Produtos","item":"https:\/\/cenariosdeacucar.pt\/?post_type=product"},{"@type":"ListItem","position":3,"name":"Pin\u00e7a Gingerbread"}]},{"@type":"WebSite","@id":"https:\/\/cenariosdeacucar.pt\/#website","url":"https:\/\/cenariosdeacucar.pt\/","name":"Cen\u00e1rios de A\u00e7ucar","description":"Cake Design | Festas","potentialAction":[{"@type":"SearchAction","target":{"@type":"EntryPoint","urlTemplate":"https:\/\/cenariosdeacucar.pt\/?s={search_term_string}"},"query-input":{"@type":"PropertyValueSpecification","valueRequired":true,"valueName":"search_term_string"}}],"inLanguage":"pt-PT"}]}},"_links":{"self":[{"href":"https:\/\/cenariosdeacucar.pt\/index.php?rest_route=\/wp\/v2\/product\/18041","targetHints":{"allow":["GET"]}}],"collection":[{"href":"https:\/\/cenariosdeacucar.pt\/index.php?rest_route=\/wp\/v2\/product"}],"about":[{"href":"https:\/\/cenariosdeacucar.pt\/index.php?rest_route=\/wp\/v2\/types\/product"}],"replies":[{"embeddable":true,"href":"https:\/\/cenariosdeacucar.pt\/index.php?rest_route=%2Fwp%2Fv2%2Fcomments&post=18041"}],"wp:featuredmedia":[{"embeddable":true,"href":"https:\/\/cenariosdeacucar.pt\/index.php?rest_route=\/wp\/v2\/media\/18042"}],"wp:attachment":[{"href":"https:\/\/cenariosdeacucar.pt\/index.php?rest_route=%2Fwp%2Fv2%2Fmedia&parent=18041"}],"wp:term":[{"taxonomy":"product_brand","embeddable":true,"href":"https:\/\/cenariosdeacucar.pt\/index.php?rest_route=%2Fwp%2Fv2%2Fproduct_brand&post=18041"},{"taxonomy":"product_cat","embeddable":true,"href":"https:\/\/cenariosdeacucar.pt\/index.php?rest_route=%2Fwp%2Fv2%2Fproduct_cat&post=18041"},{"taxonomy":"product_tag","embeddable":true,"href":"https:\/\/cenariosdeacucar.pt\/index.php?rest_route=%2Fwp%2Fv2%2Fproduct_tag&post=18041"}],"curies":[{"name":"wp","href":"https:\/\/api.w.org\/{rel}","templated":true}]}}