{"id":17611,"date":"2025-02-13T12:29:02","date_gmt":"2025-02-13T11:29:02","guid":{"rendered":"https:\/\/cenariosdeacucar.pt\/?post_type=product&#038;p=17611"},"modified":"2025-02-13T12:29:03","modified_gmt":"2025-02-13T11:29:03","slug":"espatula-coelho-mimoso","status":"publish","type":"product","link":"https:\/\/cenariosdeacucar.pt\/?product=espatula-coelho-mimoso","title":{"rendered":"ESP\u00c1TULA COELHO MIMOSO"},"content":{"rendered":"","protected":false},"excerpt":{"rendered":"<p>Esp\u00e1tula de borracha com tema P\u00e1scoa.<\/p>\n<p>Feita com material de alta qualidade e projetada para adicionar um toque de magia \u00e0 sua cozinha.<\/p>\n<p>Resiste ao calor de at\u00e9 600 graus. \u00c9 um presente maravilhoso para amigos, familiares e at\u00e9 mesmo para si.<\/p>\n<p>Tamanho: 23cm<\/p>\n","protected":false},"featured_media":17612,"comment_status":"closed","ping_status":"closed","template":"","meta":[],"product_brand":[],"product_cat":[158,115,116,165],"product_tag":[],"class_list":{"0":"post-17611","1":"product","2":"type-product","3":"status-publish","4":"has-post-thumbnail","6":"product_cat-cakedesign","7":"product_cat-epocas-especiais","8":"product_cat-pascoa","9":"product_cat-utensilios","11":"first","12":"instock","13":"shipping-taxable","14":"purchasable","15":"product-type-simple"},"yoast_head":"<!-- This site is optimized with the Yoast SEO plugin v27.4 - https:\/\/yoast.com\/product\/yoast-seo-wordpress\/ -->\n<title>ESP\u00c1TULA COELHO MIMOSO - Cen\u00e1rios de A\u00e7ucar<\/title>\n<meta name=\"robots\" content=\"index, follow, max-snippet:-1, max-image-preview:large, max-video-preview:-1\" \/>\n<link rel=\"canonical\" href=\"https:\/\/cenariosdeacucar.pt\/?product=espatula-coelho-mimoso\" \/>\n<meta property=\"og:locale\" content=\"pt_PT\" \/>\n<meta property=\"og:type\" content=\"article\" \/>\n<meta property=\"og:title\" content=\"ESP\u00c1TULA COELHO MIMOSO - Cen\u00e1rios de A\u00e7ucar\" \/>\n<meta property=\"og:description\" content=\"Esp\u00e1tula de borracha com tema P\u00e1scoa.  Feita com material de alta qualidade e projetada para adicionar um toque de magia \u00e0 sua cozinha.  Resiste ao calor de at\u00e9 600 graus. \u00c9 um presente maravilhoso para amigos, familiares e at\u00e9 mesmo para si.  Tamanho: 23cm\" \/>\n<meta property=\"og:url\" content=\"https:\/\/cenariosdeacucar.pt\/?product=espatula-coelho-mimoso\" \/>\n<meta property=\"og:site_name\" content=\"Cen\u00e1rios de A\u00e7ucar\" \/>\n<meta property=\"article:modified_time\" content=\"2025-02-13T11:29:03+00:00\" \/>\n<meta property=\"og:image\" content=\"https:\/\/cenariosdeacucar.pt\/novo\/wp-content\/uploads\/2025\/02\/UTEESS056.jpg\" \/>\n\t<meta property=\"og:image:width\" content=\"900\" \/>\n\t<meta property=\"og:image:height\" content=\"900\" \/>\n\t<meta property=\"og:image:type\" content=\"image\/jpeg\" \/>\n<meta name=\"twitter:card\" content=\"summary_large_image\" \/>\n<meta name=\"twitter:label1\" content=\"Tempo estimado de leitura\" \/>\n\t<meta name=\"twitter:data1\" content=\"1 minuto\" \/>\n<script type=\"application\/ld+json\" class=\"yoast-schema-graph\">{\"@context\":\"https:\\\/\\\/schema.org\",\"@graph\":[{\"@type\":\"WebPage\",\"@id\":\"https:\\\/\\\/cenariosdeacucar.pt\\\/?product=espatula-coelho-mimoso\",\"url\":\"https:\\\/\\\/cenariosdeacucar.pt\\\/?product=espatula-coelho-mimoso\",\"name\":\"ESP\u00c1TULA COELHO MIMOSO - Cen\u00e1rios de A\u00e7ucar\",\"isPartOf\":{\"@id\":\"https:\\\/\\\/cenariosdeacucar.pt\\\/#website\"},\"primaryImageOfPage\":{\"@id\":\"https:\\\/\\\/cenariosdeacucar.pt\\\/?product=espatula-coelho-mimoso#primaryimage\"},\"image\":{\"@id\":\"https:\\\/\\\/cenariosdeacucar.pt\\\/?product=espatula-coelho-mimoso#primaryimage\"},\"thumbnailUrl\":\"https:\\\/\\\/cenariosdeacucar.pt\\\/novo\\\/wp-content\\\/uploads\\\/2025\\\/02\\\/UTEESS056.jpg\",\"datePublished\":\"2025-02-13T11:29:02+00:00\",\"dateModified\":\"2025-02-13T11:29:03+00:00\",\"breadcrumb\":{\"@id\":\"https:\\\/\\\/cenariosdeacucar.pt\\\/?product=espatula-coelho-mimoso#breadcrumb\"},\"inLanguage\":\"pt-PT\",\"potentialAction\":[{\"@type\":\"ReadAction\",\"target\":[\"https:\\\/\\\/cenariosdeacucar.pt\\\/?product=espatula-coelho-mimoso\"]}]},{\"@type\":\"ImageObject\",\"inLanguage\":\"pt-PT\",\"@id\":\"https:\\\/\\\/cenariosdeacucar.pt\\\/?product=espatula-coelho-mimoso#primaryimage\",\"url\":\"https:\\\/\\\/cenariosdeacucar.pt\\\/novo\\\/wp-content\\\/uploads\\\/2025\\\/02\\\/UTEESS056.jpg\",\"contentUrl\":\"https:\\\/\\\/cenariosdeacucar.pt\\\/novo\\\/wp-content\\\/uploads\\\/2025\\\/02\\\/UTEESS056.jpg\",\"width\":900,\"height\":900},{\"@type\":\"BreadcrumbList\",\"@id\":\"https:\\\/\\\/cenariosdeacucar.pt\\\/?product=espatula-coelho-mimoso#breadcrumb\",\"itemListElement\":[{\"@type\":\"ListItem\",\"position\":1,\"name\":\"In\u00edcio\",\"item\":\"https:\\\/\\\/cenariosdeacucar.pt\\\/\"},{\"@type\":\"ListItem\",\"position\":2,\"name\":\"Produtos\",\"item\":\"https:\\\/\\\/cenariosdeacucar.pt\\\/?post_type=product\"},{\"@type\":\"ListItem\",\"position\":3,\"name\":\"ESP\u00c1TULA COELHO MIMOSO\"}]},{\"@type\":\"WebSite\",\"@id\":\"https:\\\/\\\/cenariosdeacucar.pt\\\/#website\",\"url\":\"https:\\\/\\\/cenariosdeacucar.pt\\\/\",\"name\":\"Cen\u00e1rios de A\u00e7ucar\",\"description\":\"Cake Design | Festas\",\"potentialAction\":[{\"@type\":\"SearchAction\",\"target\":{\"@type\":\"EntryPoint\",\"urlTemplate\":\"https:\\\/\\\/cenariosdeacucar.pt\\\/?s={search_term_string}\"},\"query-input\":{\"@type\":\"PropertyValueSpecification\",\"valueRequired\":true,\"valueName\":\"search_term_string\"}}],\"inLanguage\":\"pt-PT\"}]}<\/script>\n<!-- \/ Yoast SEO plugin. -->","yoast_head_json":{"title":"ESP\u00c1TULA COELHO MIMOSO - Cen\u00e1rios de A\u00e7ucar","robots":{"index":"index","follow":"follow","max-snippet":"max-snippet:-1","max-image-preview":"max-image-preview:large","max-video-preview":"max-video-preview:-1"},"canonical":"https:\/\/cenariosdeacucar.pt\/?product=espatula-coelho-mimoso","og_locale":"pt_PT","og_type":"article","og_title":"ESP\u00c1TULA COELHO MIMOSO - Cen\u00e1rios de A\u00e7ucar","og_description":"Esp\u00e1tula de borracha com tema P\u00e1scoa.  Feita com material de alta qualidade e projetada para adicionar um toque de magia \u00e0 sua cozinha.  Resiste ao calor de at\u00e9 600 graus. \u00c9 um presente maravilhoso para amigos, familiares e at\u00e9 mesmo para si.  Tamanho: 23cm","og_url":"https:\/\/cenariosdeacucar.pt\/?product=espatula-coelho-mimoso","og_site_name":"Cen\u00e1rios de A\u00e7ucar","article_modified_time":"2025-02-13T11:29:03+00:00","og_image":[{"width":900,"height":900,"url":"https:\/\/cenariosdeacucar.pt\/novo\/wp-content\/uploads\/2025\/02\/UTEESS056.jpg","type":"image\/jpeg"}],"twitter_card":"summary_large_image","twitter_misc":{"Tempo estimado de leitura":"1 minuto"},"schema":{"@context":"https:\/\/schema.org","@graph":[{"@type":"WebPage","@id":"https:\/\/cenariosdeacucar.pt\/?product=espatula-coelho-mimoso","url":"https:\/\/cenariosdeacucar.pt\/?product=espatula-coelho-mimoso","name":"ESP\u00c1TULA COELHO MIMOSO - Cen\u00e1rios de A\u00e7ucar","isPartOf":{"@id":"https:\/\/cenariosdeacucar.pt\/#website"},"primaryImageOfPage":{"@id":"https:\/\/cenariosdeacucar.pt\/?product=espatula-coelho-mimoso#primaryimage"},"image":{"@id":"https:\/\/cenariosdeacucar.pt\/?product=espatula-coelho-mimoso#primaryimage"},"thumbnailUrl":"https:\/\/cenariosdeacucar.pt\/novo\/wp-content\/uploads\/2025\/02\/UTEESS056.jpg","datePublished":"2025-02-13T11:29:02+00:00","dateModified":"2025-02-13T11:29:03+00:00","breadcrumb":{"@id":"https:\/\/cenariosdeacucar.pt\/?product=espatula-coelho-mimoso#breadcrumb"},"inLanguage":"pt-PT","potentialAction":[{"@type":"ReadAction","target":["https:\/\/cenariosdeacucar.pt\/?product=espatula-coelho-mimoso"]}]},{"@type":"ImageObject","inLanguage":"pt-PT","@id":"https:\/\/cenariosdeacucar.pt\/?product=espatula-coelho-mimoso#primaryimage","url":"https:\/\/cenariosdeacucar.pt\/novo\/wp-content\/uploads\/2025\/02\/UTEESS056.jpg","contentUrl":"https:\/\/cenariosdeacucar.pt\/novo\/wp-content\/uploads\/2025\/02\/UTEESS056.jpg","width":900,"height":900},{"@type":"BreadcrumbList","@id":"https:\/\/cenariosdeacucar.pt\/?product=espatula-coelho-mimoso#breadcrumb","itemListElement":[{"@type":"ListItem","position":1,"name":"In\u00edcio","item":"https:\/\/cenariosdeacucar.pt\/"},{"@type":"ListItem","position":2,"name":"Produtos","item":"https:\/\/cenariosdeacucar.pt\/?post_type=product"},{"@type":"ListItem","position":3,"name":"ESP\u00c1TULA COELHO MIMOSO"}]},{"@type":"WebSite","@id":"https:\/\/cenariosdeacucar.pt\/#website","url":"https:\/\/cenariosdeacucar.pt\/","name":"Cen\u00e1rios de A\u00e7ucar","description":"Cake Design | Festas","potentialAction":[{"@type":"SearchAction","target":{"@type":"EntryPoint","urlTemplate":"https:\/\/cenariosdeacucar.pt\/?s={search_term_string}"},"query-input":{"@type":"PropertyValueSpecification","valueRequired":true,"valueName":"search_term_string"}}],"inLanguage":"pt-PT"}]}},"_links":{"self":[{"href":"https:\/\/cenariosdeacucar.pt\/index.php?rest_route=\/wp\/v2\/product\/17611","targetHints":{"allow":["GET"]}}],"collection":[{"href":"https:\/\/cenariosdeacucar.pt\/index.php?rest_route=\/wp\/v2\/product"}],"about":[{"href":"https:\/\/cenariosdeacucar.pt\/index.php?rest_route=\/wp\/v2\/types\/product"}],"replies":[{"embeddable":true,"href":"https:\/\/cenariosdeacucar.pt\/index.php?rest_route=%2Fwp%2Fv2%2Fcomments&post=17611"}],"wp:featuredmedia":[{"embeddable":true,"href":"https:\/\/cenariosdeacucar.pt\/index.php?rest_route=\/wp\/v2\/media\/17612"}],"wp:attachment":[{"href":"https:\/\/cenariosdeacucar.pt\/index.php?rest_route=%2Fwp%2Fv2%2Fmedia&parent=17611"}],"wp:term":[{"taxonomy":"product_brand","embeddable":true,"href":"https:\/\/cenariosdeacucar.pt\/index.php?rest_route=%2Fwp%2Fv2%2Fproduct_brand&post=17611"},{"taxonomy":"product_cat","embeddable":true,"href":"https:\/\/cenariosdeacucar.pt\/index.php?rest_route=%2Fwp%2Fv2%2Fproduct_cat&post=17611"},{"taxonomy":"product_tag","embeddable":true,"href":"https:\/\/cenariosdeacucar.pt\/index.php?rest_route=%2Fwp%2Fv2%2Fproduct_tag&post=17611"}],"curies":[{"name":"wp","href":"https:\/\/api.w.org\/{rel}","templated":true}]}}