{"id":17545,"date":"2025-01-17T13:40:07","date_gmt":"2025-01-17T12:40:07","guid":{"rendered":"https:\/\/cenariosdeacucar.pt\/?post_type=product&#038;p=17545"},"modified":"2025-01-17T13:40:07","modified_gmt":"2025-01-17T12:40:07","slug":"conjunto-cortadores-pintainho-e-ovo-pascoa","status":"publish","type":"product","link":"https:\/\/cenariosdeacucar.pt\/?product=conjunto-cortadores-pintainho-e-ovo-pascoa","title":{"rendered":"Conjunto cortadores pintainho e ovo P\u00e1scoa"},"content":{"rendered":"<p><strong>Tamanho<\/strong>: Pintinho 5,5 x 7,5 x 2,2 h cm &#8211; Ovo 7,5 x 5,5 x 2,2 h cm<\/p>\n","protected":false},"excerpt":{"rendered":"<p>Conjunto de 2 cortadores de pl\u00e1stico; perfeito para fazer biscoitos e pastas doces, salgadas, chocolate e mold\u00e1veis<\/p>\n","protected":false},"featured_media":17547,"comment_status":"closed","ping_status":"closed","template":"","meta":[],"product_brand":[],"product_cat":[158,161,115,116],"product_tag":[],"class_list":{"0":"post-17545","1":"product","2":"type-product","3":"status-publish","4":"has-post-thumbnail","6":"product_cat-cakedesign","7":"product_cat-cortadores","8":"product_cat-epocas-especiais","9":"product_cat-pascoa","11":"first","12":"instock","13":"shipping-taxable","14":"purchasable","15":"product-type-simple"},"yoast_head":"<!-- This site is optimized with the Yoast SEO plugin v27.4 - https:\/\/yoast.com\/product\/yoast-seo-wordpress\/ -->\n<title>Conjunto cortadores pintainho e ovo P\u00e1scoa - Cen\u00e1rios de A\u00e7ucar<\/title>\n<meta name=\"robots\" content=\"index, follow, max-snippet:-1, max-image-preview:large, max-video-preview:-1\" \/>\n<link rel=\"canonical\" href=\"https:\/\/cenariosdeacucar.pt\/?product=conjunto-cortadores-pintainho-e-ovo-pascoa\" \/>\n<meta property=\"og:locale\" content=\"pt_PT\" \/>\n<meta property=\"og:type\" content=\"article\" \/>\n<meta property=\"og:title\" content=\"Conjunto cortadores pintainho e ovo P\u00e1scoa - Cen\u00e1rios de A\u00e7ucar\" \/>\n<meta property=\"og:description\" content=\"Conjunto de 2 cortadores de pl\u00e1stico; perfeito para fazer biscoitos e pastas doces, salgadas, chocolate e mold\u00e1veis\" \/>\n<meta property=\"og:url\" content=\"https:\/\/cenariosdeacucar.pt\/?product=conjunto-cortadores-pintainho-e-ovo-pascoa\" \/>\n<meta property=\"og:site_name\" content=\"Cen\u00e1rios de A\u00e7ucar\" \/>\n<meta property=\"og:image\" content=\"https:\/\/cenariosdeacucar.pt\/novo\/wp-content\/uploads\/2025\/01\/0255062.jpg\" \/>\n\t<meta property=\"og:image:width\" content=\"1000\" \/>\n\t<meta property=\"og:image:height\" content=\"1000\" \/>\n\t<meta property=\"og:image:type\" content=\"image\/jpeg\" \/>\n<meta name=\"twitter:card\" content=\"summary_large_image\" \/>\n<meta name=\"twitter:label1\" content=\"Tempo estimado de leitura\" \/>\n\t<meta name=\"twitter:data1\" content=\"1 minuto\" \/>\n<script type=\"application\/ld+json\" class=\"yoast-schema-graph\">{\"@context\":\"https:\\\/\\\/schema.org\",\"@graph\":[{\"@type\":\"WebPage\",\"@id\":\"https:\\\/\\\/cenariosdeacucar.pt\\\/?product=conjunto-cortadores-pintainho-e-ovo-pascoa\",\"url\":\"https:\\\/\\\/cenariosdeacucar.pt\\\/?product=conjunto-cortadores-pintainho-e-ovo-pascoa\",\"name\":\"Conjunto cortadores pintainho e ovo P\u00e1scoa - Cen\u00e1rios de A\u00e7ucar\",\"isPartOf\":{\"@id\":\"https:\\\/\\\/cenariosdeacucar.pt\\\/#website\"},\"primaryImageOfPage\":{\"@id\":\"https:\\\/\\\/cenariosdeacucar.pt\\\/?product=conjunto-cortadores-pintainho-e-ovo-pascoa#primaryimage\"},\"image\":{\"@id\":\"https:\\\/\\\/cenariosdeacucar.pt\\\/?product=conjunto-cortadores-pintainho-e-ovo-pascoa#primaryimage\"},\"thumbnailUrl\":\"https:\\\/\\\/cenariosdeacucar.pt\\\/novo\\\/wp-content\\\/uploads\\\/2025\\\/01\\\/0255062.jpg\",\"datePublished\":\"2025-01-17T12:40:07+00:00\",\"breadcrumb\":{\"@id\":\"https:\\\/\\\/cenariosdeacucar.pt\\\/?product=conjunto-cortadores-pintainho-e-ovo-pascoa#breadcrumb\"},\"inLanguage\":\"pt-PT\",\"potentialAction\":[{\"@type\":\"ReadAction\",\"target\":[\"https:\\\/\\\/cenariosdeacucar.pt\\\/?product=conjunto-cortadores-pintainho-e-ovo-pascoa\"]}]},{\"@type\":\"ImageObject\",\"inLanguage\":\"pt-PT\",\"@id\":\"https:\\\/\\\/cenariosdeacucar.pt\\\/?product=conjunto-cortadores-pintainho-e-ovo-pascoa#primaryimage\",\"url\":\"https:\\\/\\\/cenariosdeacucar.pt\\\/novo\\\/wp-content\\\/uploads\\\/2025\\\/01\\\/0255062.jpg\",\"contentUrl\":\"https:\\\/\\\/cenariosdeacucar.pt\\\/novo\\\/wp-content\\\/uploads\\\/2025\\\/01\\\/0255062.jpg\",\"width\":1000,\"height\":1000},{\"@type\":\"BreadcrumbList\",\"@id\":\"https:\\\/\\\/cenariosdeacucar.pt\\\/?product=conjunto-cortadores-pintainho-e-ovo-pascoa#breadcrumb\",\"itemListElement\":[{\"@type\":\"ListItem\",\"position\":1,\"name\":\"In\u00edcio\",\"item\":\"https:\\\/\\\/cenariosdeacucar.pt\\\/\"},{\"@type\":\"ListItem\",\"position\":2,\"name\":\"Produtos\",\"item\":\"https:\\\/\\\/cenariosdeacucar.pt\\\/?post_type=product\"},{\"@type\":\"ListItem\",\"position\":3,\"name\":\"Conjunto cortadores pintainho e ovo P\u00e1scoa\"}]},{\"@type\":\"WebSite\",\"@id\":\"https:\\\/\\\/cenariosdeacucar.pt\\\/#website\",\"url\":\"https:\\\/\\\/cenariosdeacucar.pt\\\/\",\"name\":\"Cen\u00e1rios de A\u00e7ucar\",\"description\":\"Cake Design | Festas\",\"potentialAction\":[{\"@type\":\"SearchAction\",\"target\":{\"@type\":\"EntryPoint\",\"urlTemplate\":\"https:\\\/\\\/cenariosdeacucar.pt\\\/?s={search_term_string}\"},\"query-input\":{\"@type\":\"PropertyValueSpecification\",\"valueRequired\":true,\"valueName\":\"search_term_string\"}}],\"inLanguage\":\"pt-PT\"}]}<\/script>\n<!-- \/ Yoast SEO plugin. -->","yoast_head_json":{"title":"Conjunto cortadores pintainho e ovo P\u00e1scoa - Cen\u00e1rios de A\u00e7ucar","robots":{"index":"index","follow":"follow","max-snippet":"max-snippet:-1","max-image-preview":"max-image-preview:large","max-video-preview":"max-video-preview:-1"},"canonical":"https:\/\/cenariosdeacucar.pt\/?product=conjunto-cortadores-pintainho-e-ovo-pascoa","og_locale":"pt_PT","og_type":"article","og_title":"Conjunto cortadores pintainho e ovo P\u00e1scoa - Cen\u00e1rios de A\u00e7ucar","og_description":"Conjunto de 2 cortadores de pl\u00e1stico; perfeito para fazer biscoitos e pastas doces, salgadas, chocolate e mold\u00e1veis","og_url":"https:\/\/cenariosdeacucar.pt\/?product=conjunto-cortadores-pintainho-e-ovo-pascoa","og_site_name":"Cen\u00e1rios de A\u00e7ucar","og_image":[{"width":1000,"height":1000,"url":"https:\/\/cenariosdeacucar.pt\/novo\/wp-content\/uploads\/2025\/01\/0255062.jpg","type":"image\/jpeg"}],"twitter_card":"summary_large_image","twitter_misc":{"Tempo estimado de leitura":"1 minuto"},"schema":{"@context":"https:\/\/schema.org","@graph":[{"@type":"WebPage","@id":"https:\/\/cenariosdeacucar.pt\/?product=conjunto-cortadores-pintainho-e-ovo-pascoa","url":"https:\/\/cenariosdeacucar.pt\/?product=conjunto-cortadores-pintainho-e-ovo-pascoa","name":"Conjunto cortadores pintainho e ovo P\u00e1scoa - Cen\u00e1rios de A\u00e7ucar","isPartOf":{"@id":"https:\/\/cenariosdeacucar.pt\/#website"},"primaryImageOfPage":{"@id":"https:\/\/cenariosdeacucar.pt\/?product=conjunto-cortadores-pintainho-e-ovo-pascoa#primaryimage"},"image":{"@id":"https:\/\/cenariosdeacucar.pt\/?product=conjunto-cortadores-pintainho-e-ovo-pascoa#primaryimage"},"thumbnailUrl":"https:\/\/cenariosdeacucar.pt\/novo\/wp-content\/uploads\/2025\/01\/0255062.jpg","datePublished":"2025-01-17T12:40:07+00:00","breadcrumb":{"@id":"https:\/\/cenariosdeacucar.pt\/?product=conjunto-cortadores-pintainho-e-ovo-pascoa#breadcrumb"},"inLanguage":"pt-PT","potentialAction":[{"@type":"ReadAction","target":["https:\/\/cenariosdeacucar.pt\/?product=conjunto-cortadores-pintainho-e-ovo-pascoa"]}]},{"@type":"ImageObject","inLanguage":"pt-PT","@id":"https:\/\/cenariosdeacucar.pt\/?product=conjunto-cortadores-pintainho-e-ovo-pascoa#primaryimage","url":"https:\/\/cenariosdeacucar.pt\/novo\/wp-content\/uploads\/2025\/01\/0255062.jpg","contentUrl":"https:\/\/cenariosdeacucar.pt\/novo\/wp-content\/uploads\/2025\/01\/0255062.jpg","width":1000,"height":1000},{"@type":"BreadcrumbList","@id":"https:\/\/cenariosdeacucar.pt\/?product=conjunto-cortadores-pintainho-e-ovo-pascoa#breadcrumb","itemListElement":[{"@type":"ListItem","position":1,"name":"In\u00edcio","item":"https:\/\/cenariosdeacucar.pt\/"},{"@type":"ListItem","position":2,"name":"Produtos","item":"https:\/\/cenariosdeacucar.pt\/?post_type=product"},{"@type":"ListItem","position":3,"name":"Conjunto cortadores pintainho e ovo P\u00e1scoa"}]},{"@type":"WebSite","@id":"https:\/\/cenariosdeacucar.pt\/#website","url":"https:\/\/cenariosdeacucar.pt\/","name":"Cen\u00e1rios de A\u00e7ucar","description":"Cake Design | Festas","potentialAction":[{"@type":"SearchAction","target":{"@type":"EntryPoint","urlTemplate":"https:\/\/cenariosdeacucar.pt\/?s={search_term_string}"},"query-input":{"@type":"PropertyValueSpecification","valueRequired":true,"valueName":"search_term_string"}}],"inLanguage":"pt-PT"}]}},"_links":{"self":[{"href":"https:\/\/cenariosdeacucar.pt\/index.php?rest_route=\/wp\/v2\/product\/17545","targetHints":{"allow":["GET"]}}],"collection":[{"href":"https:\/\/cenariosdeacucar.pt\/index.php?rest_route=\/wp\/v2\/product"}],"about":[{"href":"https:\/\/cenariosdeacucar.pt\/index.php?rest_route=\/wp\/v2\/types\/product"}],"replies":[{"embeddable":true,"href":"https:\/\/cenariosdeacucar.pt\/index.php?rest_route=%2Fwp%2Fv2%2Fcomments&post=17545"}],"wp:featuredmedia":[{"embeddable":true,"href":"https:\/\/cenariosdeacucar.pt\/index.php?rest_route=\/wp\/v2\/media\/17547"}],"wp:attachment":[{"href":"https:\/\/cenariosdeacucar.pt\/index.php?rest_route=%2Fwp%2Fv2%2Fmedia&parent=17545"}],"wp:term":[{"taxonomy":"product_brand","embeddable":true,"href":"https:\/\/cenariosdeacucar.pt\/index.php?rest_route=%2Fwp%2Fv2%2Fproduct_brand&post=17545"},{"taxonomy":"product_cat","embeddable":true,"href":"https:\/\/cenariosdeacucar.pt\/index.php?rest_route=%2Fwp%2Fv2%2Fproduct_cat&post=17545"},{"taxonomy":"product_tag","embeddable":true,"href":"https:\/\/cenariosdeacucar.pt\/index.php?rest_route=%2Fwp%2Fv2%2Fproduct_tag&post=17545"}],"curies":[{"name":"wp","href":"https:\/\/api.w.org\/{rel}","templated":true}]}}