{"id":17124,"date":"2024-06-25T17:54:04","date_gmt":"2024-06-25T16:54:04","guid":{"rendered":"https:\/\/cenariosdeacucar.pt\/?post_type=product&#038;p=17124"},"modified":"2024-06-25T17:54:05","modified_gmt":"2024-06-25T16:54:05","slug":"perolas-brancas-10mm","status":"publish","type":"product","link":"https:\/\/cenariosdeacucar.pt\/?product=perolas-brancas-10mm","title":{"rendered":"P\u00e9rolas Brancas 10mm"},"content":{"rendered":"","protected":false},"excerpt":{"rendered":"<p class=\"description\">P\u00e9rolas de a\u00e7\u00facar de cor brilhante com aproximadamente 10mm para decora\u00e7\u00e3o de bolos, bolachas, cupcakes, cake pops, donuts, sobremesas e outras prepara\u00e7\u00f5es.<\/p>\n<p class=\"unit\">Frasco 60 gr<\/p>\n","protected":false},"featured_media":17125,"comment_status":"closed","ping_status":"closed","template":"","meta":[],"product_brand":[],"product_cat":[142,147],"product_tag":[],"class_list":{"0":"post-17124","1":"product","2":"type-product","3":"status-publish","4":"has-post-thumbnail","6":"product_cat-comestiveis","7":"product_cat-sprinnkles-e-perolas","9":"first","10":"instock","11":"shipping-taxable","12":"purchasable","13":"product-type-simple"},"yoast_head":"<!-- This site is optimized with the Yoast SEO plugin v27.4 - https:\/\/yoast.com\/product\/yoast-seo-wordpress\/ -->\n<title>P\u00e9rolas Brancas 10mm - Cen\u00e1rios de A\u00e7ucar<\/title>\n<meta name=\"robots\" content=\"index, follow, max-snippet:-1, max-image-preview:large, max-video-preview:-1\" \/>\n<link rel=\"canonical\" href=\"https:\/\/cenariosdeacucar.pt\/?product=perolas-brancas-10mm\" \/>\n<meta property=\"og:locale\" content=\"pt_PT\" \/>\n<meta property=\"og:type\" content=\"article\" \/>\n<meta property=\"og:title\" content=\"P\u00e9rolas Brancas 10mm - Cen\u00e1rios de A\u00e7ucar\" \/>\n<meta property=\"og:description\" content=\"P\u00e9rolas de a\u00e7\u00facar de cor brilhante com aproximadamente 10mm para decora\u00e7\u00e3o de bolos, bolachas, cupcakes, cake pops, donuts, sobremesas e outras prepara\u00e7\u00f5es. Frasco 60 gr\" \/>\n<meta property=\"og:url\" content=\"https:\/\/cenariosdeacucar.pt\/?product=perolas-brancas-10mm\" \/>\n<meta property=\"og:site_name\" content=\"Cen\u00e1rios de A\u00e7ucar\" \/>\n<meta property=\"article:modified_time\" content=\"2024-06-25T16:54:05+00:00\" \/>\n<meta property=\"og:image\" content=\"https:\/\/cenariosdeacucar.pt\/novo\/wp-content\/uploads\/2024\/06\/DECACU884.jpg\" \/>\n\t<meta property=\"og:image:width\" content=\"900\" \/>\n\t<meta property=\"og:image:height\" content=\"900\" \/>\n\t<meta property=\"og:image:type\" content=\"image\/jpeg\" \/>\n<meta name=\"twitter:card\" content=\"summary_large_image\" \/>\n<meta name=\"twitter:label1\" content=\"Tempo estimado de leitura\" \/>\n\t<meta name=\"twitter:data1\" content=\"1 minuto\" \/>\n<script type=\"application\/ld+json\" class=\"yoast-schema-graph\">{\"@context\":\"https:\\\/\\\/schema.org\",\"@graph\":[{\"@type\":\"WebPage\",\"@id\":\"https:\\\/\\\/cenariosdeacucar.pt\\\/?product=perolas-brancas-10mm\",\"url\":\"https:\\\/\\\/cenariosdeacucar.pt\\\/?product=perolas-brancas-10mm\",\"name\":\"P\u00e9rolas Brancas 10mm - Cen\u00e1rios de A\u00e7ucar\",\"isPartOf\":{\"@id\":\"https:\\\/\\\/cenariosdeacucar.pt\\\/#website\"},\"primaryImageOfPage\":{\"@id\":\"https:\\\/\\\/cenariosdeacucar.pt\\\/?product=perolas-brancas-10mm#primaryimage\"},\"image\":{\"@id\":\"https:\\\/\\\/cenariosdeacucar.pt\\\/?product=perolas-brancas-10mm#primaryimage\"},\"thumbnailUrl\":\"https:\\\/\\\/cenariosdeacucar.pt\\\/novo\\\/wp-content\\\/uploads\\\/2024\\\/06\\\/DECACU884.jpg\",\"datePublished\":\"2024-06-25T16:54:04+00:00\",\"dateModified\":\"2024-06-25T16:54:05+00:00\",\"breadcrumb\":{\"@id\":\"https:\\\/\\\/cenariosdeacucar.pt\\\/?product=perolas-brancas-10mm#breadcrumb\"},\"inLanguage\":\"pt-PT\",\"potentialAction\":[{\"@type\":\"ReadAction\",\"target\":[\"https:\\\/\\\/cenariosdeacucar.pt\\\/?product=perolas-brancas-10mm\"]}]},{\"@type\":\"ImageObject\",\"inLanguage\":\"pt-PT\",\"@id\":\"https:\\\/\\\/cenariosdeacucar.pt\\\/?product=perolas-brancas-10mm#primaryimage\",\"url\":\"https:\\\/\\\/cenariosdeacucar.pt\\\/novo\\\/wp-content\\\/uploads\\\/2024\\\/06\\\/DECACU884.jpg\",\"contentUrl\":\"https:\\\/\\\/cenariosdeacucar.pt\\\/novo\\\/wp-content\\\/uploads\\\/2024\\\/06\\\/DECACU884.jpg\",\"width\":900,\"height\":900},{\"@type\":\"BreadcrumbList\",\"@id\":\"https:\\\/\\\/cenariosdeacucar.pt\\\/?product=perolas-brancas-10mm#breadcrumb\",\"itemListElement\":[{\"@type\":\"ListItem\",\"position\":1,\"name\":\"In\u00edcio\",\"item\":\"https:\\\/\\\/cenariosdeacucar.pt\\\/\"},{\"@type\":\"ListItem\",\"position\":2,\"name\":\"Produtos\",\"item\":\"https:\\\/\\\/cenariosdeacucar.pt\\\/?post_type=product\"},{\"@type\":\"ListItem\",\"position\":3,\"name\":\"P\u00e9rolas Brancas 10mm\"}]},{\"@type\":\"WebSite\",\"@id\":\"https:\\\/\\\/cenariosdeacucar.pt\\\/#website\",\"url\":\"https:\\\/\\\/cenariosdeacucar.pt\\\/\",\"name\":\"Cen\u00e1rios de A\u00e7ucar\",\"description\":\"Cake Design | Festas\",\"potentialAction\":[{\"@type\":\"SearchAction\",\"target\":{\"@type\":\"EntryPoint\",\"urlTemplate\":\"https:\\\/\\\/cenariosdeacucar.pt\\\/?s={search_term_string}\"},\"query-input\":{\"@type\":\"PropertyValueSpecification\",\"valueRequired\":true,\"valueName\":\"search_term_string\"}}],\"inLanguage\":\"pt-PT\"}]}<\/script>\n<!-- \/ Yoast SEO plugin. -->","yoast_head_json":{"title":"P\u00e9rolas Brancas 10mm - Cen\u00e1rios de A\u00e7ucar","robots":{"index":"index","follow":"follow","max-snippet":"max-snippet:-1","max-image-preview":"max-image-preview:large","max-video-preview":"max-video-preview:-1"},"canonical":"https:\/\/cenariosdeacucar.pt\/?product=perolas-brancas-10mm","og_locale":"pt_PT","og_type":"article","og_title":"P\u00e9rolas Brancas 10mm - Cen\u00e1rios de A\u00e7ucar","og_description":"P\u00e9rolas de a\u00e7\u00facar de cor brilhante com aproximadamente 10mm para decora\u00e7\u00e3o de bolos, bolachas, cupcakes, cake pops, donuts, sobremesas e outras prepara\u00e7\u00f5es. Frasco 60 gr","og_url":"https:\/\/cenariosdeacucar.pt\/?product=perolas-brancas-10mm","og_site_name":"Cen\u00e1rios de A\u00e7ucar","article_modified_time":"2024-06-25T16:54:05+00:00","og_image":[{"width":900,"height":900,"url":"https:\/\/cenariosdeacucar.pt\/novo\/wp-content\/uploads\/2024\/06\/DECACU884.jpg","type":"image\/jpeg"}],"twitter_card":"summary_large_image","twitter_misc":{"Tempo estimado de leitura":"1 minuto"},"schema":{"@context":"https:\/\/schema.org","@graph":[{"@type":"WebPage","@id":"https:\/\/cenariosdeacucar.pt\/?product=perolas-brancas-10mm","url":"https:\/\/cenariosdeacucar.pt\/?product=perolas-brancas-10mm","name":"P\u00e9rolas Brancas 10mm - Cen\u00e1rios de A\u00e7ucar","isPartOf":{"@id":"https:\/\/cenariosdeacucar.pt\/#website"},"primaryImageOfPage":{"@id":"https:\/\/cenariosdeacucar.pt\/?product=perolas-brancas-10mm#primaryimage"},"image":{"@id":"https:\/\/cenariosdeacucar.pt\/?product=perolas-brancas-10mm#primaryimage"},"thumbnailUrl":"https:\/\/cenariosdeacucar.pt\/novo\/wp-content\/uploads\/2024\/06\/DECACU884.jpg","datePublished":"2024-06-25T16:54:04+00:00","dateModified":"2024-06-25T16:54:05+00:00","breadcrumb":{"@id":"https:\/\/cenariosdeacucar.pt\/?product=perolas-brancas-10mm#breadcrumb"},"inLanguage":"pt-PT","potentialAction":[{"@type":"ReadAction","target":["https:\/\/cenariosdeacucar.pt\/?product=perolas-brancas-10mm"]}]},{"@type":"ImageObject","inLanguage":"pt-PT","@id":"https:\/\/cenariosdeacucar.pt\/?product=perolas-brancas-10mm#primaryimage","url":"https:\/\/cenariosdeacucar.pt\/novo\/wp-content\/uploads\/2024\/06\/DECACU884.jpg","contentUrl":"https:\/\/cenariosdeacucar.pt\/novo\/wp-content\/uploads\/2024\/06\/DECACU884.jpg","width":900,"height":900},{"@type":"BreadcrumbList","@id":"https:\/\/cenariosdeacucar.pt\/?product=perolas-brancas-10mm#breadcrumb","itemListElement":[{"@type":"ListItem","position":1,"name":"In\u00edcio","item":"https:\/\/cenariosdeacucar.pt\/"},{"@type":"ListItem","position":2,"name":"Produtos","item":"https:\/\/cenariosdeacucar.pt\/?post_type=product"},{"@type":"ListItem","position":3,"name":"P\u00e9rolas Brancas 10mm"}]},{"@type":"WebSite","@id":"https:\/\/cenariosdeacucar.pt\/#website","url":"https:\/\/cenariosdeacucar.pt\/","name":"Cen\u00e1rios de A\u00e7ucar","description":"Cake Design | Festas","potentialAction":[{"@type":"SearchAction","target":{"@type":"EntryPoint","urlTemplate":"https:\/\/cenariosdeacucar.pt\/?s={search_term_string}"},"query-input":{"@type":"PropertyValueSpecification","valueRequired":true,"valueName":"search_term_string"}}],"inLanguage":"pt-PT"}]}},"_links":{"self":[{"href":"https:\/\/cenariosdeacucar.pt\/index.php?rest_route=\/wp\/v2\/product\/17124","targetHints":{"allow":["GET"]}}],"collection":[{"href":"https:\/\/cenariosdeacucar.pt\/index.php?rest_route=\/wp\/v2\/product"}],"about":[{"href":"https:\/\/cenariosdeacucar.pt\/index.php?rest_route=\/wp\/v2\/types\/product"}],"replies":[{"embeddable":true,"href":"https:\/\/cenariosdeacucar.pt\/index.php?rest_route=%2Fwp%2Fv2%2Fcomments&post=17124"}],"wp:featuredmedia":[{"embeddable":true,"href":"https:\/\/cenariosdeacucar.pt\/index.php?rest_route=\/wp\/v2\/media\/17125"}],"wp:attachment":[{"href":"https:\/\/cenariosdeacucar.pt\/index.php?rest_route=%2Fwp%2Fv2%2Fmedia&parent=17124"}],"wp:term":[{"taxonomy":"product_brand","embeddable":true,"href":"https:\/\/cenariosdeacucar.pt\/index.php?rest_route=%2Fwp%2Fv2%2Fproduct_brand&post=17124"},{"taxonomy":"product_cat","embeddable":true,"href":"https:\/\/cenariosdeacucar.pt\/index.php?rest_route=%2Fwp%2Fv2%2Fproduct_cat&post=17124"},{"taxonomy":"product_tag","embeddable":true,"href":"https:\/\/cenariosdeacucar.pt\/index.php?rest_route=%2Fwp%2Fv2%2Fproduct_tag&post=17124"}],"curies":[{"name":"wp","href":"https:\/\/api.w.org\/{rel}","templated":true}]}}