{"id":17056,"date":"2024-06-09T11:08:10","date_gmt":"2024-06-09T10:08:10","guid":{"rendered":"https:\/\/cenariosdeacucar.pt\/?post_type=product&#038;p=17056"},"modified":"2024-09-25T11:43:43","modified_gmt":"2024-09-25T10:43:43","slug":"balao-escudo-capitao-america-avengers","status":"publish","type":"product","link":"https:\/\/cenariosdeacucar.pt\/?product=balao-escudo-capitao-america-avengers","title":{"rendered":"BAL\u00c3O ESCUDO CAPIT\u00c3O AM\u00c9RICA &#8211; AVENGERS"},"content":{"rendered":"<p class=\"product_title produto-nome\">BAL\u00c3O FOIL P38 SUPERSHAPE ESCUDO CAPIT\u00c3O AM\u00c9RICA &#8211; AVENGERS<\/p>\n","protected":false},"excerpt":{"rendered":"<p>BAL\u00c3O FOIL P38 SUPERSHAPE ESCUDO CAPIT\u00c3O AM\u00c9RICA &#8211; AVENGERS<\/p>\n","protected":false},"featured_media":17057,"comment_status":"closed","ping_status":"closed","template":"","meta":[],"product_brand":[],"product_cat":[107,112,185,201],"product_tag":[],"class_list":{"0":"post-17056","1":"product","2":"type-product","3":"status-publish","4":"has-post-thumbnail","6":"product_cat-baloes","7":"product_cat-baloes-foil","8":"product_cat-festas-tematicas","9":"product_cat-liga-da-justica","11":"first","12":"instock","13":"shipping-taxable","14":"purchasable","15":"product-type-simple"},"yoast_head":"<!-- This site is optimized with the Yoast SEO plugin v27.4 - https:\/\/yoast.com\/product\/yoast-seo-wordpress\/ -->\n<title>BAL\u00c3O ESCUDO CAPIT\u00c3O AM\u00c9RICA - AVENGERS - Cen\u00e1rios de A\u00e7ucar<\/title>\n<meta name=\"robots\" content=\"index, follow, max-snippet:-1, max-image-preview:large, max-video-preview:-1\" \/>\n<link rel=\"canonical\" href=\"https:\/\/cenariosdeacucar.pt\/?product=balao-escudo-capitao-america-avengers\" \/>\n<meta property=\"og:locale\" content=\"pt_PT\" \/>\n<meta property=\"og:type\" content=\"article\" \/>\n<meta property=\"og:title\" content=\"BAL\u00c3O ESCUDO CAPIT\u00c3O AM\u00c9RICA - AVENGERS - Cen\u00e1rios de A\u00e7ucar\" \/>\n<meta property=\"og:description\" content=\"BAL\u00c3O FOIL P38 SUPERSHAPE ESCUDO CAPIT\u00c3O AM\u00c9RICA &#8211; AVENGERS\" \/>\n<meta property=\"og:url\" content=\"https:\/\/cenariosdeacucar.pt\/?product=balao-escudo-capitao-america-avengers\" \/>\n<meta property=\"og:site_name\" content=\"Cen\u00e1rios de A\u00e7ucar\" \/>\n<meta property=\"article:modified_time\" content=\"2024-09-25T10:43:43+00:00\" \/>\n<meta property=\"og:image\" content=\"https:\/\/cenariosdeacucar.pt\/novo\/wp-content\/uploads\/2024\/06\/02273484101_20200330015738_listagem.jpg\" \/>\n\t<meta property=\"og:image:width\" content=\"510\" \/>\n\t<meta property=\"og:image:height\" content=\"510\" \/>\n\t<meta property=\"og:image:type\" content=\"image\/jpeg\" \/>\n<meta name=\"twitter:card\" content=\"summary_large_image\" \/>\n<meta name=\"twitter:label1\" content=\"Tempo estimado de leitura\" \/>\n\t<meta name=\"twitter:data1\" content=\"1 minuto\" \/>\n<script type=\"application\/ld+json\" class=\"yoast-schema-graph\">{\"@context\":\"https:\\\/\\\/schema.org\",\"@graph\":[{\"@type\":\"WebPage\",\"@id\":\"https:\\\/\\\/cenariosdeacucar.pt\\\/?product=balao-escudo-capitao-america-avengers\",\"url\":\"https:\\\/\\\/cenariosdeacucar.pt\\\/?product=balao-escudo-capitao-america-avengers\",\"name\":\"BAL\u00c3O ESCUDO CAPIT\u00c3O AM\u00c9RICA - AVENGERS - Cen\u00e1rios de A\u00e7ucar\",\"isPartOf\":{\"@id\":\"https:\\\/\\\/cenariosdeacucar.pt\\\/#website\"},\"primaryImageOfPage\":{\"@id\":\"https:\\\/\\\/cenariosdeacucar.pt\\\/?product=balao-escudo-capitao-america-avengers#primaryimage\"},\"image\":{\"@id\":\"https:\\\/\\\/cenariosdeacucar.pt\\\/?product=balao-escudo-capitao-america-avengers#primaryimage\"},\"thumbnailUrl\":\"https:\\\/\\\/cenariosdeacucar.pt\\\/novo\\\/wp-content\\\/uploads\\\/2024\\\/06\\\/02273484101_20200330015738_listagem.jpg\",\"datePublished\":\"2024-06-09T10:08:10+00:00\",\"dateModified\":\"2024-09-25T10:43:43+00:00\",\"breadcrumb\":{\"@id\":\"https:\\\/\\\/cenariosdeacucar.pt\\\/?product=balao-escudo-capitao-america-avengers#breadcrumb\"},\"inLanguage\":\"pt-PT\",\"potentialAction\":[{\"@type\":\"ReadAction\",\"target\":[\"https:\\\/\\\/cenariosdeacucar.pt\\\/?product=balao-escudo-capitao-america-avengers\"]}]},{\"@type\":\"ImageObject\",\"inLanguage\":\"pt-PT\",\"@id\":\"https:\\\/\\\/cenariosdeacucar.pt\\\/?product=balao-escudo-capitao-america-avengers#primaryimage\",\"url\":\"https:\\\/\\\/cenariosdeacucar.pt\\\/novo\\\/wp-content\\\/uploads\\\/2024\\\/06\\\/02273484101_20200330015738_listagem.jpg\",\"contentUrl\":\"https:\\\/\\\/cenariosdeacucar.pt\\\/novo\\\/wp-content\\\/uploads\\\/2024\\\/06\\\/02273484101_20200330015738_listagem.jpg\",\"width\":510,\"height\":510},{\"@type\":\"BreadcrumbList\",\"@id\":\"https:\\\/\\\/cenariosdeacucar.pt\\\/?product=balao-escudo-capitao-america-avengers#breadcrumb\",\"itemListElement\":[{\"@type\":\"ListItem\",\"position\":1,\"name\":\"In\u00edcio\",\"item\":\"https:\\\/\\\/cenariosdeacucar.pt\\\/\"},{\"@type\":\"ListItem\",\"position\":2,\"name\":\"Produtos\",\"item\":\"https:\\\/\\\/cenariosdeacucar.pt\\\/?post_type=product\"},{\"@type\":\"ListItem\",\"position\":3,\"name\":\"BAL\u00c3O ESCUDO CAPIT\u00c3O AM\u00c9RICA &#8211; AVENGERS\"}]},{\"@type\":\"WebSite\",\"@id\":\"https:\\\/\\\/cenariosdeacucar.pt\\\/#website\",\"url\":\"https:\\\/\\\/cenariosdeacucar.pt\\\/\",\"name\":\"Cen\u00e1rios de A\u00e7ucar\",\"description\":\"Cake Design | Festas\",\"potentialAction\":[{\"@type\":\"SearchAction\",\"target\":{\"@type\":\"EntryPoint\",\"urlTemplate\":\"https:\\\/\\\/cenariosdeacucar.pt\\\/?s={search_term_string}\"},\"query-input\":{\"@type\":\"PropertyValueSpecification\",\"valueRequired\":true,\"valueName\":\"search_term_string\"}}],\"inLanguage\":\"pt-PT\"}]}<\/script>\n<!-- \/ Yoast SEO plugin. -->","yoast_head_json":{"title":"BAL\u00c3O ESCUDO CAPIT\u00c3O AM\u00c9RICA - AVENGERS - Cen\u00e1rios de A\u00e7ucar","robots":{"index":"index","follow":"follow","max-snippet":"max-snippet:-1","max-image-preview":"max-image-preview:large","max-video-preview":"max-video-preview:-1"},"canonical":"https:\/\/cenariosdeacucar.pt\/?product=balao-escudo-capitao-america-avengers","og_locale":"pt_PT","og_type":"article","og_title":"BAL\u00c3O ESCUDO CAPIT\u00c3O AM\u00c9RICA - AVENGERS - Cen\u00e1rios de A\u00e7ucar","og_description":"BAL\u00c3O FOIL P38 SUPERSHAPE ESCUDO CAPIT\u00c3O AM\u00c9RICA &#8211; AVENGERS","og_url":"https:\/\/cenariosdeacucar.pt\/?product=balao-escudo-capitao-america-avengers","og_site_name":"Cen\u00e1rios de A\u00e7ucar","article_modified_time":"2024-09-25T10:43:43+00:00","og_image":[{"width":510,"height":510,"url":"https:\/\/cenariosdeacucar.pt\/novo\/wp-content\/uploads\/2024\/06\/02273484101_20200330015738_listagem.jpg","type":"image\/jpeg"}],"twitter_card":"summary_large_image","twitter_misc":{"Tempo estimado de leitura":"1 minuto"},"schema":{"@context":"https:\/\/schema.org","@graph":[{"@type":"WebPage","@id":"https:\/\/cenariosdeacucar.pt\/?product=balao-escudo-capitao-america-avengers","url":"https:\/\/cenariosdeacucar.pt\/?product=balao-escudo-capitao-america-avengers","name":"BAL\u00c3O ESCUDO CAPIT\u00c3O AM\u00c9RICA - AVENGERS - Cen\u00e1rios de A\u00e7ucar","isPartOf":{"@id":"https:\/\/cenariosdeacucar.pt\/#website"},"primaryImageOfPage":{"@id":"https:\/\/cenariosdeacucar.pt\/?product=balao-escudo-capitao-america-avengers#primaryimage"},"image":{"@id":"https:\/\/cenariosdeacucar.pt\/?product=balao-escudo-capitao-america-avengers#primaryimage"},"thumbnailUrl":"https:\/\/cenariosdeacucar.pt\/novo\/wp-content\/uploads\/2024\/06\/02273484101_20200330015738_listagem.jpg","datePublished":"2024-06-09T10:08:10+00:00","dateModified":"2024-09-25T10:43:43+00:00","breadcrumb":{"@id":"https:\/\/cenariosdeacucar.pt\/?product=balao-escudo-capitao-america-avengers#breadcrumb"},"inLanguage":"pt-PT","potentialAction":[{"@type":"ReadAction","target":["https:\/\/cenariosdeacucar.pt\/?product=balao-escudo-capitao-america-avengers"]}]},{"@type":"ImageObject","inLanguage":"pt-PT","@id":"https:\/\/cenariosdeacucar.pt\/?product=balao-escudo-capitao-america-avengers#primaryimage","url":"https:\/\/cenariosdeacucar.pt\/novo\/wp-content\/uploads\/2024\/06\/02273484101_20200330015738_listagem.jpg","contentUrl":"https:\/\/cenariosdeacucar.pt\/novo\/wp-content\/uploads\/2024\/06\/02273484101_20200330015738_listagem.jpg","width":510,"height":510},{"@type":"BreadcrumbList","@id":"https:\/\/cenariosdeacucar.pt\/?product=balao-escudo-capitao-america-avengers#breadcrumb","itemListElement":[{"@type":"ListItem","position":1,"name":"In\u00edcio","item":"https:\/\/cenariosdeacucar.pt\/"},{"@type":"ListItem","position":2,"name":"Produtos","item":"https:\/\/cenariosdeacucar.pt\/?post_type=product"},{"@type":"ListItem","position":3,"name":"BAL\u00c3O ESCUDO CAPIT\u00c3O AM\u00c9RICA &#8211; AVENGERS"}]},{"@type":"WebSite","@id":"https:\/\/cenariosdeacucar.pt\/#website","url":"https:\/\/cenariosdeacucar.pt\/","name":"Cen\u00e1rios de A\u00e7ucar","description":"Cake Design | Festas","potentialAction":[{"@type":"SearchAction","target":{"@type":"EntryPoint","urlTemplate":"https:\/\/cenariosdeacucar.pt\/?s={search_term_string}"},"query-input":{"@type":"PropertyValueSpecification","valueRequired":true,"valueName":"search_term_string"}}],"inLanguage":"pt-PT"}]}},"_links":{"self":[{"href":"https:\/\/cenariosdeacucar.pt\/index.php?rest_route=\/wp\/v2\/product\/17056","targetHints":{"allow":["GET"]}}],"collection":[{"href":"https:\/\/cenariosdeacucar.pt\/index.php?rest_route=\/wp\/v2\/product"}],"about":[{"href":"https:\/\/cenariosdeacucar.pt\/index.php?rest_route=\/wp\/v2\/types\/product"}],"replies":[{"embeddable":true,"href":"https:\/\/cenariosdeacucar.pt\/index.php?rest_route=%2Fwp%2Fv2%2Fcomments&post=17056"}],"wp:featuredmedia":[{"embeddable":true,"href":"https:\/\/cenariosdeacucar.pt\/index.php?rest_route=\/wp\/v2\/media\/17057"}],"wp:attachment":[{"href":"https:\/\/cenariosdeacucar.pt\/index.php?rest_route=%2Fwp%2Fv2%2Fmedia&parent=17056"}],"wp:term":[{"taxonomy":"product_brand","embeddable":true,"href":"https:\/\/cenariosdeacucar.pt\/index.php?rest_route=%2Fwp%2Fv2%2Fproduct_brand&post=17056"},{"taxonomy":"product_cat","embeddable":true,"href":"https:\/\/cenariosdeacucar.pt\/index.php?rest_route=%2Fwp%2Fv2%2Fproduct_cat&post=17056"},{"taxonomy":"product_tag","embeddable":true,"href":"https:\/\/cenariosdeacucar.pt\/index.php?rest_route=%2Fwp%2Fv2%2Fproduct_tag&post=17056"}],"curies":[{"name":"wp","href":"https:\/\/api.w.org\/{rel}","templated":true}]}}