{"id":17032,"date":"2024-05-14T18:52:08","date_gmt":"2024-05-14T17:52:08","guid":{"rendered":"https:\/\/cenariosdeacucar.pt\/?post_type=product&#038;p=17032"},"modified":"2024-12-19T13:23:02","modified_gmt":"2024-12-19T12:23:02","slug":"purpurina-fina-comestivel-azul","status":"publish","type":"product","link":"https:\/\/cenariosdeacucar.pt\/?product=purpurina-fina-comestivel-azul","title":{"rendered":"PURPURINA FINA COMESTIVEL AZUL"},"content":{"rendered":"<p>Ingredientes: Silicato de alum\u00ednio e pot\u00e1ssio E555 (60-65%), di\u00f3xido de sil\u00edcio E551 (30-37%), corantes E172 (1-7%), E174 (&lt;1%) e E133 (&lt;1%).<\/p>\n<p>Conserva\u00e7\u00e3o: Conservar em local seco e ao abrigo da luz solar.<\/p>\n<p>SEM AL\u00c9RGENOS.<\/p>\n","protected":false},"excerpt":{"rendered":"<p>O p\u00f3 de purpurina comest\u00edvel d\u00e1-lhes um brilho deslumbrante.<\/p>\n","protected":false},"featured_media":17033,"comment_status":"closed","ping_status":"closed","template":"","meta":[],"product_brand":[],"product_cat":[142,153,154],"product_tag":[],"class_list":{"0":"post-17032","1":"product","2":"type-product","3":"status-publish","4":"has-post-thumbnail","6":"product_cat-comestiveis","7":"product_cat-corantes","8":"product_cat-corantes-po-metalizado-purpurina","10":"first","11":"outofstock","12":"shipping-taxable","13":"purchasable","14":"product-type-simple"},"yoast_head":"<!-- This site is optimized with the Yoast SEO plugin v27.4 - https:\/\/yoast.com\/product\/yoast-seo-wordpress\/ -->\n<title>PURPURINA FINA COMESTIVEL AZUL - Cen\u00e1rios de A\u00e7ucar<\/title>\n<meta name=\"robots\" content=\"index, follow, max-snippet:-1, max-image-preview:large, max-video-preview:-1\" \/>\n<link rel=\"canonical\" href=\"https:\/\/cenariosdeacucar.pt\/?product=purpurina-fina-comestivel-azul\" \/>\n<meta property=\"og:locale\" content=\"pt_PT\" \/>\n<meta property=\"og:type\" content=\"article\" \/>\n<meta property=\"og:title\" content=\"PURPURINA FINA COMESTIVEL AZUL - Cen\u00e1rios de A\u00e7ucar\" \/>\n<meta property=\"og:description\" content=\"O p\u00f3 de purpurina comest\u00edvel d\u00e1-lhes um brilho deslumbrante.\" \/>\n<meta property=\"og:url\" content=\"https:\/\/cenariosdeacucar.pt\/?product=purpurina-fina-comestivel-azul\" \/>\n<meta property=\"og:site_name\" content=\"Cen\u00e1rios de A\u00e7ucar\" \/>\n<meta property=\"article:modified_time\" content=\"2024-12-19T12:23:02+00:00\" \/>\n<meta property=\"og:image\" content=\"https:\/\/cenariosdeacucar.pt\/novo\/wp-content\/uploads\/2024\/05\/corante-glitter-comestivel-em-po-azul-azushine-5-gr.jpg\" \/>\n\t<meta property=\"og:image:width\" content=\"800\" \/>\n\t<meta property=\"og:image:height\" content=\"800\" \/>\n\t<meta property=\"og:image:type\" content=\"image\/jpeg\" \/>\n<meta name=\"twitter:card\" content=\"summary_large_image\" \/>\n<meta name=\"twitter:label1\" content=\"Tempo estimado de leitura\" \/>\n\t<meta name=\"twitter:data1\" content=\"1 minuto\" \/>\n<script type=\"application\/ld+json\" class=\"yoast-schema-graph\">{\"@context\":\"https:\\\/\\\/schema.org\",\"@graph\":[{\"@type\":\"WebPage\",\"@id\":\"https:\\\/\\\/cenariosdeacucar.pt\\\/?product=purpurina-fina-comestivel-azul\",\"url\":\"https:\\\/\\\/cenariosdeacucar.pt\\\/?product=purpurina-fina-comestivel-azul\",\"name\":\"PURPURINA FINA COMESTIVEL AZUL - Cen\u00e1rios de A\u00e7ucar\",\"isPartOf\":{\"@id\":\"https:\\\/\\\/cenariosdeacucar.pt\\\/#website\"},\"primaryImageOfPage\":{\"@id\":\"https:\\\/\\\/cenariosdeacucar.pt\\\/?product=purpurina-fina-comestivel-azul#primaryimage\"},\"image\":{\"@id\":\"https:\\\/\\\/cenariosdeacucar.pt\\\/?product=purpurina-fina-comestivel-azul#primaryimage\"},\"thumbnailUrl\":\"https:\\\/\\\/cenariosdeacucar.pt\\\/novo\\\/wp-content\\\/uploads\\\/2024\\\/05\\\/corante-glitter-comestivel-em-po-azul-azushine-5-gr.jpg\",\"datePublished\":\"2024-05-14T17:52:08+00:00\",\"dateModified\":\"2024-12-19T12:23:02+00:00\",\"breadcrumb\":{\"@id\":\"https:\\\/\\\/cenariosdeacucar.pt\\\/?product=purpurina-fina-comestivel-azul#breadcrumb\"},\"inLanguage\":\"pt-PT\",\"potentialAction\":[{\"@type\":\"ReadAction\",\"target\":[\"https:\\\/\\\/cenariosdeacucar.pt\\\/?product=purpurina-fina-comestivel-azul\"]}]},{\"@type\":\"ImageObject\",\"inLanguage\":\"pt-PT\",\"@id\":\"https:\\\/\\\/cenariosdeacucar.pt\\\/?product=purpurina-fina-comestivel-azul#primaryimage\",\"url\":\"https:\\\/\\\/cenariosdeacucar.pt\\\/novo\\\/wp-content\\\/uploads\\\/2024\\\/05\\\/corante-glitter-comestivel-em-po-azul-azushine-5-gr.jpg\",\"contentUrl\":\"https:\\\/\\\/cenariosdeacucar.pt\\\/novo\\\/wp-content\\\/uploads\\\/2024\\\/05\\\/corante-glitter-comestivel-em-po-azul-azushine-5-gr.jpg\",\"width\":800,\"height\":800},{\"@type\":\"BreadcrumbList\",\"@id\":\"https:\\\/\\\/cenariosdeacucar.pt\\\/?product=purpurina-fina-comestivel-azul#breadcrumb\",\"itemListElement\":[{\"@type\":\"ListItem\",\"position\":1,\"name\":\"In\u00edcio\",\"item\":\"https:\\\/\\\/cenariosdeacucar.pt\\\/\"},{\"@type\":\"ListItem\",\"position\":2,\"name\":\"Produtos\",\"item\":\"https:\\\/\\\/cenariosdeacucar.pt\\\/?post_type=product\"},{\"@type\":\"ListItem\",\"position\":3,\"name\":\"PURPURINA FINA COMESTIVEL AZUL\"}]},{\"@type\":\"WebSite\",\"@id\":\"https:\\\/\\\/cenariosdeacucar.pt\\\/#website\",\"url\":\"https:\\\/\\\/cenariosdeacucar.pt\\\/\",\"name\":\"Cen\u00e1rios de A\u00e7ucar\",\"description\":\"Cake Design | Festas\",\"potentialAction\":[{\"@type\":\"SearchAction\",\"target\":{\"@type\":\"EntryPoint\",\"urlTemplate\":\"https:\\\/\\\/cenariosdeacucar.pt\\\/?s={search_term_string}\"},\"query-input\":{\"@type\":\"PropertyValueSpecification\",\"valueRequired\":true,\"valueName\":\"search_term_string\"}}],\"inLanguage\":\"pt-PT\"}]}<\/script>\n<!-- \/ Yoast SEO plugin. -->","yoast_head_json":{"title":"PURPURINA FINA COMESTIVEL AZUL - Cen\u00e1rios de A\u00e7ucar","robots":{"index":"index","follow":"follow","max-snippet":"max-snippet:-1","max-image-preview":"max-image-preview:large","max-video-preview":"max-video-preview:-1"},"canonical":"https:\/\/cenariosdeacucar.pt\/?product=purpurina-fina-comestivel-azul","og_locale":"pt_PT","og_type":"article","og_title":"PURPURINA FINA COMESTIVEL AZUL - Cen\u00e1rios de A\u00e7ucar","og_description":"O p\u00f3 de purpurina comest\u00edvel d\u00e1-lhes um brilho deslumbrante.","og_url":"https:\/\/cenariosdeacucar.pt\/?product=purpurina-fina-comestivel-azul","og_site_name":"Cen\u00e1rios de A\u00e7ucar","article_modified_time":"2024-12-19T12:23:02+00:00","og_image":[{"width":800,"height":800,"url":"https:\/\/cenariosdeacucar.pt\/novo\/wp-content\/uploads\/2024\/05\/corante-glitter-comestivel-em-po-azul-azushine-5-gr.jpg","type":"image\/jpeg"}],"twitter_card":"summary_large_image","twitter_misc":{"Tempo estimado de leitura":"1 minuto"},"schema":{"@context":"https:\/\/schema.org","@graph":[{"@type":"WebPage","@id":"https:\/\/cenariosdeacucar.pt\/?product=purpurina-fina-comestivel-azul","url":"https:\/\/cenariosdeacucar.pt\/?product=purpurina-fina-comestivel-azul","name":"PURPURINA FINA COMESTIVEL AZUL - Cen\u00e1rios de A\u00e7ucar","isPartOf":{"@id":"https:\/\/cenariosdeacucar.pt\/#website"},"primaryImageOfPage":{"@id":"https:\/\/cenariosdeacucar.pt\/?product=purpurina-fina-comestivel-azul#primaryimage"},"image":{"@id":"https:\/\/cenariosdeacucar.pt\/?product=purpurina-fina-comestivel-azul#primaryimage"},"thumbnailUrl":"https:\/\/cenariosdeacucar.pt\/novo\/wp-content\/uploads\/2024\/05\/corante-glitter-comestivel-em-po-azul-azushine-5-gr.jpg","datePublished":"2024-05-14T17:52:08+00:00","dateModified":"2024-12-19T12:23:02+00:00","breadcrumb":{"@id":"https:\/\/cenariosdeacucar.pt\/?product=purpurina-fina-comestivel-azul#breadcrumb"},"inLanguage":"pt-PT","potentialAction":[{"@type":"ReadAction","target":["https:\/\/cenariosdeacucar.pt\/?product=purpurina-fina-comestivel-azul"]}]},{"@type":"ImageObject","inLanguage":"pt-PT","@id":"https:\/\/cenariosdeacucar.pt\/?product=purpurina-fina-comestivel-azul#primaryimage","url":"https:\/\/cenariosdeacucar.pt\/novo\/wp-content\/uploads\/2024\/05\/corante-glitter-comestivel-em-po-azul-azushine-5-gr.jpg","contentUrl":"https:\/\/cenariosdeacucar.pt\/novo\/wp-content\/uploads\/2024\/05\/corante-glitter-comestivel-em-po-azul-azushine-5-gr.jpg","width":800,"height":800},{"@type":"BreadcrumbList","@id":"https:\/\/cenariosdeacucar.pt\/?product=purpurina-fina-comestivel-azul#breadcrumb","itemListElement":[{"@type":"ListItem","position":1,"name":"In\u00edcio","item":"https:\/\/cenariosdeacucar.pt\/"},{"@type":"ListItem","position":2,"name":"Produtos","item":"https:\/\/cenariosdeacucar.pt\/?post_type=product"},{"@type":"ListItem","position":3,"name":"PURPURINA FINA COMESTIVEL AZUL"}]},{"@type":"WebSite","@id":"https:\/\/cenariosdeacucar.pt\/#website","url":"https:\/\/cenariosdeacucar.pt\/","name":"Cen\u00e1rios de A\u00e7ucar","description":"Cake Design | Festas","potentialAction":[{"@type":"SearchAction","target":{"@type":"EntryPoint","urlTemplate":"https:\/\/cenariosdeacucar.pt\/?s={search_term_string}"},"query-input":{"@type":"PropertyValueSpecification","valueRequired":true,"valueName":"search_term_string"}}],"inLanguage":"pt-PT"}]}},"_links":{"self":[{"href":"https:\/\/cenariosdeacucar.pt\/index.php?rest_route=\/wp\/v2\/product\/17032","targetHints":{"allow":["GET"]}}],"collection":[{"href":"https:\/\/cenariosdeacucar.pt\/index.php?rest_route=\/wp\/v2\/product"}],"about":[{"href":"https:\/\/cenariosdeacucar.pt\/index.php?rest_route=\/wp\/v2\/types\/product"}],"replies":[{"embeddable":true,"href":"https:\/\/cenariosdeacucar.pt\/index.php?rest_route=%2Fwp%2Fv2%2Fcomments&post=17032"}],"wp:featuredmedia":[{"embeddable":true,"href":"https:\/\/cenariosdeacucar.pt\/index.php?rest_route=\/wp\/v2\/media\/17033"}],"wp:attachment":[{"href":"https:\/\/cenariosdeacucar.pt\/index.php?rest_route=%2Fwp%2Fv2%2Fmedia&parent=17032"}],"wp:term":[{"taxonomy":"product_brand","embeddable":true,"href":"https:\/\/cenariosdeacucar.pt\/index.php?rest_route=%2Fwp%2Fv2%2Fproduct_brand&post=17032"},{"taxonomy":"product_cat","embeddable":true,"href":"https:\/\/cenariosdeacucar.pt\/index.php?rest_route=%2Fwp%2Fv2%2Fproduct_cat&post=17032"},{"taxonomy":"product_tag","embeddable":true,"href":"https:\/\/cenariosdeacucar.pt\/index.php?rest_route=%2Fwp%2Fv2%2Fproduct_tag&post=17032"}],"curies":[{"name":"wp","href":"https:\/\/api.w.org\/{rel}","templated":true}]}}