{"id":16993,"date":"2024-04-30T18:34:17","date_gmt":"2024-04-30T17:34:17","guid":{"rendered":"https:\/\/cenariosdeacucar.pt\/?post_type=product&#038;p=16993"},"modified":"2025-01-18T12:07:15","modified_gmt":"2025-01-18T11:07:15","slug":"forma-brigadeiro-lisa-nr-5-rosa-bebe","status":"publish","type":"product","link":"https:\/\/cenariosdeacucar.pt\/?product=forma-brigadeiro-lisa-nr-5-rosa-bebe","title":{"rendered":"Forma Brigadeiro Lisa nr.5 Rosa Beb\u00e9"},"content":{"rendered":"<p>Medidas: 2,20 cm di\u00e2metro x 1,60 cm altura.\u00a0 Marca: Dafesta<\/p>\n","protected":false},"excerpt":{"rendered":"<p>Formas de papel de cor lisa para brigadeiros, bombons, docinhos, trufas, salgados, entre outros. Uma cole\u00e7\u00e3o de cores vivas que v\u00e3o dar a toque especial na sua festa. Embalagem cont\u00e9m 100 unidades.<\/p>\n","protected":false},"featured_media":16994,"comment_status":"closed","ping_status":"closed","template":"","meta":[],"product_brand":[],"product_cat":[158,160],"product_tag":[],"class_list":{"0":"post-16993","1":"product","2":"type-product","3":"status-publish","4":"has-post-thumbnail","6":"product_cat-cakedesign","7":"product_cat-formas-de-papel","9":"first","10":"instock","11":"shipping-taxable","12":"purchasable","13":"product-type-simple"},"yoast_head":"<!-- This site is optimized with the Yoast SEO plugin v27.4 - https:\/\/yoast.com\/product\/yoast-seo-wordpress\/ -->\n<title>Forma Brigadeiro Lisa nr.5 Rosa Beb\u00e9 - Cen\u00e1rios de A\u00e7ucar<\/title>\n<meta name=\"robots\" content=\"index, follow, max-snippet:-1, max-image-preview:large, max-video-preview:-1\" \/>\n<link rel=\"canonical\" href=\"https:\/\/cenariosdeacucar.pt\/?product=forma-brigadeiro-lisa-nr-5-rosa-bebe\" \/>\n<meta property=\"og:locale\" content=\"pt_PT\" \/>\n<meta property=\"og:type\" content=\"article\" \/>\n<meta property=\"og:title\" content=\"Forma Brigadeiro Lisa nr.5 Rosa Beb\u00e9 - Cen\u00e1rios de A\u00e7ucar\" \/>\n<meta property=\"og:description\" content=\"Formas de papel de cor lisa para brigadeiros, bombons, docinhos, trufas, salgados, entre outros. Uma cole\u00e7\u00e3o de cores vivas que v\u00e3o dar a toque especial na sua festa. Embalagem cont\u00e9m 100 unidades.\" \/>\n<meta property=\"og:url\" content=\"https:\/\/cenariosdeacucar.pt\/?product=forma-brigadeiro-lisa-nr-5-rosa-bebe\" \/>\n<meta property=\"og:site_name\" content=\"Cen\u00e1rios de A\u00e7ucar\" \/>\n<meta property=\"article:modified_time\" content=\"2025-01-18T11:07:15+00:00\" \/>\n<meta property=\"og:image\" content=\"https:\/\/cenariosdeacucar.pt\/novo\/wp-content\/uploads\/2024\/04\/EMBFOR053.jpg\" \/>\n\t<meta property=\"og:image:width\" content=\"900\" \/>\n\t<meta property=\"og:image:height\" content=\"900\" \/>\n\t<meta property=\"og:image:type\" content=\"image\/jpeg\" \/>\n<meta name=\"twitter:card\" content=\"summary_large_image\" \/>\n<meta name=\"twitter:label1\" content=\"Tempo estimado de leitura\" \/>\n\t<meta name=\"twitter:data1\" content=\"1 minuto\" \/>\n<script type=\"application\/ld+json\" class=\"yoast-schema-graph\">{\"@context\":\"https:\\\/\\\/schema.org\",\"@graph\":[{\"@type\":\"WebPage\",\"@id\":\"https:\\\/\\\/cenariosdeacucar.pt\\\/?product=forma-brigadeiro-lisa-nr-5-rosa-bebe\",\"url\":\"https:\\\/\\\/cenariosdeacucar.pt\\\/?product=forma-brigadeiro-lisa-nr-5-rosa-bebe\",\"name\":\"Forma Brigadeiro Lisa nr.5 Rosa Beb\u00e9 - Cen\u00e1rios de A\u00e7ucar\",\"isPartOf\":{\"@id\":\"https:\\\/\\\/cenariosdeacucar.pt\\\/#website\"},\"primaryImageOfPage\":{\"@id\":\"https:\\\/\\\/cenariosdeacucar.pt\\\/?product=forma-brigadeiro-lisa-nr-5-rosa-bebe#primaryimage\"},\"image\":{\"@id\":\"https:\\\/\\\/cenariosdeacucar.pt\\\/?product=forma-brigadeiro-lisa-nr-5-rosa-bebe#primaryimage\"},\"thumbnailUrl\":\"https:\\\/\\\/cenariosdeacucar.pt\\\/novo\\\/wp-content\\\/uploads\\\/2024\\\/04\\\/EMBFOR053.jpg\",\"datePublished\":\"2024-04-30T17:34:17+00:00\",\"dateModified\":\"2025-01-18T11:07:15+00:00\",\"breadcrumb\":{\"@id\":\"https:\\\/\\\/cenariosdeacucar.pt\\\/?product=forma-brigadeiro-lisa-nr-5-rosa-bebe#breadcrumb\"},\"inLanguage\":\"pt-PT\",\"potentialAction\":[{\"@type\":\"ReadAction\",\"target\":[\"https:\\\/\\\/cenariosdeacucar.pt\\\/?product=forma-brigadeiro-lisa-nr-5-rosa-bebe\"]}]},{\"@type\":\"ImageObject\",\"inLanguage\":\"pt-PT\",\"@id\":\"https:\\\/\\\/cenariosdeacucar.pt\\\/?product=forma-brigadeiro-lisa-nr-5-rosa-bebe#primaryimage\",\"url\":\"https:\\\/\\\/cenariosdeacucar.pt\\\/novo\\\/wp-content\\\/uploads\\\/2024\\\/04\\\/EMBFOR053.jpg\",\"contentUrl\":\"https:\\\/\\\/cenariosdeacucar.pt\\\/novo\\\/wp-content\\\/uploads\\\/2024\\\/04\\\/EMBFOR053.jpg\",\"width\":900,\"height\":900},{\"@type\":\"BreadcrumbList\",\"@id\":\"https:\\\/\\\/cenariosdeacucar.pt\\\/?product=forma-brigadeiro-lisa-nr-5-rosa-bebe#breadcrumb\",\"itemListElement\":[{\"@type\":\"ListItem\",\"position\":1,\"name\":\"In\u00edcio\",\"item\":\"https:\\\/\\\/cenariosdeacucar.pt\\\/\"},{\"@type\":\"ListItem\",\"position\":2,\"name\":\"Produtos\",\"item\":\"https:\\\/\\\/cenariosdeacucar.pt\\\/?post_type=product\"},{\"@type\":\"ListItem\",\"position\":3,\"name\":\"Forma Brigadeiro Lisa nr.5 Rosa Beb\u00e9\"}]},{\"@type\":\"WebSite\",\"@id\":\"https:\\\/\\\/cenariosdeacucar.pt\\\/#website\",\"url\":\"https:\\\/\\\/cenariosdeacucar.pt\\\/\",\"name\":\"Cen\u00e1rios de A\u00e7ucar\",\"description\":\"Cake Design | Festas\",\"potentialAction\":[{\"@type\":\"SearchAction\",\"target\":{\"@type\":\"EntryPoint\",\"urlTemplate\":\"https:\\\/\\\/cenariosdeacucar.pt\\\/?s={search_term_string}\"},\"query-input\":{\"@type\":\"PropertyValueSpecification\",\"valueRequired\":true,\"valueName\":\"search_term_string\"}}],\"inLanguage\":\"pt-PT\"}]}<\/script>\n<!-- \/ Yoast SEO plugin. -->","yoast_head_json":{"title":"Forma Brigadeiro Lisa nr.5 Rosa Beb\u00e9 - Cen\u00e1rios de A\u00e7ucar","robots":{"index":"index","follow":"follow","max-snippet":"max-snippet:-1","max-image-preview":"max-image-preview:large","max-video-preview":"max-video-preview:-1"},"canonical":"https:\/\/cenariosdeacucar.pt\/?product=forma-brigadeiro-lisa-nr-5-rosa-bebe","og_locale":"pt_PT","og_type":"article","og_title":"Forma Brigadeiro Lisa nr.5 Rosa Beb\u00e9 - Cen\u00e1rios de A\u00e7ucar","og_description":"Formas de papel de cor lisa para brigadeiros, bombons, docinhos, trufas, salgados, entre outros. Uma cole\u00e7\u00e3o de cores vivas que v\u00e3o dar a toque especial na sua festa. Embalagem cont\u00e9m 100 unidades.","og_url":"https:\/\/cenariosdeacucar.pt\/?product=forma-brigadeiro-lisa-nr-5-rosa-bebe","og_site_name":"Cen\u00e1rios de A\u00e7ucar","article_modified_time":"2025-01-18T11:07:15+00:00","og_image":[{"width":900,"height":900,"url":"https:\/\/cenariosdeacucar.pt\/novo\/wp-content\/uploads\/2024\/04\/EMBFOR053.jpg","type":"image\/jpeg"}],"twitter_card":"summary_large_image","twitter_misc":{"Tempo estimado de leitura":"1 minuto"},"schema":{"@context":"https:\/\/schema.org","@graph":[{"@type":"WebPage","@id":"https:\/\/cenariosdeacucar.pt\/?product=forma-brigadeiro-lisa-nr-5-rosa-bebe","url":"https:\/\/cenariosdeacucar.pt\/?product=forma-brigadeiro-lisa-nr-5-rosa-bebe","name":"Forma Brigadeiro Lisa nr.5 Rosa Beb\u00e9 - Cen\u00e1rios de A\u00e7ucar","isPartOf":{"@id":"https:\/\/cenariosdeacucar.pt\/#website"},"primaryImageOfPage":{"@id":"https:\/\/cenariosdeacucar.pt\/?product=forma-brigadeiro-lisa-nr-5-rosa-bebe#primaryimage"},"image":{"@id":"https:\/\/cenariosdeacucar.pt\/?product=forma-brigadeiro-lisa-nr-5-rosa-bebe#primaryimage"},"thumbnailUrl":"https:\/\/cenariosdeacucar.pt\/novo\/wp-content\/uploads\/2024\/04\/EMBFOR053.jpg","datePublished":"2024-04-30T17:34:17+00:00","dateModified":"2025-01-18T11:07:15+00:00","breadcrumb":{"@id":"https:\/\/cenariosdeacucar.pt\/?product=forma-brigadeiro-lisa-nr-5-rosa-bebe#breadcrumb"},"inLanguage":"pt-PT","potentialAction":[{"@type":"ReadAction","target":["https:\/\/cenariosdeacucar.pt\/?product=forma-brigadeiro-lisa-nr-5-rosa-bebe"]}]},{"@type":"ImageObject","inLanguage":"pt-PT","@id":"https:\/\/cenariosdeacucar.pt\/?product=forma-brigadeiro-lisa-nr-5-rosa-bebe#primaryimage","url":"https:\/\/cenariosdeacucar.pt\/novo\/wp-content\/uploads\/2024\/04\/EMBFOR053.jpg","contentUrl":"https:\/\/cenariosdeacucar.pt\/novo\/wp-content\/uploads\/2024\/04\/EMBFOR053.jpg","width":900,"height":900},{"@type":"BreadcrumbList","@id":"https:\/\/cenariosdeacucar.pt\/?product=forma-brigadeiro-lisa-nr-5-rosa-bebe#breadcrumb","itemListElement":[{"@type":"ListItem","position":1,"name":"In\u00edcio","item":"https:\/\/cenariosdeacucar.pt\/"},{"@type":"ListItem","position":2,"name":"Produtos","item":"https:\/\/cenariosdeacucar.pt\/?post_type=product"},{"@type":"ListItem","position":3,"name":"Forma Brigadeiro Lisa nr.5 Rosa Beb\u00e9"}]},{"@type":"WebSite","@id":"https:\/\/cenariosdeacucar.pt\/#website","url":"https:\/\/cenariosdeacucar.pt\/","name":"Cen\u00e1rios de A\u00e7ucar","description":"Cake Design | Festas","potentialAction":[{"@type":"SearchAction","target":{"@type":"EntryPoint","urlTemplate":"https:\/\/cenariosdeacucar.pt\/?s={search_term_string}"},"query-input":{"@type":"PropertyValueSpecification","valueRequired":true,"valueName":"search_term_string"}}],"inLanguage":"pt-PT"}]}},"_links":{"self":[{"href":"https:\/\/cenariosdeacucar.pt\/index.php?rest_route=\/wp\/v2\/product\/16993","targetHints":{"allow":["GET"]}}],"collection":[{"href":"https:\/\/cenariosdeacucar.pt\/index.php?rest_route=\/wp\/v2\/product"}],"about":[{"href":"https:\/\/cenariosdeacucar.pt\/index.php?rest_route=\/wp\/v2\/types\/product"}],"replies":[{"embeddable":true,"href":"https:\/\/cenariosdeacucar.pt\/index.php?rest_route=%2Fwp%2Fv2%2Fcomments&post=16993"}],"wp:featuredmedia":[{"embeddable":true,"href":"https:\/\/cenariosdeacucar.pt\/index.php?rest_route=\/wp\/v2\/media\/16994"}],"wp:attachment":[{"href":"https:\/\/cenariosdeacucar.pt\/index.php?rest_route=%2Fwp%2Fv2%2Fmedia&parent=16993"}],"wp:term":[{"taxonomy":"product_brand","embeddable":true,"href":"https:\/\/cenariosdeacucar.pt\/index.php?rest_route=%2Fwp%2Fv2%2Fproduct_brand&post=16993"},{"taxonomy":"product_cat","embeddable":true,"href":"https:\/\/cenariosdeacucar.pt\/index.php?rest_route=%2Fwp%2Fv2%2Fproduct_cat&post=16993"},{"taxonomy":"product_tag","embeddable":true,"href":"https:\/\/cenariosdeacucar.pt\/index.php?rest_route=%2Fwp%2Fv2%2Fproduct_tag&post=16993"}],"curies":[{"name":"wp","href":"https:\/\/api.w.org\/{rel}","templated":true}]}}