{"id":16860,"date":"2024-03-07T19:56:35","date_gmt":"2024-03-07T18:56:35","guid":{"rendered":"https:\/\/cenariosdeacucar.pt\/?post_type=product&#038;p=16860"},"modified":"2024-03-07T19:56:36","modified_gmt":"2024-03-07T18:56:36","slug":"topo-de-bolo-arco-iris","status":"publish","type":"product","link":"https:\/\/cenariosdeacucar.pt\/?product=topo-de-bolo-arco-iris","title":{"rendered":"Topo de Bolo Arco-\u00cdris"},"content":{"rendered":"","protected":false},"excerpt":{"rendered":"<p>Kit para topo de bolo com banner de parab\u00e9ns e personagens em cart\u00e3o laminado.<\/p>\n<p>Dimens\u00e3o aprox.: 16cm x 21cm<\/p>\n","protected":false},"featured_media":16861,"comment_status":"closed","ping_status":"closed","template":"","meta":[],"product_brand":[],"product_cat":[186,174,185,175],"product_tag":[],"class_list":{"0":"post-16860","1":"product","2":"type-product","3":"status-publish","4":"has-post-thumbnail","6":"product_cat-arco-iris-estrelas-nuvens","7":"product_cat-decoracao","8":"product_cat-festas-tematicas","9":"product_cat-topos-de-bolo","11":"first","12":"instock","13":"shipping-taxable","14":"purchasable","15":"product-type-simple"},"yoast_head":"<!-- This site is optimized with the Yoast SEO plugin v27.4 - https:\/\/yoast.com\/product\/yoast-seo-wordpress\/ -->\n<title>Topo de Bolo Arco-\u00cdris - Cen\u00e1rios de A\u00e7ucar<\/title>\n<meta name=\"robots\" content=\"index, follow, max-snippet:-1, max-image-preview:large, max-video-preview:-1\" \/>\n<link rel=\"canonical\" href=\"https:\/\/cenariosdeacucar.pt\/?product=topo-de-bolo-arco-iris\" \/>\n<meta property=\"og:locale\" content=\"pt_PT\" \/>\n<meta property=\"og:type\" content=\"article\" \/>\n<meta property=\"og:title\" content=\"Topo de Bolo Arco-\u00cdris - Cen\u00e1rios de A\u00e7ucar\" \/>\n<meta property=\"og:description\" content=\"Kit para topo de bolo com banner de parab\u00e9ns e personagens em cart\u00e3o laminado.  Dimens\u00e3o aprox.: 16cm x 21cm\" \/>\n<meta property=\"og:url\" content=\"https:\/\/cenariosdeacucar.pt\/?product=topo-de-bolo-arco-iris\" \/>\n<meta property=\"og:site_name\" content=\"Cen\u00e1rios de A\u00e7ucar\" \/>\n<meta property=\"article:modified_time\" content=\"2024-03-07T18:56:36+00:00\" \/>\n<meta property=\"og:image\" content=\"https:\/\/cenariosdeacucar.pt\/novo\/wp-content\/uploads\/2024\/03\/abd05da-whatsapp-image-2020-05-15-at-140423.jpeg\" \/>\n\t<meta property=\"og:image:width\" content=\"1772\" \/>\n\t<meta property=\"og:image:height\" content=\"1772\" \/>\n\t<meta property=\"og:image:type\" content=\"image\/jpeg\" \/>\n<meta name=\"twitter:card\" content=\"summary_large_image\" \/>\n<meta name=\"twitter:label1\" content=\"Tempo estimado de leitura\" \/>\n\t<meta name=\"twitter:data1\" content=\"1 minuto\" \/>\n<script type=\"application\/ld+json\" class=\"yoast-schema-graph\">{\"@context\":\"https:\\\/\\\/schema.org\",\"@graph\":[{\"@type\":\"WebPage\",\"@id\":\"https:\\\/\\\/cenariosdeacucar.pt\\\/?product=topo-de-bolo-arco-iris\",\"url\":\"https:\\\/\\\/cenariosdeacucar.pt\\\/?product=topo-de-bolo-arco-iris\",\"name\":\"Topo de Bolo Arco-\u00cdris - Cen\u00e1rios de A\u00e7ucar\",\"isPartOf\":{\"@id\":\"https:\\\/\\\/cenariosdeacucar.pt\\\/#website\"},\"primaryImageOfPage\":{\"@id\":\"https:\\\/\\\/cenariosdeacucar.pt\\\/?product=topo-de-bolo-arco-iris#primaryimage\"},\"image\":{\"@id\":\"https:\\\/\\\/cenariosdeacucar.pt\\\/?product=topo-de-bolo-arco-iris#primaryimage\"},\"thumbnailUrl\":\"https:\\\/\\\/cenariosdeacucar.pt\\\/novo\\\/wp-content\\\/uploads\\\/2024\\\/03\\\/abd05da-whatsapp-image-2020-05-15-at-140423.jpeg\",\"datePublished\":\"2024-03-07T18:56:35+00:00\",\"dateModified\":\"2024-03-07T18:56:36+00:00\",\"breadcrumb\":{\"@id\":\"https:\\\/\\\/cenariosdeacucar.pt\\\/?product=topo-de-bolo-arco-iris#breadcrumb\"},\"inLanguage\":\"pt-PT\",\"potentialAction\":[{\"@type\":\"ReadAction\",\"target\":[\"https:\\\/\\\/cenariosdeacucar.pt\\\/?product=topo-de-bolo-arco-iris\"]}]},{\"@type\":\"ImageObject\",\"inLanguage\":\"pt-PT\",\"@id\":\"https:\\\/\\\/cenariosdeacucar.pt\\\/?product=topo-de-bolo-arco-iris#primaryimage\",\"url\":\"https:\\\/\\\/cenariosdeacucar.pt\\\/novo\\\/wp-content\\\/uploads\\\/2024\\\/03\\\/abd05da-whatsapp-image-2020-05-15-at-140423.jpeg\",\"contentUrl\":\"https:\\\/\\\/cenariosdeacucar.pt\\\/novo\\\/wp-content\\\/uploads\\\/2024\\\/03\\\/abd05da-whatsapp-image-2020-05-15-at-140423.jpeg\",\"width\":1772,\"height\":1772},{\"@type\":\"BreadcrumbList\",\"@id\":\"https:\\\/\\\/cenariosdeacucar.pt\\\/?product=topo-de-bolo-arco-iris#breadcrumb\",\"itemListElement\":[{\"@type\":\"ListItem\",\"position\":1,\"name\":\"In\u00edcio\",\"item\":\"https:\\\/\\\/cenariosdeacucar.pt\\\/\"},{\"@type\":\"ListItem\",\"position\":2,\"name\":\"Produtos\",\"item\":\"https:\\\/\\\/cenariosdeacucar.pt\\\/?post_type=product\"},{\"@type\":\"ListItem\",\"position\":3,\"name\":\"Topo de Bolo Arco-\u00cdris\"}]},{\"@type\":\"WebSite\",\"@id\":\"https:\\\/\\\/cenariosdeacucar.pt\\\/#website\",\"url\":\"https:\\\/\\\/cenariosdeacucar.pt\\\/\",\"name\":\"Cen\u00e1rios de A\u00e7ucar\",\"description\":\"Cake Design | Festas\",\"potentialAction\":[{\"@type\":\"SearchAction\",\"target\":{\"@type\":\"EntryPoint\",\"urlTemplate\":\"https:\\\/\\\/cenariosdeacucar.pt\\\/?s={search_term_string}\"},\"query-input\":{\"@type\":\"PropertyValueSpecification\",\"valueRequired\":true,\"valueName\":\"search_term_string\"}}],\"inLanguage\":\"pt-PT\"}]}<\/script>\n<!-- \/ Yoast SEO plugin. -->","yoast_head_json":{"title":"Topo de Bolo Arco-\u00cdris - Cen\u00e1rios de A\u00e7ucar","robots":{"index":"index","follow":"follow","max-snippet":"max-snippet:-1","max-image-preview":"max-image-preview:large","max-video-preview":"max-video-preview:-1"},"canonical":"https:\/\/cenariosdeacucar.pt\/?product=topo-de-bolo-arco-iris","og_locale":"pt_PT","og_type":"article","og_title":"Topo de Bolo Arco-\u00cdris - Cen\u00e1rios de A\u00e7ucar","og_description":"Kit para topo de bolo com banner de parab\u00e9ns e personagens em cart\u00e3o laminado.  Dimens\u00e3o aprox.: 16cm x 21cm","og_url":"https:\/\/cenariosdeacucar.pt\/?product=topo-de-bolo-arco-iris","og_site_name":"Cen\u00e1rios de A\u00e7ucar","article_modified_time":"2024-03-07T18:56:36+00:00","og_image":[{"width":1772,"height":1772,"url":"https:\/\/cenariosdeacucar.pt\/novo\/wp-content\/uploads\/2024\/03\/abd05da-whatsapp-image-2020-05-15-at-140423.jpeg","type":"image\/jpeg"}],"twitter_card":"summary_large_image","twitter_misc":{"Tempo estimado de leitura":"1 minuto"},"schema":{"@context":"https:\/\/schema.org","@graph":[{"@type":"WebPage","@id":"https:\/\/cenariosdeacucar.pt\/?product=topo-de-bolo-arco-iris","url":"https:\/\/cenariosdeacucar.pt\/?product=topo-de-bolo-arco-iris","name":"Topo de Bolo Arco-\u00cdris - Cen\u00e1rios de A\u00e7ucar","isPartOf":{"@id":"https:\/\/cenariosdeacucar.pt\/#website"},"primaryImageOfPage":{"@id":"https:\/\/cenariosdeacucar.pt\/?product=topo-de-bolo-arco-iris#primaryimage"},"image":{"@id":"https:\/\/cenariosdeacucar.pt\/?product=topo-de-bolo-arco-iris#primaryimage"},"thumbnailUrl":"https:\/\/cenariosdeacucar.pt\/novo\/wp-content\/uploads\/2024\/03\/abd05da-whatsapp-image-2020-05-15-at-140423.jpeg","datePublished":"2024-03-07T18:56:35+00:00","dateModified":"2024-03-07T18:56:36+00:00","breadcrumb":{"@id":"https:\/\/cenariosdeacucar.pt\/?product=topo-de-bolo-arco-iris#breadcrumb"},"inLanguage":"pt-PT","potentialAction":[{"@type":"ReadAction","target":["https:\/\/cenariosdeacucar.pt\/?product=topo-de-bolo-arco-iris"]}]},{"@type":"ImageObject","inLanguage":"pt-PT","@id":"https:\/\/cenariosdeacucar.pt\/?product=topo-de-bolo-arco-iris#primaryimage","url":"https:\/\/cenariosdeacucar.pt\/novo\/wp-content\/uploads\/2024\/03\/abd05da-whatsapp-image-2020-05-15-at-140423.jpeg","contentUrl":"https:\/\/cenariosdeacucar.pt\/novo\/wp-content\/uploads\/2024\/03\/abd05da-whatsapp-image-2020-05-15-at-140423.jpeg","width":1772,"height":1772},{"@type":"BreadcrumbList","@id":"https:\/\/cenariosdeacucar.pt\/?product=topo-de-bolo-arco-iris#breadcrumb","itemListElement":[{"@type":"ListItem","position":1,"name":"In\u00edcio","item":"https:\/\/cenariosdeacucar.pt\/"},{"@type":"ListItem","position":2,"name":"Produtos","item":"https:\/\/cenariosdeacucar.pt\/?post_type=product"},{"@type":"ListItem","position":3,"name":"Topo de Bolo Arco-\u00cdris"}]},{"@type":"WebSite","@id":"https:\/\/cenariosdeacucar.pt\/#website","url":"https:\/\/cenariosdeacucar.pt\/","name":"Cen\u00e1rios de A\u00e7ucar","description":"Cake Design | Festas","potentialAction":[{"@type":"SearchAction","target":{"@type":"EntryPoint","urlTemplate":"https:\/\/cenariosdeacucar.pt\/?s={search_term_string}"},"query-input":{"@type":"PropertyValueSpecification","valueRequired":true,"valueName":"search_term_string"}}],"inLanguage":"pt-PT"}]}},"_links":{"self":[{"href":"https:\/\/cenariosdeacucar.pt\/index.php?rest_route=\/wp\/v2\/product\/16860","targetHints":{"allow":["GET"]}}],"collection":[{"href":"https:\/\/cenariosdeacucar.pt\/index.php?rest_route=\/wp\/v2\/product"}],"about":[{"href":"https:\/\/cenariosdeacucar.pt\/index.php?rest_route=\/wp\/v2\/types\/product"}],"replies":[{"embeddable":true,"href":"https:\/\/cenariosdeacucar.pt\/index.php?rest_route=%2Fwp%2Fv2%2Fcomments&post=16860"}],"wp:featuredmedia":[{"embeddable":true,"href":"https:\/\/cenariosdeacucar.pt\/index.php?rest_route=\/wp\/v2\/media\/16861"}],"wp:attachment":[{"href":"https:\/\/cenariosdeacucar.pt\/index.php?rest_route=%2Fwp%2Fv2%2Fmedia&parent=16860"}],"wp:term":[{"taxonomy":"product_brand","embeddable":true,"href":"https:\/\/cenariosdeacucar.pt\/index.php?rest_route=%2Fwp%2Fv2%2Fproduct_brand&post=16860"},{"taxonomy":"product_cat","embeddable":true,"href":"https:\/\/cenariosdeacucar.pt\/index.php?rest_route=%2Fwp%2Fv2%2Fproduct_cat&post=16860"},{"taxonomy":"product_tag","embeddable":true,"href":"https:\/\/cenariosdeacucar.pt\/index.php?rest_route=%2Fwp%2Fv2%2Fproduct_tag&post=16860"}],"curies":[{"name":"wp","href":"https:\/\/api.w.org\/{rel}","templated":true}]}}