{"id":16542,"date":"2023-09-26T18:57:16","date_gmt":"2023-09-26T17:57:16","guid":{"rendered":"https:\/\/cenariosdeacucar.pt\/?post_type=product&#038;p=16542"},"modified":"2025-01-15T16:07:03","modified_gmt":"2025-01-15T15:07:03","slug":"base-retangular-alta-35cm-x-45cm","status":"publish","type":"product","link":"https:\/\/cenariosdeacucar.pt\/?product=base-retangular-alta-35cm-x-45cm","title":{"rendered":"Base Retangular Alta 35cm X 45cm"},"content":{"rendered":"","protected":false},"excerpt":{"rendered":"<p>Dimens\u00f5es aprox.:\u00a035cm x 45cm<br \/>\nEspessura: 12mm<span class=\"Apple-converted-space\">\u00a0<\/span><\/p>\n","protected":false},"featured_media":16543,"comment_status":"closed","ping_status":"closed","template":"","meta":[],"product_brand":[],"product_cat":[163,158],"product_tag":[],"class_list":{"0":"post-16542","1":"product","2":"type-product","3":"status-publish","4":"has-post-thumbnail","6":"product_cat-bases-para-bolos","7":"product_cat-cakedesign","9":"first","10":"instock","11":"shipping-taxable","12":"purchasable","13":"product-type-simple"},"yoast_head":"<!-- This site is optimized with the Yoast SEO plugin v27.4 - https:\/\/yoast.com\/product\/yoast-seo-wordpress\/ -->\n<title>Base Retangular Alta 35cm X 45cm - Cen\u00e1rios de A\u00e7ucar<\/title>\n<meta name=\"robots\" content=\"index, follow, max-snippet:-1, max-image-preview:large, max-video-preview:-1\" \/>\n<link rel=\"canonical\" href=\"https:\/\/cenariosdeacucar.pt\/?product=base-retangular-alta-35cm-x-45cm\" \/>\n<meta property=\"og:locale\" content=\"pt_PT\" \/>\n<meta property=\"og:type\" content=\"article\" \/>\n<meta property=\"og:title\" content=\"Base Retangular Alta 35cm X 45cm - Cen\u00e1rios de A\u00e7ucar\" \/>\n<meta property=\"og:description\" content=\"Dimens\u00f5es aprox.:\u00a035cm x 45cm Espessura: 12mm\u00a0\" \/>\n<meta property=\"og:url\" content=\"https:\/\/cenariosdeacucar.pt\/?product=base-retangular-alta-35cm-x-45cm\" \/>\n<meta property=\"og:site_name\" content=\"Cen\u00e1rios de A\u00e7ucar\" \/>\n<meta property=\"article:modified_time\" content=\"2025-01-15T15:07:03+00:00\" \/>\n<meta property=\"og:image\" content=\"https:\/\/cenariosdeacucar.pt\/novo\/wp-content\/uploads\/2023\/09\/fc835ob_1_4.jpg\" \/>\n\t<meta property=\"og:image:width\" content=\"500\" \/>\n\t<meta property=\"og:image:height\" content=\"500\" \/>\n\t<meta property=\"og:image:type\" content=\"image\/jpeg\" \/>\n<meta name=\"twitter:card\" content=\"summary_large_image\" \/>\n<script type=\"application\/ld+json\" class=\"yoast-schema-graph\">{\"@context\":\"https:\\\/\\\/schema.org\",\"@graph\":[{\"@type\":\"WebPage\",\"@id\":\"https:\\\/\\\/cenariosdeacucar.pt\\\/?product=base-retangular-alta-35cm-x-45cm\",\"url\":\"https:\\\/\\\/cenariosdeacucar.pt\\\/?product=base-retangular-alta-35cm-x-45cm\",\"name\":\"Base Retangular Alta 35cm X 45cm - Cen\u00e1rios de A\u00e7ucar\",\"isPartOf\":{\"@id\":\"https:\\\/\\\/cenariosdeacucar.pt\\\/#website\"},\"primaryImageOfPage\":{\"@id\":\"https:\\\/\\\/cenariosdeacucar.pt\\\/?product=base-retangular-alta-35cm-x-45cm#primaryimage\"},\"image\":{\"@id\":\"https:\\\/\\\/cenariosdeacucar.pt\\\/?product=base-retangular-alta-35cm-x-45cm#primaryimage\"},\"thumbnailUrl\":\"https:\\\/\\\/cenariosdeacucar.pt\\\/novo\\\/wp-content\\\/uploads\\\/2023\\\/09\\\/fc835ob_1_4.jpg\",\"datePublished\":\"2023-09-26T17:57:16+00:00\",\"dateModified\":\"2025-01-15T15:07:03+00:00\",\"breadcrumb\":{\"@id\":\"https:\\\/\\\/cenariosdeacucar.pt\\\/?product=base-retangular-alta-35cm-x-45cm#breadcrumb\"},\"inLanguage\":\"pt-PT\",\"potentialAction\":[{\"@type\":\"ReadAction\",\"target\":[\"https:\\\/\\\/cenariosdeacucar.pt\\\/?product=base-retangular-alta-35cm-x-45cm\"]}]},{\"@type\":\"ImageObject\",\"inLanguage\":\"pt-PT\",\"@id\":\"https:\\\/\\\/cenariosdeacucar.pt\\\/?product=base-retangular-alta-35cm-x-45cm#primaryimage\",\"url\":\"https:\\\/\\\/cenariosdeacucar.pt\\\/novo\\\/wp-content\\\/uploads\\\/2023\\\/09\\\/fc835ob_1_4.jpg\",\"contentUrl\":\"https:\\\/\\\/cenariosdeacucar.pt\\\/novo\\\/wp-content\\\/uploads\\\/2023\\\/09\\\/fc835ob_1_4.jpg\",\"width\":500,\"height\":500,\"caption\":\"??\"},{\"@type\":\"BreadcrumbList\",\"@id\":\"https:\\\/\\\/cenariosdeacucar.pt\\\/?product=base-retangular-alta-35cm-x-45cm#breadcrumb\",\"itemListElement\":[{\"@type\":\"ListItem\",\"position\":1,\"name\":\"In\u00edcio\",\"item\":\"https:\\\/\\\/cenariosdeacucar.pt\\\/\"},{\"@type\":\"ListItem\",\"position\":2,\"name\":\"Produtos\",\"item\":\"https:\\\/\\\/cenariosdeacucar.pt\\\/?post_type=product\"},{\"@type\":\"ListItem\",\"position\":3,\"name\":\"Base Retangular Alta 35cm X 45cm\"}]},{\"@type\":\"WebSite\",\"@id\":\"https:\\\/\\\/cenariosdeacucar.pt\\\/#website\",\"url\":\"https:\\\/\\\/cenariosdeacucar.pt\\\/\",\"name\":\"Cen\u00e1rios de A\u00e7ucar\",\"description\":\"Cake Design | Festas\",\"potentialAction\":[{\"@type\":\"SearchAction\",\"target\":{\"@type\":\"EntryPoint\",\"urlTemplate\":\"https:\\\/\\\/cenariosdeacucar.pt\\\/?s={search_term_string}\"},\"query-input\":{\"@type\":\"PropertyValueSpecification\",\"valueRequired\":true,\"valueName\":\"search_term_string\"}}],\"inLanguage\":\"pt-PT\"}]}<\/script>\n<!-- \/ Yoast SEO plugin. -->","yoast_head_json":{"title":"Base Retangular Alta 35cm X 45cm - Cen\u00e1rios de A\u00e7ucar","robots":{"index":"index","follow":"follow","max-snippet":"max-snippet:-1","max-image-preview":"max-image-preview:large","max-video-preview":"max-video-preview:-1"},"canonical":"https:\/\/cenariosdeacucar.pt\/?product=base-retangular-alta-35cm-x-45cm","og_locale":"pt_PT","og_type":"article","og_title":"Base Retangular Alta 35cm X 45cm - Cen\u00e1rios de A\u00e7ucar","og_description":"Dimens\u00f5es aprox.:\u00a035cm x 45cm Espessura: 12mm\u00a0","og_url":"https:\/\/cenariosdeacucar.pt\/?product=base-retangular-alta-35cm-x-45cm","og_site_name":"Cen\u00e1rios de A\u00e7ucar","article_modified_time":"2025-01-15T15:07:03+00:00","og_image":[{"width":500,"height":500,"url":"https:\/\/cenariosdeacucar.pt\/novo\/wp-content\/uploads\/2023\/09\/fc835ob_1_4.jpg","type":"image\/jpeg"}],"twitter_card":"summary_large_image","schema":{"@context":"https:\/\/schema.org","@graph":[{"@type":"WebPage","@id":"https:\/\/cenariosdeacucar.pt\/?product=base-retangular-alta-35cm-x-45cm","url":"https:\/\/cenariosdeacucar.pt\/?product=base-retangular-alta-35cm-x-45cm","name":"Base Retangular Alta 35cm X 45cm - Cen\u00e1rios de A\u00e7ucar","isPartOf":{"@id":"https:\/\/cenariosdeacucar.pt\/#website"},"primaryImageOfPage":{"@id":"https:\/\/cenariosdeacucar.pt\/?product=base-retangular-alta-35cm-x-45cm#primaryimage"},"image":{"@id":"https:\/\/cenariosdeacucar.pt\/?product=base-retangular-alta-35cm-x-45cm#primaryimage"},"thumbnailUrl":"https:\/\/cenariosdeacucar.pt\/novo\/wp-content\/uploads\/2023\/09\/fc835ob_1_4.jpg","datePublished":"2023-09-26T17:57:16+00:00","dateModified":"2025-01-15T15:07:03+00:00","breadcrumb":{"@id":"https:\/\/cenariosdeacucar.pt\/?product=base-retangular-alta-35cm-x-45cm#breadcrumb"},"inLanguage":"pt-PT","potentialAction":[{"@type":"ReadAction","target":["https:\/\/cenariosdeacucar.pt\/?product=base-retangular-alta-35cm-x-45cm"]}]},{"@type":"ImageObject","inLanguage":"pt-PT","@id":"https:\/\/cenariosdeacucar.pt\/?product=base-retangular-alta-35cm-x-45cm#primaryimage","url":"https:\/\/cenariosdeacucar.pt\/novo\/wp-content\/uploads\/2023\/09\/fc835ob_1_4.jpg","contentUrl":"https:\/\/cenariosdeacucar.pt\/novo\/wp-content\/uploads\/2023\/09\/fc835ob_1_4.jpg","width":500,"height":500,"caption":"??"},{"@type":"BreadcrumbList","@id":"https:\/\/cenariosdeacucar.pt\/?product=base-retangular-alta-35cm-x-45cm#breadcrumb","itemListElement":[{"@type":"ListItem","position":1,"name":"In\u00edcio","item":"https:\/\/cenariosdeacucar.pt\/"},{"@type":"ListItem","position":2,"name":"Produtos","item":"https:\/\/cenariosdeacucar.pt\/?post_type=product"},{"@type":"ListItem","position":3,"name":"Base Retangular Alta 35cm X 45cm"}]},{"@type":"WebSite","@id":"https:\/\/cenariosdeacucar.pt\/#website","url":"https:\/\/cenariosdeacucar.pt\/","name":"Cen\u00e1rios de A\u00e7ucar","description":"Cake Design | Festas","potentialAction":[{"@type":"SearchAction","target":{"@type":"EntryPoint","urlTemplate":"https:\/\/cenariosdeacucar.pt\/?s={search_term_string}"},"query-input":{"@type":"PropertyValueSpecification","valueRequired":true,"valueName":"search_term_string"}}],"inLanguage":"pt-PT"}]}},"_links":{"self":[{"href":"https:\/\/cenariosdeacucar.pt\/index.php?rest_route=\/wp\/v2\/product\/16542","targetHints":{"allow":["GET"]}}],"collection":[{"href":"https:\/\/cenariosdeacucar.pt\/index.php?rest_route=\/wp\/v2\/product"}],"about":[{"href":"https:\/\/cenariosdeacucar.pt\/index.php?rest_route=\/wp\/v2\/types\/product"}],"replies":[{"embeddable":true,"href":"https:\/\/cenariosdeacucar.pt\/index.php?rest_route=%2Fwp%2Fv2%2Fcomments&post=16542"}],"wp:featuredmedia":[{"embeddable":true,"href":"https:\/\/cenariosdeacucar.pt\/index.php?rest_route=\/wp\/v2\/media\/16543"}],"wp:attachment":[{"href":"https:\/\/cenariosdeacucar.pt\/index.php?rest_route=%2Fwp%2Fv2%2Fmedia&parent=16542"}],"wp:term":[{"taxonomy":"product_brand","embeddable":true,"href":"https:\/\/cenariosdeacucar.pt\/index.php?rest_route=%2Fwp%2Fv2%2Fproduct_brand&post=16542"},{"taxonomy":"product_cat","embeddable":true,"href":"https:\/\/cenariosdeacucar.pt\/index.php?rest_route=%2Fwp%2Fv2%2Fproduct_cat&post=16542"},{"taxonomy":"product_tag","embeddable":true,"href":"https:\/\/cenariosdeacucar.pt\/index.php?rest_route=%2Fwp%2Fv2%2Fproduct_tag&post=16542"}],"curies":[{"name":"wp","href":"https:\/\/api.w.org\/{rel}","templated":true}]}}