{"id":16531,"date":"2023-09-24T22:12:42","date_gmt":"2023-09-24T21:12:42","guid":{"rendered":"https:\/\/cenariosdeacucar.pt\/?post_type=product&#038;p=16531"},"modified":"2025-04-22T12:02:58","modified_gmt":"2025-04-22T11:02:58","slug":"recheio-creme-pistacio","status":"publish","type":"product","link":"https:\/\/cenariosdeacucar.pt\/?product=recheio-creme-pistacio","title":{"rendered":"Recheio Creme Pist\u00e1cio"},"content":{"rendered":"<p class=\"description\">&#8211; F\u00e1cil aplica\u00e7\u00e3o; &#8211; Sabor intenso; &#8211; Textura cremosa; &#8211; Est\u00e1vel na congela\u00e7\u00e3o; &#8211; Pronto a usar; &#8211; N\u00e3o necessita de frio.<\/p>\n<p class=\"unit\">Balde 500 gr<\/p>\n","protected":false},"excerpt":{"rendered":"<p>Sabor \u00fanico e delicioso de pist\u00e1chio, para recheio de bolos, bombons, tarte, tortas, macarons e outras sobremesas.<\/p>\n<p>NOTA: Envio a partir de dia 14<\/p>\n","protected":false},"featured_media":16532,"comment_status":"closed","ping_status":"closed","template":"","meta":[],"product_brand":[],"product_cat":[142,144],"product_tag":[],"class_list":{"0":"post-16531","1":"product","2":"type-product","3":"status-publish","4":"has-post-thumbnail","6":"product_cat-comestiveis","7":"product_cat-recheios-e-coberturas","9":"first","10":"instock","11":"shipping-taxable","12":"purchasable","13":"product-type-simple"},"yoast_head":"<!-- This site is optimized with the Yoast SEO plugin v27.4 - https:\/\/yoast.com\/product\/yoast-seo-wordpress\/ -->\n<title>Recheio Creme Pist\u00e1cio - Cen\u00e1rios de A\u00e7ucar<\/title>\n<meta name=\"robots\" content=\"index, follow, max-snippet:-1, max-image-preview:large, max-video-preview:-1\" \/>\n<link rel=\"canonical\" href=\"https:\/\/cenariosdeacucar.pt\/?product=recheio-creme-pistacio\" \/>\n<meta property=\"og:locale\" content=\"pt_PT\" \/>\n<meta property=\"og:type\" content=\"article\" \/>\n<meta property=\"og:title\" content=\"Recheio Creme Pist\u00e1cio - Cen\u00e1rios de A\u00e7ucar\" \/>\n<meta property=\"og:description\" content=\"Sabor \u00fanico e delicioso de pist\u00e1chio, para recheio de bolos, bombons, tarte, tortas, macarons e outras sobremesas.  NOTA: Envio a partir de dia 14\" \/>\n<meta property=\"og:url\" content=\"https:\/\/cenariosdeacucar.pt\/?product=recheio-creme-pistacio\" \/>\n<meta property=\"og:site_name\" content=\"Cen\u00e1rios de A\u00e7ucar\" \/>\n<meta property=\"article:modified_time\" content=\"2025-04-22T11:02:58+00:00\" \/>\n<meta property=\"og:image\" content=\"https:\/\/cenariosdeacucar.pt\/novo\/wp-content\/uploads\/2023\/09\/RECCHO155.jpg\" \/>\n\t<meta property=\"og:image:width\" content=\"900\" \/>\n\t<meta property=\"og:image:height\" content=\"900\" \/>\n\t<meta property=\"og:image:type\" content=\"image\/jpeg\" \/>\n<meta name=\"twitter:card\" content=\"summary_large_image\" \/>\n<meta name=\"twitter:label1\" content=\"Tempo estimado de leitura\" \/>\n\t<meta name=\"twitter:data1\" content=\"1 minuto\" \/>\n<script type=\"application\/ld+json\" class=\"yoast-schema-graph\">{\"@context\":\"https:\\\/\\\/schema.org\",\"@graph\":[{\"@type\":\"WebPage\",\"@id\":\"https:\\\/\\\/cenariosdeacucar.pt\\\/?product=recheio-creme-pistacio\",\"url\":\"https:\\\/\\\/cenariosdeacucar.pt\\\/?product=recheio-creme-pistacio\",\"name\":\"Recheio Creme Pist\u00e1cio - Cen\u00e1rios de A\u00e7ucar\",\"isPartOf\":{\"@id\":\"https:\\\/\\\/cenariosdeacucar.pt\\\/#website\"},\"primaryImageOfPage\":{\"@id\":\"https:\\\/\\\/cenariosdeacucar.pt\\\/?product=recheio-creme-pistacio#primaryimage\"},\"image\":{\"@id\":\"https:\\\/\\\/cenariosdeacucar.pt\\\/?product=recheio-creme-pistacio#primaryimage\"},\"thumbnailUrl\":\"https:\\\/\\\/cenariosdeacucar.pt\\\/novo\\\/wp-content\\\/uploads\\\/2023\\\/09\\\/RECCHO155.jpg\",\"datePublished\":\"2023-09-24T21:12:42+00:00\",\"dateModified\":\"2025-04-22T11:02:58+00:00\",\"breadcrumb\":{\"@id\":\"https:\\\/\\\/cenariosdeacucar.pt\\\/?product=recheio-creme-pistacio#breadcrumb\"},\"inLanguage\":\"pt-PT\",\"potentialAction\":[{\"@type\":\"ReadAction\",\"target\":[\"https:\\\/\\\/cenariosdeacucar.pt\\\/?product=recheio-creme-pistacio\"]}]},{\"@type\":\"ImageObject\",\"inLanguage\":\"pt-PT\",\"@id\":\"https:\\\/\\\/cenariosdeacucar.pt\\\/?product=recheio-creme-pistacio#primaryimage\",\"url\":\"https:\\\/\\\/cenariosdeacucar.pt\\\/novo\\\/wp-content\\\/uploads\\\/2023\\\/09\\\/RECCHO155.jpg\",\"contentUrl\":\"https:\\\/\\\/cenariosdeacucar.pt\\\/novo\\\/wp-content\\\/uploads\\\/2023\\\/09\\\/RECCHO155.jpg\",\"width\":900,\"height\":900},{\"@type\":\"BreadcrumbList\",\"@id\":\"https:\\\/\\\/cenariosdeacucar.pt\\\/?product=recheio-creme-pistacio#breadcrumb\",\"itemListElement\":[{\"@type\":\"ListItem\",\"position\":1,\"name\":\"In\u00edcio\",\"item\":\"https:\\\/\\\/cenariosdeacucar.pt\\\/\"},{\"@type\":\"ListItem\",\"position\":2,\"name\":\"Produtos\",\"item\":\"https:\\\/\\\/cenariosdeacucar.pt\\\/?post_type=product\"},{\"@type\":\"ListItem\",\"position\":3,\"name\":\"Recheio Creme Pist\u00e1cio\"}]},{\"@type\":\"WebSite\",\"@id\":\"https:\\\/\\\/cenariosdeacucar.pt\\\/#website\",\"url\":\"https:\\\/\\\/cenariosdeacucar.pt\\\/\",\"name\":\"Cen\u00e1rios de A\u00e7ucar\",\"description\":\"Cake Design | Festas\",\"potentialAction\":[{\"@type\":\"SearchAction\",\"target\":{\"@type\":\"EntryPoint\",\"urlTemplate\":\"https:\\\/\\\/cenariosdeacucar.pt\\\/?s={search_term_string}\"},\"query-input\":{\"@type\":\"PropertyValueSpecification\",\"valueRequired\":true,\"valueName\":\"search_term_string\"}}],\"inLanguage\":\"pt-PT\"}]}<\/script>\n<!-- \/ Yoast SEO plugin. -->","yoast_head_json":{"title":"Recheio Creme Pist\u00e1cio - Cen\u00e1rios de A\u00e7ucar","robots":{"index":"index","follow":"follow","max-snippet":"max-snippet:-1","max-image-preview":"max-image-preview:large","max-video-preview":"max-video-preview:-1"},"canonical":"https:\/\/cenariosdeacucar.pt\/?product=recheio-creme-pistacio","og_locale":"pt_PT","og_type":"article","og_title":"Recheio Creme Pist\u00e1cio - Cen\u00e1rios de A\u00e7ucar","og_description":"Sabor \u00fanico e delicioso de pist\u00e1chio, para recheio de bolos, bombons, tarte, tortas, macarons e outras sobremesas.  NOTA: Envio a partir de dia 14","og_url":"https:\/\/cenariosdeacucar.pt\/?product=recheio-creme-pistacio","og_site_name":"Cen\u00e1rios de A\u00e7ucar","article_modified_time":"2025-04-22T11:02:58+00:00","og_image":[{"width":900,"height":900,"url":"https:\/\/cenariosdeacucar.pt\/novo\/wp-content\/uploads\/2023\/09\/RECCHO155.jpg","type":"image\/jpeg"}],"twitter_card":"summary_large_image","twitter_misc":{"Tempo estimado de leitura":"1 minuto"},"schema":{"@context":"https:\/\/schema.org","@graph":[{"@type":"WebPage","@id":"https:\/\/cenariosdeacucar.pt\/?product=recheio-creme-pistacio","url":"https:\/\/cenariosdeacucar.pt\/?product=recheio-creme-pistacio","name":"Recheio Creme Pist\u00e1cio - Cen\u00e1rios de A\u00e7ucar","isPartOf":{"@id":"https:\/\/cenariosdeacucar.pt\/#website"},"primaryImageOfPage":{"@id":"https:\/\/cenariosdeacucar.pt\/?product=recheio-creme-pistacio#primaryimage"},"image":{"@id":"https:\/\/cenariosdeacucar.pt\/?product=recheio-creme-pistacio#primaryimage"},"thumbnailUrl":"https:\/\/cenariosdeacucar.pt\/novo\/wp-content\/uploads\/2023\/09\/RECCHO155.jpg","datePublished":"2023-09-24T21:12:42+00:00","dateModified":"2025-04-22T11:02:58+00:00","breadcrumb":{"@id":"https:\/\/cenariosdeacucar.pt\/?product=recheio-creme-pistacio#breadcrumb"},"inLanguage":"pt-PT","potentialAction":[{"@type":"ReadAction","target":["https:\/\/cenariosdeacucar.pt\/?product=recheio-creme-pistacio"]}]},{"@type":"ImageObject","inLanguage":"pt-PT","@id":"https:\/\/cenariosdeacucar.pt\/?product=recheio-creme-pistacio#primaryimage","url":"https:\/\/cenariosdeacucar.pt\/novo\/wp-content\/uploads\/2023\/09\/RECCHO155.jpg","contentUrl":"https:\/\/cenariosdeacucar.pt\/novo\/wp-content\/uploads\/2023\/09\/RECCHO155.jpg","width":900,"height":900},{"@type":"BreadcrumbList","@id":"https:\/\/cenariosdeacucar.pt\/?product=recheio-creme-pistacio#breadcrumb","itemListElement":[{"@type":"ListItem","position":1,"name":"In\u00edcio","item":"https:\/\/cenariosdeacucar.pt\/"},{"@type":"ListItem","position":2,"name":"Produtos","item":"https:\/\/cenariosdeacucar.pt\/?post_type=product"},{"@type":"ListItem","position":3,"name":"Recheio Creme Pist\u00e1cio"}]},{"@type":"WebSite","@id":"https:\/\/cenariosdeacucar.pt\/#website","url":"https:\/\/cenariosdeacucar.pt\/","name":"Cen\u00e1rios de A\u00e7ucar","description":"Cake Design | Festas","potentialAction":[{"@type":"SearchAction","target":{"@type":"EntryPoint","urlTemplate":"https:\/\/cenariosdeacucar.pt\/?s={search_term_string}"},"query-input":{"@type":"PropertyValueSpecification","valueRequired":true,"valueName":"search_term_string"}}],"inLanguage":"pt-PT"}]}},"_links":{"self":[{"href":"https:\/\/cenariosdeacucar.pt\/index.php?rest_route=\/wp\/v2\/product\/16531","targetHints":{"allow":["GET"]}}],"collection":[{"href":"https:\/\/cenariosdeacucar.pt\/index.php?rest_route=\/wp\/v2\/product"}],"about":[{"href":"https:\/\/cenariosdeacucar.pt\/index.php?rest_route=\/wp\/v2\/types\/product"}],"replies":[{"embeddable":true,"href":"https:\/\/cenariosdeacucar.pt\/index.php?rest_route=%2Fwp%2Fv2%2Fcomments&post=16531"}],"wp:featuredmedia":[{"embeddable":true,"href":"https:\/\/cenariosdeacucar.pt\/index.php?rest_route=\/wp\/v2\/media\/16532"}],"wp:attachment":[{"href":"https:\/\/cenariosdeacucar.pt\/index.php?rest_route=%2Fwp%2Fv2%2Fmedia&parent=16531"}],"wp:term":[{"taxonomy":"product_brand","embeddable":true,"href":"https:\/\/cenariosdeacucar.pt\/index.php?rest_route=%2Fwp%2Fv2%2Fproduct_brand&post=16531"},{"taxonomy":"product_cat","embeddable":true,"href":"https:\/\/cenariosdeacucar.pt\/index.php?rest_route=%2Fwp%2Fv2%2Fproduct_cat&post=16531"},{"taxonomy":"product_tag","embeddable":true,"href":"https:\/\/cenariosdeacucar.pt\/index.php?rest_route=%2Fwp%2Fv2%2Fproduct_tag&post=16531"}],"curies":[{"name":"wp","href":"https:\/\/api.w.org\/{rel}","templated":true}]}}