{"id":15982,"date":"2023-03-05T12:53:20","date_gmt":"2023-03-05T11:53:20","guid":{"rendered":"https:\/\/cenariosdeacucar.pt\/?post_type=product&#038;p=15982"},"modified":"2023-03-05T12:53:21","modified_gmt":"2023-03-05T11:53:21","slug":"carimbo-marcador-acrilico-pascoa-feliz","status":"publish","type":"product","link":"https:\/\/cenariosdeacucar.pt\/?product=carimbo-marcador-acrilico-pascoa-feliz","title":{"rendered":"Carimbo Marcador Acr\u00edlico &#8220;Pascoa Feliz&#8221;"},"content":{"rendered":"","protected":false},"excerpt":{"rendered":"<p>Carimbo marcador acr\u00edlico 6cm alto relevo 1mm<\/p>\n<p>para marcar as suas bolachas, biscoitos, pasta de a\u00e7\u00facar ou outros.<\/p>\n<p>Tamb\u00e9m pode usar como topo de bolo ou cupcakes.<\/p>\n","protected":false},"featured_media":15983,"comment_status":"closed","ping_status":"closed","template":"","meta":[],"product_brand":[],"product_cat":[115,116],"product_tag":[],"class_list":{"0":"post-15982","1":"product","2":"type-product","3":"status-publish","4":"has-post-thumbnail","6":"product_cat-epocas-especiais","7":"product_cat-pascoa","9":"first","10":"instock","11":"shipping-taxable","12":"purchasable","13":"product-type-simple"},"yoast_head":"<!-- This site is optimized with the Yoast SEO plugin v27.4 - https:\/\/yoast.com\/product\/yoast-seo-wordpress\/ -->\n<title>Carimbo Marcador Acr\u00edlico &quot;Pascoa Feliz&quot; - Cen\u00e1rios de A\u00e7ucar<\/title>\n<meta name=\"robots\" content=\"index, follow, max-snippet:-1, max-image-preview:large, max-video-preview:-1\" \/>\n<link rel=\"canonical\" href=\"https:\/\/cenariosdeacucar.pt\/?product=carimbo-marcador-acrilico-pascoa-feliz\" \/>\n<meta property=\"og:locale\" content=\"pt_PT\" \/>\n<meta property=\"og:type\" content=\"article\" \/>\n<meta property=\"og:title\" content=\"Carimbo Marcador Acr\u00edlico &quot;Pascoa Feliz&quot; - Cen\u00e1rios de A\u00e7ucar\" \/>\n<meta property=\"og:description\" content=\"Carimbo marcador acr\u00edlico 6cm alto relevo 1mm  para marcar as suas bolachas, biscoitos, pasta de a\u00e7\u00facar ou outros.  Tamb\u00e9m pode usar como topo de bolo ou cupcakes.\" \/>\n<meta property=\"og:url\" content=\"https:\/\/cenariosdeacucar.pt\/?product=carimbo-marcador-acrilico-pascoa-feliz\" \/>\n<meta property=\"og:site_name\" content=\"Cen\u00e1rios de A\u00e7ucar\" \/>\n<meta property=\"article:modified_time\" content=\"2023-03-05T11:53:21+00:00\" \/>\n<meta property=\"og:image\" content=\"https:\/\/cenariosdeacucar.pt\/novo\/wp-content\/uploads\/2023\/03\/carimbo-marcador.jpg\" \/>\n\t<meta property=\"og:image:width\" content=\"800\" \/>\n\t<meta property=\"og:image:height\" content=\"800\" \/>\n\t<meta property=\"og:image:type\" content=\"image\/jpeg\" \/>\n<meta name=\"twitter:card\" content=\"summary_large_image\" \/>\n<script type=\"application\/ld+json\" class=\"yoast-schema-graph\">{\"@context\":\"https:\\\/\\\/schema.org\",\"@graph\":[{\"@type\":\"WebPage\",\"@id\":\"https:\\\/\\\/cenariosdeacucar.pt\\\/?product=carimbo-marcador-acrilico-pascoa-feliz\",\"url\":\"https:\\\/\\\/cenariosdeacucar.pt\\\/?product=carimbo-marcador-acrilico-pascoa-feliz\",\"name\":\"Carimbo Marcador Acr\u00edlico \\\"Pascoa Feliz\\\" - Cen\u00e1rios de A\u00e7ucar\",\"isPartOf\":{\"@id\":\"https:\\\/\\\/cenariosdeacucar.pt\\\/#website\"},\"primaryImageOfPage\":{\"@id\":\"https:\\\/\\\/cenariosdeacucar.pt\\\/?product=carimbo-marcador-acrilico-pascoa-feliz#primaryimage\"},\"image\":{\"@id\":\"https:\\\/\\\/cenariosdeacucar.pt\\\/?product=carimbo-marcador-acrilico-pascoa-feliz#primaryimage\"},\"thumbnailUrl\":\"https:\\\/\\\/cenariosdeacucar.pt\\\/novo\\\/wp-content\\\/uploads\\\/2023\\\/03\\\/carimbo-marcador.jpg\",\"datePublished\":\"2023-03-05T11:53:20+00:00\",\"dateModified\":\"2023-03-05T11:53:21+00:00\",\"breadcrumb\":{\"@id\":\"https:\\\/\\\/cenariosdeacucar.pt\\\/?product=carimbo-marcador-acrilico-pascoa-feliz#breadcrumb\"},\"inLanguage\":\"pt-PT\",\"potentialAction\":[{\"@type\":\"ReadAction\",\"target\":[\"https:\\\/\\\/cenariosdeacucar.pt\\\/?product=carimbo-marcador-acrilico-pascoa-feliz\"]}]},{\"@type\":\"ImageObject\",\"inLanguage\":\"pt-PT\",\"@id\":\"https:\\\/\\\/cenariosdeacucar.pt\\\/?product=carimbo-marcador-acrilico-pascoa-feliz#primaryimage\",\"url\":\"https:\\\/\\\/cenariosdeacucar.pt\\\/novo\\\/wp-content\\\/uploads\\\/2023\\\/03\\\/carimbo-marcador.jpg\",\"contentUrl\":\"https:\\\/\\\/cenariosdeacucar.pt\\\/novo\\\/wp-content\\\/uploads\\\/2023\\\/03\\\/carimbo-marcador.jpg\",\"width\":800,\"height\":800},{\"@type\":\"BreadcrumbList\",\"@id\":\"https:\\\/\\\/cenariosdeacucar.pt\\\/?product=carimbo-marcador-acrilico-pascoa-feliz#breadcrumb\",\"itemListElement\":[{\"@type\":\"ListItem\",\"position\":1,\"name\":\"In\u00edcio\",\"item\":\"https:\\\/\\\/cenariosdeacucar.pt\\\/\"},{\"@type\":\"ListItem\",\"position\":2,\"name\":\"Produtos\",\"item\":\"https:\\\/\\\/cenariosdeacucar.pt\\\/?post_type=product\"},{\"@type\":\"ListItem\",\"position\":3,\"name\":\"Carimbo Marcador Acr\u00edlico &#8220;Pascoa Feliz&#8221;\"}]},{\"@type\":\"WebSite\",\"@id\":\"https:\\\/\\\/cenariosdeacucar.pt\\\/#website\",\"url\":\"https:\\\/\\\/cenariosdeacucar.pt\\\/\",\"name\":\"Cen\u00e1rios de A\u00e7ucar\",\"description\":\"Cake Design | Festas\",\"potentialAction\":[{\"@type\":\"SearchAction\",\"target\":{\"@type\":\"EntryPoint\",\"urlTemplate\":\"https:\\\/\\\/cenariosdeacucar.pt\\\/?s={search_term_string}\"},\"query-input\":{\"@type\":\"PropertyValueSpecification\",\"valueRequired\":true,\"valueName\":\"search_term_string\"}}],\"inLanguage\":\"pt-PT\"}]}<\/script>\n<!-- \/ Yoast SEO plugin. -->","yoast_head_json":{"title":"Carimbo Marcador Acr\u00edlico \"Pascoa Feliz\" - Cen\u00e1rios de A\u00e7ucar","robots":{"index":"index","follow":"follow","max-snippet":"max-snippet:-1","max-image-preview":"max-image-preview:large","max-video-preview":"max-video-preview:-1"},"canonical":"https:\/\/cenariosdeacucar.pt\/?product=carimbo-marcador-acrilico-pascoa-feliz","og_locale":"pt_PT","og_type":"article","og_title":"Carimbo Marcador Acr\u00edlico \"Pascoa Feliz\" - Cen\u00e1rios de A\u00e7ucar","og_description":"Carimbo marcador acr\u00edlico 6cm alto relevo 1mm  para marcar as suas bolachas, biscoitos, pasta de a\u00e7\u00facar ou outros.  Tamb\u00e9m pode usar como topo de bolo ou cupcakes.","og_url":"https:\/\/cenariosdeacucar.pt\/?product=carimbo-marcador-acrilico-pascoa-feliz","og_site_name":"Cen\u00e1rios de A\u00e7ucar","article_modified_time":"2023-03-05T11:53:21+00:00","og_image":[{"width":800,"height":800,"url":"https:\/\/cenariosdeacucar.pt\/novo\/wp-content\/uploads\/2023\/03\/carimbo-marcador.jpg","type":"image\/jpeg"}],"twitter_card":"summary_large_image","schema":{"@context":"https:\/\/schema.org","@graph":[{"@type":"WebPage","@id":"https:\/\/cenariosdeacucar.pt\/?product=carimbo-marcador-acrilico-pascoa-feliz","url":"https:\/\/cenariosdeacucar.pt\/?product=carimbo-marcador-acrilico-pascoa-feliz","name":"Carimbo Marcador Acr\u00edlico \"Pascoa Feliz\" - Cen\u00e1rios de A\u00e7ucar","isPartOf":{"@id":"https:\/\/cenariosdeacucar.pt\/#website"},"primaryImageOfPage":{"@id":"https:\/\/cenariosdeacucar.pt\/?product=carimbo-marcador-acrilico-pascoa-feliz#primaryimage"},"image":{"@id":"https:\/\/cenariosdeacucar.pt\/?product=carimbo-marcador-acrilico-pascoa-feliz#primaryimage"},"thumbnailUrl":"https:\/\/cenariosdeacucar.pt\/novo\/wp-content\/uploads\/2023\/03\/carimbo-marcador.jpg","datePublished":"2023-03-05T11:53:20+00:00","dateModified":"2023-03-05T11:53:21+00:00","breadcrumb":{"@id":"https:\/\/cenariosdeacucar.pt\/?product=carimbo-marcador-acrilico-pascoa-feliz#breadcrumb"},"inLanguage":"pt-PT","potentialAction":[{"@type":"ReadAction","target":["https:\/\/cenariosdeacucar.pt\/?product=carimbo-marcador-acrilico-pascoa-feliz"]}]},{"@type":"ImageObject","inLanguage":"pt-PT","@id":"https:\/\/cenariosdeacucar.pt\/?product=carimbo-marcador-acrilico-pascoa-feliz#primaryimage","url":"https:\/\/cenariosdeacucar.pt\/novo\/wp-content\/uploads\/2023\/03\/carimbo-marcador.jpg","contentUrl":"https:\/\/cenariosdeacucar.pt\/novo\/wp-content\/uploads\/2023\/03\/carimbo-marcador.jpg","width":800,"height":800},{"@type":"BreadcrumbList","@id":"https:\/\/cenariosdeacucar.pt\/?product=carimbo-marcador-acrilico-pascoa-feliz#breadcrumb","itemListElement":[{"@type":"ListItem","position":1,"name":"In\u00edcio","item":"https:\/\/cenariosdeacucar.pt\/"},{"@type":"ListItem","position":2,"name":"Produtos","item":"https:\/\/cenariosdeacucar.pt\/?post_type=product"},{"@type":"ListItem","position":3,"name":"Carimbo Marcador Acr\u00edlico &#8220;Pascoa Feliz&#8221;"}]},{"@type":"WebSite","@id":"https:\/\/cenariosdeacucar.pt\/#website","url":"https:\/\/cenariosdeacucar.pt\/","name":"Cen\u00e1rios de A\u00e7ucar","description":"Cake Design | Festas","potentialAction":[{"@type":"SearchAction","target":{"@type":"EntryPoint","urlTemplate":"https:\/\/cenariosdeacucar.pt\/?s={search_term_string}"},"query-input":{"@type":"PropertyValueSpecification","valueRequired":true,"valueName":"search_term_string"}}],"inLanguage":"pt-PT"}]}},"_links":{"self":[{"href":"https:\/\/cenariosdeacucar.pt\/index.php?rest_route=\/wp\/v2\/product\/15982","targetHints":{"allow":["GET"]}}],"collection":[{"href":"https:\/\/cenariosdeacucar.pt\/index.php?rest_route=\/wp\/v2\/product"}],"about":[{"href":"https:\/\/cenariosdeacucar.pt\/index.php?rest_route=\/wp\/v2\/types\/product"}],"replies":[{"embeddable":true,"href":"https:\/\/cenariosdeacucar.pt\/index.php?rest_route=%2Fwp%2Fv2%2Fcomments&post=15982"}],"wp:featuredmedia":[{"embeddable":true,"href":"https:\/\/cenariosdeacucar.pt\/index.php?rest_route=\/wp\/v2\/media\/15983"}],"wp:attachment":[{"href":"https:\/\/cenariosdeacucar.pt\/index.php?rest_route=%2Fwp%2Fv2%2Fmedia&parent=15982"}],"wp:term":[{"taxonomy":"product_brand","embeddable":true,"href":"https:\/\/cenariosdeacucar.pt\/index.php?rest_route=%2Fwp%2Fv2%2Fproduct_brand&post=15982"},{"taxonomy":"product_cat","embeddable":true,"href":"https:\/\/cenariosdeacucar.pt\/index.php?rest_route=%2Fwp%2Fv2%2Fproduct_cat&post=15982"},{"taxonomy":"product_tag","embeddable":true,"href":"https:\/\/cenariosdeacucar.pt\/index.php?rest_route=%2Fwp%2Fv2%2Fproduct_tag&post=15982"}],"curies":[{"name":"wp","href":"https:\/\/api.w.org\/{rel}","templated":true}]}}