{"id":15894,"date":"2023-01-17T16:36:21","date_gmt":"2023-01-17T15:36:21","guid":{"rendered":"https:\/\/cenariosdeacucar.pt\/?post_type=product&#038;p=15894"},"modified":"2024-01-30T17:04:49","modified_gmt":"2024-01-30T16:04:49","slug":"balao-festa-display-foil-spidey-33-x-40-cm","status":"publish","type":"product","link":"https:\/\/cenariosdeacucar.pt\/?product=balao-festa-display-foil-spidey-33-x-40-cm","title":{"rendered":"Bal\u00e3o Festa Display Foil Spidey 33 x 40 cm"},"content":{"rendered":"<p>Bal\u00e3o foil, multi shape, com a forma do Spidey da Marvel. Ideal para decorar a tua festa de anivers\u00e1rio com o mesmo tema.<\/p>\n<p>O bal\u00e3o fica em p\u00e9.<\/p>\n<div><\/div>\n<div><\/div>\n","protected":false},"excerpt":{"rendered":"<p>Para encher com ar, inclu\u00ed palhinha.<\/p>\n<div>\n<p>Uma excelente alternativa ao g\u00e1s h\u00e9lio.<\/p>\n<\/div>\n<div>Medidas: 33x40cm<\/div>\n","protected":false},"featured_media":15895,"comment_status":"closed","ping_status":"closed","template":"","meta":[],"product_brand":[],"product_cat":[107,112,185,202],"product_tag":[],"class_list":{"0":"post-15894","1":"product","2":"type-product","3":"status-publish","4":"has-post-thumbnail","6":"product_cat-baloes","7":"product_cat-baloes-foil","8":"product_cat-festas-tematicas","9":"product_cat-homem-aranha-pideys","11":"first","12":"outofstock","13":"shipping-taxable","14":"purchasable","15":"product-type-simple"},"yoast_head":"<!-- This site is optimized with the Yoast SEO plugin v27.4 - https:\/\/yoast.com\/product\/yoast-seo-wordpress\/ -->\n<title>Bal\u00e3o Festa Display Foil Spidey 33 x 40 cm - Cen\u00e1rios de A\u00e7ucar<\/title>\n<meta name=\"robots\" content=\"index, follow, max-snippet:-1, max-image-preview:large, max-video-preview:-1\" \/>\n<link rel=\"canonical\" href=\"https:\/\/cenariosdeacucar.pt\/?product=balao-festa-display-foil-spidey-33-x-40-cm\" \/>\n<meta property=\"og:locale\" content=\"pt_PT\" \/>\n<meta property=\"og:type\" content=\"article\" \/>\n<meta property=\"og:title\" content=\"Bal\u00e3o Festa Display Foil Spidey 33 x 40 cm - Cen\u00e1rios de A\u00e7ucar\" \/>\n<meta property=\"og:description\" content=\"Para encher com ar, inclu\u00ed palhinha.   Uma excelente alternativa ao g\u00e1s h\u00e9lio.   Medidas: 33x40cm\" \/>\n<meta property=\"og:url\" content=\"https:\/\/cenariosdeacucar.pt\/?product=balao-festa-display-foil-spidey-33-x-40-cm\" \/>\n<meta property=\"og:site_name\" content=\"Cen\u00e1rios de A\u00e7ucar\" \/>\n<meta property=\"article:modified_time\" content=\"2024-01-30T16:04:49+00:00\" \/>\n<meta property=\"og:image\" content=\"https:\/\/cenariosdeacucar.pt\/novo\/wp-content\/uploads\/2023\/01\/balao-foil-multishape-spidey-and-his-amazing-friends-40cm.jpg\" \/>\n\t<meta property=\"og:image:width\" content=\"464\" \/>\n\t<meta property=\"og:image:height\" content=\"464\" \/>\n\t<meta property=\"og:image:type\" content=\"image\/jpeg\" \/>\n<meta name=\"twitter:card\" content=\"summary_large_image\" \/>\n<meta name=\"twitter:label1\" content=\"Tempo estimado de leitura\" \/>\n\t<meta name=\"twitter:data1\" content=\"1 minuto\" \/>\n<script type=\"application\/ld+json\" class=\"yoast-schema-graph\">{\"@context\":\"https:\\\/\\\/schema.org\",\"@graph\":[{\"@type\":\"WebPage\",\"@id\":\"https:\\\/\\\/cenariosdeacucar.pt\\\/?product=balao-festa-display-foil-spidey-33-x-40-cm\",\"url\":\"https:\\\/\\\/cenariosdeacucar.pt\\\/?product=balao-festa-display-foil-spidey-33-x-40-cm\",\"name\":\"Bal\u00e3o Festa Display Foil Spidey 33 x 40 cm - Cen\u00e1rios de A\u00e7ucar\",\"isPartOf\":{\"@id\":\"https:\\\/\\\/cenariosdeacucar.pt\\\/#website\"},\"primaryImageOfPage\":{\"@id\":\"https:\\\/\\\/cenariosdeacucar.pt\\\/?product=balao-festa-display-foil-spidey-33-x-40-cm#primaryimage\"},\"image\":{\"@id\":\"https:\\\/\\\/cenariosdeacucar.pt\\\/?product=balao-festa-display-foil-spidey-33-x-40-cm#primaryimage\"},\"thumbnailUrl\":\"https:\\\/\\\/cenariosdeacucar.pt\\\/novo\\\/wp-content\\\/uploads\\\/2023\\\/01\\\/balao-foil-multishape-spidey-and-his-amazing-friends-40cm.jpg\",\"datePublished\":\"2023-01-17T15:36:21+00:00\",\"dateModified\":\"2024-01-30T16:04:49+00:00\",\"breadcrumb\":{\"@id\":\"https:\\\/\\\/cenariosdeacucar.pt\\\/?product=balao-festa-display-foil-spidey-33-x-40-cm#breadcrumb\"},\"inLanguage\":\"pt-PT\",\"potentialAction\":[{\"@type\":\"ReadAction\",\"target\":[\"https:\\\/\\\/cenariosdeacucar.pt\\\/?product=balao-festa-display-foil-spidey-33-x-40-cm\"]}]},{\"@type\":\"ImageObject\",\"inLanguage\":\"pt-PT\",\"@id\":\"https:\\\/\\\/cenariosdeacucar.pt\\\/?product=balao-festa-display-foil-spidey-33-x-40-cm#primaryimage\",\"url\":\"https:\\\/\\\/cenariosdeacucar.pt\\\/novo\\\/wp-content\\\/uploads\\\/2023\\\/01\\\/balao-foil-multishape-spidey-and-his-amazing-friends-40cm.jpg\",\"contentUrl\":\"https:\\\/\\\/cenariosdeacucar.pt\\\/novo\\\/wp-content\\\/uploads\\\/2023\\\/01\\\/balao-foil-multishape-spidey-and-his-amazing-friends-40cm.jpg\",\"width\":464,\"height\":464},{\"@type\":\"BreadcrumbList\",\"@id\":\"https:\\\/\\\/cenariosdeacucar.pt\\\/?product=balao-festa-display-foil-spidey-33-x-40-cm#breadcrumb\",\"itemListElement\":[{\"@type\":\"ListItem\",\"position\":1,\"name\":\"In\u00edcio\",\"item\":\"https:\\\/\\\/cenariosdeacucar.pt\\\/\"},{\"@type\":\"ListItem\",\"position\":2,\"name\":\"Produtos\",\"item\":\"https:\\\/\\\/cenariosdeacucar.pt\\\/?post_type=product\"},{\"@type\":\"ListItem\",\"position\":3,\"name\":\"Bal\u00e3o Festa Display Foil Spidey 33 x 40 cm\"}]},{\"@type\":\"WebSite\",\"@id\":\"https:\\\/\\\/cenariosdeacucar.pt\\\/#website\",\"url\":\"https:\\\/\\\/cenariosdeacucar.pt\\\/\",\"name\":\"Cen\u00e1rios de A\u00e7ucar\",\"description\":\"Cake Design | Festas\",\"potentialAction\":[{\"@type\":\"SearchAction\",\"target\":{\"@type\":\"EntryPoint\",\"urlTemplate\":\"https:\\\/\\\/cenariosdeacucar.pt\\\/?s={search_term_string}\"},\"query-input\":{\"@type\":\"PropertyValueSpecification\",\"valueRequired\":true,\"valueName\":\"search_term_string\"}}],\"inLanguage\":\"pt-PT\"}]}<\/script>\n<!-- \/ Yoast SEO plugin. -->","yoast_head_json":{"title":"Bal\u00e3o Festa Display Foil Spidey 33 x 40 cm - Cen\u00e1rios de A\u00e7ucar","robots":{"index":"index","follow":"follow","max-snippet":"max-snippet:-1","max-image-preview":"max-image-preview:large","max-video-preview":"max-video-preview:-1"},"canonical":"https:\/\/cenariosdeacucar.pt\/?product=balao-festa-display-foil-spidey-33-x-40-cm","og_locale":"pt_PT","og_type":"article","og_title":"Bal\u00e3o Festa Display Foil Spidey 33 x 40 cm - Cen\u00e1rios de A\u00e7ucar","og_description":"Para encher com ar, inclu\u00ed palhinha.   Uma excelente alternativa ao g\u00e1s h\u00e9lio.   Medidas: 33x40cm","og_url":"https:\/\/cenariosdeacucar.pt\/?product=balao-festa-display-foil-spidey-33-x-40-cm","og_site_name":"Cen\u00e1rios de A\u00e7ucar","article_modified_time":"2024-01-30T16:04:49+00:00","og_image":[{"width":464,"height":464,"url":"https:\/\/cenariosdeacucar.pt\/novo\/wp-content\/uploads\/2023\/01\/balao-foil-multishape-spidey-and-his-amazing-friends-40cm.jpg","type":"image\/jpeg"}],"twitter_card":"summary_large_image","twitter_misc":{"Tempo estimado de leitura":"1 minuto"},"schema":{"@context":"https:\/\/schema.org","@graph":[{"@type":"WebPage","@id":"https:\/\/cenariosdeacucar.pt\/?product=balao-festa-display-foil-spidey-33-x-40-cm","url":"https:\/\/cenariosdeacucar.pt\/?product=balao-festa-display-foil-spidey-33-x-40-cm","name":"Bal\u00e3o Festa Display Foil Spidey 33 x 40 cm - Cen\u00e1rios de A\u00e7ucar","isPartOf":{"@id":"https:\/\/cenariosdeacucar.pt\/#website"},"primaryImageOfPage":{"@id":"https:\/\/cenariosdeacucar.pt\/?product=balao-festa-display-foil-spidey-33-x-40-cm#primaryimage"},"image":{"@id":"https:\/\/cenariosdeacucar.pt\/?product=balao-festa-display-foil-spidey-33-x-40-cm#primaryimage"},"thumbnailUrl":"https:\/\/cenariosdeacucar.pt\/novo\/wp-content\/uploads\/2023\/01\/balao-foil-multishape-spidey-and-his-amazing-friends-40cm.jpg","datePublished":"2023-01-17T15:36:21+00:00","dateModified":"2024-01-30T16:04:49+00:00","breadcrumb":{"@id":"https:\/\/cenariosdeacucar.pt\/?product=balao-festa-display-foil-spidey-33-x-40-cm#breadcrumb"},"inLanguage":"pt-PT","potentialAction":[{"@type":"ReadAction","target":["https:\/\/cenariosdeacucar.pt\/?product=balao-festa-display-foil-spidey-33-x-40-cm"]}]},{"@type":"ImageObject","inLanguage":"pt-PT","@id":"https:\/\/cenariosdeacucar.pt\/?product=balao-festa-display-foil-spidey-33-x-40-cm#primaryimage","url":"https:\/\/cenariosdeacucar.pt\/novo\/wp-content\/uploads\/2023\/01\/balao-foil-multishape-spidey-and-his-amazing-friends-40cm.jpg","contentUrl":"https:\/\/cenariosdeacucar.pt\/novo\/wp-content\/uploads\/2023\/01\/balao-foil-multishape-spidey-and-his-amazing-friends-40cm.jpg","width":464,"height":464},{"@type":"BreadcrumbList","@id":"https:\/\/cenariosdeacucar.pt\/?product=balao-festa-display-foil-spidey-33-x-40-cm#breadcrumb","itemListElement":[{"@type":"ListItem","position":1,"name":"In\u00edcio","item":"https:\/\/cenariosdeacucar.pt\/"},{"@type":"ListItem","position":2,"name":"Produtos","item":"https:\/\/cenariosdeacucar.pt\/?post_type=product"},{"@type":"ListItem","position":3,"name":"Bal\u00e3o Festa Display Foil Spidey 33 x 40 cm"}]},{"@type":"WebSite","@id":"https:\/\/cenariosdeacucar.pt\/#website","url":"https:\/\/cenariosdeacucar.pt\/","name":"Cen\u00e1rios de A\u00e7ucar","description":"Cake Design | Festas","potentialAction":[{"@type":"SearchAction","target":{"@type":"EntryPoint","urlTemplate":"https:\/\/cenariosdeacucar.pt\/?s={search_term_string}"},"query-input":{"@type":"PropertyValueSpecification","valueRequired":true,"valueName":"search_term_string"}}],"inLanguage":"pt-PT"}]}},"_links":{"self":[{"href":"https:\/\/cenariosdeacucar.pt\/index.php?rest_route=\/wp\/v2\/product\/15894","targetHints":{"allow":["GET"]}}],"collection":[{"href":"https:\/\/cenariosdeacucar.pt\/index.php?rest_route=\/wp\/v2\/product"}],"about":[{"href":"https:\/\/cenariosdeacucar.pt\/index.php?rest_route=\/wp\/v2\/types\/product"}],"replies":[{"embeddable":true,"href":"https:\/\/cenariosdeacucar.pt\/index.php?rest_route=%2Fwp%2Fv2%2Fcomments&post=15894"}],"wp:featuredmedia":[{"embeddable":true,"href":"https:\/\/cenariosdeacucar.pt\/index.php?rest_route=\/wp\/v2\/media\/15895"}],"wp:attachment":[{"href":"https:\/\/cenariosdeacucar.pt\/index.php?rest_route=%2Fwp%2Fv2%2Fmedia&parent=15894"}],"wp:term":[{"taxonomy":"product_brand","embeddable":true,"href":"https:\/\/cenariosdeacucar.pt\/index.php?rest_route=%2Fwp%2Fv2%2Fproduct_brand&post=15894"},{"taxonomy":"product_cat","embeddable":true,"href":"https:\/\/cenariosdeacucar.pt\/index.php?rest_route=%2Fwp%2Fv2%2Fproduct_cat&post=15894"},{"taxonomy":"product_tag","embeddable":true,"href":"https:\/\/cenariosdeacucar.pt\/index.php?rest_route=%2Fwp%2Fv2%2Fproduct_tag&post=15894"}],"curies":[{"name":"wp","href":"https:\/\/api.w.org\/{rel}","templated":true}]}}