{"id":15428,"date":"2022-03-24T13:31:14","date_gmt":"2022-03-24T12:31:14","guid":{"rendered":"https:\/\/cenariosdeacucar.pt\/?post_type=product&#038;p=15428"},"modified":"2025-03-15T13:44:53","modified_gmt":"2025-03-15T12:44:53","slug":"forma-de-chocolate-especial-3-partes-esfera-de-60mm-lapidada","status":"publish","type":"product","link":"https:\/\/cenariosdeacucar.pt\/?product=forma-de-chocolate-especial-3-partes-esfera-de-60mm-lapidada","title":{"rendered":"Forma de Chocolate Especial 3 Partes -Esfera de 60mm Lapidada"},"content":{"rendered":"<p><strong>Indica\u00e7\u00e3o de Uso:<\/strong><\/p>\n<p>Forma Especial, ideal para produ\u00e7\u00e3o de chocolates com muita praticidade e profissionalismo.<\/p>\n<p><strong>Caracter\u00edsticas:<\/strong><\/p>\n<p>Com o sistema de L\u00e2minas de silicone, n\u00e3o \u00e9 necess\u00e1rio fazer diversas camadas de chocolate.<\/p>\n<p>Cavidades: 4<\/p>\n<p><strong>Dimens\u00f5es (mm):<\/strong><\/p>\n<p><span lang=\"EN-US\">Di\u00e2m.: 60 x\u00a0Alt.: 30<\/span><\/p>\n<p>Peso Casquinha: 18g<\/p>\n<p>Peso M\u00e9dio: 150g<\/p>\n","protected":false},"excerpt":{"rendered":"<p class=\"product-single__title\">Forma de Chocolate Especial 3 Partes -Esfera de 60mm Lapidada-BWB10265<\/p>\n","protected":false},"featured_media":15430,"comment_status":"closed","ping_status":"closed","template":"","meta":[],"product_brand":[],"product_cat":[158,247,246,115,162,117],"product_tag":[],"class_list":{"0":"post-15428","1":"product","2":"type-product","3":"status-publish","4":"has-post-thumbnail","6":"product_cat-cakedesign","7":"product_cat-dia-da-mae","8":"product_cat-dia-dos-namorados","9":"product_cat-epocas-especiais","10":"product_cat-moldes","11":"product_cat-natal","13":"first","14":"instock","15":"shipping-taxable","16":"purchasable","17":"product-type-simple"},"yoast_head":"<!-- This site is optimized with the Yoast SEO plugin v27.4 - https:\/\/yoast.com\/product\/yoast-seo-wordpress\/ -->\n<title>Forma de Chocolate Especial 3 Partes -Esfera de 60mm Lapidada - Cen\u00e1rios de A\u00e7ucar<\/title>\n<meta name=\"robots\" content=\"index, follow, max-snippet:-1, max-image-preview:large, max-video-preview:-1\" \/>\n<link rel=\"canonical\" href=\"https:\/\/cenariosdeacucar.pt\/?product=forma-de-chocolate-especial-3-partes-esfera-de-60mm-lapidada\" \/>\n<meta property=\"og:locale\" content=\"pt_PT\" \/>\n<meta property=\"og:type\" content=\"article\" \/>\n<meta property=\"og:title\" content=\"Forma de Chocolate Especial 3 Partes -Esfera de 60mm Lapidada - Cen\u00e1rios de A\u00e7ucar\" \/>\n<meta property=\"og:description\" content=\"Forma de Chocolate Especial 3 Partes -Esfera de 60mm Lapidada-BWB10265\" \/>\n<meta property=\"og:url\" content=\"https:\/\/cenariosdeacucar.pt\/?product=forma-de-chocolate-especial-3-partes-esfera-de-60mm-lapidada\" \/>\n<meta property=\"og:site_name\" content=\"Cen\u00e1rios de A\u00e7ucar\" \/>\n<meta property=\"article:modified_time\" content=\"2025-03-15T12:44:53+00:00\" \/>\n<meta property=\"og:image\" content=\"https:\/\/cenariosdeacucar.pt\/novo\/wp-content\/uploads\/2022\/03\/10265_1_1024x1024@2x.webp\" \/>\n\t<meta property=\"og:image:width\" content=\"1000\" \/>\n\t<meta property=\"og:image:height\" content=\"1000\" \/>\n\t<meta property=\"og:image:type\" content=\"image\/webp\" \/>\n<meta name=\"twitter:card\" content=\"summary_large_image\" \/>\n<meta name=\"twitter:label1\" content=\"Tempo estimado de leitura\" \/>\n\t<meta name=\"twitter:data1\" content=\"1 minuto\" \/>\n<script type=\"application\/ld+json\" class=\"yoast-schema-graph\">{\"@context\":\"https:\\\/\\\/schema.org\",\"@graph\":[{\"@type\":\"WebPage\",\"@id\":\"https:\\\/\\\/cenariosdeacucar.pt\\\/?product=forma-de-chocolate-especial-3-partes-esfera-de-60mm-lapidada\",\"url\":\"https:\\\/\\\/cenariosdeacucar.pt\\\/?product=forma-de-chocolate-especial-3-partes-esfera-de-60mm-lapidada\",\"name\":\"Forma de Chocolate Especial 3 Partes -Esfera de 60mm Lapidada - Cen\u00e1rios de A\u00e7ucar\",\"isPartOf\":{\"@id\":\"https:\\\/\\\/cenariosdeacucar.pt\\\/#website\"},\"primaryImageOfPage\":{\"@id\":\"https:\\\/\\\/cenariosdeacucar.pt\\\/?product=forma-de-chocolate-especial-3-partes-esfera-de-60mm-lapidada#primaryimage\"},\"image\":{\"@id\":\"https:\\\/\\\/cenariosdeacucar.pt\\\/?product=forma-de-chocolate-especial-3-partes-esfera-de-60mm-lapidada#primaryimage\"},\"thumbnailUrl\":\"https:\\\/\\\/cenariosdeacucar.pt\\\/novo\\\/wp-content\\\/uploads\\\/2022\\\/03\\\/10265_1_1024x1024@2x.webp\",\"datePublished\":\"2022-03-24T12:31:14+00:00\",\"dateModified\":\"2025-03-15T12:44:53+00:00\",\"breadcrumb\":{\"@id\":\"https:\\\/\\\/cenariosdeacucar.pt\\\/?product=forma-de-chocolate-especial-3-partes-esfera-de-60mm-lapidada#breadcrumb\"},\"inLanguage\":\"pt-PT\",\"potentialAction\":[{\"@type\":\"ReadAction\",\"target\":[\"https:\\\/\\\/cenariosdeacucar.pt\\\/?product=forma-de-chocolate-especial-3-partes-esfera-de-60mm-lapidada\"]}]},{\"@type\":\"ImageObject\",\"inLanguage\":\"pt-PT\",\"@id\":\"https:\\\/\\\/cenariosdeacucar.pt\\\/?product=forma-de-chocolate-especial-3-partes-esfera-de-60mm-lapidada#primaryimage\",\"url\":\"https:\\\/\\\/cenariosdeacucar.pt\\\/novo\\\/wp-content\\\/uploads\\\/2022\\\/03\\\/10265_1_1024x1024@2x.webp\",\"contentUrl\":\"https:\\\/\\\/cenariosdeacucar.pt\\\/novo\\\/wp-content\\\/uploads\\\/2022\\\/03\\\/10265_1_1024x1024@2x.webp\",\"width\":1000,\"height\":1000},{\"@type\":\"BreadcrumbList\",\"@id\":\"https:\\\/\\\/cenariosdeacucar.pt\\\/?product=forma-de-chocolate-especial-3-partes-esfera-de-60mm-lapidada#breadcrumb\",\"itemListElement\":[{\"@type\":\"ListItem\",\"position\":1,\"name\":\"In\u00edcio\",\"item\":\"https:\\\/\\\/cenariosdeacucar.pt\\\/\"},{\"@type\":\"ListItem\",\"position\":2,\"name\":\"Produtos\",\"item\":\"https:\\\/\\\/cenariosdeacucar.pt\\\/?post_type=product\"},{\"@type\":\"ListItem\",\"position\":3,\"name\":\"Forma de Chocolate Especial 3 Partes -Esfera de 60mm Lapidada\"}]},{\"@type\":\"WebSite\",\"@id\":\"https:\\\/\\\/cenariosdeacucar.pt\\\/#website\",\"url\":\"https:\\\/\\\/cenariosdeacucar.pt\\\/\",\"name\":\"Cen\u00e1rios de A\u00e7ucar\",\"description\":\"Cake Design | Festas\",\"potentialAction\":[{\"@type\":\"SearchAction\",\"target\":{\"@type\":\"EntryPoint\",\"urlTemplate\":\"https:\\\/\\\/cenariosdeacucar.pt\\\/?s={search_term_string}\"},\"query-input\":{\"@type\":\"PropertyValueSpecification\",\"valueRequired\":true,\"valueName\":\"search_term_string\"}}],\"inLanguage\":\"pt-PT\"}]}<\/script>\n<!-- \/ Yoast SEO plugin. -->","yoast_head_json":{"title":"Forma de Chocolate Especial 3 Partes -Esfera de 60mm Lapidada - Cen\u00e1rios de A\u00e7ucar","robots":{"index":"index","follow":"follow","max-snippet":"max-snippet:-1","max-image-preview":"max-image-preview:large","max-video-preview":"max-video-preview:-1"},"canonical":"https:\/\/cenariosdeacucar.pt\/?product=forma-de-chocolate-especial-3-partes-esfera-de-60mm-lapidada","og_locale":"pt_PT","og_type":"article","og_title":"Forma de Chocolate Especial 3 Partes -Esfera de 60mm Lapidada - Cen\u00e1rios de A\u00e7ucar","og_description":"Forma de Chocolate Especial 3 Partes -Esfera de 60mm Lapidada-BWB10265","og_url":"https:\/\/cenariosdeacucar.pt\/?product=forma-de-chocolate-especial-3-partes-esfera-de-60mm-lapidada","og_site_name":"Cen\u00e1rios de A\u00e7ucar","article_modified_time":"2025-03-15T12:44:53+00:00","og_image":[{"width":1000,"height":1000,"url":"https:\/\/cenariosdeacucar.pt\/novo\/wp-content\/uploads\/2022\/03\/10265_1_1024x1024@2x.webp","type":"image\/webp"}],"twitter_card":"summary_large_image","twitter_misc":{"Tempo estimado de leitura":"1 minuto"},"schema":{"@context":"https:\/\/schema.org","@graph":[{"@type":"WebPage","@id":"https:\/\/cenariosdeacucar.pt\/?product=forma-de-chocolate-especial-3-partes-esfera-de-60mm-lapidada","url":"https:\/\/cenariosdeacucar.pt\/?product=forma-de-chocolate-especial-3-partes-esfera-de-60mm-lapidada","name":"Forma de Chocolate Especial 3 Partes -Esfera de 60mm Lapidada - Cen\u00e1rios de A\u00e7ucar","isPartOf":{"@id":"https:\/\/cenariosdeacucar.pt\/#website"},"primaryImageOfPage":{"@id":"https:\/\/cenariosdeacucar.pt\/?product=forma-de-chocolate-especial-3-partes-esfera-de-60mm-lapidada#primaryimage"},"image":{"@id":"https:\/\/cenariosdeacucar.pt\/?product=forma-de-chocolate-especial-3-partes-esfera-de-60mm-lapidada#primaryimage"},"thumbnailUrl":"https:\/\/cenariosdeacucar.pt\/novo\/wp-content\/uploads\/2022\/03\/10265_1_1024x1024@2x.webp","datePublished":"2022-03-24T12:31:14+00:00","dateModified":"2025-03-15T12:44:53+00:00","breadcrumb":{"@id":"https:\/\/cenariosdeacucar.pt\/?product=forma-de-chocolate-especial-3-partes-esfera-de-60mm-lapidada#breadcrumb"},"inLanguage":"pt-PT","potentialAction":[{"@type":"ReadAction","target":["https:\/\/cenariosdeacucar.pt\/?product=forma-de-chocolate-especial-3-partes-esfera-de-60mm-lapidada"]}]},{"@type":"ImageObject","inLanguage":"pt-PT","@id":"https:\/\/cenariosdeacucar.pt\/?product=forma-de-chocolate-especial-3-partes-esfera-de-60mm-lapidada#primaryimage","url":"https:\/\/cenariosdeacucar.pt\/novo\/wp-content\/uploads\/2022\/03\/10265_1_1024x1024@2x.webp","contentUrl":"https:\/\/cenariosdeacucar.pt\/novo\/wp-content\/uploads\/2022\/03\/10265_1_1024x1024@2x.webp","width":1000,"height":1000},{"@type":"BreadcrumbList","@id":"https:\/\/cenariosdeacucar.pt\/?product=forma-de-chocolate-especial-3-partes-esfera-de-60mm-lapidada#breadcrumb","itemListElement":[{"@type":"ListItem","position":1,"name":"In\u00edcio","item":"https:\/\/cenariosdeacucar.pt\/"},{"@type":"ListItem","position":2,"name":"Produtos","item":"https:\/\/cenariosdeacucar.pt\/?post_type=product"},{"@type":"ListItem","position":3,"name":"Forma de Chocolate Especial 3 Partes -Esfera de 60mm Lapidada"}]},{"@type":"WebSite","@id":"https:\/\/cenariosdeacucar.pt\/#website","url":"https:\/\/cenariosdeacucar.pt\/","name":"Cen\u00e1rios de A\u00e7ucar","description":"Cake Design | Festas","potentialAction":[{"@type":"SearchAction","target":{"@type":"EntryPoint","urlTemplate":"https:\/\/cenariosdeacucar.pt\/?s={search_term_string}"},"query-input":{"@type":"PropertyValueSpecification","valueRequired":true,"valueName":"search_term_string"}}],"inLanguage":"pt-PT"}]}},"_links":{"self":[{"href":"https:\/\/cenariosdeacucar.pt\/index.php?rest_route=\/wp\/v2\/product\/15428","targetHints":{"allow":["GET"]}}],"collection":[{"href":"https:\/\/cenariosdeacucar.pt\/index.php?rest_route=\/wp\/v2\/product"}],"about":[{"href":"https:\/\/cenariosdeacucar.pt\/index.php?rest_route=\/wp\/v2\/types\/product"}],"replies":[{"embeddable":true,"href":"https:\/\/cenariosdeacucar.pt\/index.php?rest_route=%2Fwp%2Fv2%2Fcomments&post=15428"}],"wp:featuredmedia":[{"embeddable":true,"href":"https:\/\/cenariosdeacucar.pt\/index.php?rest_route=\/wp\/v2\/media\/15430"}],"wp:attachment":[{"href":"https:\/\/cenariosdeacucar.pt\/index.php?rest_route=%2Fwp%2Fv2%2Fmedia&parent=15428"}],"wp:term":[{"taxonomy":"product_brand","embeddable":true,"href":"https:\/\/cenariosdeacucar.pt\/index.php?rest_route=%2Fwp%2Fv2%2Fproduct_brand&post=15428"},{"taxonomy":"product_cat","embeddable":true,"href":"https:\/\/cenariosdeacucar.pt\/index.php?rest_route=%2Fwp%2Fv2%2Fproduct_cat&post=15428"},{"taxonomy":"product_tag","embeddable":true,"href":"https:\/\/cenariosdeacucar.pt\/index.php?rest_route=%2Fwp%2Fv2%2Fproduct_tag&post=15428"}],"curies":[{"name":"wp","href":"https:\/\/api.w.org\/{rel}","templated":true}]}}