{"id":15425,"date":"2022-03-24T13:21:32","date_gmt":"2022-03-24T12:21:32","guid":{"rendered":"https:\/\/cenariosdeacucar.pt\/?post_type=product&#038;p=15425"},"modified":"2022-03-24T13:21:32","modified_gmt":"2022-03-24T12:21:32","slug":"forma-linha-simples-acetato-coracao-lapidado-aplique","status":"publish","type":"product","link":"https:\/\/cenariosdeacucar.pt\/?product=forma-linha-simples-acetato-coracao-lapidado-aplique","title":{"rendered":"Forma Linha Simples \u2013 Acetato &#8211; Cora\u00e7\u00e3o Lapidado Aplique"},"content":{"rendered":"<p>Cavidades: 13<\/p>\n<p><strong>Dimens\u00f5es(mm):<\/strong><\/p>\n<p>Comp.: 32 x Larg.: 32 x Alt.: 10<\/p>\n<p>Peso M\u00e9dio: 6g<\/p>\n","protected":false},"excerpt":{"rendered":"<p class=\"product-single__title\">Forma Linha Simples \u2013 Acetato &#8211; Cora\u00e7\u00e3o Lapidado Aplique &#8211; BWB9835<\/p>\n","protected":false},"featured_media":15426,"comment_status":"closed","ping_status":"closed","template":"","meta":[],"product_brand":[],"product_cat":[158,247,246,115,162],"product_tag":[],"class_list":{"0":"post-15425","1":"product","2":"type-product","3":"status-publish","4":"has-post-thumbnail","6":"product_cat-cakedesign","7":"product_cat-dia-da-mae","8":"product_cat-dia-dos-namorados","9":"product_cat-epocas-especiais","10":"product_cat-moldes","12":"first","13":"instock","14":"shipping-taxable","15":"purchasable","16":"product-type-simple"},"yoast_head":"<!-- This site is optimized with the Yoast SEO plugin v27.4 - https:\/\/yoast.com\/product\/yoast-seo-wordpress\/ -->\n<title>Forma Linha Simples \u2013 Acetato - Cora\u00e7\u00e3o Lapidado Aplique - Cen\u00e1rios de A\u00e7ucar<\/title>\n<meta name=\"robots\" content=\"index, follow, max-snippet:-1, max-image-preview:large, max-video-preview:-1\" \/>\n<link rel=\"canonical\" href=\"https:\/\/cenariosdeacucar.pt\/?product=forma-linha-simples-acetato-coracao-lapidado-aplique\" \/>\n<meta property=\"og:locale\" content=\"pt_PT\" \/>\n<meta property=\"og:type\" content=\"article\" \/>\n<meta property=\"og:title\" content=\"Forma Linha Simples \u2013 Acetato - Cora\u00e7\u00e3o Lapidado Aplique - Cen\u00e1rios de A\u00e7ucar\" \/>\n<meta property=\"og:description\" content=\"Forma Linha Simples \u2013 Acetato - Cora\u00e7\u00e3o Lapidado Aplique - BWB9835\" \/>\n<meta property=\"og:url\" content=\"https:\/\/cenariosdeacucar.pt\/?product=forma-linha-simples-acetato-coracao-lapidado-aplique\" \/>\n<meta property=\"og:site_name\" content=\"Cen\u00e1rios de A\u00e7ucar\" \/>\n<meta property=\"og:image\" content=\"https:\/\/cenariosdeacucar.pt\/novo\/wp-content\/uploads\/2022\/03\/aplique-coracao-lapidado-bwb9835-2_1024x1024@2x.webp\" \/>\n\t<meta property=\"og:image:width\" content=\"1000\" \/>\n\t<meta property=\"og:image:height\" content=\"1000\" \/>\n\t<meta property=\"og:image:type\" content=\"image\/webp\" \/>\n<meta name=\"twitter:card\" content=\"summary_large_image\" \/>\n<meta name=\"twitter:label1\" content=\"Tempo estimado de leitura\" \/>\n\t<meta name=\"twitter:data1\" content=\"1 minuto\" \/>\n<script type=\"application\/ld+json\" class=\"yoast-schema-graph\">{\"@context\":\"https:\\\/\\\/schema.org\",\"@graph\":[{\"@type\":\"WebPage\",\"@id\":\"https:\\\/\\\/cenariosdeacucar.pt\\\/?product=forma-linha-simples-acetato-coracao-lapidado-aplique\",\"url\":\"https:\\\/\\\/cenariosdeacucar.pt\\\/?product=forma-linha-simples-acetato-coracao-lapidado-aplique\",\"name\":\"Forma Linha Simples \u2013 Acetato - Cora\u00e7\u00e3o Lapidado Aplique - Cen\u00e1rios de A\u00e7ucar\",\"isPartOf\":{\"@id\":\"https:\\\/\\\/cenariosdeacucar.pt\\\/#website\"},\"primaryImageOfPage\":{\"@id\":\"https:\\\/\\\/cenariosdeacucar.pt\\\/?product=forma-linha-simples-acetato-coracao-lapidado-aplique#primaryimage\"},\"image\":{\"@id\":\"https:\\\/\\\/cenariosdeacucar.pt\\\/?product=forma-linha-simples-acetato-coracao-lapidado-aplique#primaryimage\"},\"thumbnailUrl\":\"https:\\\/\\\/cenariosdeacucar.pt\\\/novo\\\/wp-content\\\/uploads\\\/2022\\\/03\\\/aplique-coracao-lapidado-bwb9835-2_1024x1024@2x.webp\",\"datePublished\":\"2022-03-24T12:21:32+00:00\",\"breadcrumb\":{\"@id\":\"https:\\\/\\\/cenariosdeacucar.pt\\\/?product=forma-linha-simples-acetato-coracao-lapidado-aplique#breadcrumb\"},\"inLanguage\":\"pt-PT\",\"potentialAction\":[{\"@type\":\"ReadAction\",\"target\":[\"https:\\\/\\\/cenariosdeacucar.pt\\\/?product=forma-linha-simples-acetato-coracao-lapidado-aplique\"]}]},{\"@type\":\"ImageObject\",\"inLanguage\":\"pt-PT\",\"@id\":\"https:\\\/\\\/cenariosdeacucar.pt\\\/?product=forma-linha-simples-acetato-coracao-lapidado-aplique#primaryimage\",\"url\":\"https:\\\/\\\/cenariosdeacucar.pt\\\/novo\\\/wp-content\\\/uploads\\\/2022\\\/03\\\/aplique-coracao-lapidado-bwb9835-2_1024x1024@2x.webp\",\"contentUrl\":\"https:\\\/\\\/cenariosdeacucar.pt\\\/novo\\\/wp-content\\\/uploads\\\/2022\\\/03\\\/aplique-coracao-lapidado-bwb9835-2_1024x1024@2x.webp\",\"width\":1000,\"height\":1000},{\"@type\":\"BreadcrumbList\",\"@id\":\"https:\\\/\\\/cenariosdeacucar.pt\\\/?product=forma-linha-simples-acetato-coracao-lapidado-aplique#breadcrumb\",\"itemListElement\":[{\"@type\":\"ListItem\",\"position\":1,\"name\":\"In\u00edcio\",\"item\":\"https:\\\/\\\/cenariosdeacucar.pt\\\/\"},{\"@type\":\"ListItem\",\"position\":2,\"name\":\"Produtos\",\"item\":\"https:\\\/\\\/cenariosdeacucar.pt\\\/?post_type=product\"},{\"@type\":\"ListItem\",\"position\":3,\"name\":\"Forma Linha Simples \u2013 Acetato &#8211; Cora\u00e7\u00e3o Lapidado Aplique\"}]},{\"@type\":\"WebSite\",\"@id\":\"https:\\\/\\\/cenariosdeacucar.pt\\\/#website\",\"url\":\"https:\\\/\\\/cenariosdeacucar.pt\\\/\",\"name\":\"Cen\u00e1rios de A\u00e7ucar\",\"description\":\"Cake Design | Festas\",\"potentialAction\":[{\"@type\":\"SearchAction\",\"target\":{\"@type\":\"EntryPoint\",\"urlTemplate\":\"https:\\\/\\\/cenariosdeacucar.pt\\\/?s={search_term_string}\"},\"query-input\":{\"@type\":\"PropertyValueSpecification\",\"valueRequired\":true,\"valueName\":\"search_term_string\"}}],\"inLanguage\":\"pt-PT\"}]}<\/script>\n<!-- \/ Yoast SEO plugin. -->","yoast_head_json":{"title":"Forma Linha Simples \u2013 Acetato - Cora\u00e7\u00e3o Lapidado Aplique - Cen\u00e1rios de A\u00e7ucar","robots":{"index":"index","follow":"follow","max-snippet":"max-snippet:-1","max-image-preview":"max-image-preview:large","max-video-preview":"max-video-preview:-1"},"canonical":"https:\/\/cenariosdeacucar.pt\/?product=forma-linha-simples-acetato-coracao-lapidado-aplique","og_locale":"pt_PT","og_type":"article","og_title":"Forma Linha Simples \u2013 Acetato - Cora\u00e7\u00e3o Lapidado Aplique - Cen\u00e1rios de A\u00e7ucar","og_description":"Forma Linha Simples \u2013 Acetato - Cora\u00e7\u00e3o Lapidado Aplique - BWB9835","og_url":"https:\/\/cenariosdeacucar.pt\/?product=forma-linha-simples-acetato-coracao-lapidado-aplique","og_site_name":"Cen\u00e1rios de A\u00e7ucar","og_image":[{"width":1000,"height":1000,"url":"https:\/\/cenariosdeacucar.pt\/novo\/wp-content\/uploads\/2022\/03\/aplique-coracao-lapidado-bwb9835-2_1024x1024@2x.webp","type":"image\/webp"}],"twitter_card":"summary_large_image","twitter_misc":{"Tempo estimado de leitura":"1 minuto"},"schema":{"@context":"https:\/\/schema.org","@graph":[{"@type":"WebPage","@id":"https:\/\/cenariosdeacucar.pt\/?product=forma-linha-simples-acetato-coracao-lapidado-aplique","url":"https:\/\/cenariosdeacucar.pt\/?product=forma-linha-simples-acetato-coracao-lapidado-aplique","name":"Forma Linha Simples \u2013 Acetato - Cora\u00e7\u00e3o Lapidado Aplique - Cen\u00e1rios de A\u00e7ucar","isPartOf":{"@id":"https:\/\/cenariosdeacucar.pt\/#website"},"primaryImageOfPage":{"@id":"https:\/\/cenariosdeacucar.pt\/?product=forma-linha-simples-acetato-coracao-lapidado-aplique#primaryimage"},"image":{"@id":"https:\/\/cenariosdeacucar.pt\/?product=forma-linha-simples-acetato-coracao-lapidado-aplique#primaryimage"},"thumbnailUrl":"https:\/\/cenariosdeacucar.pt\/novo\/wp-content\/uploads\/2022\/03\/aplique-coracao-lapidado-bwb9835-2_1024x1024@2x.webp","datePublished":"2022-03-24T12:21:32+00:00","breadcrumb":{"@id":"https:\/\/cenariosdeacucar.pt\/?product=forma-linha-simples-acetato-coracao-lapidado-aplique#breadcrumb"},"inLanguage":"pt-PT","potentialAction":[{"@type":"ReadAction","target":["https:\/\/cenariosdeacucar.pt\/?product=forma-linha-simples-acetato-coracao-lapidado-aplique"]}]},{"@type":"ImageObject","inLanguage":"pt-PT","@id":"https:\/\/cenariosdeacucar.pt\/?product=forma-linha-simples-acetato-coracao-lapidado-aplique#primaryimage","url":"https:\/\/cenariosdeacucar.pt\/novo\/wp-content\/uploads\/2022\/03\/aplique-coracao-lapidado-bwb9835-2_1024x1024@2x.webp","contentUrl":"https:\/\/cenariosdeacucar.pt\/novo\/wp-content\/uploads\/2022\/03\/aplique-coracao-lapidado-bwb9835-2_1024x1024@2x.webp","width":1000,"height":1000},{"@type":"BreadcrumbList","@id":"https:\/\/cenariosdeacucar.pt\/?product=forma-linha-simples-acetato-coracao-lapidado-aplique#breadcrumb","itemListElement":[{"@type":"ListItem","position":1,"name":"In\u00edcio","item":"https:\/\/cenariosdeacucar.pt\/"},{"@type":"ListItem","position":2,"name":"Produtos","item":"https:\/\/cenariosdeacucar.pt\/?post_type=product"},{"@type":"ListItem","position":3,"name":"Forma Linha Simples \u2013 Acetato &#8211; Cora\u00e7\u00e3o Lapidado Aplique"}]},{"@type":"WebSite","@id":"https:\/\/cenariosdeacucar.pt\/#website","url":"https:\/\/cenariosdeacucar.pt\/","name":"Cen\u00e1rios de A\u00e7ucar","description":"Cake Design | Festas","potentialAction":[{"@type":"SearchAction","target":{"@type":"EntryPoint","urlTemplate":"https:\/\/cenariosdeacucar.pt\/?s={search_term_string}"},"query-input":{"@type":"PropertyValueSpecification","valueRequired":true,"valueName":"search_term_string"}}],"inLanguage":"pt-PT"}]}},"_links":{"self":[{"href":"https:\/\/cenariosdeacucar.pt\/index.php?rest_route=\/wp\/v2\/product\/15425","targetHints":{"allow":["GET"]}}],"collection":[{"href":"https:\/\/cenariosdeacucar.pt\/index.php?rest_route=\/wp\/v2\/product"}],"about":[{"href":"https:\/\/cenariosdeacucar.pt\/index.php?rest_route=\/wp\/v2\/types\/product"}],"replies":[{"embeddable":true,"href":"https:\/\/cenariosdeacucar.pt\/index.php?rest_route=%2Fwp%2Fv2%2Fcomments&post=15425"}],"wp:featuredmedia":[{"embeddable":true,"href":"https:\/\/cenariosdeacucar.pt\/index.php?rest_route=\/wp\/v2\/media\/15426"}],"wp:attachment":[{"href":"https:\/\/cenariosdeacucar.pt\/index.php?rest_route=%2Fwp%2Fv2%2Fmedia&parent=15425"}],"wp:term":[{"taxonomy":"product_brand","embeddable":true,"href":"https:\/\/cenariosdeacucar.pt\/index.php?rest_route=%2Fwp%2Fv2%2Fproduct_brand&post=15425"},{"taxonomy":"product_cat","embeddable":true,"href":"https:\/\/cenariosdeacucar.pt\/index.php?rest_route=%2Fwp%2Fv2%2Fproduct_cat&post=15425"},{"taxonomy":"product_tag","embeddable":true,"href":"https:\/\/cenariosdeacucar.pt\/index.php?rest_route=%2Fwp%2Fv2%2Fproduct_tag&post=15425"}],"curies":[{"name":"wp","href":"https:\/\/api.w.org\/{rel}","templated":true}]}}