{"id":15039,"date":"2021-11-18T12:16:59","date_gmt":"2021-11-18T11:16:59","guid":{"rendered":"https:\/\/cenariosdeacucar.pt\/?post_type=product&#038;p=15039"},"modified":"2022-10-14T12:56:26","modified_gmt":"2022-10-14T11:56:26","slug":"dipping-colours-vermelho-decdip007","status":"publish","type":"product","link":"https:\/\/cenariosdeacucar.pt\/?product=dipping-colours-vermelho-decdip007","title":{"rendered":"Dipping Colours Vermelho DECDIP007"},"content":{"rendered":"<p><strong>Modo de Prepara\u00e7\u00e3o:<\/strong><\/p>\n<p>Retire a tampa e leve ao micro-ondas pro 30 segundos. Retire do micro-ondas e mexa.<\/p>\n<p>Volte a colocar no micro-ondas por mais 30 segundos.<\/p>\n<p>Repita a opera\u00e7\u00e3o at\u00e9 que o dipping esteja bem flu\u00eddo.<\/p>\n<p>Mergulhe os cakepops.<\/p>\n<p><strong>Composi\u00e7\u00e3o:<\/strong><\/p>\n<p>A\u00e7\u00facar, gordura vegetal totalmente hidrogenada (caro\u00e7o de palma), leite em p\u00f3 desnatado (13%),<br \/>\nemulsionantes (lecitinas e E492), \u00f3leo vegetal e corantes: E124, E415, E331, E211. Pode causar efeitos<br \/>\nnegativos na atividade e na aten\u00e7\u00e3o das crian\u00e7as.<\/p>\n","protected":false},"excerpt":{"rendered":"<p class=\"description\">Suced\u00e2neo colorido. Ideal para banhar cakepops, cakesicles, pequenas decora\u00e7\u00f5es e outros apontamentos.<\/p>\n<p class=\"unit\">Balde 200 gr<\/p>\n","protected":false},"featured_media":15040,"comment_status":"closed","ping_status":"closed","template":"","meta":[],"product_brand":[],"product_cat":[148,142,243,241,115,117],"product_tag":[],"class_list":{"0":"post-15039","1":"product","2":"type-product","3":"status-publish","4":"has-post-thumbnail","6":"product_cat-chocolate","7":"product_cat-comestiveis","8":"product_cat-comestiveis-natal","9":"product_cat-dipping","10":"product_cat-epocas-especiais","11":"product_cat-natal","13":"first","14":"instock","15":"shipping-taxable","16":"purchasable","17":"product-type-simple"},"yoast_head":"<!-- This site is optimized with the Yoast SEO plugin v27.4 - https:\/\/yoast.com\/product\/yoast-seo-wordpress\/ -->\n<title>Dipping Colours Vermelho DECDIP007 - Cen\u00e1rios de A\u00e7ucar<\/title>\n<meta name=\"robots\" content=\"index, follow, max-snippet:-1, max-image-preview:large, max-video-preview:-1\" \/>\n<link rel=\"canonical\" href=\"https:\/\/cenariosdeacucar.pt\/?product=dipping-colours-vermelho-decdip007\" \/>\n<meta property=\"og:locale\" content=\"pt_PT\" \/>\n<meta property=\"og:type\" content=\"article\" \/>\n<meta property=\"og:title\" content=\"Dipping Colours Vermelho DECDIP007 - Cen\u00e1rios de A\u00e7ucar\" \/>\n<meta property=\"og:description\" content=\"Suced\u00e2neo colorido. Ideal para banhar cakepops, cakesicles, pequenas decora\u00e7\u00f5es e outros apontamentos. Balde 200 gr\" \/>\n<meta property=\"og:url\" content=\"https:\/\/cenariosdeacucar.pt\/?product=dipping-colours-vermelho-decdip007\" \/>\n<meta property=\"og:site_name\" content=\"Cen\u00e1rios de A\u00e7ucar\" \/>\n<meta property=\"article:modified_time\" content=\"2022-10-14T11:56:26+00:00\" \/>\n<meta property=\"og:image\" content=\"https:\/\/cenariosdeacucar.pt\/novo\/wp-content\/uploads\/2021\/11\/DECDIP007.jpg\" \/>\n\t<meta property=\"og:image:width\" content=\"600\" \/>\n\t<meta property=\"og:image:height\" content=\"600\" \/>\n\t<meta property=\"og:image:type\" content=\"image\/jpeg\" \/>\n<meta name=\"twitter:card\" content=\"summary_large_image\" \/>\n<meta name=\"twitter:label1\" content=\"Tempo estimado de leitura\" \/>\n\t<meta name=\"twitter:data1\" content=\"1 minuto\" \/>\n<script type=\"application\/ld+json\" class=\"yoast-schema-graph\">{\"@context\":\"https:\\\/\\\/schema.org\",\"@graph\":[{\"@type\":\"WebPage\",\"@id\":\"https:\\\/\\\/cenariosdeacucar.pt\\\/?product=dipping-colours-vermelho-decdip007\",\"url\":\"https:\\\/\\\/cenariosdeacucar.pt\\\/?product=dipping-colours-vermelho-decdip007\",\"name\":\"Dipping Colours Vermelho DECDIP007 - Cen\u00e1rios de A\u00e7ucar\",\"isPartOf\":{\"@id\":\"https:\\\/\\\/cenariosdeacucar.pt\\\/#website\"},\"primaryImageOfPage\":{\"@id\":\"https:\\\/\\\/cenariosdeacucar.pt\\\/?product=dipping-colours-vermelho-decdip007#primaryimage\"},\"image\":{\"@id\":\"https:\\\/\\\/cenariosdeacucar.pt\\\/?product=dipping-colours-vermelho-decdip007#primaryimage\"},\"thumbnailUrl\":\"https:\\\/\\\/cenariosdeacucar.pt\\\/novo\\\/wp-content\\\/uploads\\\/2021\\\/11\\\/DECDIP007.jpg\",\"datePublished\":\"2021-11-18T11:16:59+00:00\",\"dateModified\":\"2022-10-14T11:56:26+00:00\",\"breadcrumb\":{\"@id\":\"https:\\\/\\\/cenariosdeacucar.pt\\\/?product=dipping-colours-vermelho-decdip007#breadcrumb\"},\"inLanguage\":\"pt-PT\",\"potentialAction\":[{\"@type\":\"ReadAction\",\"target\":[\"https:\\\/\\\/cenariosdeacucar.pt\\\/?product=dipping-colours-vermelho-decdip007\"]}]},{\"@type\":\"ImageObject\",\"inLanguage\":\"pt-PT\",\"@id\":\"https:\\\/\\\/cenariosdeacucar.pt\\\/?product=dipping-colours-vermelho-decdip007#primaryimage\",\"url\":\"https:\\\/\\\/cenariosdeacucar.pt\\\/novo\\\/wp-content\\\/uploads\\\/2021\\\/11\\\/DECDIP007.jpg\",\"contentUrl\":\"https:\\\/\\\/cenariosdeacucar.pt\\\/novo\\\/wp-content\\\/uploads\\\/2021\\\/11\\\/DECDIP007.jpg\",\"width\":600,\"height\":600},{\"@type\":\"BreadcrumbList\",\"@id\":\"https:\\\/\\\/cenariosdeacucar.pt\\\/?product=dipping-colours-vermelho-decdip007#breadcrumb\",\"itemListElement\":[{\"@type\":\"ListItem\",\"position\":1,\"name\":\"In\u00edcio\",\"item\":\"https:\\\/\\\/cenariosdeacucar.pt\\\/\"},{\"@type\":\"ListItem\",\"position\":2,\"name\":\"Produtos\",\"item\":\"https:\\\/\\\/cenariosdeacucar.pt\\\/?post_type=product\"},{\"@type\":\"ListItem\",\"position\":3,\"name\":\"Dipping Colours Vermelho DECDIP007\"}]},{\"@type\":\"WebSite\",\"@id\":\"https:\\\/\\\/cenariosdeacucar.pt\\\/#website\",\"url\":\"https:\\\/\\\/cenariosdeacucar.pt\\\/\",\"name\":\"Cen\u00e1rios de A\u00e7ucar\",\"description\":\"Cake Design | Festas\",\"potentialAction\":[{\"@type\":\"SearchAction\",\"target\":{\"@type\":\"EntryPoint\",\"urlTemplate\":\"https:\\\/\\\/cenariosdeacucar.pt\\\/?s={search_term_string}\"},\"query-input\":{\"@type\":\"PropertyValueSpecification\",\"valueRequired\":true,\"valueName\":\"search_term_string\"}}],\"inLanguage\":\"pt-PT\"}]}<\/script>\n<!-- \/ Yoast SEO plugin. -->","yoast_head_json":{"title":"Dipping Colours Vermelho DECDIP007 - Cen\u00e1rios de A\u00e7ucar","robots":{"index":"index","follow":"follow","max-snippet":"max-snippet:-1","max-image-preview":"max-image-preview:large","max-video-preview":"max-video-preview:-1"},"canonical":"https:\/\/cenariosdeacucar.pt\/?product=dipping-colours-vermelho-decdip007","og_locale":"pt_PT","og_type":"article","og_title":"Dipping Colours Vermelho DECDIP007 - Cen\u00e1rios de A\u00e7ucar","og_description":"Suced\u00e2neo colorido. Ideal para banhar cakepops, cakesicles, pequenas decora\u00e7\u00f5es e outros apontamentos. Balde 200 gr","og_url":"https:\/\/cenariosdeacucar.pt\/?product=dipping-colours-vermelho-decdip007","og_site_name":"Cen\u00e1rios de A\u00e7ucar","article_modified_time":"2022-10-14T11:56:26+00:00","og_image":[{"width":600,"height":600,"url":"https:\/\/cenariosdeacucar.pt\/novo\/wp-content\/uploads\/2021\/11\/DECDIP007.jpg","type":"image\/jpeg"}],"twitter_card":"summary_large_image","twitter_misc":{"Tempo estimado de leitura":"1 minuto"},"schema":{"@context":"https:\/\/schema.org","@graph":[{"@type":"WebPage","@id":"https:\/\/cenariosdeacucar.pt\/?product=dipping-colours-vermelho-decdip007","url":"https:\/\/cenariosdeacucar.pt\/?product=dipping-colours-vermelho-decdip007","name":"Dipping Colours Vermelho DECDIP007 - Cen\u00e1rios de A\u00e7ucar","isPartOf":{"@id":"https:\/\/cenariosdeacucar.pt\/#website"},"primaryImageOfPage":{"@id":"https:\/\/cenariosdeacucar.pt\/?product=dipping-colours-vermelho-decdip007#primaryimage"},"image":{"@id":"https:\/\/cenariosdeacucar.pt\/?product=dipping-colours-vermelho-decdip007#primaryimage"},"thumbnailUrl":"https:\/\/cenariosdeacucar.pt\/novo\/wp-content\/uploads\/2021\/11\/DECDIP007.jpg","datePublished":"2021-11-18T11:16:59+00:00","dateModified":"2022-10-14T11:56:26+00:00","breadcrumb":{"@id":"https:\/\/cenariosdeacucar.pt\/?product=dipping-colours-vermelho-decdip007#breadcrumb"},"inLanguage":"pt-PT","potentialAction":[{"@type":"ReadAction","target":["https:\/\/cenariosdeacucar.pt\/?product=dipping-colours-vermelho-decdip007"]}]},{"@type":"ImageObject","inLanguage":"pt-PT","@id":"https:\/\/cenariosdeacucar.pt\/?product=dipping-colours-vermelho-decdip007#primaryimage","url":"https:\/\/cenariosdeacucar.pt\/novo\/wp-content\/uploads\/2021\/11\/DECDIP007.jpg","contentUrl":"https:\/\/cenariosdeacucar.pt\/novo\/wp-content\/uploads\/2021\/11\/DECDIP007.jpg","width":600,"height":600},{"@type":"BreadcrumbList","@id":"https:\/\/cenariosdeacucar.pt\/?product=dipping-colours-vermelho-decdip007#breadcrumb","itemListElement":[{"@type":"ListItem","position":1,"name":"In\u00edcio","item":"https:\/\/cenariosdeacucar.pt\/"},{"@type":"ListItem","position":2,"name":"Produtos","item":"https:\/\/cenariosdeacucar.pt\/?post_type=product"},{"@type":"ListItem","position":3,"name":"Dipping Colours Vermelho DECDIP007"}]},{"@type":"WebSite","@id":"https:\/\/cenariosdeacucar.pt\/#website","url":"https:\/\/cenariosdeacucar.pt\/","name":"Cen\u00e1rios de A\u00e7ucar","description":"Cake Design | Festas","potentialAction":[{"@type":"SearchAction","target":{"@type":"EntryPoint","urlTemplate":"https:\/\/cenariosdeacucar.pt\/?s={search_term_string}"},"query-input":{"@type":"PropertyValueSpecification","valueRequired":true,"valueName":"search_term_string"}}],"inLanguage":"pt-PT"}]}},"_links":{"self":[{"href":"https:\/\/cenariosdeacucar.pt\/index.php?rest_route=\/wp\/v2\/product\/15039","targetHints":{"allow":["GET"]}}],"collection":[{"href":"https:\/\/cenariosdeacucar.pt\/index.php?rest_route=\/wp\/v2\/product"}],"about":[{"href":"https:\/\/cenariosdeacucar.pt\/index.php?rest_route=\/wp\/v2\/types\/product"}],"replies":[{"embeddable":true,"href":"https:\/\/cenariosdeacucar.pt\/index.php?rest_route=%2Fwp%2Fv2%2Fcomments&post=15039"}],"wp:featuredmedia":[{"embeddable":true,"href":"https:\/\/cenariosdeacucar.pt\/index.php?rest_route=\/wp\/v2\/media\/15040"}],"wp:attachment":[{"href":"https:\/\/cenariosdeacucar.pt\/index.php?rest_route=%2Fwp%2Fv2%2Fmedia&parent=15039"}],"wp:term":[{"taxonomy":"product_brand","embeddable":true,"href":"https:\/\/cenariosdeacucar.pt\/index.php?rest_route=%2Fwp%2Fv2%2Fproduct_brand&post=15039"},{"taxonomy":"product_cat","embeddable":true,"href":"https:\/\/cenariosdeacucar.pt\/index.php?rest_route=%2Fwp%2Fv2%2Fproduct_cat&post=15039"},{"taxonomy":"product_tag","embeddable":true,"href":"https:\/\/cenariosdeacucar.pt\/index.php?rest_route=%2Fwp%2Fv2%2Fproduct_tag&post=15039"}],"curies":[{"name":"wp","href":"https:\/\/api.w.org\/{rel}","templated":true}]}}