{"id":14997,"date":"2021-11-16T17:56:18","date_gmt":"2021-11-16T16:56:18","guid":{"rendered":"https:\/\/cenariosdeacucar.pt\/?post_type=product&#038;p=14997"},"modified":"2021-11-16T17:56:29","modified_gmt":"2021-11-16T16:56:29","slug":"mochila-3d-unicornio","status":"publish","type":"product","link":"https:\/\/cenariosdeacucar.pt\/?product=mochila-3d-unicornio","title":{"rendered":"Mochila 3D Unic\u00f3rnio"},"content":{"rendered":"<h2>Descri\u00e7\u00e3o<\/h2>\n<div class=\"a11y-text-width js-product-description Product__Description-text\">Aten\u00e7\u00e3o todos os f\u00e3s de unic\u00f3rnio.<\/div>\n<div class=\"a11y-text-width js-product-description Product__Description-text\">A mochila cont\u00e9m um tapete de jogo integrado.\u00a0 As al\u00e7as da mochila ajust\u00e1veis de comprimento permitem que a mochila seja colocada confortavelmente nas costas.<\/div>\n<div class=\"a11y-text-width js-product-description Product__Description-text\">Caracter\u00edsticas- Qualidade Premium- Motivo: Fantasia de Unic\u00f3rnio- Notas de estilo profissionalmente costuradas: painel frontal dur\u00e1vel 3D, Bolso dianteiro com fecho, compartimento principal com fecho, al\u00e7as de ombro ajust\u00e1veis e al\u00e7a de transporte<\/div>\n","protected":false},"excerpt":{"rendered":"<p>Dimens\u00f5es: Aproximadamente 32x26x12cm<\/p>\n","protected":false},"featured_media":14998,"comment_status":"closed","ping_status":"closed","template":"","meta":[],"product_brand":[],"product_cat":[174,185,183,197],"product_tag":[],"class_list":{"0":"post-14997","1":"product","2":"type-product","3":"status-publish","4":"has-post-thumbnail","6":"product_cat-decoracao","7":"product_cat-festas-tematicas","8":"product_cat-lembrancas","9":"product_cat-unicornio","11":"first","12":"instock","13":"shipping-taxable","14":"purchasable","15":"product-type-simple"},"yoast_head":"<!-- This site is optimized with the Yoast SEO plugin v27.4 - https:\/\/yoast.com\/product\/yoast-seo-wordpress\/ -->\n<title>Mochila 3D Unic\u00f3rnio - Cen\u00e1rios de A\u00e7ucar<\/title>\n<meta name=\"robots\" content=\"index, follow, max-snippet:-1, max-image-preview:large, max-video-preview:-1\" \/>\n<link rel=\"canonical\" href=\"https:\/\/cenariosdeacucar.pt\/?product=mochila-3d-unicornio\" \/>\n<meta property=\"og:locale\" content=\"pt_PT\" \/>\n<meta property=\"og:type\" content=\"article\" \/>\n<meta property=\"og:title\" content=\"Mochila 3D Unic\u00f3rnio - Cen\u00e1rios de A\u00e7ucar\" \/>\n<meta property=\"og:description\" content=\"Dimens\u00f5es: Aproximadamente 32x26x12cm\" \/>\n<meta property=\"og:url\" content=\"https:\/\/cenariosdeacucar.pt\/?product=mochila-3d-unicornio\" \/>\n<meta property=\"og:site_name\" content=\"Cen\u00e1rios de A\u00e7ucar\" \/>\n<meta property=\"article:modified_time\" content=\"2021-11-16T16:56:29+00:00\" \/>\n<meta property=\"og:image\" content=\"https:\/\/cenariosdeacucar.pt\/novo\/wp-content\/uploads\/2021\/11\/181228608_max.jpg\" \/>\n\t<meta property=\"og:image:width\" content=\"1000\" \/>\n\t<meta property=\"og:image:height\" content=\"1000\" \/>\n\t<meta property=\"og:image:type\" content=\"image\/jpeg\" \/>\n<meta name=\"twitter:card\" content=\"summary_large_image\" \/>\n<meta name=\"twitter:label1\" content=\"Tempo estimado de leitura\" \/>\n\t<meta name=\"twitter:data1\" content=\"1 minuto\" \/>\n<script type=\"application\/ld+json\" class=\"yoast-schema-graph\">{\"@context\":\"https:\\\/\\\/schema.org\",\"@graph\":[{\"@type\":\"WebPage\",\"@id\":\"https:\\\/\\\/cenariosdeacucar.pt\\\/?product=mochila-3d-unicornio\",\"url\":\"https:\\\/\\\/cenariosdeacucar.pt\\\/?product=mochila-3d-unicornio\",\"name\":\"Mochila 3D Unic\u00f3rnio - Cen\u00e1rios de A\u00e7ucar\",\"isPartOf\":{\"@id\":\"https:\\\/\\\/cenariosdeacucar.pt\\\/#website\"},\"primaryImageOfPage\":{\"@id\":\"https:\\\/\\\/cenariosdeacucar.pt\\\/?product=mochila-3d-unicornio#primaryimage\"},\"image\":{\"@id\":\"https:\\\/\\\/cenariosdeacucar.pt\\\/?product=mochila-3d-unicornio#primaryimage\"},\"thumbnailUrl\":\"https:\\\/\\\/cenariosdeacucar.pt\\\/novo\\\/wp-content\\\/uploads\\\/2021\\\/11\\\/181228608_max.jpg\",\"datePublished\":\"2021-11-16T16:56:18+00:00\",\"dateModified\":\"2021-11-16T16:56:29+00:00\",\"breadcrumb\":{\"@id\":\"https:\\\/\\\/cenariosdeacucar.pt\\\/?product=mochila-3d-unicornio#breadcrumb\"},\"inLanguage\":\"pt-PT\",\"potentialAction\":[{\"@type\":\"ReadAction\",\"target\":[\"https:\\\/\\\/cenariosdeacucar.pt\\\/?product=mochila-3d-unicornio\"]}]},{\"@type\":\"ImageObject\",\"inLanguage\":\"pt-PT\",\"@id\":\"https:\\\/\\\/cenariosdeacucar.pt\\\/?product=mochila-3d-unicornio#primaryimage\",\"url\":\"https:\\\/\\\/cenariosdeacucar.pt\\\/novo\\\/wp-content\\\/uploads\\\/2021\\\/11\\\/181228608_max.jpg\",\"contentUrl\":\"https:\\\/\\\/cenariosdeacucar.pt\\\/novo\\\/wp-content\\\/uploads\\\/2021\\\/11\\\/181228608_max.jpg\",\"width\":1000,\"height\":1000},{\"@type\":\"BreadcrumbList\",\"@id\":\"https:\\\/\\\/cenariosdeacucar.pt\\\/?product=mochila-3d-unicornio#breadcrumb\",\"itemListElement\":[{\"@type\":\"ListItem\",\"position\":1,\"name\":\"In\u00edcio\",\"item\":\"https:\\\/\\\/cenariosdeacucar.pt\\\/\"},{\"@type\":\"ListItem\",\"position\":2,\"name\":\"Produtos\",\"item\":\"https:\\\/\\\/cenariosdeacucar.pt\\\/?post_type=product\"},{\"@type\":\"ListItem\",\"position\":3,\"name\":\"Mochila 3D Unic\u00f3rnio\"}]},{\"@type\":\"WebSite\",\"@id\":\"https:\\\/\\\/cenariosdeacucar.pt\\\/#website\",\"url\":\"https:\\\/\\\/cenariosdeacucar.pt\\\/\",\"name\":\"Cen\u00e1rios de A\u00e7ucar\",\"description\":\"Cake Design | Festas\",\"potentialAction\":[{\"@type\":\"SearchAction\",\"target\":{\"@type\":\"EntryPoint\",\"urlTemplate\":\"https:\\\/\\\/cenariosdeacucar.pt\\\/?s={search_term_string}\"},\"query-input\":{\"@type\":\"PropertyValueSpecification\",\"valueRequired\":true,\"valueName\":\"search_term_string\"}}],\"inLanguage\":\"pt-PT\"}]}<\/script>\n<!-- \/ Yoast SEO plugin. -->","yoast_head_json":{"title":"Mochila 3D Unic\u00f3rnio - Cen\u00e1rios de A\u00e7ucar","robots":{"index":"index","follow":"follow","max-snippet":"max-snippet:-1","max-image-preview":"max-image-preview:large","max-video-preview":"max-video-preview:-1"},"canonical":"https:\/\/cenariosdeacucar.pt\/?product=mochila-3d-unicornio","og_locale":"pt_PT","og_type":"article","og_title":"Mochila 3D Unic\u00f3rnio - Cen\u00e1rios de A\u00e7ucar","og_description":"Dimens\u00f5es: Aproximadamente 32x26x12cm","og_url":"https:\/\/cenariosdeacucar.pt\/?product=mochila-3d-unicornio","og_site_name":"Cen\u00e1rios de A\u00e7ucar","article_modified_time":"2021-11-16T16:56:29+00:00","og_image":[{"width":1000,"height":1000,"url":"https:\/\/cenariosdeacucar.pt\/novo\/wp-content\/uploads\/2021\/11\/181228608_max.jpg","type":"image\/jpeg"}],"twitter_card":"summary_large_image","twitter_misc":{"Tempo estimado de leitura":"1 minuto"},"schema":{"@context":"https:\/\/schema.org","@graph":[{"@type":"WebPage","@id":"https:\/\/cenariosdeacucar.pt\/?product=mochila-3d-unicornio","url":"https:\/\/cenariosdeacucar.pt\/?product=mochila-3d-unicornio","name":"Mochila 3D Unic\u00f3rnio - Cen\u00e1rios de A\u00e7ucar","isPartOf":{"@id":"https:\/\/cenariosdeacucar.pt\/#website"},"primaryImageOfPage":{"@id":"https:\/\/cenariosdeacucar.pt\/?product=mochila-3d-unicornio#primaryimage"},"image":{"@id":"https:\/\/cenariosdeacucar.pt\/?product=mochila-3d-unicornio#primaryimage"},"thumbnailUrl":"https:\/\/cenariosdeacucar.pt\/novo\/wp-content\/uploads\/2021\/11\/181228608_max.jpg","datePublished":"2021-11-16T16:56:18+00:00","dateModified":"2021-11-16T16:56:29+00:00","breadcrumb":{"@id":"https:\/\/cenariosdeacucar.pt\/?product=mochila-3d-unicornio#breadcrumb"},"inLanguage":"pt-PT","potentialAction":[{"@type":"ReadAction","target":["https:\/\/cenariosdeacucar.pt\/?product=mochila-3d-unicornio"]}]},{"@type":"ImageObject","inLanguage":"pt-PT","@id":"https:\/\/cenariosdeacucar.pt\/?product=mochila-3d-unicornio#primaryimage","url":"https:\/\/cenariosdeacucar.pt\/novo\/wp-content\/uploads\/2021\/11\/181228608_max.jpg","contentUrl":"https:\/\/cenariosdeacucar.pt\/novo\/wp-content\/uploads\/2021\/11\/181228608_max.jpg","width":1000,"height":1000},{"@type":"BreadcrumbList","@id":"https:\/\/cenariosdeacucar.pt\/?product=mochila-3d-unicornio#breadcrumb","itemListElement":[{"@type":"ListItem","position":1,"name":"In\u00edcio","item":"https:\/\/cenariosdeacucar.pt\/"},{"@type":"ListItem","position":2,"name":"Produtos","item":"https:\/\/cenariosdeacucar.pt\/?post_type=product"},{"@type":"ListItem","position":3,"name":"Mochila 3D Unic\u00f3rnio"}]},{"@type":"WebSite","@id":"https:\/\/cenariosdeacucar.pt\/#website","url":"https:\/\/cenariosdeacucar.pt\/","name":"Cen\u00e1rios de A\u00e7ucar","description":"Cake Design | Festas","potentialAction":[{"@type":"SearchAction","target":{"@type":"EntryPoint","urlTemplate":"https:\/\/cenariosdeacucar.pt\/?s={search_term_string}"},"query-input":{"@type":"PropertyValueSpecification","valueRequired":true,"valueName":"search_term_string"}}],"inLanguage":"pt-PT"}]}},"_links":{"self":[{"href":"https:\/\/cenariosdeacucar.pt\/index.php?rest_route=\/wp\/v2\/product\/14997","targetHints":{"allow":["GET"]}}],"collection":[{"href":"https:\/\/cenariosdeacucar.pt\/index.php?rest_route=\/wp\/v2\/product"}],"about":[{"href":"https:\/\/cenariosdeacucar.pt\/index.php?rest_route=\/wp\/v2\/types\/product"}],"replies":[{"embeddable":true,"href":"https:\/\/cenariosdeacucar.pt\/index.php?rest_route=%2Fwp%2Fv2%2Fcomments&post=14997"}],"wp:featuredmedia":[{"embeddable":true,"href":"https:\/\/cenariosdeacucar.pt\/index.php?rest_route=\/wp\/v2\/media\/14998"}],"wp:attachment":[{"href":"https:\/\/cenariosdeacucar.pt\/index.php?rest_route=%2Fwp%2Fv2%2Fmedia&parent=14997"}],"wp:term":[{"taxonomy":"product_brand","embeddable":true,"href":"https:\/\/cenariosdeacucar.pt\/index.php?rest_route=%2Fwp%2Fv2%2Fproduct_brand&post=14997"},{"taxonomy":"product_cat","embeddable":true,"href":"https:\/\/cenariosdeacucar.pt\/index.php?rest_route=%2Fwp%2Fv2%2Fproduct_cat&post=14997"},{"taxonomy":"product_tag","embeddable":true,"href":"https:\/\/cenariosdeacucar.pt\/index.php?rest_route=%2Fwp%2Fv2%2Fproduct_tag&post=14997"}],"curies":[{"name":"wp","href":"https:\/\/api.w.org\/{rel}","templated":true}]}}