{"id":14965,"date":"2021-11-15T01:08:24","date_gmt":"2021-11-15T00:08:24","guid":{"rendered":"https:\/\/cenariosdeacucar.pt\/?post_type=product&#038;p=14965"},"modified":"2023-11-05T13:11:18","modified_gmt":"2023-11-05T12:11:18","slug":"bolachinhas-de-laranja-ref-preesp085","status":"publish","type":"product","link":"https:\/\/cenariosdeacucar.pt\/?product=bolachinhas-de-laranja-ref-preesp085","title":{"rendered":"Bolachinhas de Laranja Ref.: PREESP085"},"content":{"rendered":"<p>Modo de Prepara\u00e7\u00e3o<\/p>\n<p>BOLACHINHAS DE LARANJA + Manteiga + Ovos<\/p>\n<p>1. Parta a manteiga em pedacinhos, misture com o preparado. 2. Misture os ovos. Fa\u00e7a uma bola, envolva com pel\u00edcula aderente e leve ao frigor\u00edfico. 3. Com um pouco de farinha, estique a massa e corte com cortadores. 4. Deposite a massa num tabuleiro forrado com papel vegetal. 5. Leve ao forno.<\/p>\n","protected":false},"excerpt":{"rendered":"<p class=\"description\">Preparado em p\u00f3 para a elabora\u00e7\u00e3o de massa areada com sabor a laranja. Pode ser utilizado para bolachas, bases de tarte, bolo de israel, bolos secos e outras receitas. Um novo sabor, para tornar o seu Natal ainda mais aromatico. &#8211; F\u00e1cil prepara\u00e7\u00e3o; &#8211; Sabor intenso; &#8211; Vers\u00e1til; &#8211; Textura crocante; &#8211; Est\u00e1vel \u00e0 congela\u00e7\u00e3o.<\/p>\n<p class=\"unit\">Saco 500 gr<\/p>\n","protected":false},"featured_media":14966,"comment_status":"closed","ping_status":"closed","template":"","meta":[],"product_brand":[],"product_cat":[142,243,115,117,143],"product_tag":[],"class_list":{"0":"post-14965","1":"product","2":"type-product","3":"status-publish","4":"has-post-thumbnail","6":"product_cat-comestiveis","7":"product_cat-comestiveis-natal","8":"product_cat-epocas-especiais","9":"product_cat-natal","10":"product_cat-preparados-para-bolos","12":"first","13":"instock","14":"shipping-taxable","15":"purchasable","16":"product-type-simple"},"yoast_head":"<!-- This site is optimized with the Yoast SEO plugin v27.4 - https:\/\/yoast.com\/product\/yoast-seo-wordpress\/ -->\n<title>Bolachinhas de Laranja Ref.: PREESP085 - Cen\u00e1rios de A\u00e7ucar<\/title>\n<meta name=\"robots\" content=\"index, follow, max-snippet:-1, max-image-preview:large, max-video-preview:-1\" \/>\n<link rel=\"canonical\" href=\"https:\/\/cenariosdeacucar.pt\/?product=bolachinhas-de-laranja-ref-preesp085\" \/>\n<meta property=\"og:locale\" content=\"pt_PT\" \/>\n<meta property=\"og:type\" content=\"article\" \/>\n<meta property=\"og:title\" content=\"Bolachinhas de Laranja Ref.: PREESP085 - Cen\u00e1rios de A\u00e7ucar\" \/>\n<meta property=\"og:description\" content=\"Preparado em p\u00f3 para a elabora\u00e7\u00e3o de massa areada com sabor a laranja. Pode ser utilizado para bolachas, bases de tarte, bolo de israel, bolos secos e outras receitas. Um novo sabor, para tornar o seu Natal ainda mais aromatico. - F\u00e1cil prepara\u00e7\u00e3o; - Sabor intenso; - Vers\u00e1til; - Textura crocante; - Est\u00e1vel \u00e0 congela\u00e7\u00e3o. Saco 500 gr\" \/>\n<meta property=\"og:url\" content=\"https:\/\/cenariosdeacucar.pt\/?product=bolachinhas-de-laranja-ref-preesp085\" \/>\n<meta property=\"og:site_name\" content=\"Cen\u00e1rios de A\u00e7ucar\" \/>\n<meta property=\"article:modified_time\" content=\"2023-11-05T12:11:18+00:00\" \/>\n<meta property=\"og:image\" content=\"https:\/\/cenariosdeacucar.pt\/novo\/wp-content\/uploads\/2021\/11\/PREESP085.jpg\" \/>\n\t<meta property=\"og:image:width\" content=\"600\" \/>\n\t<meta property=\"og:image:height\" content=\"600\" \/>\n\t<meta property=\"og:image:type\" content=\"image\/jpeg\" \/>\n<meta name=\"twitter:card\" content=\"summary_large_image\" \/>\n<meta name=\"twitter:label1\" content=\"Tempo estimado de leitura\" \/>\n\t<meta name=\"twitter:data1\" content=\"1 minuto\" \/>\n<script type=\"application\/ld+json\" class=\"yoast-schema-graph\">{\"@context\":\"https:\\\/\\\/schema.org\",\"@graph\":[{\"@type\":\"WebPage\",\"@id\":\"https:\\\/\\\/cenariosdeacucar.pt\\\/?product=bolachinhas-de-laranja-ref-preesp085\",\"url\":\"https:\\\/\\\/cenariosdeacucar.pt\\\/?product=bolachinhas-de-laranja-ref-preesp085\",\"name\":\"Bolachinhas de Laranja Ref.: PREESP085 - Cen\u00e1rios de A\u00e7ucar\",\"isPartOf\":{\"@id\":\"https:\\\/\\\/cenariosdeacucar.pt\\\/#website\"},\"primaryImageOfPage\":{\"@id\":\"https:\\\/\\\/cenariosdeacucar.pt\\\/?product=bolachinhas-de-laranja-ref-preesp085#primaryimage\"},\"image\":{\"@id\":\"https:\\\/\\\/cenariosdeacucar.pt\\\/?product=bolachinhas-de-laranja-ref-preesp085#primaryimage\"},\"thumbnailUrl\":\"https:\\\/\\\/cenariosdeacucar.pt\\\/novo\\\/wp-content\\\/uploads\\\/2021\\\/11\\\/PREESP085.jpg\",\"datePublished\":\"2021-11-15T00:08:24+00:00\",\"dateModified\":\"2023-11-05T12:11:18+00:00\",\"breadcrumb\":{\"@id\":\"https:\\\/\\\/cenariosdeacucar.pt\\\/?product=bolachinhas-de-laranja-ref-preesp085#breadcrumb\"},\"inLanguage\":\"pt-PT\",\"potentialAction\":[{\"@type\":\"ReadAction\",\"target\":[\"https:\\\/\\\/cenariosdeacucar.pt\\\/?product=bolachinhas-de-laranja-ref-preesp085\"]}]},{\"@type\":\"ImageObject\",\"inLanguage\":\"pt-PT\",\"@id\":\"https:\\\/\\\/cenariosdeacucar.pt\\\/?product=bolachinhas-de-laranja-ref-preesp085#primaryimage\",\"url\":\"https:\\\/\\\/cenariosdeacucar.pt\\\/novo\\\/wp-content\\\/uploads\\\/2021\\\/11\\\/PREESP085.jpg\",\"contentUrl\":\"https:\\\/\\\/cenariosdeacucar.pt\\\/novo\\\/wp-content\\\/uploads\\\/2021\\\/11\\\/PREESP085.jpg\",\"width\":600,\"height\":600},{\"@type\":\"BreadcrumbList\",\"@id\":\"https:\\\/\\\/cenariosdeacucar.pt\\\/?product=bolachinhas-de-laranja-ref-preesp085#breadcrumb\",\"itemListElement\":[{\"@type\":\"ListItem\",\"position\":1,\"name\":\"In\u00edcio\",\"item\":\"https:\\\/\\\/cenariosdeacucar.pt\\\/\"},{\"@type\":\"ListItem\",\"position\":2,\"name\":\"Produtos\",\"item\":\"https:\\\/\\\/cenariosdeacucar.pt\\\/?post_type=product\"},{\"@type\":\"ListItem\",\"position\":3,\"name\":\"Bolachinhas de Laranja Ref.: PREESP085\"}]},{\"@type\":\"WebSite\",\"@id\":\"https:\\\/\\\/cenariosdeacucar.pt\\\/#website\",\"url\":\"https:\\\/\\\/cenariosdeacucar.pt\\\/\",\"name\":\"Cen\u00e1rios de A\u00e7ucar\",\"description\":\"Cake Design | Festas\",\"potentialAction\":[{\"@type\":\"SearchAction\",\"target\":{\"@type\":\"EntryPoint\",\"urlTemplate\":\"https:\\\/\\\/cenariosdeacucar.pt\\\/?s={search_term_string}\"},\"query-input\":{\"@type\":\"PropertyValueSpecification\",\"valueRequired\":true,\"valueName\":\"search_term_string\"}}],\"inLanguage\":\"pt-PT\"}]}<\/script>\n<!-- \/ Yoast SEO plugin. -->","yoast_head_json":{"title":"Bolachinhas de Laranja Ref.: PREESP085 - Cen\u00e1rios de A\u00e7ucar","robots":{"index":"index","follow":"follow","max-snippet":"max-snippet:-1","max-image-preview":"max-image-preview:large","max-video-preview":"max-video-preview:-1"},"canonical":"https:\/\/cenariosdeacucar.pt\/?product=bolachinhas-de-laranja-ref-preesp085","og_locale":"pt_PT","og_type":"article","og_title":"Bolachinhas de Laranja Ref.: PREESP085 - Cen\u00e1rios de A\u00e7ucar","og_description":"Preparado em p\u00f3 para a elabora\u00e7\u00e3o de massa areada com sabor a laranja. Pode ser utilizado para bolachas, bases de tarte, bolo de israel, bolos secos e outras receitas. Um novo sabor, para tornar o seu Natal ainda mais aromatico. - F\u00e1cil prepara\u00e7\u00e3o; - Sabor intenso; - Vers\u00e1til; - Textura crocante; - Est\u00e1vel \u00e0 congela\u00e7\u00e3o. Saco 500 gr","og_url":"https:\/\/cenariosdeacucar.pt\/?product=bolachinhas-de-laranja-ref-preesp085","og_site_name":"Cen\u00e1rios de A\u00e7ucar","article_modified_time":"2023-11-05T12:11:18+00:00","og_image":[{"width":600,"height":600,"url":"https:\/\/cenariosdeacucar.pt\/novo\/wp-content\/uploads\/2021\/11\/PREESP085.jpg","type":"image\/jpeg"}],"twitter_card":"summary_large_image","twitter_misc":{"Tempo estimado de leitura":"1 minuto"},"schema":{"@context":"https:\/\/schema.org","@graph":[{"@type":"WebPage","@id":"https:\/\/cenariosdeacucar.pt\/?product=bolachinhas-de-laranja-ref-preesp085","url":"https:\/\/cenariosdeacucar.pt\/?product=bolachinhas-de-laranja-ref-preesp085","name":"Bolachinhas de Laranja Ref.: PREESP085 - Cen\u00e1rios de A\u00e7ucar","isPartOf":{"@id":"https:\/\/cenariosdeacucar.pt\/#website"},"primaryImageOfPage":{"@id":"https:\/\/cenariosdeacucar.pt\/?product=bolachinhas-de-laranja-ref-preesp085#primaryimage"},"image":{"@id":"https:\/\/cenariosdeacucar.pt\/?product=bolachinhas-de-laranja-ref-preesp085#primaryimage"},"thumbnailUrl":"https:\/\/cenariosdeacucar.pt\/novo\/wp-content\/uploads\/2021\/11\/PREESP085.jpg","datePublished":"2021-11-15T00:08:24+00:00","dateModified":"2023-11-05T12:11:18+00:00","breadcrumb":{"@id":"https:\/\/cenariosdeacucar.pt\/?product=bolachinhas-de-laranja-ref-preesp085#breadcrumb"},"inLanguage":"pt-PT","potentialAction":[{"@type":"ReadAction","target":["https:\/\/cenariosdeacucar.pt\/?product=bolachinhas-de-laranja-ref-preesp085"]}]},{"@type":"ImageObject","inLanguage":"pt-PT","@id":"https:\/\/cenariosdeacucar.pt\/?product=bolachinhas-de-laranja-ref-preesp085#primaryimage","url":"https:\/\/cenariosdeacucar.pt\/novo\/wp-content\/uploads\/2021\/11\/PREESP085.jpg","contentUrl":"https:\/\/cenariosdeacucar.pt\/novo\/wp-content\/uploads\/2021\/11\/PREESP085.jpg","width":600,"height":600},{"@type":"BreadcrumbList","@id":"https:\/\/cenariosdeacucar.pt\/?product=bolachinhas-de-laranja-ref-preesp085#breadcrumb","itemListElement":[{"@type":"ListItem","position":1,"name":"In\u00edcio","item":"https:\/\/cenariosdeacucar.pt\/"},{"@type":"ListItem","position":2,"name":"Produtos","item":"https:\/\/cenariosdeacucar.pt\/?post_type=product"},{"@type":"ListItem","position":3,"name":"Bolachinhas de Laranja Ref.: PREESP085"}]},{"@type":"WebSite","@id":"https:\/\/cenariosdeacucar.pt\/#website","url":"https:\/\/cenariosdeacucar.pt\/","name":"Cen\u00e1rios de A\u00e7ucar","description":"Cake Design | Festas","potentialAction":[{"@type":"SearchAction","target":{"@type":"EntryPoint","urlTemplate":"https:\/\/cenariosdeacucar.pt\/?s={search_term_string}"},"query-input":{"@type":"PropertyValueSpecification","valueRequired":true,"valueName":"search_term_string"}}],"inLanguage":"pt-PT"}]}},"_links":{"self":[{"href":"https:\/\/cenariosdeacucar.pt\/index.php?rest_route=\/wp\/v2\/product\/14965","targetHints":{"allow":["GET"]}}],"collection":[{"href":"https:\/\/cenariosdeacucar.pt\/index.php?rest_route=\/wp\/v2\/product"}],"about":[{"href":"https:\/\/cenariosdeacucar.pt\/index.php?rest_route=\/wp\/v2\/types\/product"}],"replies":[{"embeddable":true,"href":"https:\/\/cenariosdeacucar.pt\/index.php?rest_route=%2Fwp%2Fv2%2Fcomments&post=14965"}],"wp:featuredmedia":[{"embeddable":true,"href":"https:\/\/cenariosdeacucar.pt\/index.php?rest_route=\/wp\/v2\/media\/14966"}],"wp:attachment":[{"href":"https:\/\/cenariosdeacucar.pt\/index.php?rest_route=%2Fwp%2Fv2%2Fmedia&parent=14965"}],"wp:term":[{"taxonomy":"product_brand","embeddable":true,"href":"https:\/\/cenariosdeacucar.pt\/index.php?rest_route=%2Fwp%2Fv2%2Fproduct_brand&post=14965"},{"taxonomy":"product_cat","embeddable":true,"href":"https:\/\/cenariosdeacucar.pt\/index.php?rest_route=%2Fwp%2Fv2%2Fproduct_cat&post=14965"},{"taxonomy":"product_tag","embeddable":true,"href":"https:\/\/cenariosdeacucar.pt\/index.php?rest_route=%2Fwp%2Fv2%2Fproduct_tag&post=14965"}],"curies":[{"name":"wp","href":"https:\/\/api.w.org\/{rel}","templated":true}]}}