{"id":14956,"date":"2021-11-15T00:52:28","date_gmt":"2021-11-14T23:52:28","guid":{"rendered":"https:\/\/cenariosdeacucar.pt\/?post_type=product&#038;p=14956"},"modified":"2022-11-09T13:44:16","modified_gmt":"2022-11-09T12:44:16","slug":"missanga-natalicia-ref-decacu435","status":"publish","type":"product","link":"https:\/\/cenariosdeacucar.pt\/?product=missanga-natalicia-ref-decacu435","title":{"rendered":"Missanga Natal\u00edcia Ref.: DECACU435"},"content":{"rendered":"","protected":false},"excerpt":{"rendered":"<p class=\"description\">Missangas de a\u00e7\u00facar de cores brilhantes, com aproximadamente 1mm, para decora\u00e7\u00e3o de bolos, bolachas, cupcakes, cakepops, donuts, sobremesas e outras prepara\u00e7\u00f5es. A mistura de cores natal\u00edcias vai dar um toque especial as suas cria\u00e7\u00f5es mais doces.<\/p>\n<p class=\"unit\">Frasco 75 gr<\/p>\n","protected":false},"featured_media":14957,"comment_status":"closed","ping_status":"closed","template":"","meta":[],"product_brand":[],"product_cat":[243,115,117],"product_tag":[],"class_list":{"0":"post-14956","1":"product","2":"type-product","3":"status-publish","4":"has-post-thumbnail","6":"product_cat-comestiveis-natal","7":"product_cat-epocas-especiais","8":"product_cat-natal","10":"first","11":"instock","12":"shipping-taxable","13":"purchasable","14":"product-type-simple"},"yoast_head":"<!-- This site is optimized with the Yoast SEO plugin v27.4 - https:\/\/yoast.com\/product\/yoast-seo-wordpress\/ -->\n<title>Missanga Natal\u00edcia Ref.: DECACU435 - Cen\u00e1rios de A\u00e7ucar<\/title>\n<meta name=\"robots\" content=\"index, follow, max-snippet:-1, max-image-preview:large, max-video-preview:-1\" \/>\n<link rel=\"canonical\" href=\"https:\/\/cenariosdeacucar.pt\/?product=missanga-natalicia-ref-decacu435\" \/>\n<meta property=\"og:locale\" content=\"pt_PT\" \/>\n<meta property=\"og:type\" content=\"article\" \/>\n<meta property=\"og:title\" content=\"Missanga Natal\u00edcia Ref.: DECACU435 - Cen\u00e1rios de A\u00e7ucar\" \/>\n<meta property=\"og:description\" content=\"Missangas de a\u00e7\u00facar de cores brilhantes, com aproximadamente 1mm, para decora\u00e7\u00e3o de bolos, bolachas, cupcakes, cakepops, donuts, sobremesas e outras prepara\u00e7\u00f5es. A mistura de cores natal\u00edcias vai dar um toque especial as suas cria\u00e7\u00f5es mais doces. Frasco 75 gr\" \/>\n<meta property=\"og:url\" content=\"https:\/\/cenariosdeacucar.pt\/?product=missanga-natalicia-ref-decacu435\" \/>\n<meta property=\"og:site_name\" content=\"Cen\u00e1rios de A\u00e7ucar\" \/>\n<meta property=\"article:modified_time\" content=\"2022-11-09T12:44:16+00:00\" \/>\n<meta property=\"og:image\" content=\"https:\/\/cenariosdeacucar.pt\/novo\/wp-content\/uploads\/2021\/11\/DECACU435.jpg\" \/>\n\t<meta property=\"og:image:width\" content=\"600\" \/>\n\t<meta property=\"og:image:height\" content=\"600\" \/>\n\t<meta property=\"og:image:type\" content=\"image\/jpeg\" \/>\n<meta name=\"twitter:card\" content=\"summary_large_image\" \/>\n<script type=\"application\/ld+json\" class=\"yoast-schema-graph\">{\"@context\":\"https:\\\/\\\/schema.org\",\"@graph\":[{\"@type\":\"WebPage\",\"@id\":\"https:\\\/\\\/cenariosdeacucar.pt\\\/?product=missanga-natalicia-ref-decacu435\",\"url\":\"https:\\\/\\\/cenariosdeacucar.pt\\\/?product=missanga-natalicia-ref-decacu435\",\"name\":\"Missanga Natal\u00edcia Ref.: DECACU435 - Cen\u00e1rios de A\u00e7ucar\",\"isPartOf\":{\"@id\":\"https:\\\/\\\/cenariosdeacucar.pt\\\/#website\"},\"primaryImageOfPage\":{\"@id\":\"https:\\\/\\\/cenariosdeacucar.pt\\\/?product=missanga-natalicia-ref-decacu435#primaryimage\"},\"image\":{\"@id\":\"https:\\\/\\\/cenariosdeacucar.pt\\\/?product=missanga-natalicia-ref-decacu435#primaryimage\"},\"thumbnailUrl\":\"https:\\\/\\\/cenariosdeacucar.pt\\\/novo\\\/wp-content\\\/uploads\\\/2021\\\/11\\\/DECACU435.jpg\",\"datePublished\":\"2021-11-14T23:52:28+00:00\",\"dateModified\":\"2022-11-09T12:44:16+00:00\",\"breadcrumb\":{\"@id\":\"https:\\\/\\\/cenariosdeacucar.pt\\\/?product=missanga-natalicia-ref-decacu435#breadcrumb\"},\"inLanguage\":\"pt-PT\",\"potentialAction\":[{\"@type\":\"ReadAction\",\"target\":[\"https:\\\/\\\/cenariosdeacucar.pt\\\/?product=missanga-natalicia-ref-decacu435\"]}]},{\"@type\":\"ImageObject\",\"inLanguage\":\"pt-PT\",\"@id\":\"https:\\\/\\\/cenariosdeacucar.pt\\\/?product=missanga-natalicia-ref-decacu435#primaryimage\",\"url\":\"https:\\\/\\\/cenariosdeacucar.pt\\\/novo\\\/wp-content\\\/uploads\\\/2021\\\/11\\\/DECACU435.jpg\",\"contentUrl\":\"https:\\\/\\\/cenariosdeacucar.pt\\\/novo\\\/wp-content\\\/uploads\\\/2021\\\/11\\\/DECACU435.jpg\",\"width\":600,\"height\":600},{\"@type\":\"BreadcrumbList\",\"@id\":\"https:\\\/\\\/cenariosdeacucar.pt\\\/?product=missanga-natalicia-ref-decacu435#breadcrumb\",\"itemListElement\":[{\"@type\":\"ListItem\",\"position\":1,\"name\":\"In\u00edcio\",\"item\":\"https:\\\/\\\/cenariosdeacucar.pt\\\/\"},{\"@type\":\"ListItem\",\"position\":2,\"name\":\"Produtos\",\"item\":\"https:\\\/\\\/cenariosdeacucar.pt\\\/?post_type=product\"},{\"@type\":\"ListItem\",\"position\":3,\"name\":\"Missanga Natal\u00edcia Ref.: DECACU435\"}]},{\"@type\":\"WebSite\",\"@id\":\"https:\\\/\\\/cenariosdeacucar.pt\\\/#website\",\"url\":\"https:\\\/\\\/cenariosdeacucar.pt\\\/\",\"name\":\"Cen\u00e1rios de A\u00e7ucar\",\"description\":\"Cake Design | Festas\",\"potentialAction\":[{\"@type\":\"SearchAction\",\"target\":{\"@type\":\"EntryPoint\",\"urlTemplate\":\"https:\\\/\\\/cenariosdeacucar.pt\\\/?s={search_term_string}\"},\"query-input\":{\"@type\":\"PropertyValueSpecification\",\"valueRequired\":true,\"valueName\":\"search_term_string\"}}],\"inLanguage\":\"pt-PT\"}]}<\/script>\n<!-- \/ Yoast SEO plugin. -->","yoast_head_json":{"title":"Missanga Natal\u00edcia Ref.: DECACU435 - Cen\u00e1rios de A\u00e7ucar","robots":{"index":"index","follow":"follow","max-snippet":"max-snippet:-1","max-image-preview":"max-image-preview:large","max-video-preview":"max-video-preview:-1"},"canonical":"https:\/\/cenariosdeacucar.pt\/?product=missanga-natalicia-ref-decacu435","og_locale":"pt_PT","og_type":"article","og_title":"Missanga Natal\u00edcia Ref.: DECACU435 - Cen\u00e1rios de A\u00e7ucar","og_description":"Missangas de a\u00e7\u00facar de cores brilhantes, com aproximadamente 1mm, para decora\u00e7\u00e3o de bolos, bolachas, cupcakes, cakepops, donuts, sobremesas e outras prepara\u00e7\u00f5es. A mistura de cores natal\u00edcias vai dar um toque especial as suas cria\u00e7\u00f5es mais doces. Frasco 75 gr","og_url":"https:\/\/cenariosdeacucar.pt\/?product=missanga-natalicia-ref-decacu435","og_site_name":"Cen\u00e1rios de A\u00e7ucar","article_modified_time":"2022-11-09T12:44:16+00:00","og_image":[{"width":600,"height":600,"url":"https:\/\/cenariosdeacucar.pt\/novo\/wp-content\/uploads\/2021\/11\/DECACU435.jpg","type":"image\/jpeg"}],"twitter_card":"summary_large_image","schema":{"@context":"https:\/\/schema.org","@graph":[{"@type":"WebPage","@id":"https:\/\/cenariosdeacucar.pt\/?product=missanga-natalicia-ref-decacu435","url":"https:\/\/cenariosdeacucar.pt\/?product=missanga-natalicia-ref-decacu435","name":"Missanga Natal\u00edcia Ref.: DECACU435 - Cen\u00e1rios de A\u00e7ucar","isPartOf":{"@id":"https:\/\/cenariosdeacucar.pt\/#website"},"primaryImageOfPage":{"@id":"https:\/\/cenariosdeacucar.pt\/?product=missanga-natalicia-ref-decacu435#primaryimage"},"image":{"@id":"https:\/\/cenariosdeacucar.pt\/?product=missanga-natalicia-ref-decacu435#primaryimage"},"thumbnailUrl":"https:\/\/cenariosdeacucar.pt\/novo\/wp-content\/uploads\/2021\/11\/DECACU435.jpg","datePublished":"2021-11-14T23:52:28+00:00","dateModified":"2022-11-09T12:44:16+00:00","breadcrumb":{"@id":"https:\/\/cenariosdeacucar.pt\/?product=missanga-natalicia-ref-decacu435#breadcrumb"},"inLanguage":"pt-PT","potentialAction":[{"@type":"ReadAction","target":["https:\/\/cenariosdeacucar.pt\/?product=missanga-natalicia-ref-decacu435"]}]},{"@type":"ImageObject","inLanguage":"pt-PT","@id":"https:\/\/cenariosdeacucar.pt\/?product=missanga-natalicia-ref-decacu435#primaryimage","url":"https:\/\/cenariosdeacucar.pt\/novo\/wp-content\/uploads\/2021\/11\/DECACU435.jpg","contentUrl":"https:\/\/cenariosdeacucar.pt\/novo\/wp-content\/uploads\/2021\/11\/DECACU435.jpg","width":600,"height":600},{"@type":"BreadcrumbList","@id":"https:\/\/cenariosdeacucar.pt\/?product=missanga-natalicia-ref-decacu435#breadcrumb","itemListElement":[{"@type":"ListItem","position":1,"name":"In\u00edcio","item":"https:\/\/cenariosdeacucar.pt\/"},{"@type":"ListItem","position":2,"name":"Produtos","item":"https:\/\/cenariosdeacucar.pt\/?post_type=product"},{"@type":"ListItem","position":3,"name":"Missanga Natal\u00edcia Ref.: DECACU435"}]},{"@type":"WebSite","@id":"https:\/\/cenariosdeacucar.pt\/#website","url":"https:\/\/cenariosdeacucar.pt\/","name":"Cen\u00e1rios de A\u00e7ucar","description":"Cake Design | Festas","potentialAction":[{"@type":"SearchAction","target":{"@type":"EntryPoint","urlTemplate":"https:\/\/cenariosdeacucar.pt\/?s={search_term_string}"},"query-input":{"@type":"PropertyValueSpecification","valueRequired":true,"valueName":"search_term_string"}}],"inLanguage":"pt-PT"}]}},"_links":{"self":[{"href":"https:\/\/cenariosdeacucar.pt\/index.php?rest_route=\/wp\/v2\/product\/14956","targetHints":{"allow":["GET"]}}],"collection":[{"href":"https:\/\/cenariosdeacucar.pt\/index.php?rest_route=\/wp\/v2\/product"}],"about":[{"href":"https:\/\/cenariosdeacucar.pt\/index.php?rest_route=\/wp\/v2\/types\/product"}],"replies":[{"embeddable":true,"href":"https:\/\/cenariosdeacucar.pt\/index.php?rest_route=%2Fwp%2Fv2%2Fcomments&post=14956"}],"wp:featuredmedia":[{"embeddable":true,"href":"https:\/\/cenariosdeacucar.pt\/index.php?rest_route=\/wp\/v2\/media\/14957"}],"wp:attachment":[{"href":"https:\/\/cenariosdeacucar.pt\/index.php?rest_route=%2Fwp%2Fv2%2Fmedia&parent=14956"}],"wp:term":[{"taxonomy":"product_brand","embeddable":true,"href":"https:\/\/cenariosdeacucar.pt\/index.php?rest_route=%2Fwp%2Fv2%2Fproduct_brand&post=14956"},{"taxonomy":"product_cat","embeddable":true,"href":"https:\/\/cenariosdeacucar.pt\/index.php?rest_route=%2Fwp%2Fv2%2Fproduct_cat&post=14956"},{"taxonomy":"product_tag","embeddable":true,"href":"https:\/\/cenariosdeacucar.pt\/index.php?rest_route=%2Fwp%2Fv2%2Fproduct_tag&post=14956"}],"curies":[{"name":"wp","href":"https:\/\/api.w.org\/{rel}","templated":true}]}}