{"id":14873,"date":"2021-10-25T23:38:33","date_gmt":"2021-10-25T22:38:33","guid":{"rendered":"https:\/\/cenariosdeacucar.pt\/?post_type=product&#038;p=14873"},"modified":"2025-01-15T16:03:31","modified_gmt":"2025-01-15T15:03:31","slug":"forma-bolo-24cm-decora","status":"publish","type":"product","link":"https:\/\/cenariosdeacucar.pt\/?product=forma-bolo-24cm-decora","title":{"rendered":"FORMA BOLO 24CM DECORA"},"content":{"rendered":"","protected":false},"excerpt":{"rendered":"<p class=\"gt-block\"><strong>cor<\/strong>: Champanhe<\/p>\n<p>Em alum\u00ednio fundido de alta qualidade, um material que garante a m\u00e1xima resist\u00eancia ao desgaste e antiader\u00eancia absoluta. Ideal para fazer prepara\u00e7\u00f5es doces e salgadas com formas perfeitas.<\/p>\n","protected":false},"featured_media":14875,"comment_status":"closed","ping_status":"closed","template":"","meta":[],"product_brand":[],"product_cat":[158,115,159,245,117],"product_tag":[],"class_list":{"0":"post-14873","1":"product","2":"type-product","3":"status-publish","4":"has-post-thumbnail","6":"product_cat-cakedesign","7":"product_cat-epocas-especiais","8":"product_cat-formas-de-bolos","9":"product_cat-formas","10":"product_cat-natal","12":"first","13":"instock","14":"shipping-taxable","15":"purchasable","16":"product-type-simple"},"yoast_head":"<!-- This site is optimized with the Yoast SEO plugin v27.4 - https:\/\/yoast.com\/product\/yoast-seo-wordpress\/ -->\n<title>FORMA BOLO 24CM DECORA - Cen\u00e1rios de A\u00e7ucar<\/title>\n<meta name=\"robots\" content=\"index, follow, max-snippet:-1, max-image-preview:large, max-video-preview:-1\" \/>\n<link rel=\"canonical\" href=\"https:\/\/cenariosdeacucar.pt\/?product=forma-bolo-24cm-decora\" \/>\n<meta property=\"og:locale\" content=\"pt_PT\" \/>\n<meta property=\"og:type\" content=\"article\" \/>\n<meta property=\"og:title\" content=\"FORMA BOLO 24CM DECORA - Cen\u00e1rios de A\u00e7ucar\" \/>\n<meta property=\"og:description\" content=\"cor: Champanhe Em alum\u00ednio fundido de alta qualidade, um material que garante a m\u00e1xima resist\u00eancia ao desgaste e antiader\u00eancia absoluta. Ideal para fazer prepara\u00e7\u00f5es doces e salgadas com formas perfeitas.\" \/>\n<meta property=\"og:url\" content=\"https:\/\/cenariosdeacucar.pt\/?product=forma-bolo-24cm-decora\" \/>\n<meta property=\"og:site_name\" content=\"Cen\u00e1rios de A\u00e7ucar\" \/>\n<meta property=\"article:modified_time\" content=\"2025-01-15T15:03:31+00:00\" \/>\n<meta property=\"og:image\" content=\"https:\/\/cenariosdeacucar.pt\/novo\/wp-content\/uploads\/2021\/10\/0080111_amb-210x270-1.jpg\" \/>\n\t<meta property=\"og:image:width\" content=\"210\" \/>\n\t<meta property=\"og:image:height\" content=\"270\" \/>\n\t<meta property=\"og:image:type\" content=\"image\/jpeg\" \/>\n<meta name=\"twitter:card\" content=\"summary_large_image\" \/>\n<meta name=\"twitter:label1\" content=\"Tempo estimado de leitura\" \/>\n\t<meta name=\"twitter:data1\" content=\"1 minuto\" \/>\n<script type=\"application\/ld+json\" class=\"yoast-schema-graph\">{\"@context\":\"https:\\\/\\\/schema.org\",\"@graph\":[{\"@type\":\"WebPage\",\"@id\":\"https:\\\/\\\/cenariosdeacucar.pt\\\/?product=forma-bolo-24cm-decora\",\"url\":\"https:\\\/\\\/cenariosdeacucar.pt\\\/?product=forma-bolo-24cm-decora\",\"name\":\"FORMA BOLO 24CM DECORA - Cen\u00e1rios de A\u00e7ucar\",\"isPartOf\":{\"@id\":\"https:\\\/\\\/cenariosdeacucar.pt\\\/#website\"},\"primaryImageOfPage\":{\"@id\":\"https:\\\/\\\/cenariosdeacucar.pt\\\/?product=forma-bolo-24cm-decora#primaryimage\"},\"image\":{\"@id\":\"https:\\\/\\\/cenariosdeacucar.pt\\\/?product=forma-bolo-24cm-decora#primaryimage\"},\"thumbnailUrl\":\"https:\\\/\\\/cenariosdeacucar.pt\\\/novo\\\/wp-content\\\/uploads\\\/2021\\\/10\\\/0080111_amb-210x270-1.jpg\",\"datePublished\":\"2021-10-25T22:38:33+00:00\",\"dateModified\":\"2025-01-15T15:03:31+00:00\",\"breadcrumb\":{\"@id\":\"https:\\\/\\\/cenariosdeacucar.pt\\\/?product=forma-bolo-24cm-decora#breadcrumb\"},\"inLanguage\":\"pt-PT\",\"potentialAction\":[{\"@type\":\"ReadAction\",\"target\":[\"https:\\\/\\\/cenariosdeacucar.pt\\\/?product=forma-bolo-24cm-decora\"]}]},{\"@type\":\"ImageObject\",\"inLanguage\":\"pt-PT\",\"@id\":\"https:\\\/\\\/cenariosdeacucar.pt\\\/?product=forma-bolo-24cm-decora#primaryimage\",\"url\":\"https:\\\/\\\/cenariosdeacucar.pt\\\/novo\\\/wp-content\\\/uploads\\\/2021\\\/10\\\/0080111_amb-210x270-1.jpg\",\"contentUrl\":\"https:\\\/\\\/cenariosdeacucar.pt\\\/novo\\\/wp-content\\\/uploads\\\/2021\\\/10\\\/0080111_amb-210x270-1.jpg\",\"width\":210,\"height\":270},{\"@type\":\"BreadcrumbList\",\"@id\":\"https:\\\/\\\/cenariosdeacucar.pt\\\/?product=forma-bolo-24cm-decora#breadcrumb\",\"itemListElement\":[{\"@type\":\"ListItem\",\"position\":1,\"name\":\"In\u00edcio\",\"item\":\"https:\\\/\\\/cenariosdeacucar.pt\\\/\"},{\"@type\":\"ListItem\",\"position\":2,\"name\":\"Produtos\",\"item\":\"https:\\\/\\\/cenariosdeacucar.pt\\\/?post_type=product\"},{\"@type\":\"ListItem\",\"position\":3,\"name\":\"FORMA BOLO 24CM DECORA\"}]},{\"@type\":\"WebSite\",\"@id\":\"https:\\\/\\\/cenariosdeacucar.pt\\\/#website\",\"url\":\"https:\\\/\\\/cenariosdeacucar.pt\\\/\",\"name\":\"Cen\u00e1rios de A\u00e7ucar\",\"description\":\"Cake Design | Festas\",\"potentialAction\":[{\"@type\":\"SearchAction\",\"target\":{\"@type\":\"EntryPoint\",\"urlTemplate\":\"https:\\\/\\\/cenariosdeacucar.pt\\\/?s={search_term_string}\"},\"query-input\":{\"@type\":\"PropertyValueSpecification\",\"valueRequired\":true,\"valueName\":\"search_term_string\"}}],\"inLanguage\":\"pt-PT\"}]}<\/script>\n<!-- \/ Yoast SEO plugin. -->","yoast_head_json":{"title":"FORMA BOLO 24CM DECORA - Cen\u00e1rios de A\u00e7ucar","robots":{"index":"index","follow":"follow","max-snippet":"max-snippet:-1","max-image-preview":"max-image-preview:large","max-video-preview":"max-video-preview:-1"},"canonical":"https:\/\/cenariosdeacucar.pt\/?product=forma-bolo-24cm-decora","og_locale":"pt_PT","og_type":"article","og_title":"FORMA BOLO 24CM DECORA - Cen\u00e1rios de A\u00e7ucar","og_description":"cor: Champanhe Em alum\u00ednio fundido de alta qualidade, um material que garante a m\u00e1xima resist\u00eancia ao desgaste e antiader\u00eancia absoluta. Ideal para fazer prepara\u00e7\u00f5es doces e salgadas com formas perfeitas.","og_url":"https:\/\/cenariosdeacucar.pt\/?product=forma-bolo-24cm-decora","og_site_name":"Cen\u00e1rios de A\u00e7ucar","article_modified_time":"2025-01-15T15:03:31+00:00","og_image":[{"width":210,"height":270,"url":"https:\/\/cenariosdeacucar.pt\/novo\/wp-content\/uploads\/2021\/10\/0080111_amb-210x270-1.jpg","type":"image\/jpeg"}],"twitter_card":"summary_large_image","twitter_misc":{"Tempo estimado de leitura":"1 minuto"},"schema":{"@context":"https:\/\/schema.org","@graph":[{"@type":"WebPage","@id":"https:\/\/cenariosdeacucar.pt\/?product=forma-bolo-24cm-decora","url":"https:\/\/cenariosdeacucar.pt\/?product=forma-bolo-24cm-decora","name":"FORMA BOLO 24CM DECORA - Cen\u00e1rios de A\u00e7ucar","isPartOf":{"@id":"https:\/\/cenariosdeacucar.pt\/#website"},"primaryImageOfPage":{"@id":"https:\/\/cenariosdeacucar.pt\/?product=forma-bolo-24cm-decora#primaryimage"},"image":{"@id":"https:\/\/cenariosdeacucar.pt\/?product=forma-bolo-24cm-decora#primaryimage"},"thumbnailUrl":"https:\/\/cenariosdeacucar.pt\/novo\/wp-content\/uploads\/2021\/10\/0080111_amb-210x270-1.jpg","datePublished":"2021-10-25T22:38:33+00:00","dateModified":"2025-01-15T15:03:31+00:00","breadcrumb":{"@id":"https:\/\/cenariosdeacucar.pt\/?product=forma-bolo-24cm-decora#breadcrumb"},"inLanguage":"pt-PT","potentialAction":[{"@type":"ReadAction","target":["https:\/\/cenariosdeacucar.pt\/?product=forma-bolo-24cm-decora"]}]},{"@type":"ImageObject","inLanguage":"pt-PT","@id":"https:\/\/cenariosdeacucar.pt\/?product=forma-bolo-24cm-decora#primaryimage","url":"https:\/\/cenariosdeacucar.pt\/novo\/wp-content\/uploads\/2021\/10\/0080111_amb-210x270-1.jpg","contentUrl":"https:\/\/cenariosdeacucar.pt\/novo\/wp-content\/uploads\/2021\/10\/0080111_amb-210x270-1.jpg","width":210,"height":270},{"@type":"BreadcrumbList","@id":"https:\/\/cenariosdeacucar.pt\/?product=forma-bolo-24cm-decora#breadcrumb","itemListElement":[{"@type":"ListItem","position":1,"name":"In\u00edcio","item":"https:\/\/cenariosdeacucar.pt\/"},{"@type":"ListItem","position":2,"name":"Produtos","item":"https:\/\/cenariosdeacucar.pt\/?post_type=product"},{"@type":"ListItem","position":3,"name":"FORMA BOLO 24CM DECORA"}]},{"@type":"WebSite","@id":"https:\/\/cenariosdeacucar.pt\/#website","url":"https:\/\/cenariosdeacucar.pt\/","name":"Cen\u00e1rios de A\u00e7ucar","description":"Cake Design | Festas","potentialAction":[{"@type":"SearchAction","target":{"@type":"EntryPoint","urlTemplate":"https:\/\/cenariosdeacucar.pt\/?s={search_term_string}"},"query-input":{"@type":"PropertyValueSpecification","valueRequired":true,"valueName":"search_term_string"}}],"inLanguage":"pt-PT"}]}},"_links":{"self":[{"href":"https:\/\/cenariosdeacucar.pt\/index.php?rest_route=\/wp\/v2\/product\/14873","targetHints":{"allow":["GET"]}}],"collection":[{"href":"https:\/\/cenariosdeacucar.pt\/index.php?rest_route=\/wp\/v2\/product"}],"about":[{"href":"https:\/\/cenariosdeacucar.pt\/index.php?rest_route=\/wp\/v2\/types\/product"}],"replies":[{"embeddable":true,"href":"https:\/\/cenariosdeacucar.pt\/index.php?rest_route=%2Fwp%2Fv2%2Fcomments&post=14873"}],"wp:featuredmedia":[{"embeddable":true,"href":"https:\/\/cenariosdeacucar.pt\/index.php?rest_route=\/wp\/v2\/media\/14875"}],"wp:attachment":[{"href":"https:\/\/cenariosdeacucar.pt\/index.php?rest_route=%2Fwp%2Fv2%2Fmedia&parent=14873"}],"wp:term":[{"taxonomy":"product_brand","embeddable":true,"href":"https:\/\/cenariosdeacucar.pt\/index.php?rest_route=%2Fwp%2Fv2%2Fproduct_brand&post=14873"},{"taxonomy":"product_cat","embeddable":true,"href":"https:\/\/cenariosdeacucar.pt\/index.php?rest_route=%2Fwp%2Fv2%2Fproduct_cat&post=14873"},{"taxonomy":"product_tag","embeddable":true,"href":"https:\/\/cenariosdeacucar.pt\/index.php?rest_route=%2Fwp%2Fv2%2Fproduct_tag&post=14873"}],"curies":[{"name":"wp","href":"https:\/\/api.w.org\/{rel}","templated":true}]}}