{"id":14777,"date":"2021-09-20T19:02:45","date_gmt":"2021-09-20T18:02:45","guid":{"rendered":"https:\/\/cenariosdeacucar.pt\/?post_type=product&#038;p=14777"},"modified":"2026-02-25T13:49:38","modified_gmt":"2026-02-25T12:49:38","slug":"bolo-neutro","status":"publish","type":"product","link":"https:\/\/cenariosdeacucar.pt\/?product=bolo-neutro","title":{"rendered":"Bolo Neutro 500gr"},"content":{"rendered":"<p><strong>Modo de prepara\u00e7\u00e3o<\/strong><\/p>\n<p>Preparado BOLO NEUTRO + Ovos + \u00d3leo + \u00c1gua<\/p>\n<p>1. Misture todos os ingredientes at\u00e9 estarem bem integrados e a massa homog\u00e9nea.<\/p>\n<p>2. Deposite a massa numa forma.<\/p>\n<p>3. Leve ao forno.<\/p>\n<p><strong>Composi\u00e7\u00e3o:<\/strong> Ac\u0327u\u0301car, farinha de trigo, amido de trigo, soro de leite, levedantes (E450i, E500ii), amido de batata, gordura vegetal (girassol), emulsionante (E472e, E170, E551, E481, E417, E332), glu\u0301ten de trigo, sal, estabilizadores (E466, E412), aroma e enzima.<\/p>\n<div class=\"page\" title=\"Page 1\">\n<div class=\"layoutArea\">\n<div class=\"column\">\n<p>Pode conter vesti\u0301gios de ovos, soja, frutos de casca rija e sementes de se\u0301samo.<\/p>\n<\/div>\n<\/div>\n<\/div>\n","protected":false},"excerpt":{"rendered":"<p class=\"description\">Preparado em p\u00f3 para elabora\u00e7\u00e3o de bolos, cupcakes, tortas, crinkles e outras receitas. Uma excelente base de trabalho que poder\u00e1 transformar ao sabor da sua imagina\u00e7\u00e3o.<\/p>\n<p class=\"description\">&#8211; F\u00e1cil prepara\u00e7\u00e3o;<\/p>\n<p class=\"description\">&#8211; Sabor intenso;<\/p>\n<p class=\"description\">&#8211; Vers\u00e1til;<\/p>\n<p class=\"description\">&#8211; Textura resistente;<\/p>\n<p class=\"description\">&#8211; Est\u00e1vel \u00e0 congela\u00e7\u00e3o;<\/p>\n<p class=\"description\">&#8211; Frescura prolongada;<\/p>\n<p class=\"description\">&#8211; Excelente humidade.<\/p>\n<p class=\"unit\">Saco 500 gr<\/p>\n","protected":false},"featured_media":14778,"comment_status":"closed","ping_status":"closed","template":"","meta":[],"product_brand":[],"product_cat":[142,143],"product_tag":[],"class_list":{"0":"post-14777","1":"product","2":"type-product","3":"status-publish","4":"has-post-thumbnail","6":"product_cat-comestiveis","7":"product_cat-preparados-para-bolos","9":"first","10":"instock","11":"shipping-taxable","12":"purchasable","13":"product-type-simple"},"yoast_head":"<!-- This site is optimized with the Yoast SEO plugin v27.4 - https:\/\/yoast.com\/product\/yoast-seo-wordpress\/ -->\n<title>Bolo Neutro 500gr - Cen\u00e1rios de A\u00e7ucar<\/title>\n<meta name=\"robots\" content=\"index, follow, max-snippet:-1, max-image-preview:large, max-video-preview:-1\" \/>\n<link rel=\"canonical\" href=\"https:\/\/cenariosdeacucar.pt\/?product=bolo-neutro\" \/>\n<meta property=\"og:locale\" content=\"pt_PT\" \/>\n<meta property=\"og:type\" content=\"article\" \/>\n<meta property=\"og:title\" content=\"Bolo Neutro 500gr - Cen\u00e1rios de A\u00e7ucar\" \/>\n<meta property=\"og:description\" content=\"Preparado em p\u00f3 para elabora\u00e7\u00e3o de bolos, cupcakes, tortas, crinkles e outras receitas. Uma excelente base de trabalho que poder\u00e1 transformar ao sabor da sua imagina\u00e7\u00e3o. - F\u00e1cil prepara\u00e7\u00e3o; - Sabor intenso; - Vers\u00e1til; - Textura resistente; - Est\u00e1vel \u00e0 congela\u00e7\u00e3o; - Frescura prolongada; - Excelente humidade. Saco 500 gr\" \/>\n<meta property=\"og:url\" content=\"https:\/\/cenariosdeacucar.pt\/?product=bolo-neutro\" \/>\n<meta property=\"og:site_name\" content=\"Cen\u00e1rios de A\u00e7ucar\" \/>\n<meta property=\"article:modified_time\" content=\"2026-02-25T12:49:38+00:00\" \/>\n<meta property=\"og:image\" content=\"https:\/\/cenariosdeacucar.pt\/novo\/wp-content\/uploads\/2021\/09\/PREBOL005.jpg\" \/>\n\t<meta property=\"og:image:width\" content=\"600\" \/>\n\t<meta property=\"og:image:height\" content=\"600\" \/>\n\t<meta property=\"og:image:type\" content=\"image\/jpeg\" \/>\n<meta name=\"twitter:card\" content=\"summary_large_image\" \/>\n<meta name=\"twitter:label1\" content=\"Tempo estimado de leitura\" \/>\n\t<meta name=\"twitter:data1\" content=\"1 minuto\" \/>\n<script type=\"application\/ld+json\" class=\"yoast-schema-graph\">{\"@context\":\"https:\\\/\\\/schema.org\",\"@graph\":[{\"@type\":\"WebPage\",\"@id\":\"https:\\\/\\\/cenariosdeacucar.pt\\\/?product=bolo-neutro\",\"url\":\"https:\\\/\\\/cenariosdeacucar.pt\\\/?product=bolo-neutro\",\"name\":\"Bolo Neutro 500gr - Cen\u00e1rios de A\u00e7ucar\",\"isPartOf\":{\"@id\":\"https:\\\/\\\/cenariosdeacucar.pt\\\/#website\"},\"primaryImageOfPage\":{\"@id\":\"https:\\\/\\\/cenariosdeacucar.pt\\\/?product=bolo-neutro#primaryimage\"},\"image\":{\"@id\":\"https:\\\/\\\/cenariosdeacucar.pt\\\/?product=bolo-neutro#primaryimage\"},\"thumbnailUrl\":\"https:\\\/\\\/cenariosdeacucar.pt\\\/novo\\\/wp-content\\\/uploads\\\/2021\\\/09\\\/PREBOL005.jpg\",\"datePublished\":\"2021-09-20T18:02:45+00:00\",\"dateModified\":\"2026-02-25T12:49:38+00:00\",\"breadcrumb\":{\"@id\":\"https:\\\/\\\/cenariosdeacucar.pt\\\/?product=bolo-neutro#breadcrumb\"},\"inLanguage\":\"pt-PT\",\"potentialAction\":[{\"@type\":\"ReadAction\",\"target\":[\"https:\\\/\\\/cenariosdeacucar.pt\\\/?product=bolo-neutro\"]}]},{\"@type\":\"ImageObject\",\"inLanguage\":\"pt-PT\",\"@id\":\"https:\\\/\\\/cenariosdeacucar.pt\\\/?product=bolo-neutro#primaryimage\",\"url\":\"https:\\\/\\\/cenariosdeacucar.pt\\\/novo\\\/wp-content\\\/uploads\\\/2021\\\/09\\\/PREBOL005.jpg\",\"contentUrl\":\"https:\\\/\\\/cenariosdeacucar.pt\\\/novo\\\/wp-content\\\/uploads\\\/2021\\\/09\\\/PREBOL005.jpg\",\"width\":600,\"height\":600},{\"@type\":\"BreadcrumbList\",\"@id\":\"https:\\\/\\\/cenariosdeacucar.pt\\\/?product=bolo-neutro#breadcrumb\",\"itemListElement\":[{\"@type\":\"ListItem\",\"position\":1,\"name\":\"In\u00edcio\",\"item\":\"https:\\\/\\\/cenariosdeacucar.pt\\\/\"},{\"@type\":\"ListItem\",\"position\":2,\"name\":\"Produtos\",\"item\":\"https:\\\/\\\/cenariosdeacucar.pt\\\/?post_type=product\"},{\"@type\":\"ListItem\",\"position\":3,\"name\":\"Bolo Neutro 500gr\"}]},{\"@type\":\"WebSite\",\"@id\":\"https:\\\/\\\/cenariosdeacucar.pt\\\/#website\",\"url\":\"https:\\\/\\\/cenariosdeacucar.pt\\\/\",\"name\":\"Cen\u00e1rios de A\u00e7ucar\",\"description\":\"Cake Design | Festas\",\"potentialAction\":[{\"@type\":\"SearchAction\",\"target\":{\"@type\":\"EntryPoint\",\"urlTemplate\":\"https:\\\/\\\/cenariosdeacucar.pt\\\/?s={search_term_string}\"},\"query-input\":{\"@type\":\"PropertyValueSpecification\",\"valueRequired\":true,\"valueName\":\"search_term_string\"}}],\"inLanguage\":\"pt-PT\"}]}<\/script>\n<!-- \/ Yoast SEO plugin. -->","yoast_head_json":{"title":"Bolo Neutro 500gr - Cen\u00e1rios de A\u00e7ucar","robots":{"index":"index","follow":"follow","max-snippet":"max-snippet:-1","max-image-preview":"max-image-preview:large","max-video-preview":"max-video-preview:-1"},"canonical":"https:\/\/cenariosdeacucar.pt\/?product=bolo-neutro","og_locale":"pt_PT","og_type":"article","og_title":"Bolo Neutro 500gr - Cen\u00e1rios de A\u00e7ucar","og_description":"Preparado em p\u00f3 para elabora\u00e7\u00e3o de bolos, cupcakes, tortas, crinkles e outras receitas. Uma excelente base de trabalho que poder\u00e1 transformar ao sabor da sua imagina\u00e7\u00e3o. - F\u00e1cil prepara\u00e7\u00e3o; - Sabor intenso; - Vers\u00e1til; - Textura resistente; - Est\u00e1vel \u00e0 congela\u00e7\u00e3o; - Frescura prolongada; - Excelente humidade. Saco 500 gr","og_url":"https:\/\/cenariosdeacucar.pt\/?product=bolo-neutro","og_site_name":"Cen\u00e1rios de A\u00e7ucar","article_modified_time":"2026-02-25T12:49:38+00:00","og_image":[{"width":600,"height":600,"url":"https:\/\/cenariosdeacucar.pt\/novo\/wp-content\/uploads\/2021\/09\/PREBOL005.jpg","type":"image\/jpeg"}],"twitter_card":"summary_large_image","twitter_misc":{"Tempo estimado de leitura":"1 minuto"},"schema":{"@context":"https:\/\/schema.org","@graph":[{"@type":"WebPage","@id":"https:\/\/cenariosdeacucar.pt\/?product=bolo-neutro","url":"https:\/\/cenariosdeacucar.pt\/?product=bolo-neutro","name":"Bolo Neutro 500gr - Cen\u00e1rios de A\u00e7ucar","isPartOf":{"@id":"https:\/\/cenariosdeacucar.pt\/#website"},"primaryImageOfPage":{"@id":"https:\/\/cenariosdeacucar.pt\/?product=bolo-neutro#primaryimage"},"image":{"@id":"https:\/\/cenariosdeacucar.pt\/?product=bolo-neutro#primaryimage"},"thumbnailUrl":"https:\/\/cenariosdeacucar.pt\/novo\/wp-content\/uploads\/2021\/09\/PREBOL005.jpg","datePublished":"2021-09-20T18:02:45+00:00","dateModified":"2026-02-25T12:49:38+00:00","breadcrumb":{"@id":"https:\/\/cenariosdeacucar.pt\/?product=bolo-neutro#breadcrumb"},"inLanguage":"pt-PT","potentialAction":[{"@type":"ReadAction","target":["https:\/\/cenariosdeacucar.pt\/?product=bolo-neutro"]}]},{"@type":"ImageObject","inLanguage":"pt-PT","@id":"https:\/\/cenariosdeacucar.pt\/?product=bolo-neutro#primaryimage","url":"https:\/\/cenariosdeacucar.pt\/novo\/wp-content\/uploads\/2021\/09\/PREBOL005.jpg","contentUrl":"https:\/\/cenariosdeacucar.pt\/novo\/wp-content\/uploads\/2021\/09\/PREBOL005.jpg","width":600,"height":600},{"@type":"BreadcrumbList","@id":"https:\/\/cenariosdeacucar.pt\/?product=bolo-neutro#breadcrumb","itemListElement":[{"@type":"ListItem","position":1,"name":"In\u00edcio","item":"https:\/\/cenariosdeacucar.pt\/"},{"@type":"ListItem","position":2,"name":"Produtos","item":"https:\/\/cenariosdeacucar.pt\/?post_type=product"},{"@type":"ListItem","position":3,"name":"Bolo Neutro 500gr"}]},{"@type":"WebSite","@id":"https:\/\/cenariosdeacucar.pt\/#website","url":"https:\/\/cenariosdeacucar.pt\/","name":"Cen\u00e1rios de A\u00e7ucar","description":"Cake Design | Festas","potentialAction":[{"@type":"SearchAction","target":{"@type":"EntryPoint","urlTemplate":"https:\/\/cenariosdeacucar.pt\/?s={search_term_string}"},"query-input":{"@type":"PropertyValueSpecification","valueRequired":true,"valueName":"search_term_string"}}],"inLanguage":"pt-PT"}]}},"_links":{"self":[{"href":"https:\/\/cenariosdeacucar.pt\/index.php?rest_route=\/wp\/v2\/product\/14777","targetHints":{"allow":["GET"]}}],"collection":[{"href":"https:\/\/cenariosdeacucar.pt\/index.php?rest_route=\/wp\/v2\/product"}],"about":[{"href":"https:\/\/cenariosdeacucar.pt\/index.php?rest_route=\/wp\/v2\/types\/product"}],"replies":[{"embeddable":true,"href":"https:\/\/cenariosdeacucar.pt\/index.php?rest_route=%2Fwp%2Fv2%2Fcomments&post=14777"}],"wp:featuredmedia":[{"embeddable":true,"href":"https:\/\/cenariosdeacucar.pt\/index.php?rest_route=\/wp\/v2\/media\/14778"}],"wp:attachment":[{"href":"https:\/\/cenariosdeacucar.pt\/index.php?rest_route=%2Fwp%2Fv2%2Fmedia&parent=14777"}],"wp:term":[{"taxonomy":"product_brand","embeddable":true,"href":"https:\/\/cenariosdeacucar.pt\/index.php?rest_route=%2Fwp%2Fv2%2Fproduct_brand&post=14777"},{"taxonomy":"product_cat","embeddable":true,"href":"https:\/\/cenariosdeacucar.pt\/index.php?rest_route=%2Fwp%2Fv2%2Fproduct_cat&post=14777"},{"taxonomy":"product_tag","embeddable":true,"href":"https:\/\/cenariosdeacucar.pt\/index.php?rest_route=%2Fwp%2Fv2%2Fproduct_tag&post=14777"}],"curies":[{"name":"wp","href":"https:\/\/api.w.org\/{rel}","templated":true}]}}