{"id":14577,"date":"2021-07-06T19:03:02","date_gmt":"2021-07-06T18:03:02","guid":{"rendered":"https:\/\/cenariosdeacucar.pt\/?post_type=product&#038;p=14577"},"modified":"2025-05-13T23:02:35","modified_gmt":"2025-05-13T22:02:35","slug":"copo-papel-queques-cupcake-rosa-ouro-2","status":"publish","type":"product","link":"https:\/\/cenariosdeacucar.pt\/?product=copo-papel-queques-cupcake-rosa-ouro-2","title":{"rendered":"C\u00e1psulas Cupcake Rosa &#038; Ouro"},"content":{"rendered":"","protected":false},"excerpt":{"rendered":"<p>C\u00e1psulas para cupcakes. Vai ao forno sem necessidade de forma r\u00edgida.<\/p>\n<p>O seu revestimento mant\u00e9m a cor inalter\u00e1vel ap\u00f3s a cozedura.<\/p>\n<p>Super vers\u00e1teis, tamb\u00e9m pode utilizar para servir mousses, gelatinas, marshmallows, panna cotta, gomas, pipocas e pequenos doces.<\/p>\n<p>Unid. 24<\/p>\n","protected":false},"featured_media":17361,"comment_status":"closed","ping_status":"closed","template":"","meta":[],"product_brand":[],"product_cat":[158,125,160,127],"product_tag":[],"class_list":{"0":"post-14577","1":"product","2":"type-product","3":"status-publish","4":"has-post-thumbnail","6":"product_cat-cakedesign","7":"product_cat-cores","8":"product_cat-formas-de-papel","9":"product_cat-rosa","11":"first","12":"instock","13":"shipping-taxable","14":"purchasable","15":"product-type-simple"},"yoast_head":"<!-- This site is optimized with the Yoast SEO plugin v27.4 - https:\/\/yoast.com\/product\/yoast-seo-wordpress\/ -->\n<title>C\u00e1psulas Cupcake Rosa &amp; Ouro - Cen\u00e1rios de A\u00e7ucar<\/title>\n<meta name=\"robots\" content=\"index, follow, max-snippet:-1, max-image-preview:large, max-video-preview:-1\" \/>\n<link rel=\"canonical\" href=\"https:\/\/cenariosdeacucar.pt\/?product=copo-papel-queques-cupcake-rosa-ouro-2\" \/>\n<meta property=\"og:locale\" content=\"pt_PT\" \/>\n<meta property=\"og:type\" content=\"article\" \/>\n<meta property=\"og:title\" content=\"C\u00e1psulas Cupcake Rosa &amp; Ouro - Cen\u00e1rios de A\u00e7ucar\" \/>\n<meta property=\"og:description\" content=\"C\u00e1psulas para cupcakes. Vai ao forno sem necessidade de forma r\u00edgida.  O seu revestimento mant\u00e9m a cor inalter\u00e1vel ap\u00f3s a cozedura.  Super vers\u00e1teis, tamb\u00e9m pode utilizar para servir mousses, gelatinas, marshmallows, panna cotta, gomas, pipocas e pequenos doces.  Unid. 24\" \/>\n<meta property=\"og:url\" content=\"https:\/\/cenariosdeacucar.pt\/?product=copo-papel-queques-cupcake-rosa-ouro-2\" \/>\n<meta property=\"og:site_name\" content=\"Cen\u00e1rios de A\u00e7ucar\" \/>\n<meta property=\"article:modified_time\" content=\"2025-05-13T22:02:35+00:00\" \/>\n<meta property=\"og:image\" content=\"https:\/\/cenariosdeacucar.pt\/novo\/wp-content\/uploads\/2021\/07\/EMBFOR020.jpg\" \/>\n\t<meta property=\"og:image:width\" content=\"2501\" \/>\n\t<meta property=\"og:image:height\" content=\"2501\" \/>\n\t<meta property=\"og:image:type\" content=\"image\/jpeg\" \/>\n<meta name=\"twitter:card\" content=\"summary_large_image\" \/>\n<meta name=\"twitter:label1\" content=\"Tempo estimado de leitura\" \/>\n\t<meta name=\"twitter:data1\" content=\"1 minuto\" \/>\n<script type=\"application\/ld+json\" class=\"yoast-schema-graph\">{\"@context\":\"https:\\\/\\\/schema.org\",\"@graph\":[{\"@type\":\"WebPage\",\"@id\":\"https:\\\/\\\/cenariosdeacucar.pt\\\/?product=copo-papel-queques-cupcake-rosa-ouro-2\",\"url\":\"https:\\\/\\\/cenariosdeacucar.pt\\\/?product=copo-papel-queques-cupcake-rosa-ouro-2\",\"name\":\"C\u00e1psulas Cupcake Rosa & Ouro - Cen\u00e1rios de A\u00e7ucar\",\"isPartOf\":{\"@id\":\"https:\\\/\\\/cenariosdeacucar.pt\\\/#website\"},\"primaryImageOfPage\":{\"@id\":\"https:\\\/\\\/cenariosdeacucar.pt\\\/?product=copo-papel-queques-cupcake-rosa-ouro-2#primaryimage\"},\"image\":{\"@id\":\"https:\\\/\\\/cenariosdeacucar.pt\\\/?product=copo-papel-queques-cupcake-rosa-ouro-2#primaryimage\"},\"thumbnailUrl\":\"https:\\\/\\\/cenariosdeacucar.pt\\\/novo\\\/wp-content\\\/uploads\\\/2021\\\/07\\\/EMBFOR020.jpg\",\"datePublished\":\"2021-07-06T18:03:02+00:00\",\"dateModified\":\"2025-05-13T22:02:35+00:00\",\"breadcrumb\":{\"@id\":\"https:\\\/\\\/cenariosdeacucar.pt\\\/?product=copo-papel-queques-cupcake-rosa-ouro-2#breadcrumb\"},\"inLanguage\":\"pt-PT\",\"potentialAction\":[{\"@type\":\"ReadAction\",\"target\":[\"https:\\\/\\\/cenariosdeacucar.pt\\\/?product=copo-papel-queques-cupcake-rosa-ouro-2\"]}]},{\"@type\":\"ImageObject\",\"inLanguage\":\"pt-PT\",\"@id\":\"https:\\\/\\\/cenariosdeacucar.pt\\\/?product=copo-papel-queques-cupcake-rosa-ouro-2#primaryimage\",\"url\":\"https:\\\/\\\/cenariosdeacucar.pt\\\/novo\\\/wp-content\\\/uploads\\\/2021\\\/07\\\/EMBFOR020.jpg\",\"contentUrl\":\"https:\\\/\\\/cenariosdeacucar.pt\\\/novo\\\/wp-content\\\/uploads\\\/2021\\\/07\\\/EMBFOR020.jpg\",\"width\":2501,\"height\":2501},{\"@type\":\"BreadcrumbList\",\"@id\":\"https:\\\/\\\/cenariosdeacucar.pt\\\/?product=copo-papel-queques-cupcake-rosa-ouro-2#breadcrumb\",\"itemListElement\":[{\"@type\":\"ListItem\",\"position\":1,\"name\":\"In\u00edcio\",\"item\":\"https:\\\/\\\/cenariosdeacucar.pt\\\/\"},{\"@type\":\"ListItem\",\"position\":2,\"name\":\"Produtos\",\"item\":\"https:\\\/\\\/cenariosdeacucar.pt\\\/?post_type=product\"},{\"@type\":\"ListItem\",\"position\":3,\"name\":\"C\u00e1psulas Cupcake Rosa &#038; Ouro\"}]},{\"@type\":\"WebSite\",\"@id\":\"https:\\\/\\\/cenariosdeacucar.pt\\\/#website\",\"url\":\"https:\\\/\\\/cenariosdeacucar.pt\\\/\",\"name\":\"Cen\u00e1rios de A\u00e7ucar\",\"description\":\"Cake Design | Festas\",\"potentialAction\":[{\"@type\":\"SearchAction\",\"target\":{\"@type\":\"EntryPoint\",\"urlTemplate\":\"https:\\\/\\\/cenariosdeacucar.pt\\\/?s={search_term_string}\"},\"query-input\":{\"@type\":\"PropertyValueSpecification\",\"valueRequired\":true,\"valueName\":\"search_term_string\"}}],\"inLanguage\":\"pt-PT\"}]}<\/script>\n<!-- \/ Yoast SEO plugin. -->","yoast_head_json":{"title":"C\u00e1psulas Cupcake Rosa & Ouro - Cen\u00e1rios de A\u00e7ucar","robots":{"index":"index","follow":"follow","max-snippet":"max-snippet:-1","max-image-preview":"max-image-preview:large","max-video-preview":"max-video-preview:-1"},"canonical":"https:\/\/cenariosdeacucar.pt\/?product=copo-papel-queques-cupcake-rosa-ouro-2","og_locale":"pt_PT","og_type":"article","og_title":"C\u00e1psulas Cupcake Rosa & Ouro - Cen\u00e1rios de A\u00e7ucar","og_description":"C\u00e1psulas para cupcakes. Vai ao forno sem necessidade de forma r\u00edgida.  O seu revestimento mant\u00e9m a cor inalter\u00e1vel ap\u00f3s a cozedura.  Super vers\u00e1teis, tamb\u00e9m pode utilizar para servir mousses, gelatinas, marshmallows, panna cotta, gomas, pipocas e pequenos doces.  Unid. 24","og_url":"https:\/\/cenariosdeacucar.pt\/?product=copo-papel-queques-cupcake-rosa-ouro-2","og_site_name":"Cen\u00e1rios de A\u00e7ucar","article_modified_time":"2025-05-13T22:02:35+00:00","og_image":[{"width":2501,"height":2501,"url":"https:\/\/cenariosdeacucar.pt\/novo\/wp-content\/uploads\/2021\/07\/EMBFOR020.jpg","type":"image\/jpeg"}],"twitter_card":"summary_large_image","twitter_misc":{"Tempo estimado de leitura":"1 minuto"},"schema":{"@context":"https:\/\/schema.org","@graph":[{"@type":"WebPage","@id":"https:\/\/cenariosdeacucar.pt\/?product=copo-papel-queques-cupcake-rosa-ouro-2","url":"https:\/\/cenariosdeacucar.pt\/?product=copo-papel-queques-cupcake-rosa-ouro-2","name":"C\u00e1psulas Cupcake Rosa & Ouro - Cen\u00e1rios de A\u00e7ucar","isPartOf":{"@id":"https:\/\/cenariosdeacucar.pt\/#website"},"primaryImageOfPage":{"@id":"https:\/\/cenariosdeacucar.pt\/?product=copo-papel-queques-cupcake-rosa-ouro-2#primaryimage"},"image":{"@id":"https:\/\/cenariosdeacucar.pt\/?product=copo-papel-queques-cupcake-rosa-ouro-2#primaryimage"},"thumbnailUrl":"https:\/\/cenariosdeacucar.pt\/novo\/wp-content\/uploads\/2021\/07\/EMBFOR020.jpg","datePublished":"2021-07-06T18:03:02+00:00","dateModified":"2025-05-13T22:02:35+00:00","breadcrumb":{"@id":"https:\/\/cenariosdeacucar.pt\/?product=copo-papel-queques-cupcake-rosa-ouro-2#breadcrumb"},"inLanguage":"pt-PT","potentialAction":[{"@type":"ReadAction","target":["https:\/\/cenariosdeacucar.pt\/?product=copo-papel-queques-cupcake-rosa-ouro-2"]}]},{"@type":"ImageObject","inLanguage":"pt-PT","@id":"https:\/\/cenariosdeacucar.pt\/?product=copo-papel-queques-cupcake-rosa-ouro-2#primaryimage","url":"https:\/\/cenariosdeacucar.pt\/novo\/wp-content\/uploads\/2021\/07\/EMBFOR020.jpg","contentUrl":"https:\/\/cenariosdeacucar.pt\/novo\/wp-content\/uploads\/2021\/07\/EMBFOR020.jpg","width":2501,"height":2501},{"@type":"BreadcrumbList","@id":"https:\/\/cenariosdeacucar.pt\/?product=copo-papel-queques-cupcake-rosa-ouro-2#breadcrumb","itemListElement":[{"@type":"ListItem","position":1,"name":"In\u00edcio","item":"https:\/\/cenariosdeacucar.pt\/"},{"@type":"ListItem","position":2,"name":"Produtos","item":"https:\/\/cenariosdeacucar.pt\/?post_type=product"},{"@type":"ListItem","position":3,"name":"C\u00e1psulas Cupcake Rosa &#038; Ouro"}]},{"@type":"WebSite","@id":"https:\/\/cenariosdeacucar.pt\/#website","url":"https:\/\/cenariosdeacucar.pt\/","name":"Cen\u00e1rios de A\u00e7ucar","description":"Cake Design | Festas","potentialAction":[{"@type":"SearchAction","target":{"@type":"EntryPoint","urlTemplate":"https:\/\/cenariosdeacucar.pt\/?s={search_term_string}"},"query-input":{"@type":"PropertyValueSpecification","valueRequired":true,"valueName":"search_term_string"}}],"inLanguage":"pt-PT"}]}},"_links":{"self":[{"href":"https:\/\/cenariosdeacucar.pt\/index.php?rest_route=\/wp\/v2\/product\/14577","targetHints":{"allow":["GET"]}}],"collection":[{"href":"https:\/\/cenariosdeacucar.pt\/index.php?rest_route=\/wp\/v2\/product"}],"about":[{"href":"https:\/\/cenariosdeacucar.pt\/index.php?rest_route=\/wp\/v2\/types\/product"}],"replies":[{"embeddable":true,"href":"https:\/\/cenariosdeacucar.pt\/index.php?rest_route=%2Fwp%2Fv2%2Fcomments&post=14577"}],"wp:featuredmedia":[{"embeddable":true,"href":"https:\/\/cenariosdeacucar.pt\/index.php?rest_route=\/wp\/v2\/media\/17361"}],"wp:attachment":[{"href":"https:\/\/cenariosdeacucar.pt\/index.php?rest_route=%2Fwp%2Fv2%2Fmedia&parent=14577"}],"wp:term":[{"taxonomy":"product_brand","embeddable":true,"href":"https:\/\/cenariosdeacucar.pt\/index.php?rest_route=%2Fwp%2Fv2%2Fproduct_brand&post=14577"},{"taxonomy":"product_cat","embeddable":true,"href":"https:\/\/cenariosdeacucar.pt\/index.php?rest_route=%2Fwp%2Fv2%2Fproduct_cat&post=14577"},{"taxonomy":"product_tag","embeddable":true,"href":"https:\/\/cenariosdeacucar.pt\/index.php?rest_route=%2Fwp%2Fv2%2Fproduct_tag&post=14577"}],"curies":[{"name":"wp","href":"https:\/\/api.w.org\/{rel}","templated":true}]}}