{"id":13890,"date":"2021-05-06T18:35:52","date_gmt":"2021-05-06T17:35:52","guid":{"rendered":"https:\/\/cenariosdeacucar.pt\/novo\/?post_type=product&#038;p=13890"},"modified":"2022-03-15T18:22:03","modified_gmt":"2022-03-15T17:22:03","slug":"forma-de-chocolate-especial-3-partes-trufa-bela","status":"publish","type":"product","link":"https:\/\/cenariosdeacucar.pt\/?product=forma-de-chocolate-especial-3-partes-trufa-bela","title":{"rendered":"Forma de Chocolate Especial 3 Partes &#8211; Trufa Bela"},"content":{"rendered":"<p>Forma em acetato com l\u00e2minas de silicone.<\/p>\n<p><strong>Indica\u00e7\u00e3o de Uso:<\/strong><\/p>\n<p>Forma Especial, ideal para produ\u00e7\u00e3o de chocolates com muita praticidade e profissionalismo.<\/p>\n<p><strong>Caracter\u00edsticas:<\/strong><\/p>\n<p>Com o sistema de L\u00e2minas de silicone, n\u00e3o \u00e9 necess\u00e1rio fazer diversas camadas de chocolate.<\/p>\n<p><strong>Dimens\u00f5es da forma:<\/strong><\/p>\n<p>Cavidades: 4<\/p>\n<p><b>Dimens\u00f5es (mm):<\/b><\/p>\n<p>Di\u00e2m.: 60 x Alt.: 31<br \/>\nPeso Casquinha: 21g<br \/>\nPeso M\u00e9dio: 75g<\/p>\n","protected":false},"excerpt":{"rendered":"<p>Forma em acetato com l\u00e2minas de silicone. Indica\u00e7\u00e3o de Uso: Forma Especial, ideal para produ\u00e7\u00e3o de chocolates com muita praticidade e profissionalismo. Caracter\u00edsticas: Com o sistema de L\u00e2minas de silicone, n\u00e3o \u00e9 necess\u00e1rio fazer diversas camadas de chocolate. Dimens\u00f5es da forma: Cavidades: 4 Dimens\u00f5es (mm): Di\u00e2m.: 60 x Alt.: 31 Peso Casquinha: 21g Peso M\u00e9dio: [&hellip;]<\/p>\n","protected":false},"featured_media":13892,"comment_status":"closed","ping_status":"closed","template":"","meta":[],"product_brand":[],"product_cat":[158,148,115,245,162,117],"product_tag":[],"class_list":{"0":"post-13890","1":"product","2":"type-product","3":"status-publish","4":"has-post-thumbnail","6":"product_cat-cakedesign","7":"product_cat-chocolate","8":"product_cat-epocas-especiais","9":"product_cat-formas","10":"product_cat-moldes","11":"product_cat-natal","13":"first","14":"instock","15":"shipping-taxable","16":"purchasable","17":"product-type-simple"},"yoast_head":"<!-- This site is optimized with the Yoast SEO plugin v27.4 - https:\/\/yoast.com\/product\/yoast-seo-wordpress\/ -->\n<title>Forma de Chocolate Especial 3 Partes - Trufa Bela - Cen\u00e1rios de A\u00e7ucar<\/title>\n<meta name=\"robots\" content=\"index, follow, max-snippet:-1, max-image-preview:large, max-video-preview:-1\" \/>\n<link rel=\"canonical\" href=\"https:\/\/cenariosdeacucar.pt\/?product=forma-de-chocolate-especial-3-partes-trufa-bela\" \/>\n<meta property=\"og:locale\" content=\"pt_PT\" \/>\n<meta property=\"og:type\" content=\"article\" \/>\n<meta property=\"og:title\" content=\"Forma de Chocolate Especial 3 Partes - Trufa Bela - Cen\u00e1rios de A\u00e7ucar\" \/>\n<meta property=\"og:description\" content=\"Forma em acetato com l\u00e2minas de silicone. Indica\u00e7\u00e3o de Uso: Forma Especial, ideal para produ\u00e7\u00e3o de chocolates com muita praticidade e profissionalismo. Caracter\u00edsticas: Com o sistema de L\u00e2minas de silicone, n\u00e3o \u00e9 necess\u00e1rio fazer diversas camadas de chocolate. Dimens\u00f5es da forma: Cavidades: 4 Dimens\u00f5es (mm): Di\u00e2m.: 60 x Alt.: 31 Peso Casquinha: 21g Peso M\u00e9dio: [&hellip;]\" \/>\n<meta property=\"og:url\" content=\"https:\/\/cenariosdeacucar.pt\/?product=forma-de-chocolate-especial-3-partes-trufa-bela\" \/>\n<meta property=\"og:site_name\" content=\"Cen\u00e1rios de A\u00e7ucar\" \/>\n<meta property=\"article:modified_time\" content=\"2022-03-15T17:22:03+00:00\" \/>\n<meta property=\"og:image\" content=\"https:\/\/cenariosdeacucar.pt\/novo\/wp-content\/uploads\/2021\/05\/10099_1_370x.png\" \/>\n\t<meta property=\"og:image:width\" content=\"370\" \/>\n\t<meta property=\"og:image:height\" content=\"370\" \/>\n\t<meta property=\"og:image:type\" content=\"image\/png\" \/>\n<meta name=\"twitter:card\" content=\"summary_large_image\" \/>\n<script type=\"application\/ld+json\" class=\"yoast-schema-graph\">{\"@context\":\"https:\\\/\\\/schema.org\",\"@graph\":[{\"@type\":\"WebPage\",\"@id\":\"https:\\\/\\\/cenariosdeacucar.pt\\\/?product=forma-de-chocolate-especial-3-partes-trufa-bela\",\"url\":\"https:\\\/\\\/cenariosdeacucar.pt\\\/?product=forma-de-chocolate-especial-3-partes-trufa-bela\",\"name\":\"Forma de Chocolate Especial 3 Partes - Trufa Bela - Cen\u00e1rios de A\u00e7ucar\",\"isPartOf\":{\"@id\":\"https:\\\/\\\/cenariosdeacucar.pt\\\/#website\"},\"primaryImageOfPage\":{\"@id\":\"https:\\\/\\\/cenariosdeacucar.pt\\\/?product=forma-de-chocolate-especial-3-partes-trufa-bela#primaryimage\"},\"image\":{\"@id\":\"https:\\\/\\\/cenariosdeacucar.pt\\\/?product=forma-de-chocolate-especial-3-partes-trufa-bela#primaryimage\"},\"thumbnailUrl\":\"https:\\\/\\\/cenariosdeacucar.pt\\\/novo\\\/wp-content\\\/uploads\\\/2021\\\/05\\\/10099_1_370x.png\",\"datePublished\":\"2021-05-06T17:35:52+00:00\",\"dateModified\":\"2022-03-15T17:22:03+00:00\",\"breadcrumb\":{\"@id\":\"https:\\\/\\\/cenariosdeacucar.pt\\\/?product=forma-de-chocolate-especial-3-partes-trufa-bela#breadcrumb\"},\"inLanguage\":\"pt-PT\",\"potentialAction\":[{\"@type\":\"ReadAction\",\"target\":[\"https:\\\/\\\/cenariosdeacucar.pt\\\/?product=forma-de-chocolate-especial-3-partes-trufa-bela\"]}]},{\"@type\":\"ImageObject\",\"inLanguage\":\"pt-PT\",\"@id\":\"https:\\\/\\\/cenariosdeacucar.pt\\\/?product=forma-de-chocolate-especial-3-partes-trufa-bela#primaryimage\",\"url\":\"https:\\\/\\\/cenariosdeacucar.pt\\\/novo\\\/wp-content\\\/uploads\\\/2021\\\/05\\\/10099_1_370x.png\",\"contentUrl\":\"https:\\\/\\\/cenariosdeacucar.pt\\\/novo\\\/wp-content\\\/uploads\\\/2021\\\/05\\\/10099_1_370x.png\",\"width\":370,\"height\":370},{\"@type\":\"BreadcrumbList\",\"@id\":\"https:\\\/\\\/cenariosdeacucar.pt\\\/?product=forma-de-chocolate-especial-3-partes-trufa-bela#breadcrumb\",\"itemListElement\":[{\"@type\":\"ListItem\",\"position\":1,\"name\":\"In\u00edcio\",\"item\":\"https:\\\/\\\/cenariosdeacucar.pt\\\/\"},{\"@type\":\"ListItem\",\"position\":2,\"name\":\"Produtos\",\"item\":\"https:\\\/\\\/cenariosdeacucar.pt\\\/?post_type=product\"},{\"@type\":\"ListItem\",\"position\":3,\"name\":\"Forma de Chocolate Especial 3 Partes &#8211; Trufa Bela\"}]},{\"@type\":\"WebSite\",\"@id\":\"https:\\\/\\\/cenariosdeacucar.pt\\\/#website\",\"url\":\"https:\\\/\\\/cenariosdeacucar.pt\\\/\",\"name\":\"Cen\u00e1rios de A\u00e7ucar\",\"description\":\"Cake Design | Festas\",\"potentialAction\":[{\"@type\":\"SearchAction\",\"target\":{\"@type\":\"EntryPoint\",\"urlTemplate\":\"https:\\\/\\\/cenariosdeacucar.pt\\\/?s={search_term_string}\"},\"query-input\":{\"@type\":\"PropertyValueSpecification\",\"valueRequired\":true,\"valueName\":\"search_term_string\"}}],\"inLanguage\":\"pt-PT\"}]}<\/script>\n<!-- \/ Yoast SEO plugin. -->","yoast_head_json":{"title":"Forma de Chocolate Especial 3 Partes - Trufa Bela - Cen\u00e1rios de A\u00e7ucar","robots":{"index":"index","follow":"follow","max-snippet":"max-snippet:-1","max-image-preview":"max-image-preview:large","max-video-preview":"max-video-preview:-1"},"canonical":"https:\/\/cenariosdeacucar.pt\/?product=forma-de-chocolate-especial-3-partes-trufa-bela","og_locale":"pt_PT","og_type":"article","og_title":"Forma de Chocolate Especial 3 Partes - Trufa Bela - Cen\u00e1rios de A\u00e7ucar","og_description":"Forma em acetato com l\u00e2minas de silicone. Indica\u00e7\u00e3o de Uso: Forma Especial, ideal para produ\u00e7\u00e3o de chocolates com muita praticidade e profissionalismo. Caracter\u00edsticas: Com o sistema de L\u00e2minas de silicone, n\u00e3o \u00e9 necess\u00e1rio fazer diversas camadas de chocolate. Dimens\u00f5es da forma: Cavidades: 4 Dimens\u00f5es (mm): Di\u00e2m.: 60 x Alt.: 31 Peso Casquinha: 21g Peso M\u00e9dio: [&hellip;]","og_url":"https:\/\/cenariosdeacucar.pt\/?product=forma-de-chocolate-especial-3-partes-trufa-bela","og_site_name":"Cen\u00e1rios de A\u00e7ucar","article_modified_time":"2022-03-15T17:22:03+00:00","og_image":[{"width":370,"height":370,"url":"https:\/\/cenariosdeacucar.pt\/novo\/wp-content\/uploads\/2021\/05\/10099_1_370x.png","type":"image\/png"}],"twitter_card":"summary_large_image","schema":{"@context":"https:\/\/schema.org","@graph":[{"@type":"WebPage","@id":"https:\/\/cenariosdeacucar.pt\/?product=forma-de-chocolate-especial-3-partes-trufa-bela","url":"https:\/\/cenariosdeacucar.pt\/?product=forma-de-chocolate-especial-3-partes-trufa-bela","name":"Forma de Chocolate Especial 3 Partes - Trufa Bela - Cen\u00e1rios de A\u00e7ucar","isPartOf":{"@id":"https:\/\/cenariosdeacucar.pt\/#website"},"primaryImageOfPage":{"@id":"https:\/\/cenariosdeacucar.pt\/?product=forma-de-chocolate-especial-3-partes-trufa-bela#primaryimage"},"image":{"@id":"https:\/\/cenariosdeacucar.pt\/?product=forma-de-chocolate-especial-3-partes-trufa-bela#primaryimage"},"thumbnailUrl":"https:\/\/cenariosdeacucar.pt\/novo\/wp-content\/uploads\/2021\/05\/10099_1_370x.png","datePublished":"2021-05-06T17:35:52+00:00","dateModified":"2022-03-15T17:22:03+00:00","breadcrumb":{"@id":"https:\/\/cenariosdeacucar.pt\/?product=forma-de-chocolate-especial-3-partes-trufa-bela#breadcrumb"},"inLanguage":"pt-PT","potentialAction":[{"@type":"ReadAction","target":["https:\/\/cenariosdeacucar.pt\/?product=forma-de-chocolate-especial-3-partes-trufa-bela"]}]},{"@type":"ImageObject","inLanguage":"pt-PT","@id":"https:\/\/cenariosdeacucar.pt\/?product=forma-de-chocolate-especial-3-partes-trufa-bela#primaryimage","url":"https:\/\/cenariosdeacucar.pt\/novo\/wp-content\/uploads\/2021\/05\/10099_1_370x.png","contentUrl":"https:\/\/cenariosdeacucar.pt\/novo\/wp-content\/uploads\/2021\/05\/10099_1_370x.png","width":370,"height":370},{"@type":"BreadcrumbList","@id":"https:\/\/cenariosdeacucar.pt\/?product=forma-de-chocolate-especial-3-partes-trufa-bela#breadcrumb","itemListElement":[{"@type":"ListItem","position":1,"name":"In\u00edcio","item":"https:\/\/cenariosdeacucar.pt\/"},{"@type":"ListItem","position":2,"name":"Produtos","item":"https:\/\/cenariosdeacucar.pt\/?post_type=product"},{"@type":"ListItem","position":3,"name":"Forma de Chocolate Especial 3 Partes &#8211; Trufa Bela"}]},{"@type":"WebSite","@id":"https:\/\/cenariosdeacucar.pt\/#website","url":"https:\/\/cenariosdeacucar.pt\/","name":"Cen\u00e1rios de A\u00e7ucar","description":"Cake Design | Festas","potentialAction":[{"@type":"SearchAction","target":{"@type":"EntryPoint","urlTemplate":"https:\/\/cenariosdeacucar.pt\/?s={search_term_string}"},"query-input":{"@type":"PropertyValueSpecification","valueRequired":true,"valueName":"search_term_string"}}],"inLanguage":"pt-PT"}]}},"_links":{"self":[{"href":"https:\/\/cenariosdeacucar.pt\/index.php?rest_route=\/wp\/v2\/product\/13890","targetHints":{"allow":["GET"]}}],"collection":[{"href":"https:\/\/cenariosdeacucar.pt\/index.php?rest_route=\/wp\/v2\/product"}],"about":[{"href":"https:\/\/cenariosdeacucar.pt\/index.php?rest_route=\/wp\/v2\/types\/product"}],"replies":[{"embeddable":true,"href":"https:\/\/cenariosdeacucar.pt\/index.php?rest_route=%2Fwp%2Fv2%2Fcomments&post=13890"}],"wp:featuredmedia":[{"embeddable":true,"href":"https:\/\/cenariosdeacucar.pt\/index.php?rest_route=\/wp\/v2\/media\/13892"}],"wp:attachment":[{"href":"https:\/\/cenariosdeacucar.pt\/index.php?rest_route=%2Fwp%2Fv2%2Fmedia&parent=13890"}],"wp:term":[{"taxonomy":"product_brand","embeddable":true,"href":"https:\/\/cenariosdeacucar.pt\/index.php?rest_route=%2Fwp%2Fv2%2Fproduct_brand&post=13890"},{"taxonomy":"product_cat","embeddable":true,"href":"https:\/\/cenariosdeacucar.pt\/index.php?rest_route=%2Fwp%2Fv2%2Fproduct_cat&post=13890"},{"taxonomy":"product_tag","embeddable":true,"href":"https:\/\/cenariosdeacucar.pt\/index.php?rest_route=%2Fwp%2Fv2%2Fproduct_tag&post=13890"}],"curies":[{"name":"wp","href":"https:\/\/api.w.org\/{rel}","templated":true}]}}