{"id":13477,"date":"2021-04-21T15:44:39","date_gmt":"2021-04-21T14:44:39","guid":{"rendered":"https:\/\/cenariosdeacucar.pt\/novo\/?post_type=product&#038;p=13477"},"modified":"2023-01-10T00:46:41","modified_gmt":"2023-01-09T23:46:41","slug":"balao-foil-moldura-de-selfies-orelhas-da-minnie","status":"publish","type":"product","link":"https:\/\/cenariosdeacucar.pt\/?product=balao-foil-moldura-de-selfies-orelhas-da-minnie","title":{"rendered":"BAL\u00c3O FOIL MOLDURA DE SELFIES ORELHAS DA MINNIE"},"content":{"rendered":"<p>Bal\u00e3o foil em forma de moldura para fotos para festa com tema Minnie. Inclui um bal\u00e3o foil redondo com orelhas Minnie da marca Anagram. Este bal\u00e3o foil \u00e9 indicado apenas para enchimento a ar, n\u00e3o podendo ser cheio a h\u00e9lio.<\/p>\n","protected":false},"excerpt":{"rendered":"<p>Bal\u00e3o foil em forma de moldura para fotos para festa com tema Minnie. Inclui um bal\u00e3o foil redondo com orelhas Minnie da marca Anagram. Este bal\u00e3o foil \u00e9 indicado apenas para enchimento a ar, n\u00e3o podendo ser cheio a h\u00e9lio.<\/p>\n","protected":false},"featured_media":13478,"comment_status":"closed","ping_status":"closed","template":"","meta":[],"product_brand":[],"product_cat":[107,112,185,223],"product_tag":[],"class_list":{"0":"post-13477","1":"product","2":"type-product","3":"status-publish","4":"has-post-thumbnail","6":"product_cat-baloes","7":"product_cat-baloes-foil","8":"product_cat-festas-tematicas","9":"product_cat-minnie","11":"first","12":"outofstock","13":"shipping-taxable","14":"purchasable","15":"product-type-simple"},"yoast_head":"<!-- This site is optimized with the Yoast SEO plugin v27.4 - https:\/\/yoast.com\/product\/yoast-seo-wordpress\/ -->\n<title>BAL\u00c3O FOIL MOLDURA DE SELFIES ORELHAS DA MINNIE - Cen\u00e1rios de A\u00e7ucar<\/title>\n<meta name=\"robots\" content=\"index, follow, max-snippet:-1, max-image-preview:large, max-video-preview:-1\" \/>\n<link rel=\"canonical\" href=\"https:\/\/cenariosdeacucar.pt\/?product=balao-foil-moldura-de-selfies-orelhas-da-minnie\" \/>\n<meta property=\"og:locale\" content=\"pt_PT\" \/>\n<meta property=\"og:type\" content=\"article\" \/>\n<meta property=\"og:title\" content=\"BAL\u00c3O FOIL MOLDURA DE SELFIES ORELHAS DA MINNIE - Cen\u00e1rios de A\u00e7ucar\" \/>\n<meta property=\"og:description\" content=\"Bal\u00e3o foil em forma de moldura para fotos para festa com tema Minnie. Inclui um bal\u00e3o foil redondo com orelhas Minnie da marca Anagram. Este bal\u00e3o foil \u00e9 indicado apenas para enchimento a ar, n\u00e3o podendo ser cheio a h\u00e9lio.\" \/>\n<meta property=\"og:url\" content=\"https:\/\/cenariosdeacucar.pt\/?product=balao-foil-moldura-de-selfies-orelhas-da-minnie\" \/>\n<meta property=\"og:site_name\" content=\"Cen\u00e1rios de A\u00e7ucar\" \/>\n<meta property=\"article:modified_time\" content=\"2023-01-09T23:46:41+00:00\" \/>\n<meta property=\"og:image\" content=\"https:\/\/cenariosdeacucar.pt\/novo\/wp-content\/uploads\/2021\/04\/02273818701_20200330025830_listagem.jpg\" \/>\n\t<meta property=\"og:image:width\" content=\"510\" \/>\n\t<meta property=\"og:image:height\" content=\"510\" \/>\n\t<meta property=\"og:image:type\" content=\"image\/jpeg\" \/>\n<meta name=\"twitter:card\" content=\"summary_large_image\" \/>\n<script type=\"application\/ld+json\" class=\"yoast-schema-graph\">{\"@context\":\"https:\\\/\\\/schema.org\",\"@graph\":[{\"@type\":\"WebPage\",\"@id\":\"https:\\\/\\\/cenariosdeacucar.pt\\\/?product=balao-foil-moldura-de-selfies-orelhas-da-minnie\",\"url\":\"https:\\\/\\\/cenariosdeacucar.pt\\\/?product=balao-foil-moldura-de-selfies-orelhas-da-minnie\",\"name\":\"BAL\u00c3O FOIL MOLDURA DE SELFIES ORELHAS DA MINNIE - Cen\u00e1rios de A\u00e7ucar\",\"isPartOf\":{\"@id\":\"https:\\\/\\\/cenariosdeacucar.pt\\\/#website\"},\"primaryImageOfPage\":{\"@id\":\"https:\\\/\\\/cenariosdeacucar.pt\\\/?product=balao-foil-moldura-de-selfies-orelhas-da-minnie#primaryimage\"},\"image\":{\"@id\":\"https:\\\/\\\/cenariosdeacucar.pt\\\/?product=balao-foil-moldura-de-selfies-orelhas-da-minnie#primaryimage\"},\"thumbnailUrl\":\"https:\\\/\\\/cenariosdeacucar.pt\\\/novo\\\/wp-content\\\/uploads\\\/2021\\\/04\\\/02273818701_20200330025830_listagem.jpg\",\"datePublished\":\"2021-04-21T14:44:39+00:00\",\"dateModified\":\"2023-01-09T23:46:41+00:00\",\"breadcrumb\":{\"@id\":\"https:\\\/\\\/cenariosdeacucar.pt\\\/?product=balao-foil-moldura-de-selfies-orelhas-da-minnie#breadcrumb\"},\"inLanguage\":\"pt-PT\",\"potentialAction\":[{\"@type\":\"ReadAction\",\"target\":[\"https:\\\/\\\/cenariosdeacucar.pt\\\/?product=balao-foil-moldura-de-selfies-orelhas-da-minnie\"]}]},{\"@type\":\"ImageObject\",\"inLanguage\":\"pt-PT\",\"@id\":\"https:\\\/\\\/cenariosdeacucar.pt\\\/?product=balao-foil-moldura-de-selfies-orelhas-da-minnie#primaryimage\",\"url\":\"https:\\\/\\\/cenariosdeacucar.pt\\\/novo\\\/wp-content\\\/uploads\\\/2021\\\/04\\\/02273818701_20200330025830_listagem.jpg\",\"contentUrl\":\"https:\\\/\\\/cenariosdeacucar.pt\\\/novo\\\/wp-content\\\/uploads\\\/2021\\\/04\\\/02273818701_20200330025830_listagem.jpg\",\"width\":510,\"height\":510},{\"@type\":\"BreadcrumbList\",\"@id\":\"https:\\\/\\\/cenariosdeacucar.pt\\\/?product=balao-foil-moldura-de-selfies-orelhas-da-minnie#breadcrumb\",\"itemListElement\":[{\"@type\":\"ListItem\",\"position\":1,\"name\":\"In\u00edcio\",\"item\":\"https:\\\/\\\/cenariosdeacucar.pt\\\/\"},{\"@type\":\"ListItem\",\"position\":2,\"name\":\"Produtos\",\"item\":\"https:\\\/\\\/cenariosdeacucar.pt\\\/?post_type=product\"},{\"@type\":\"ListItem\",\"position\":3,\"name\":\"BAL\u00c3O FOIL MOLDURA DE SELFIES ORELHAS DA MINNIE\"}]},{\"@type\":\"WebSite\",\"@id\":\"https:\\\/\\\/cenariosdeacucar.pt\\\/#website\",\"url\":\"https:\\\/\\\/cenariosdeacucar.pt\\\/\",\"name\":\"Cen\u00e1rios de A\u00e7ucar\",\"description\":\"Cake Design | Festas\",\"potentialAction\":[{\"@type\":\"SearchAction\",\"target\":{\"@type\":\"EntryPoint\",\"urlTemplate\":\"https:\\\/\\\/cenariosdeacucar.pt\\\/?s={search_term_string}\"},\"query-input\":{\"@type\":\"PropertyValueSpecification\",\"valueRequired\":true,\"valueName\":\"search_term_string\"}}],\"inLanguage\":\"pt-PT\"}]}<\/script>\n<!-- \/ Yoast SEO plugin. -->","yoast_head_json":{"title":"BAL\u00c3O FOIL MOLDURA DE SELFIES ORELHAS DA MINNIE - Cen\u00e1rios de A\u00e7ucar","robots":{"index":"index","follow":"follow","max-snippet":"max-snippet:-1","max-image-preview":"max-image-preview:large","max-video-preview":"max-video-preview:-1"},"canonical":"https:\/\/cenariosdeacucar.pt\/?product=balao-foil-moldura-de-selfies-orelhas-da-minnie","og_locale":"pt_PT","og_type":"article","og_title":"BAL\u00c3O FOIL MOLDURA DE SELFIES ORELHAS DA MINNIE - Cen\u00e1rios de A\u00e7ucar","og_description":"Bal\u00e3o foil em forma de moldura para fotos para festa com tema Minnie. Inclui um bal\u00e3o foil redondo com orelhas Minnie da marca Anagram. Este bal\u00e3o foil \u00e9 indicado apenas para enchimento a ar, n\u00e3o podendo ser cheio a h\u00e9lio.","og_url":"https:\/\/cenariosdeacucar.pt\/?product=balao-foil-moldura-de-selfies-orelhas-da-minnie","og_site_name":"Cen\u00e1rios de A\u00e7ucar","article_modified_time":"2023-01-09T23:46:41+00:00","og_image":[{"width":510,"height":510,"url":"https:\/\/cenariosdeacucar.pt\/novo\/wp-content\/uploads\/2021\/04\/02273818701_20200330025830_listagem.jpg","type":"image\/jpeg"}],"twitter_card":"summary_large_image","schema":{"@context":"https:\/\/schema.org","@graph":[{"@type":"WebPage","@id":"https:\/\/cenariosdeacucar.pt\/?product=balao-foil-moldura-de-selfies-orelhas-da-minnie","url":"https:\/\/cenariosdeacucar.pt\/?product=balao-foil-moldura-de-selfies-orelhas-da-minnie","name":"BAL\u00c3O FOIL MOLDURA DE SELFIES ORELHAS DA MINNIE - Cen\u00e1rios de A\u00e7ucar","isPartOf":{"@id":"https:\/\/cenariosdeacucar.pt\/#website"},"primaryImageOfPage":{"@id":"https:\/\/cenariosdeacucar.pt\/?product=balao-foil-moldura-de-selfies-orelhas-da-minnie#primaryimage"},"image":{"@id":"https:\/\/cenariosdeacucar.pt\/?product=balao-foil-moldura-de-selfies-orelhas-da-minnie#primaryimage"},"thumbnailUrl":"https:\/\/cenariosdeacucar.pt\/novo\/wp-content\/uploads\/2021\/04\/02273818701_20200330025830_listagem.jpg","datePublished":"2021-04-21T14:44:39+00:00","dateModified":"2023-01-09T23:46:41+00:00","breadcrumb":{"@id":"https:\/\/cenariosdeacucar.pt\/?product=balao-foil-moldura-de-selfies-orelhas-da-minnie#breadcrumb"},"inLanguage":"pt-PT","potentialAction":[{"@type":"ReadAction","target":["https:\/\/cenariosdeacucar.pt\/?product=balao-foil-moldura-de-selfies-orelhas-da-minnie"]}]},{"@type":"ImageObject","inLanguage":"pt-PT","@id":"https:\/\/cenariosdeacucar.pt\/?product=balao-foil-moldura-de-selfies-orelhas-da-minnie#primaryimage","url":"https:\/\/cenariosdeacucar.pt\/novo\/wp-content\/uploads\/2021\/04\/02273818701_20200330025830_listagem.jpg","contentUrl":"https:\/\/cenariosdeacucar.pt\/novo\/wp-content\/uploads\/2021\/04\/02273818701_20200330025830_listagem.jpg","width":510,"height":510},{"@type":"BreadcrumbList","@id":"https:\/\/cenariosdeacucar.pt\/?product=balao-foil-moldura-de-selfies-orelhas-da-minnie#breadcrumb","itemListElement":[{"@type":"ListItem","position":1,"name":"In\u00edcio","item":"https:\/\/cenariosdeacucar.pt\/"},{"@type":"ListItem","position":2,"name":"Produtos","item":"https:\/\/cenariosdeacucar.pt\/?post_type=product"},{"@type":"ListItem","position":3,"name":"BAL\u00c3O FOIL MOLDURA DE SELFIES ORELHAS DA MINNIE"}]},{"@type":"WebSite","@id":"https:\/\/cenariosdeacucar.pt\/#website","url":"https:\/\/cenariosdeacucar.pt\/","name":"Cen\u00e1rios de A\u00e7ucar","description":"Cake Design | Festas","potentialAction":[{"@type":"SearchAction","target":{"@type":"EntryPoint","urlTemplate":"https:\/\/cenariosdeacucar.pt\/?s={search_term_string}"},"query-input":{"@type":"PropertyValueSpecification","valueRequired":true,"valueName":"search_term_string"}}],"inLanguage":"pt-PT"}]}},"_links":{"self":[{"href":"https:\/\/cenariosdeacucar.pt\/index.php?rest_route=\/wp\/v2\/product\/13477","targetHints":{"allow":["GET"]}}],"collection":[{"href":"https:\/\/cenariosdeacucar.pt\/index.php?rest_route=\/wp\/v2\/product"}],"about":[{"href":"https:\/\/cenariosdeacucar.pt\/index.php?rest_route=\/wp\/v2\/types\/product"}],"replies":[{"embeddable":true,"href":"https:\/\/cenariosdeacucar.pt\/index.php?rest_route=%2Fwp%2Fv2%2Fcomments&post=13477"}],"wp:featuredmedia":[{"embeddable":true,"href":"https:\/\/cenariosdeacucar.pt\/index.php?rest_route=\/wp\/v2\/media\/13478"}],"wp:attachment":[{"href":"https:\/\/cenariosdeacucar.pt\/index.php?rest_route=%2Fwp%2Fv2%2Fmedia&parent=13477"}],"wp:term":[{"taxonomy":"product_brand","embeddable":true,"href":"https:\/\/cenariosdeacucar.pt\/index.php?rest_route=%2Fwp%2Fv2%2Fproduct_brand&post=13477"},{"taxonomy":"product_cat","embeddable":true,"href":"https:\/\/cenariosdeacucar.pt\/index.php?rest_route=%2Fwp%2Fv2%2Fproduct_cat&post=13477"},{"taxonomy":"product_tag","embeddable":true,"href":"https:\/\/cenariosdeacucar.pt\/index.php?rest_route=%2Fwp%2Fv2%2Fproduct_tag&post=13477"}],"curies":[{"name":"wp","href":"https:\/\/api.w.org\/{rel}","templated":true}]}}