{"id":13388,"date":"2021-03-25T18:12:03","date_gmt":"2021-03-25T17:12:03","guid":{"rendered":"https:\/\/cenariosdeacucar.pt\/novo\/?post_type=product&#038;p=13388"},"modified":"2021-04-28T12:51:08","modified_gmt":"2021-04-28T11:51:08","slug":"kit-decoracao-7-pecas-lol-surprise","status":"publish","type":"product","link":"https:\/\/cenariosdeacucar.pt\/?product=kit-decoracao-7-pecas-lol-surprise","title":{"rendered":"KIT DECORA\u00c7\u00c3O 7 PE\u00c7AS LOL SURPRISE"},"content":{"rendered":"","protected":false},"excerpt":{"rendered":"<p>Conjunto com:<\/p>\n<p>&#8211; 2 Decora\u00e7\u00f5es mini honeycomb de 15cm;<br \/>\n&#8211; 4 decora\u00e7\u00f5es de pendurar;<br \/>\n&#8211; 1 Grinalda de bandeirinhas com 2,43m.<\/p>\n","protected":false},"featured_media":13389,"comment_status":"closed","ping_status":"closed","template":"","meta":[],"product_brand":[],"product_cat":[178,174,185,220],"product_tag":[],"class_list":{"0":"post-13388","1":"product","2":"type-product","3":"status-publish","4":"has-post-thumbnail","6":"product_cat-banner-e-grinaldas","7":"product_cat-decoracao","8":"product_cat-festas-tematicas","9":"product_cat-lol-surprise","11":"first","12":"outofstock","13":"shipping-taxable","14":"purchasable","15":"product-type-simple"},"yoast_head":"<!-- This site is optimized with the Yoast SEO plugin v27.4 - https:\/\/yoast.com\/product\/yoast-seo-wordpress\/ -->\n<title>KIT DECORA\u00c7\u00c3O 7 PE\u00c7AS LOL SURPRISE - Cen\u00e1rios de A\u00e7ucar<\/title>\n<meta name=\"robots\" content=\"index, follow, max-snippet:-1, max-image-preview:large, max-video-preview:-1\" \/>\n<link rel=\"canonical\" href=\"https:\/\/cenariosdeacucar.pt\/?product=kit-decoracao-7-pecas-lol-surprise\" \/>\n<meta property=\"og:locale\" content=\"pt_PT\" \/>\n<meta property=\"og:type\" content=\"article\" \/>\n<meta property=\"og:title\" content=\"KIT DECORA\u00c7\u00c3O 7 PE\u00c7AS LOL SURPRISE - Cen\u00e1rios de A\u00e7ucar\" \/>\n<meta property=\"og:description\" content=\"Conjunto com:  - 2 Decora\u00e7\u00f5es mini honeycomb de 15cm; - 4 decora\u00e7\u00f5es de pendurar; - 1 Grinalda de bandeirinhas com 2,43m.\" \/>\n<meta property=\"og:url\" content=\"https:\/\/cenariosdeacucar.pt\/?product=kit-decoracao-7-pecas-lol-surprise\" \/>\n<meta property=\"og:site_name\" content=\"Cen\u00e1rios de A\u00e7ucar\" \/>\n<meta property=\"article:modified_time\" content=\"2021-04-28T11:51:08+00:00\" \/>\n<meta property=\"og:image\" content=\"https:\/\/cenariosdeacucar.pt\/novo\/wp-content\/uploads\/2021\/03\/lol_kit_decorativo20200505100044_listagem.jpg\" \/>\n\t<meta property=\"og:image:width\" content=\"510\" \/>\n\t<meta property=\"og:image:height\" content=\"510\" \/>\n\t<meta property=\"og:image:type\" content=\"image\/jpeg\" \/>\n<meta name=\"twitter:card\" content=\"summary_large_image\" \/>\n<script type=\"application\/ld+json\" class=\"yoast-schema-graph\">{\"@context\":\"https:\\\/\\\/schema.org\",\"@graph\":[{\"@type\":\"WebPage\",\"@id\":\"https:\\\/\\\/cenariosdeacucar.pt\\\/?product=kit-decoracao-7-pecas-lol-surprise\",\"url\":\"https:\\\/\\\/cenariosdeacucar.pt\\\/?product=kit-decoracao-7-pecas-lol-surprise\",\"name\":\"KIT DECORA\u00c7\u00c3O 7 PE\u00c7AS LOL SURPRISE - Cen\u00e1rios de A\u00e7ucar\",\"isPartOf\":{\"@id\":\"https:\\\/\\\/cenariosdeacucar.pt\\\/#website\"},\"primaryImageOfPage\":{\"@id\":\"https:\\\/\\\/cenariosdeacucar.pt\\\/?product=kit-decoracao-7-pecas-lol-surprise#primaryimage\"},\"image\":{\"@id\":\"https:\\\/\\\/cenariosdeacucar.pt\\\/?product=kit-decoracao-7-pecas-lol-surprise#primaryimage\"},\"thumbnailUrl\":\"https:\\\/\\\/cenariosdeacucar.pt\\\/novo\\\/wp-content\\\/uploads\\\/2021\\\/03\\\/lol_kit_decorativo20200505100044_listagem.jpg\",\"datePublished\":\"2021-03-25T17:12:03+00:00\",\"dateModified\":\"2021-04-28T11:51:08+00:00\",\"breadcrumb\":{\"@id\":\"https:\\\/\\\/cenariosdeacucar.pt\\\/?product=kit-decoracao-7-pecas-lol-surprise#breadcrumb\"},\"inLanguage\":\"pt-PT\",\"potentialAction\":[{\"@type\":\"ReadAction\",\"target\":[\"https:\\\/\\\/cenariosdeacucar.pt\\\/?product=kit-decoracao-7-pecas-lol-surprise\"]}]},{\"@type\":\"ImageObject\",\"inLanguage\":\"pt-PT\",\"@id\":\"https:\\\/\\\/cenariosdeacucar.pt\\\/?product=kit-decoracao-7-pecas-lol-surprise#primaryimage\",\"url\":\"https:\\\/\\\/cenariosdeacucar.pt\\\/novo\\\/wp-content\\\/uploads\\\/2021\\\/03\\\/lol_kit_decorativo20200505100044_listagem.jpg\",\"contentUrl\":\"https:\\\/\\\/cenariosdeacucar.pt\\\/novo\\\/wp-content\\\/uploads\\\/2021\\\/03\\\/lol_kit_decorativo20200505100044_listagem.jpg\",\"width\":510,\"height\":510},{\"@type\":\"BreadcrumbList\",\"@id\":\"https:\\\/\\\/cenariosdeacucar.pt\\\/?product=kit-decoracao-7-pecas-lol-surprise#breadcrumb\",\"itemListElement\":[{\"@type\":\"ListItem\",\"position\":1,\"name\":\"In\u00edcio\",\"item\":\"https:\\\/\\\/cenariosdeacucar.pt\\\/\"},{\"@type\":\"ListItem\",\"position\":2,\"name\":\"Produtos\",\"item\":\"https:\\\/\\\/cenariosdeacucar.pt\\\/?post_type=product\"},{\"@type\":\"ListItem\",\"position\":3,\"name\":\"KIT DECORA\u00c7\u00c3O 7 PE\u00c7AS LOL SURPRISE\"}]},{\"@type\":\"WebSite\",\"@id\":\"https:\\\/\\\/cenariosdeacucar.pt\\\/#website\",\"url\":\"https:\\\/\\\/cenariosdeacucar.pt\\\/\",\"name\":\"Cen\u00e1rios de A\u00e7ucar\",\"description\":\"Cake Design | Festas\",\"potentialAction\":[{\"@type\":\"SearchAction\",\"target\":{\"@type\":\"EntryPoint\",\"urlTemplate\":\"https:\\\/\\\/cenariosdeacucar.pt\\\/?s={search_term_string}\"},\"query-input\":{\"@type\":\"PropertyValueSpecification\",\"valueRequired\":true,\"valueName\":\"search_term_string\"}}],\"inLanguage\":\"pt-PT\"}]}<\/script>\n<!-- \/ Yoast SEO plugin. -->","yoast_head_json":{"title":"KIT DECORA\u00c7\u00c3O 7 PE\u00c7AS LOL SURPRISE - Cen\u00e1rios de A\u00e7ucar","robots":{"index":"index","follow":"follow","max-snippet":"max-snippet:-1","max-image-preview":"max-image-preview:large","max-video-preview":"max-video-preview:-1"},"canonical":"https:\/\/cenariosdeacucar.pt\/?product=kit-decoracao-7-pecas-lol-surprise","og_locale":"pt_PT","og_type":"article","og_title":"KIT DECORA\u00c7\u00c3O 7 PE\u00c7AS LOL SURPRISE - Cen\u00e1rios de A\u00e7ucar","og_description":"Conjunto com:  - 2 Decora\u00e7\u00f5es mini honeycomb de 15cm; - 4 decora\u00e7\u00f5es de pendurar; - 1 Grinalda de bandeirinhas com 2,43m.","og_url":"https:\/\/cenariosdeacucar.pt\/?product=kit-decoracao-7-pecas-lol-surprise","og_site_name":"Cen\u00e1rios de A\u00e7ucar","article_modified_time":"2021-04-28T11:51:08+00:00","og_image":[{"width":510,"height":510,"url":"https:\/\/cenariosdeacucar.pt\/novo\/wp-content\/uploads\/2021\/03\/lol_kit_decorativo20200505100044_listagem.jpg","type":"image\/jpeg"}],"twitter_card":"summary_large_image","schema":{"@context":"https:\/\/schema.org","@graph":[{"@type":"WebPage","@id":"https:\/\/cenariosdeacucar.pt\/?product=kit-decoracao-7-pecas-lol-surprise","url":"https:\/\/cenariosdeacucar.pt\/?product=kit-decoracao-7-pecas-lol-surprise","name":"KIT DECORA\u00c7\u00c3O 7 PE\u00c7AS LOL SURPRISE - Cen\u00e1rios de A\u00e7ucar","isPartOf":{"@id":"https:\/\/cenariosdeacucar.pt\/#website"},"primaryImageOfPage":{"@id":"https:\/\/cenariosdeacucar.pt\/?product=kit-decoracao-7-pecas-lol-surprise#primaryimage"},"image":{"@id":"https:\/\/cenariosdeacucar.pt\/?product=kit-decoracao-7-pecas-lol-surprise#primaryimage"},"thumbnailUrl":"https:\/\/cenariosdeacucar.pt\/novo\/wp-content\/uploads\/2021\/03\/lol_kit_decorativo20200505100044_listagem.jpg","datePublished":"2021-03-25T17:12:03+00:00","dateModified":"2021-04-28T11:51:08+00:00","breadcrumb":{"@id":"https:\/\/cenariosdeacucar.pt\/?product=kit-decoracao-7-pecas-lol-surprise#breadcrumb"},"inLanguage":"pt-PT","potentialAction":[{"@type":"ReadAction","target":["https:\/\/cenariosdeacucar.pt\/?product=kit-decoracao-7-pecas-lol-surprise"]}]},{"@type":"ImageObject","inLanguage":"pt-PT","@id":"https:\/\/cenariosdeacucar.pt\/?product=kit-decoracao-7-pecas-lol-surprise#primaryimage","url":"https:\/\/cenariosdeacucar.pt\/novo\/wp-content\/uploads\/2021\/03\/lol_kit_decorativo20200505100044_listagem.jpg","contentUrl":"https:\/\/cenariosdeacucar.pt\/novo\/wp-content\/uploads\/2021\/03\/lol_kit_decorativo20200505100044_listagem.jpg","width":510,"height":510},{"@type":"BreadcrumbList","@id":"https:\/\/cenariosdeacucar.pt\/?product=kit-decoracao-7-pecas-lol-surprise#breadcrumb","itemListElement":[{"@type":"ListItem","position":1,"name":"In\u00edcio","item":"https:\/\/cenariosdeacucar.pt\/"},{"@type":"ListItem","position":2,"name":"Produtos","item":"https:\/\/cenariosdeacucar.pt\/?post_type=product"},{"@type":"ListItem","position":3,"name":"KIT DECORA\u00c7\u00c3O 7 PE\u00c7AS LOL SURPRISE"}]},{"@type":"WebSite","@id":"https:\/\/cenariosdeacucar.pt\/#website","url":"https:\/\/cenariosdeacucar.pt\/","name":"Cen\u00e1rios de A\u00e7ucar","description":"Cake Design | Festas","potentialAction":[{"@type":"SearchAction","target":{"@type":"EntryPoint","urlTemplate":"https:\/\/cenariosdeacucar.pt\/?s={search_term_string}"},"query-input":{"@type":"PropertyValueSpecification","valueRequired":true,"valueName":"search_term_string"}}],"inLanguage":"pt-PT"}]}},"_links":{"self":[{"href":"https:\/\/cenariosdeacucar.pt\/index.php?rest_route=\/wp\/v2\/product\/13388","targetHints":{"allow":["GET"]}}],"collection":[{"href":"https:\/\/cenariosdeacucar.pt\/index.php?rest_route=\/wp\/v2\/product"}],"about":[{"href":"https:\/\/cenariosdeacucar.pt\/index.php?rest_route=\/wp\/v2\/types\/product"}],"replies":[{"embeddable":true,"href":"https:\/\/cenariosdeacucar.pt\/index.php?rest_route=%2Fwp%2Fv2%2Fcomments&post=13388"}],"wp:featuredmedia":[{"embeddable":true,"href":"https:\/\/cenariosdeacucar.pt\/index.php?rest_route=\/wp\/v2\/media\/13389"}],"wp:attachment":[{"href":"https:\/\/cenariosdeacucar.pt\/index.php?rest_route=%2Fwp%2Fv2%2Fmedia&parent=13388"}],"wp:term":[{"taxonomy":"product_brand","embeddable":true,"href":"https:\/\/cenariosdeacucar.pt\/index.php?rest_route=%2Fwp%2Fv2%2Fproduct_brand&post=13388"},{"taxonomy":"product_cat","embeddable":true,"href":"https:\/\/cenariosdeacucar.pt\/index.php?rest_route=%2Fwp%2Fv2%2Fproduct_cat&post=13388"},{"taxonomy":"product_tag","embeddable":true,"href":"https:\/\/cenariosdeacucar.pt\/index.php?rest_route=%2Fwp%2Fv2%2Fproduct_tag&post=13388"}],"curies":[{"name":"wp","href":"https:\/\/api.w.org\/{rel}","templated":true}]}}