{"id":13004,"date":"2021-03-03T17:24:04","date_gmt":"2021-03-03T16:24:04","guid":{"rendered":"https:\/\/cenariosdeacucar.pt\/novo\/?post_type=product&#038;p=13004"},"modified":"2024-12-09T20:45:44","modified_gmt":"2024-12-09T19:45:44","slug":"peccatto","status":"publish","type":"product","link":"https:\/\/cenariosdeacucar.pt\/?product=peccatto","title":{"rendered":"Peccatto"},"content":{"rendered":"<p>Peso: 500g<\/p>\n<p>Ingredientes:\u00a0A\u00e7\u00facar, \u00f3leo vegetal (girassol), leite desnatado em p\u00f3, soro de leite em p\u00f3, flocos de coco, bolachas (farinha de trigo, \u00f3leo vegetal (palma), sal, extracto de malte de cevada, agente levedante: bicarbonato de s\u00f3dio), emulsionante :lecitina de soja, aroma, antioxidante: extracto de alecrim. Pode conter vest\u00edgios de frutos de casca rija por contamina\u00e7\u00e3o cruzada<\/p>\n<p>VALORES NUTRICIONAIS M\u00c9DIOS POR 100G<\/p>\n<p>Energia 2433\/584<br \/>\nKj\/Kcal<br \/>\nL\u00edpidos<br \/>\ndos quais 39.50g<br \/>\nSaturados 7.50g<br \/>\nMonoinsaturados 0g<br \/>\nPolinsaturados 0g<br \/>\nHidratos de Carbono<br \/>\ndos quais 51 g<br \/>\nA\u00e7\u00facares 48.10g<br \/>\nPoli\u00f3is 0g<br \/>\nAmido 0g<br \/>\nFibra 1g<br \/>\nProte\u00ednas 5.60g<br \/>\nSal 0.31g<\/p>\n","protected":false},"excerpt":{"rendered":"<p>Creme para rechear todo o tipo de bolos e bombons.Excelente para elabora\u00e7\u00e3o de torr\u00e3o. Chocolate branco com flocos de c\u00f4co e peda\u00e7os de bolacha.<\/p>\n","protected":false},"featured_media":13005,"comment_status":"closed","ping_status":"closed","template":"","meta":[],"product_brand":[],"product_cat":[142,144],"product_tag":[],"class_list":{"0":"post-13004","1":"product","2":"type-product","3":"status-publish","4":"has-post-thumbnail","6":"product_cat-comestiveis","7":"product_cat-recheios-e-coberturas","9":"first","10":"instock","11":"shipping-taxable","12":"purchasable","13":"product-type-simple"},"yoast_head":"<!-- This site is optimized with the Yoast SEO plugin v27.4 - https:\/\/yoast.com\/product\/yoast-seo-wordpress\/ -->\n<title>Peccatto - Cen\u00e1rios de A\u00e7ucar<\/title>\n<meta name=\"robots\" content=\"index, follow, max-snippet:-1, max-image-preview:large, max-video-preview:-1\" \/>\n<link rel=\"canonical\" href=\"https:\/\/cenariosdeacucar.pt\/?product=peccatto\" \/>\n<meta property=\"og:locale\" content=\"pt_PT\" \/>\n<meta property=\"og:type\" content=\"article\" \/>\n<meta property=\"og:title\" content=\"Peccatto - Cen\u00e1rios de A\u00e7ucar\" \/>\n<meta property=\"og:description\" content=\"Creme para rechear todo o tipo de bolos e bombons.Excelente para elabora\u00e7\u00e3o de torr\u00e3o. Chocolate branco com flocos de c\u00f4co e peda\u00e7os de bolacha.\" \/>\n<meta property=\"og:url\" content=\"https:\/\/cenariosdeacucar.pt\/?product=peccatto\" \/>\n<meta property=\"og:site_name\" content=\"Cen\u00e1rios de A\u00e7ucar\" \/>\n<meta property=\"article:modified_time\" content=\"2024-12-09T19:45:44+00:00\" \/>\n<meta property=\"og:image\" content=\"https:\/\/cenariosdeacucar.pt\/novo\/wp-content\/uploads\/2021\/03\/RECCHO015.jpg\" \/>\n\t<meta property=\"og:image:width\" content=\"600\" \/>\n\t<meta property=\"og:image:height\" content=\"600\" \/>\n\t<meta property=\"og:image:type\" content=\"image\/jpeg\" \/>\n<meta name=\"twitter:card\" content=\"summary_large_image\" \/>\n<meta name=\"twitter:label1\" content=\"Tempo estimado de leitura\" \/>\n\t<meta name=\"twitter:data1\" content=\"1 minuto\" \/>\n<script type=\"application\/ld+json\" class=\"yoast-schema-graph\">{\"@context\":\"https:\\\/\\\/schema.org\",\"@graph\":[{\"@type\":\"WebPage\",\"@id\":\"https:\\\/\\\/cenariosdeacucar.pt\\\/?product=peccatto\",\"url\":\"https:\\\/\\\/cenariosdeacucar.pt\\\/?product=peccatto\",\"name\":\"Peccatto - Cen\u00e1rios de A\u00e7ucar\",\"isPartOf\":{\"@id\":\"https:\\\/\\\/cenariosdeacucar.pt\\\/#website\"},\"primaryImageOfPage\":{\"@id\":\"https:\\\/\\\/cenariosdeacucar.pt\\\/?product=peccatto#primaryimage\"},\"image\":{\"@id\":\"https:\\\/\\\/cenariosdeacucar.pt\\\/?product=peccatto#primaryimage\"},\"thumbnailUrl\":\"https:\\\/\\\/cenariosdeacucar.pt\\\/novo\\\/wp-content\\\/uploads\\\/2021\\\/03\\\/RECCHO015.jpg\",\"datePublished\":\"2021-03-03T16:24:04+00:00\",\"dateModified\":\"2024-12-09T19:45:44+00:00\",\"breadcrumb\":{\"@id\":\"https:\\\/\\\/cenariosdeacucar.pt\\\/?product=peccatto#breadcrumb\"},\"inLanguage\":\"pt-PT\",\"potentialAction\":[{\"@type\":\"ReadAction\",\"target\":[\"https:\\\/\\\/cenariosdeacucar.pt\\\/?product=peccatto\"]}]},{\"@type\":\"ImageObject\",\"inLanguage\":\"pt-PT\",\"@id\":\"https:\\\/\\\/cenariosdeacucar.pt\\\/?product=peccatto#primaryimage\",\"url\":\"https:\\\/\\\/cenariosdeacucar.pt\\\/novo\\\/wp-content\\\/uploads\\\/2021\\\/03\\\/RECCHO015.jpg\",\"contentUrl\":\"https:\\\/\\\/cenariosdeacucar.pt\\\/novo\\\/wp-content\\\/uploads\\\/2021\\\/03\\\/RECCHO015.jpg\",\"width\":600,\"height\":600},{\"@type\":\"BreadcrumbList\",\"@id\":\"https:\\\/\\\/cenariosdeacucar.pt\\\/?product=peccatto#breadcrumb\",\"itemListElement\":[{\"@type\":\"ListItem\",\"position\":1,\"name\":\"In\u00edcio\",\"item\":\"https:\\\/\\\/cenariosdeacucar.pt\\\/\"},{\"@type\":\"ListItem\",\"position\":2,\"name\":\"Produtos\",\"item\":\"https:\\\/\\\/cenariosdeacucar.pt\\\/?post_type=product\"},{\"@type\":\"ListItem\",\"position\":3,\"name\":\"Peccatto\"}]},{\"@type\":\"WebSite\",\"@id\":\"https:\\\/\\\/cenariosdeacucar.pt\\\/#website\",\"url\":\"https:\\\/\\\/cenariosdeacucar.pt\\\/\",\"name\":\"Cen\u00e1rios de A\u00e7ucar\",\"description\":\"Cake Design | Festas\",\"potentialAction\":[{\"@type\":\"SearchAction\",\"target\":{\"@type\":\"EntryPoint\",\"urlTemplate\":\"https:\\\/\\\/cenariosdeacucar.pt\\\/?s={search_term_string}\"},\"query-input\":{\"@type\":\"PropertyValueSpecification\",\"valueRequired\":true,\"valueName\":\"search_term_string\"}}],\"inLanguage\":\"pt-PT\"}]}<\/script>\n<!-- \/ Yoast SEO plugin. -->","yoast_head_json":{"title":"Peccatto - Cen\u00e1rios de A\u00e7ucar","robots":{"index":"index","follow":"follow","max-snippet":"max-snippet:-1","max-image-preview":"max-image-preview:large","max-video-preview":"max-video-preview:-1"},"canonical":"https:\/\/cenariosdeacucar.pt\/?product=peccatto","og_locale":"pt_PT","og_type":"article","og_title":"Peccatto - Cen\u00e1rios de A\u00e7ucar","og_description":"Creme para rechear todo o tipo de bolos e bombons.Excelente para elabora\u00e7\u00e3o de torr\u00e3o. Chocolate branco com flocos de c\u00f4co e peda\u00e7os de bolacha.","og_url":"https:\/\/cenariosdeacucar.pt\/?product=peccatto","og_site_name":"Cen\u00e1rios de A\u00e7ucar","article_modified_time":"2024-12-09T19:45:44+00:00","og_image":[{"width":600,"height":600,"url":"https:\/\/cenariosdeacucar.pt\/novo\/wp-content\/uploads\/2021\/03\/RECCHO015.jpg","type":"image\/jpeg"}],"twitter_card":"summary_large_image","twitter_misc":{"Tempo estimado de leitura":"1 minuto"},"schema":{"@context":"https:\/\/schema.org","@graph":[{"@type":"WebPage","@id":"https:\/\/cenariosdeacucar.pt\/?product=peccatto","url":"https:\/\/cenariosdeacucar.pt\/?product=peccatto","name":"Peccatto - Cen\u00e1rios de A\u00e7ucar","isPartOf":{"@id":"https:\/\/cenariosdeacucar.pt\/#website"},"primaryImageOfPage":{"@id":"https:\/\/cenariosdeacucar.pt\/?product=peccatto#primaryimage"},"image":{"@id":"https:\/\/cenariosdeacucar.pt\/?product=peccatto#primaryimage"},"thumbnailUrl":"https:\/\/cenariosdeacucar.pt\/novo\/wp-content\/uploads\/2021\/03\/RECCHO015.jpg","datePublished":"2021-03-03T16:24:04+00:00","dateModified":"2024-12-09T19:45:44+00:00","breadcrumb":{"@id":"https:\/\/cenariosdeacucar.pt\/?product=peccatto#breadcrumb"},"inLanguage":"pt-PT","potentialAction":[{"@type":"ReadAction","target":["https:\/\/cenariosdeacucar.pt\/?product=peccatto"]}]},{"@type":"ImageObject","inLanguage":"pt-PT","@id":"https:\/\/cenariosdeacucar.pt\/?product=peccatto#primaryimage","url":"https:\/\/cenariosdeacucar.pt\/novo\/wp-content\/uploads\/2021\/03\/RECCHO015.jpg","contentUrl":"https:\/\/cenariosdeacucar.pt\/novo\/wp-content\/uploads\/2021\/03\/RECCHO015.jpg","width":600,"height":600},{"@type":"BreadcrumbList","@id":"https:\/\/cenariosdeacucar.pt\/?product=peccatto#breadcrumb","itemListElement":[{"@type":"ListItem","position":1,"name":"In\u00edcio","item":"https:\/\/cenariosdeacucar.pt\/"},{"@type":"ListItem","position":2,"name":"Produtos","item":"https:\/\/cenariosdeacucar.pt\/?post_type=product"},{"@type":"ListItem","position":3,"name":"Peccatto"}]},{"@type":"WebSite","@id":"https:\/\/cenariosdeacucar.pt\/#website","url":"https:\/\/cenariosdeacucar.pt\/","name":"Cen\u00e1rios de A\u00e7ucar","description":"Cake Design | Festas","potentialAction":[{"@type":"SearchAction","target":{"@type":"EntryPoint","urlTemplate":"https:\/\/cenariosdeacucar.pt\/?s={search_term_string}"},"query-input":{"@type":"PropertyValueSpecification","valueRequired":true,"valueName":"search_term_string"}}],"inLanguage":"pt-PT"}]}},"_links":{"self":[{"href":"https:\/\/cenariosdeacucar.pt\/index.php?rest_route=\/wp\/v2\/product\/13004","targetHints":{"allow":["GET"]}}],"collection":[{"href":"https:\/\/cenariosdeacucar.pt\/index.php?rest_route=\/wp\/v2\/product"}],"about":[{"href":"https:\/\/cenariosdeacucar.pt\/index.php?rest_route=\/wp\/v2\/types\/product"}],"replies":[{"embeddable":true,"href":"https:\/\/cenariosdeacucar.pt\/index.php?rest_route=%2Fwp%2Fv2%2Fcomments&post=13004"}],"wp:featuredmedia":[{"embeddable":true,"href":"https:\/\/cenariosdeacucar.pt\/index.php?rest_route=\/wp\/v2\/media\/13005"}],"wp:attachment":[{"href":"https:\/\/cenariosdeacucar.pt\/index.php?rest_route=%2Fwp%2Fv2%2Fmedia&parent=13004"}],"wp:term":[{"taxonomy":"product_brand","embeddable":true,"href":"https:\/\/cenariosdeacucar.pt\/index.php?rest_route=%2Fwp%2Fv2%2Fproduct_brand&post=13004"},{"taxonomy":"product_cat","embeddable":true,"href":"https:\/\/cenariosdeacucar.pt\/index.php?rest_route=%2Fwp%2Fv2%2Fproduct_cat&post=13004"},{"taxonomy":"product_tag","embeddable":true,"href":"https:\/\/cenariosdeacucar.pt\/index.php?rest_route=%2Fwp%2Fv2%2Fproduct_tag&post=13004"}],"curies":[{"name":"wp","href":"https:\/\/api.w.org\/{rel}","templated":true}]}}