{"id":12741,"date":"2021-02-22T19:05:33","date_gmt":"2021-02-22T18:05:33","guid":{"rendered":"https:\/\/cenariosdeacucar.pt\/novo\/?post_type=product&#038;p=12741"},"modified":"2021-03-09T17:31:13","modified_gmt":"2021-03-09T16:31:13","slug":"marcador-fmm-polka-dot-1","status":"publish","type":"product","link":"https:\/\/cenariosdeacucar.pt\/?product=marcador-fmm-polka-dot-1","title":{"rendered":"Marcador FMM Polka Dot 1"},"content":{"rendered":"<h2 class=\"ui-pdp-description__title\">Descri\u00e7\u00e3o<\/h2>\n<p class=\"ui-pdp-description__content\">Esta ferramenta \u00e9 incr\u00edvel para criar um padr\u00e3o decorativo de forma r\u00e1pida e f\u00e1cil, ajudando a posicionar p\u00e9rolas, flores ou o que preferir sobre cada marca\u00e7\u00e3o, para que possa criar um bolo perfeito. A ferramenta Press-Ice tem instru\u00e7\u00f5es de seu passo-a-passo na embalagem.<\/p>\n","protected":false},"excerpt":{"rendered":"<p>Descri\u00e7\u00e3o Esta ferramenta \u00e9 incr\u00edvel para criar um padr\u00e3o decorativo de forma r\u00e1pida e f\u00e1cil, ajudando a posicionar p\u00e9rolas, flores ou o que preferir sobre cada marca\u00e7\u00e3o, para que possa criar um bolo perfeito. A ferramenta Press-Ice tem instru\u00e7\u00f5es de seu passo-a-passo na embalagem.<\/p>\n","protected":false},"featured_media":12742,"comment_status":"closed","ping_status":"closed","template":"","meta":[],"product_brand":[],"product_cat":[158,165],"product_tag":[],"class_list":{"0":"post-12741","1":"product","2":"type-product","3":"status-publish","4":"has-post-thumbnail","6":"product_cat-cakedesign","7":"product_cat-utensilios","9":"first","10":"instock","11":"shipping-taxable","12":"purchasable","13":"product-type-simple"},"yoast_head":"<!-- This site is optimized with the Yoast SEO plugin v27.4 - https:\/\/yoast.com\/product\/yoast-seo-wordpress\/ -->\n<title>Marcador FMM Polka Dot 1 - Cen\u00e1rios de A\u00e7ucar<\/title>\n<meta name=\"robots\" content=\"index, follow, max-snippet:-1, max-image-preview:large, max-video-preview:-1\" \/>\n<link rel=\"canonical\" href=\"https:\/\/cenariosdeacucar.pt\/?product=marcador-fmm-polka-dot-1\" \/>\n<meta property=\"og:locale\" content=\"pt_PT\" \/>\n<meta property=\"og:type\" content=\"article\" \/>\n<meta property=\"og:title\" content=\"Marcador FMM Polka Dot 1 - Cen\u00e1rios de A\u00e7ucar\" \/>\n<meta property=\"og:description\" content=\"Descri\u00e7\u00e3o Esta ferramenta \u00e9 incr\u00edvel para criar um padr\u00e3o decorativo de forma r\u00e1pida e f\u00e1cil, ajudando a posicionar p\u00e9rolas, flores ou o que preferir sobre cada marca\u00e7\u00e3o, para que possa criar um bolo perfeito. A ferramenta Press-Ice tem instru\u00e7\u00f5es de seu passo-a-passo na embalagem.\" \/>\n<meta property=\"og:url\" content=\"https:\/\/cenariosdeacucar.pt\/?product=marcador-fmm-polka-dot-1\" \/>\n<meta property=\"og:site_name\" content=\"Cen\u00e1rios de A\u00e7ucar\" \/>\n<meta property=\"article:modified_time\" content=\"2021-03-09T16:31:13+00:00\" \/>\n<meta property=\"og:image\" content=\"https:\/\/cenariosdeacucar.pt\/novo\/wp-content\/uploads\/2021\/02\/marcador-fmm-polka-dot-1.jpg\" \/>\n\t<meta property=\"og:image:width\" content=\"800\" \/>\n\t<meta property=\"og:image:height\" content=\"800\" \/>\n\t<meta property=\"og:image:type\" content=\"image\/jpeg\" \/>\n<meta name=\"twitter:card\" content=\"summary_large_image\" \/>\n<script type=\"application\/ld+json\" class=\"yoast-schema-graph\">{\"@context\":\"https:\\\/\\\/schema.org\",\"@graph\":[{\"@type\":\"WebPage\",\"@id\":\"https:\\\/\\\/cenariosdeacucar.pt\\\/?product=marcador-fmm-polka-dot-1\",\"url\":\"https:\\\/\\\/cenariosdeacucar.pt\\\/?product=marcador-fmm-polka-dot-1\",\"name\":\"Marcador FMM Polka Dot 1 - Cen\u00e1rios de A\u00e7ucar\",\"isPartOf\":{\"@id\":\"https:\\\/\\\/cenariosdeacucar.pt\\\/#website\"},\"primaryImageOfPage\":{\"@id\":\"https:\\\/\\\/cenariosdeacucar.pt\\\/?product=marcador-fmm-polka-dot-1#primaryimage\"},\"image\":{\"@id\":\"https:\\\/\\\/cenariosdeacucar.pt\\\/?product=marcador-fmm-polka-dot-1#primaryimage\"},\"thumbnailUrl\":\"https:\\\/\\\/cenariosdeacucar.pt\\\/novo\\\/wp-content\\\/uploads\\\/2021\\\/02\\\/marcador-fmm-polka-dot-1.jpg\",\"datePublished\":\"2021-02-22T18:05:33+00:00\",\"dateModified\":\"2021-03-09T16:31:13+00:00\",\"breadcrumb\":{\"@id\":\"https:\\\/\\\/cenariosdeacucar.pt\\\/?product=marcador-fmm-polka-dot-1#breadcrumb\"},\"inLanguage\":\"pt-PT\",\"potentialAction\":[{\"@type\":\"ReadAction\",\"target\":[\"https:\\\/\\\/cenariosdeacucar.pt\\\/?product=marcador-fmm-polka-dot-1\"]}]},{\"@type\":\"ImageObject\",\"inLanguage\":\"pt-PT\",\"@id\":\"https:\\\/\\\/cenariosdeacucar.pt\\\/?product=marcador-fmm-polka-dot-1#primaryimage\",\"url\":\"https:\\\/\\\/cenariosdeacucar.pt\\\/novo\\\/wp-content\\\/uploads\\\/2021\\\/02\\\/marcador-fmm-polka-dot-1.jpg\",\"contentUrl\":\"https:\\\/\\\/cenariosdeacucar.pt\\\/novo\\\/wp-content\\\/uploads\\\/2021\\\/02\\\/marcador-fmm-polka-dot-1.jpg\",\"width\":800,\"height\":800},{\"@type\":\"BreadcrumbList\",\"@id\":\"https:\\\/\\\/cenariosdeacucar.pt\\\/?product=marcador-fmm-polka-dot-1#breadcrumb\",\"itemListElement\":[{\"@type\":\"ListItem\",\"position\":1,\"name\":\"In\u00edcio\",\"item\":\"https:\\\/\\\/cenariosdeacucar.pt\\\/\"},{\"@type\":\"ListItem\",\"position\":2,\"name\":\"Produtos\",\"item\":\"https:\\\/\\\/cenariosdeacucar.pt\\\/?post_type=product\"},{\"@type\":\"ListItem\",\"position\":3,\"name\":\"Marcador FMM Polka Dot 1\"}]},{\"@type\":\"WebSite\",\"@id\":\"https:\\\/\\\/cenariosdeacucar.pt\\\/#website\",\"url\":\"https:\\\/\\\/cenariosdeacucar.pt\\\/\",\"name\":\"Cen\u00e1rios de A\u00e7ucar\",\"description\":\"Cake Design | Festas\",\"potentialAction\":[{\"@type\":\"SearchAction\",\"target\":{\"@type\":\"EntryPoint\",\"urlTemplate\":\"https:\\\/\\\/cenariosdeacucar.pt\\\/?s={search_term_string}\"},\"query-input\":{\"@type\":\"PropertyValueSpecification\",\"valueRequired\":true,\"valueName\":\"search_term_string\"}}],\"inLanguage\":\"pt-PT\"}]}<\/script>\n<!-- \/ Yoast SEO plugin. -->","yoast_head_json":{"title":"Marcador FMM Polka Dot 1 - Cen\u00e1rios de A\u00e7ucar","robots":{"index":"index","follow":"follow","max-snippet":"max-snippet:-1","max-image-preview":"max-image-preview:large","max-video-preview":"max-video-preview:-1"},"canonical":"https:\/\/cenariosdeacucar.pt\/?product=marcador-fmm-polka-dot-1","og_locale":"pt_PT","og_type":"article","og_title":"Marcador FMM Polka Dot 1 - Cen\u00e1rios de A\u00e7ucar","og_description":"Descri\u00e7\u00e3o Esta ferramenta \u00e9 incr\u00edvel para criar um padr\u00e3o decorativo de forma r\u00e1pida e f\u00e1cil, ajudando a posicionar p\u00e9rolas, flores ou o que preferir sobre cada marca\u00e7\u00e3o, para que possa criar um bolo perfeito. A ferramenta Press-Ice tem instru\u00e7\u00f5es de seu passo-a-passo na embalagem.","og_url":"https:\/\/cenariosdeacucar.pt\/?product=marcador-fmm-polka-dot-1","og_site_name":"Cen\u00e1rios de A\u00e7ucar","article_modified_time":"2021-03-09T16:31:13+00:00","og_image":[{"width":800,"height":800,"url":"https:\/\/cenariosdeacucar.pt\/novo\/wp-content\/uploads\/2021\/02\/marcador-fmm-polka-dot-1.jpg","type":"image\/jpeg"}],"twitter_card":"summary_large_image","schema":{"@context":"https:\/\/schema.org","@graph":[{"@type":"WebPage","@id":"https:\/\/cenariosdeacucar.pt\/?product=marcador-fmm-polka-dot-1","url":"https:\/\/cenariosdeacucar.pt\/?product=marcador-fmm-polka-dot-1","name":"Marcador FMM Polka Dot 1 - Cen\u00e1rios de A\u00e7ucar","isPartOf":{"@id":"https:\/\/cenariosdeacucar.pt\/#website"},"primaryImageOfPage":{"@id":"https:\/\/cenariosdeacucar.pt\/?product=marcador-fmm-polka-dot-1#primaryimage"},"image":{"@id":"https:\/\/cenariosdeacucar.pt\/?product=marcador-fmm-polka-dot-1#primaryimage"},"thumbnailUrl":"https:\/\/cenariosdeacucar.pt\/novo\/wp-content\/uploads\/2021\/02\/marcador-fmm-polka-dot-1.jpg","datePublished":"2021-02-22T18:05:33+00:00","dateModified":"2021-03-09T16:31:13+00:00","breadcrumb":{"@id":"https:\/\/cenariosdeacucar.pt\/?product=marcador-fmm-polka-dot-1#breadcrumb"},"inLanguage":"pt-PT","potentialAction":[{"@type":"ReadAction","target":["https:\/\/cenariosdeacucar.pt\/?product=marcador-fmm-polka-dot-1"]}]},{"@type":"ImageObject","inLanguage":"pt-PT","@id":"https:\/\/cenariosdeacucar.pt\/?product=marcador-fmm-polka-dot-1#primaryimage","url":"https:\/\/cenariosdeacucar.pt\/novo\/wp-content\/uploads\/2021\/02\/marcador-fmm-polka-dot-1.jpg","contentUrl":"https:\/\/cenariosdeacucar.pt\/novo\/wp-content\/uploads\/2021\/02\/marcador-fmm-polka-dot-1.jpg","width":800,"height":800},{"@type":"BreadcrumbList","@id":"https:\/\/cenariosdeacucar.pt\/?product=marcador-fmm-polka-dot-1#breadcrumb","itemListElement":[{"@type":"ListItem","position":1,"name":"In\u00edcio","item":"https:\/\/cenariosdeacucar.pt\/"},{"@type":"ListItem","position":2,"name":"Produtos","item":"https:\/\/cenariosdeacucar.pt\/?post_type=product"},{"@type":"ListItem","position":3,"name":"Marcador FMM Polka Dot 1"}]},{"@type":"WebSite","@id":"https:\/\/cenariosdeacucar.pt\/#website","url":"https:\/\/cenariosdeacucar.pt\/","name":"Cen\u00e1rios de A\u00e7ucar","description":"Cake Design | Festas","potentialAction":[{"@type":"SearchAction","target":{"@type":"EntryPoint","urlTemplate":"https:\/\/cenariosdeacucar.pt\/?s={search_term_string}"},"query-input":{"@type":"PropertyValueSpecification","valueRequired":true,"valueName":"search_term_string"}}],"inLanguage":"pt-PT"}]}},"_links":{"self":[{"href":"https:\/\/cenariosdeacucar.pt\/index.php?rest_route=\/wp\/v2\/product\/12741","targetHints":{"allow":["GET"]}}],"collection":[{"href":"https:\/\/cenariosdeacucar.pt\/index.php?rest_route=\/wp\/v2\/product"}],"about":[{"href":"https:\/\/cenariosdeacucar.pt\/index.php?rest_route=\/wp\/v2\/types\/product"}],"replies":[{"embeddable":true,"href":"https:\/\/cenariosdeacucar.pt\/index.php?rest_route=%2Fwp%2Fv2%2Fcomments&post=12741"}],"wp:featuredmedia":[{"embeddable":true,"href":"https:\/\/cenariosdeacucar.pt\/index.php?rest_route=\/wp\/v2\/media\/12742"}],"wp:attachment":[{"href":"https:\/\/cenariosdeacucar.pt\/index.php?rest_route=%2Fwp%2Fv2%2Fmedia&parent=12741"}],"wp:term":[{"taxonomy":"product_brand","embeddable":true,"href":"https:\/\/cenariosdeacucar.pt\/index.php?rest_route=%2Fwp%2Fv2%2Fproduct_brand&post=12741"},{"taxonomy":"product_cat","embeddable":true,"href":"https:\/\/cenariosdeacucar.pt\/index.php?rest_route=%2Fwp%2Fv2%2Fproduct_cat&post=12741"},{"taxonomy":"product_tag","embeddable":true,"href":"https:\/\/cenariosdeacucar.pt\/index.php?rest_route=%2Fwp%2Fv2%2Fproduct_tag&post=12741"}],"curies":[{"name":"wp","href":"https:\/\/api.w.org\/{rel}","templated":true}]}}