{"id":12695,"date":"2021-02-16T17:33:49","date_gmt":"2021-02-16T16:33:49","guid":{"rendered":"https:\/\/cenariosdeacucar.pt\/novo\/?post_type=product&#038;p=12695"},"modified":"2025-04-08T11:46:05","modified_gmt":"2025-04-08T10:46:05","slug":"corante-em-gel-progel-rainbow-dust-eucalipto","status":"publish","type":"product","link":"https:\/\/cenariosdeacucar.pt\/?product=corante-em-gel-progel-rainbow-dust-eucalipto","title":{"rendered":"Corante em Gel &#8220;PROGEL&#8221; RAINBOW DUST &#8211; BABY BLUE"},"content":{"rendered":"<div>\n<p>\u00a0<b>Composi\u00e7\u00e3o:<\/b><\/p>\n<\/div>\n<div>\n<p>Glicerina, di\u00f3xido de silicone, glicol de propileno, corantes (E-133, E-104, E-122, E-155).<\/p>\n<\/div>\n<div>\n<p><i>Os corantes E-104 e E-122 podem ter um efeito adverso na atividade e aten\u00e7\u00e3o das crian\u00e7as.\u00a0<\/i><\/p>\n<\/div>\n<div>\n<p><b>Alerg\u00e9nicos<\/b>:<\/p>\n<\/div>\n<div>\n<p>Sem gl\u00faten. Livre de nozes e OGM.<\/p>\n<\/div>\n<div>\n<p>Adequado para pessoas vegetarianas.<\/p>\n<\/div>\n<div>\n<p>Certificado Kosher y Halal.<\/p>\n<\/div>\n<div>\n<p><b>Conserva\u00e7\u00e3o:<\/b><\/p>\n<\/div>\n<div>\n<p>Conservar \u00e0 temperatura ambiente, em lugar fresco e seco.<\/p>\n<\/div>\n","protected":false},"excerpt":{"rendered":"<p id=\"nombreProducto\">CORANTE EM GEL &#8220;PROGEL&#8221; RAINBOW DUST &#8211; SEA GREEN 25 G<\/p>\n<div>\n<p>Perfeito para tingir pasta de a\u00e7\u00facar, glac\u00ea, creme de manteiga, macarons,&#8230;.<\/p>\n<\/div>\n","protected":false},"featured_media":17226,"comment_status":"closed","ping_status":"closed","template":"","meta":[],"product_brand":[],"product_cat":[142,153,155],"product_tag":[],"class_list":{"0":"post-12695","1":"product","2":"type-product","3":"status-publish","4":"has-post-thumbnail","6":"product_cat-comestiveis","7":"product_cat-corantes","8":"product_cat-corantes-gel","10":"first","11":"instock","12":"shipping-taxable","13":"purchasable","14":"product-type-simple"},"yoast_head":"<!-- This site is optimized with the Yoast SEO plugin v27.4 - https:\/\/yoast.com\/product\/yoast-seo-wordpress\/ -->\n<title>Corante em Gel &quot;PROGEL&quot; RAINBOW DUST - BABY BLUE - Cen\u00e1rios de A\u00e7ucar<\/title>\n<meta name=\"robots\" content=\"index, follow, max-snippet:-1, max-image-preview:large, max-video-preview:-1\" \/>\n<link rel=\"canonical\" href=\"https:\/\/cenariosdeacucar.pt\/?product=corante-em-gel-progel-rainbow-dust-eucalipto\" \/>\n<meta property=\"og:locale\" content=\"pt_PT\" \/>\n<meta property=\"og:type\" content=\"article\" \/>\n<meta property=\"og:title\" content=\"Corante em Gel &quot;PROGEL&quot; RAINBOW DUST - BABY BLUE - Cen\u00e1rios de A\u00e7ucar\" \/>\n<meta property=\"og:description\" content=\"CORANTE EM GEL &quot;PROGEL&quot; RAINBOW DUST - SEA GREEN 25 G    Perfeito para tingir pasta de a\u00e7\u00facar, glac\u00ea, creme de manteiga, macarons,....\" \/>\n<meta property=\"og:url\" content=\"https:\/\/cenariosdeacucar.pt\/?product=corante-em-gel-progel-rainbow-dust-eucalipto\" \/>\n<meta property=\"og:site_name\" content=\"Cen\u00e1rios de A\u00e7ucar\" \/>\n<meta property=\"article:modified_time\" content=\"2025-04-08T10:46:05+00:00\" \/>\n<meta property=\"og:image\" content=\"https:\/\/cenariosdeacucar.pt\/novo\/wp-content\/uploads\/2021\/02\/corante-progel-azul-bb.jpg\" \/>\n\t<meta property=\"og:image:width\" content=\"1200\" \/>\n\t<meta property=\"og:image:height\" content=\"1200\" \/>\n\t<meta property=\"og:image:type\" content=\"image\/jpeg\" \/>\n<meta name=\"twitter:card\" content=\"summary_large_image\" \/>\n<meta name=\"twitter:label1\" content=\"Tempo estimado de leitura\" \/>\n\t<meta name=\"twitter:data1\" content=\"1 minuto\" \/>\n<script type=\"application\/ld+json\" class=\"yoast-schema-graph\">{\"@context\":\"https:\\\/\\\/schema.org\",\"@graph\":[{\"@type\":\"WebPage\",\"@id\":\"https:\\\/\\\/cenariosdeacucar.pt\\\/?product=corante-em-gel-progel-rainbow-dust-eucalipto\",\"url\":\"https:\\\/\\\/cenariosdeacucar.pt\\\/?product=corante-em-gel-progel-rainbow-dust-eucalipto\",\"name\":\"Corante em Gel \\\"PROGEL\\\" RAINBOW DUST - BABY BLUE - Cen\u00e1rios de A\u00e7ucar\",\"isPartOf\":{\"@id\":\"https:\\\/\\\/cenariosdeacucar.pt\\\/#website\"},\"primaryImageOfPage\":{\"@id\":\"https:\\\/\\\/cenariosdeacucar.pt\\\/?product=corante-em-gel-progel-rainbow-dust-eucalipto#primaryimage\"},\"image\":{\"@id\":\"https:\\\/\\\/cenariosdeacucar.pt\\\/?product=corante-em-gel-progel-rainbow-dust-eucalipto#primaryimage\"},\"thumbnailUrl\":\"https:\\\/\\\/cenariosdeacucar.pt\\\/novo\\\/wp-content\\\/uploads\\\/2021\\\/02\\\/corante-progel-azul-bb.jpg\",\"datePublished\":\"2021-02-16T16:33:49+00:00\",\"dateModified\":\"2025-04-08T10:46:05+00:00\",\"breadcrumb\":{\"@id\":\"https:\\\/\\\/cenariosdeacucar.pt\\\/?product=corante-em-gel-progel-rainbow-dust-eucalipto#breadcrumb\"},\"inLanguage\":\"pt-PT\",\"potentialAction\":[{\"@type\":\"ReadAction\",\"target\":[\"https:\\\/\\\/cenariosdeacucar.pt\\\/?product=corante-em-gel-progel-rainbow-dust-eucalipto\"]}]},{\"@type\":\"ImageObject\",\"inLanguage\":\"pt-PT\",\"@id\":\"https:\\\/\\\/cenariosdeacucar.pt\\\/?product=corante-em-gel-progel-rainbow-dust-eucalipto#primaryimage\",\"url\":\"https:\\\/\\\/cenariosdeacucar.pt\\\/novo\\\/wp-content\\\/uploads\\\/2021\\\/02\\\/corante-progel-azul-bb.jpg\",\"contentUrl\":\"https:\\\/\\\/cenariosdeacucar.pt\\\/novo\\\/wp-content\\\/uploads\\\/2021\\\/02\\\/corante-progel-azul-bb.jpg\",\"width\":1200,\"height\":1200},{\"@type\":\"BreadcrumbList\",\"@id\":\"https:\\\/\\\/cenariosdeacucar.pt\\\/?product=corante-em-gel-progel-rainbow-dust-eucalipto#breadcrumb\",\"itemListElement\":[{\"@type\":\"ListItem\",\"position\":1,\"name\":\"In\u00edcio\",\"item\":\"https:\\\/\\\/cenariosdeacucar.pt\\\/\"},{\"@type\":\"ListItem\",\"position\":2,\"name\":\"Produtos\",\"item\":\"https:\\\/\\\/cenariosdeacucar.pt\\\/?post_type=product\"},{\"@type\":\"ListItem\",\"position\":3,\"name\":\"Corante em Gel &#8220;PROGEL&#8221; RAINBOW DUST &#8211; BABY BLUE\"}]},{\"@type\":\"WebSite\",\"@id\":\"https:\\\/\\\/cenariosdeacucar.pt\\\/#website\",\"url\":\"https:\\\/\\\/cenariosdeacucar.pt\\\/\",\"name\":\"Cen\u00e1rios de A\u00e7ucar\",\"description\":\"Cake Design | Festas\",\"potentialAction\":[{\"@type\":\"SearchAction\",\"target\":{\"@type\":\"EntryPoint\",\"urlTemplate\":\"https:\\\/\\\/cenariosdeacucar.pt\\\/?s={search_term_string}\"},\"query-input\":{\"@type\":\"PropertyValueSpecification\",\"valueRequired\":true,\"valueName\":\"search_term_string\"}}],\"inLanguage\":\"pt-PT\"}]}<\/script>\n<!-- \/ Yoast SEO plugin. -->","yoast_head_json":{"title":"Corante em Gel \"PROGEL\" RAINBOW DUST - BABY BLUE - Cen\u00e1rios de A\u00e7ucar","robots":{"index":"index","follow":"follow","max-snippet":"max-snippet:-1","max-image-preview":"max-image-preview:large","max-video-preview":"max-video-preview:-1"},"canonical":"https:\/\/cenariosdeacucar.pt\/?product=corante-em-gel-progel-rainbow-dust-eucalipto","og_locale":"pt_PT","og_type":"article","og_title":"Corante em Gel \"PROGEL\" RAINBOW DUST - BABY BLUE - Cen\u00e1rios de A\u00e7ucar","og_description":"CORANTE EM GEL \"PROGEL\" RAINBOW DUST - SEA GREEN 25 G    Perfeito para tingir pasta de a\u00e7\u00facar, glac\u00ea, creme de manteiga, macarons,....","og_url":"https:\/\/cenariosdeacucar.pt\/?product=corante-em-gel-progel-rainbow-dust-eucalipto","og_site_name":"Cen\u00e1rios de A\u00e7ucar","article_modified_time":"2025-04-08T10:46:05+00:00","og_image":[{"width":1200,"height":1200,"url":"https:\/\/cenariosdeacucar.pt\/novo\/wp-content\/uploads\/2021\/02\/corante-progel-azul-bb.jpg","type":"image\/jpeg"}],"twitter_card":"summary_large_image","twitter_misc":{"Tempo estimado de leitura":"1 minuto"},"schema":{"@context":"https:\/\/schema.org","@graph":[{"@type":"WebPage","@id":"https:\/\/cenariosdeacucar.pt\/?product=corante-em-gel-progel-rainbow-dust-eucalipto","url":"https:\/\/cenariosdeacucar.pt\/?product=corante-em-gel-progel-rainbow-dust-eucalipto","name":"Corante em Gel \"PROGEL\" RAINBOW DUST - BABY BLUE - Cen\u00e1rios de A\u00e7ucar","isPartOf":{"@id":"https:\/\/cenariosdeacucar.pt\/#website"},"primaryImageOfPage":{"@id":"https:\/\/cenariosdeacucar.pt\/?product=corante-em-gel-progel-rainbow-dust-eucalipto#primaryimage"},"image":{"@id":"https:\/\/cenariosdeacucar.pt\/?product=corante-em-gel-progel-rainbow-dust-eucalipto#primaryimage"},"thumbnailUrl":"https:\/\/cenariosdeacucar.pt\/novo\/wp-content\/uploads\/2021\/02\/corante-progel-azul-bb.jpg","datePublished":"2021-02-16T16:33:49+00:00","dateModified":"2025-04-08T10:46:05+00:00","breadcrumb":{"@id":"https:\/\/cenariosdeacucar.pt\/?product=corante-em-gel-progel-rainbow-dust-eucalipto#breadcrumb"},"inLanguage":"pt-PT","potentialAction":[{"@type":"ReadAction","target":["https:\/\/cenariosdeacucar.pt\/?product=corante-em-gel-progel-rainbow-dust-eucalipto"]}]},{"@type":"ImageObject","inLanguage":"pt-PT","@id":"https:\/\/cenariosdeacucar.pt\/?product=corante-em-gel-progel-rainbow-dust-eucalipto#primaryimage","url":"https:\/\/cenariosdeacucar.pt\/novo\/wp-content\/uploads\/2021\/02\/corante-progel-azul-bb.jpg","contentUrl":"https:\/\/cenariosdeacucar.pt\/novo\/wp-content\/uploads\/2021\/02\/corante-progel-azul-bb.jpg","width":1200,"height":1200},{"@type":"BreadcrumbList","@id":"https:\/\/cenariosdeacucar.pt\/?product=corante-em-gel-progel-rainbow-dust-eucalipto#breadcrumb","itemListElement":[{"@type":"ListItem","position":1,"name":"In\u00edcio","item":"https:\/\/cenariosdeacucar.pt\/"},{"@type":"ListItem","position":2,"name":"Produtos","item":"https:\/\/cenariosdeacucar.pt\/?post_type=product"},{"@type":"ListItem","position":3,"name":"Corante em Gel &#8220;PROGEL&#8221; RAINBOW DUST &#8211; BABY BLUE"}]},{"@type":"WebSite","@id":"https:\/\/cenariosdeacucar.pt\/#website","url":"https:\/\/cenariosdeacucar.pt\/","name":"Cen\u00e1rios de A\u00e7ucar","description":"Cake Design | Festas","potentialAction":[{"@type":"SearchAction","target":{"@type":"EntryPoint","urlTemplate":"https:\/\/cenariosdeacucar.pt\/?s={search_term_string}"},"query-input":{"@type":"PropertyValueSpecification","valueRequired":true,"valueName":"search_term_string"}}],"inLanguage":"pt-PT"}]}},"_links":{"self":[{"href":"https:\/\/cenariosdeacucar.pt\/index.php?rest_route=\/wp\/v2\/product\/12695","targetHints":{"allow":["GET"]}}],"collection":[{"href":"https:\/\/cenariosdeacucar.pt\/index.php?rest_route=\/wp\/v2\/product"}],"about":[{"href":"https:\/\/cenariosdeacucar.pt\/index.php?rest_route=\/wp\/v2\/types\/product"}],"replies":[{"embeddable":true,"href":"https:\/\/cenariosdeacucar.pt\/index.php?rest_route=%2Fwp%2Fv2%2Fcomments&post=12695"}],"wp:featuredmedia":[{"embeddable":true,"href":"https:\/\/cenariosdeacucar.pt\/index.php?rest_route=\/wp\/v2\/media\/17226"}],"wp:attachment":[{"href":"https:\/\/cenariosdeacucar.pt\/index.php?rest_route=%2Fwp%2Fv2%2Fmedia&parent=12695"}],"wp:term":[{"taxonomy":"product_brand","embeddable":true,"href":"https:\/\/cenariosdeacucar.pt\/index.php?rest_route=%2Fwp%2Fv2%2Fproduct_brand&post=12695"},{"taxonomy":"product_cat","embeddable":true,"href":"https:\/\/cenariosdeacucar.pt\/index.php?rest_route=%2Fwp%2Fv2%2Fproduct_cat&post=12695"},{"taxonomy":"product_tag","embeddable":true,"href":"https:\/\/cenariosdeacucar.pt\/index.php?rest_route=%2Fwp%2Fv2%2Fproduct_tag&post=12695"}],"curies":[{"name":"wp","href":"https:\/\/api.w.org\/{rel}","templated":true}]}}