{"id":12487,"date":"2021-01-29T20:33:09","date_gmt":"2021-01-29T19:33:09","guid":{"rendered":"https:\/\/cenariosdeacucar.pt\/novo\/?post_type=product&#038;p=12487"},"modified":"2025-10-07T16:41:08","modified_gmt":"2025-10-07T15:41:08","slug":"bolo-confettis-500gr","status":"publish","type":"product","link":"https:\/\/cenariosdeacucar.pt\/?product=bolo-confettis-500gr","title":{"rendered":"Bolo Confettis 500Gr"},"content":{"rendered":"<div>Composi\u00e7\u00e3o:<\/div>\n<div>a\u00e7\u00facar, amido de batata, \u00f3leo de girassol e farinha de arroz, farinha de trigo, gordura vegetal soro de leite, amido modificado, levedantes qu\u00edmicos (E450, E500), espessantes (E466, E415), aroma e corante: E101, E171, E172 e agente de revestimento: goma laca. Pode conter vest\u00edgios de ovos, soja e frutos de casca rija.<\/div>\n<div><\/div>\n<div>Informa\u00e7\u00e3o nutricional por 100 gramas:<\/div>\n<div>Par\u00e2metros\/Valores<\/div>\n<div>Energia 1663Kj\/396kcal<\/div>\n<div>L\u00edpidos 5.5g<\/div>\n<div>dos quais saturados 3.7g<\/div>\n<div>Hidratos de carbono 81.2g<\/div>\n<div>dos quais a\u00e7\u00facares 46.7g<\/div>\n<div>Fibras 0g<\/div>\n<div>Prote\u00ednas 5.4g<\/div>\n<div>Sal 1.3g<\/div>\n<div><\/div>\n<div>Conservar num local fresco e seco.<\/div>\n<div><\/div>\n<div>ALERG\u00c9NIOS<br \/>\n&#8211; Leite e seus derivados, inclu\u00edda lactose (soro de leite);<br \/>\n&#8211; Cereais que cont\u00eam gl\u00faten e produtos derivados (farinha de trigo);<br \/>\n&#8211; Ovos e produtos \u00e0 base de ovos (a sua presen\u00e7a por contamina\u00e7\u00e3o cruzada n\u00e3o pode ser exclu\u00edda);<br \/>\n&#8211; Soja e produtos \u00e0 base de soja (a sua presen\u00e7a por contamina\u00e7\u00e3o cruzada n\u00e3o pode ser exclu\u00edda).<br \/>\n&#8211; Frutos de casca rija e produtos derivados (a sua presen\u00e7a por contamina\u00e7\u00e3o cruzada n\u00e3o pode ser exclu\u00edda).<\/div>\n","protected":false},"excerpt":{"rendered":"<div>Preparado em p\u00f3 para elabora\u00e7\u00e3o de bolos, cupcakes, torta, crinkles, entre outras. Com sabor a baunilha \u00e9 deslumbrante pela magia das cores. &#8211; F\u00e1cil e r\u00e1pido de prepara\u00e7\u00e3o; &#8211; Vers\u00e1til; &#8211; Textura resistente; &#8211; Frescura prolongada; &#8211; Excelente humidade<\/div>\n<div><\/div>\n<div><\/div>\n","protected":false},"featured_media":12488,"comment_status":"closed","ping_status":"closed","template":"","meta":[],"product_brand":[],"product_cat":[142,143],"product_tag":[],"class_list":{"0":"post-12487","1":"product","2":"type-product","3":"status-publish","4":"has-post-thumbnail","6":"product_cat-comestiveis","7":"product_cat-preparados-para-bolos","9":"first","10":"instock","11":"shipping-taxable","12":"purchasable","13":"product-type-simple"},"yoast_head":"<!-- This site is optimized with the Yoast SEO plugin v27.4 - https:\/\/yoast.com\/product\/yoast-seo-wordpress\/ -->\n<title>Bolo Confettis 500Gr - Cen\u00e1rios de A\u00e7ucar<\/title>\n<meta name=\"robots\" content=\"index, follow, max-snippet:-1, max-image-preview:large, max-video-preview:-1\" \/>\n<link rel=\"canonical\" href=\"https:\/\/cenariosdeacucar.pt\/?product=bolo-confettis-500gr\" \/>\n<meta property=\"og:locale\" content=\"pt_PT\" \/>\n<meta property=\"og:type\" content=\"article\" \/>\n<meta property=\"og:title\" content=\"Bolo Confettis 500Gr - Cen\u00e1rios de A\u00e7ucar\" \/>\n<meta property=\"og:description\" content=\"Preparado em p\u00f3 para elabora\u00e7\u00e3o de bolos, cupcakes, torta, crinkles, entre outras. Com sabor a baunilha \u00e9 deslumbrante pela magia das cores. - F\u00e1cil e r\u00e1pido de prepara\u00e7\u00e3o; - Vers\u00e1til; - Textura resistente; - Frescura prolongada; - Excelente humidade\" \/>\n<meta property=\"og:url\" content=\"https:\/\/cenariosdeacucar.pt\/?product=bolo-confettis-500gr\" \/>\n<meta property=\"og:site_name\" content=\"Cen\u00e1rios de A\u00e7ucar\" \/>\n<meta property=\"article:modified_time\" content=\"2025-10-07T15:41:08+00:00\" \/>\n<meta property=\"og:image\" content=\"https:\/\/cenariosdeacucar.pt\/novo\/wp-content\/uploads\/2021\/01\/Funfetti-original-redone-blog-285x285-2.jpg\" \/>\n\t<meta property=\"og:image:width\" content=\"285\" \/>\n\t<meta property=\"og:image:height\" content=\"285\" \/>\n\t<meta property=\"og:image:type\" content=\"image\/jpeg\" \/>\n<meta name=\"twitter:card\" content=\"summary_large_image\" \/>\n<meta name=\"twitter:label1\" content=\"Tempo estimado de leitura\" \/>\n\t<meta name=\"twitter:data1\" content=\"1 minuto\" \/>\n<script type=\"application\/ld+json\" class=\"yoast-schema-graph\">{\"@context\":\"https:\\\/\\\/schema.org\",\"@graph\":[{\"@type\":\"WebPage\",\"@id\":\"https:\\\/\\\/cenariosdeacucar.pt\\\/?product=bolo-confettis-500gr\",\"url\":\"https:\\\/\\\/cenariosdeacucar.pt\\\/?product=bolo-confettis-500gr\",\"name\":\"Bolo Confettis 500Gr - Cen\u00e1rios de A\u00e7ucar\",\"isPartOf\":{\"@id\":\"https:\\\/\\\/cenariosdeacucar.pt\\\/#website\"},\"primaryImageOfPage\":{\"@id\":\"https:\\\/\\\/cenariosdeacucar.pt\\\/?product=bolo-confettis-500gr#primaryimage\"},\"image\":{\"@id\":\"https:\\\/\\\/cenariosdeacucar.pt\\\/?product=bolo-confettis-500gr#primaryimage\"},\"thumbnailUrl\":\"https:\\\/\\\/cenariosdeacucar.pt\\\/novo\\\/wp-content\\\/uploads\\\/2021\\\/01\\\/Funfetti-original-redone-blog-285x285-2.jpg\",\"datePublished\":\"2021-01-29T19:33:09+00:00\",\"dateModified\":\"2025-10-07T15:41:08+00:00\",\"breadcrumb\":{\"@id\":\"https:\\\/\\\/cenariosdeacucar.pt\\\/?product=bolo-confettis-500gr#breadcrumb\"},\"inLanguage\":\"pt-PT\",\"potentialAction\":[{\"@type\":\"ReadAction\",\"target\":[\"https:\\\/\\\/cenariosdeacucar.pt\\\/?product=bolo-confettis-500gr\"]}]},{\"@type\":\"ImageObject\",\"inLanguage\":\"pt-PT\",\"@id\":\"https:\\\/\\\/cenariosdeacucar.pt\\\/?product=bolo-confettis-500gr#primaryimage\",\"url\":\"https:\\\/\\\/cenariosdeacucar.pt\\\/novo\\\/wp-content\\\/uploads\\\/2021\\\/01\\\/Funfetti-original-redone-blog-285x285-2.jpg\",\"contentUrl\":\"https:\\\/\\\/cenariosdeacucar.pt\\\/novo\\\/wp-content\\\/uploads\\\/2021\\\/01\\\/Funfetti-original-redone-blog-285x285-2.jpg\",\"width\":285,\"height\":285},{\"@type\":\"BreadcrumbList\",\"@id\":\"https:\\\/\\\/cenariosdeacucar.pt\\\/?product=bolo-confettis-500gr#breadcrumb\",\"itemListElement\":[{\"@type\":\"ListItem\",\"position\":1,\"name\":\"In\u00edcio\",\"item\":\"https:\\\/\\\/cenariosdeacucar.pt\\\/\"},{\"@type\":\"ListItem\",\"position\":2,\"name\":\"Produtos\",\"item\":\"https:\\\/\\\/cenariosdeacucar.pt\\\/?post_type=product\"},{\"@type\":\"ListItem\",\"position\":3,\"name\":\"Bolo Confettis 500Gr\"}]},{\"@type\":\"WebSite\",\"@id\":\"https:\\\/\\\/cenariosdeacucar.pt\\\/#website\",\"url\":\"https:\\\/\\\/cenariosdeacucar.pt\\\/\",\"name\":\"Cen\u00e1rios de A\u00e7ucar\",\"description\":\"Cake Design | Festas\",\"potentialAction\":[{\"@type\":\"SearchAction\",\"target\":{\"@type\":\"EntryPoint\",\"urlTemplate\":\"https:\\\/\\\/cenariosdeacucar.pt\\\/?s={search_term_string}\"},\"query-input\":{\"@type\":\"PropertyValueSpecification\",\"valueRequired\":true,\"valueName\":\"search_term_string\"}}],\"inLanguage\":\"pt-PT\"}]}<\/script>\n<!-- \/ Yoast SEO plugin. -->","yoast_head_json":{"title":"Bolo Confettis 500Gr - Cen\u00e1rios de A\u00e7ucar","robots":{"index":"index","follow":"follow","max-snippet":"max-snippet:-1","max-image-preview":"max-image-preview:large","max-video-preview":"max-video-preview:-1"},"canonical":"https:\/\/cenariosdeacucar.pt\/?product=bolo-confettis-500gr","og_locale":"pt_PT","og_type":"article","og_title":"Bolo Confettis 500Gr - Cen\u00e1rios de A\u00e7ucar","og_description":"Preparado em p\u00f3 para elabora\u00e7\u00e3o de bolos, cupcakes, torta, crinkles, entre outras. Com sabor a baunilha \u00e9 deslumbrante pela magia das cores. - F\u00e1cil e r\u00e1pido de prepara\u00e7\u00e3o; - Vers\u00e1til; - Textura resistente; - Frescura prolongada; - Excelente humidade","og_url":"https:\/\/cenariosdeacucar.pt\/?product=bolo-confettis-500gr","og_site_name":"Cen\u00e1rios de A\u00e7ucar","article_modified_time":"2025-10-07T15:41:08+00:00","og_image":[{"width":285,"height":285,"url":"https:\/\/cenariosdeacucar.pt\/novo\/wp-content\/uploads\/2021\/01\/Funfetti-original-redone-blog-285x285-2.jpg","type":"image\/jpeg"}],"twitter_card":"summary_large_image","twitter_misc":{"Tempo estimado de leitura":"1 minuto"},"schema":{"@context":"https:\/\/schema.org","@graph":[{"@type":"WebPage","@id":"https:\/\/cenariosdeacucar.pt\/?product=bolo-confettis-500gr","url":"https:\/\/cenariosdeacucar.pt\/?product=bolo-confettis-500gr","name":"Bolo Confettis 500Gr - Cen\u00e1rios de A\u00e7ucar","isPartOf":{"@id":"https:\/\/cenariosdeacucar.pt\/#website"},"primaryImageOfPage":{"@id":"https:\/\/cenariosdeacucar.pt\/?product=bolo-confettis-500gr#primaryimage"},"image":{"@id":"https:\/\/cenariosdeacucar.pt\/?product=bolo-confettis-500gr#primaryimage"},"thumbnailUrl":"https:\/\/cenariosdeacucar.pt\/novo\/wp-content\/uploads\/2021\/01\/Funfetti-original-redone-blog-285x285-2.jpg","datePublished":"2021-01-29T19:33:09+00:00","dateModified":"2025-10-07T15:41:08+00:00","breadcrumb":{"@id":"https:\/\/cenariosdeacucar.pt\/?product=bolo-confettis-500gr#breadcrumb"},"inLanguage":"pt-PT","potentialAction":[{"@type":"ReadAction","target":["https:\/\/cenariosdeacucar.pt\/?product=bolo-confettis-500gr"]}]},{"@type":"ImageObject","inLanguage":"pt-PT","@id":"https:\/\/cenariosdeacucar.pt\/?product=bolo-confettis-500gr#primaryimage","url":"https:\/\/cenariosdeacucar.pt\/novo\/wp-content\/uploads\/2021\/01\/Funfetti-original-redone-blog-285x285-2.jpg","contentUrl":"https:\/\/cenariosdeacucar.pt\/novo\/wp-content\/uploads\/2021\/01\/Funfetti-original-redone-blog-285x285-2.jpg","width":285,"height":285},{"@type":"BreadcrumbList","@id":"https:\/\/cenariosdeacucar.pt\/?product=bolo-confettis-500gr#breadcrumb","itemListElement":[{"@type":"ListItem","position":1,"name":"In\u00edcio","item":"https:\/\/cenariosdeacucar.pt\/"},{"@type":"ListItem","position":2,"name":"Produtos","item":"https:\/\/cenariosdeacucar.pt\/?post_type=product"},{"@type":"ListItem","position":3,"name":"Bolo Confettis 500Gr"}]},{"@type":"WebSite","@id":"https:\/\/cenariosdeacucar.pt\/#website","url":"https:\/\/cenariosdeacucar.pt\/","name":"Cen\u00e1rios de A\u00e7ucar","description":"Cake Design | Festas","potentialAction":[{"@type":"SearchAction","target":{"@type":"EntryPoint","urlTemplate":"https:\/\/cenariosdeacucar.pt\/?s={search_term_string}"},"query-input":{"@type":"PropertyValueSpecification","valueRequired":true,"valueName":"search_term_string"}}],"inLanguage":"pt-PT"}]}},"_links":{"self":[{"href":"https:\/\/cenariosdeacucar.pt\/index.php?rest_route=\/wp\/v2\/product\/12487","targetHints":{"allow":["GET"]}}],"collection":[{"href":"https:\/\/cenariosdeacucar.pt\/index.php?rest_route=\/wp\/v2\/product"}],"about":[{"href":"https:\/\/cenariosdeacucar.pt\/index.php?rest_route=\/wp\/v2\/types\/product"}],"replies":[{"embeddable":true,"href":"https:\/\/cenariosdeacucar.pt\/index.php?rest_route=%2Fwp%2Fv2%2Fcomments&post=12487"}],"wp:featuredmedia":[{"embeddable":true,"href":"https:\/\/cenariosdeacucar.pt\/index.php?rest_route=\/wp\/v2\/media\/12488"}],"wp:attachment":[{"href":"https:\/\/cenariosdeacucar.pt\/index.php?rest_route=%2Fwp%2Fv2%2Fmedia&parent=12487"}],"wp:term":[{"taxonomy":"product_brand","embeddable":true,"href":"https:\/\/cenariosdeacucar.pt\/index.php?rest_route=%2Fwp%2Fv2%2Fproduct_brand&post=12487"},{"taxonomy":"product_cat","embeddable":true,"href":"https:\/\/cenariosdeacucar.pt\/index.php?rest_route=%2Fwp%2Fv2%2Fproduct_cat&post=12487"},{"taxonomy":"product_tag","embeddable":true,"href":"https:\/\/cenariosdeacucar.pt\/index.php?rest_route=%2Fwp%2Fv2%2Fproduct_tag&post=12487"}],"curies":[{"name":"wp","href":"https:\/\/api.w.org\/{rel}","templated":true}]}}