{"id":12254,"date":"2021-01-05T18:37:21","date_gmt":"2021-01-05T17:37:21","guid":{"rendered":"https:\/\/cenariosdeacucar.pt\/novo\/?page_id=12254"},"modified":"2021-05-13T17:59:01","modified_gmt":"2021-05-13T16:59:01","slug":"politica-de-privacidade","status":"publish","type":"page","link":"https:\/\/cenariosdeacucar.pt\/?page_id=12254","title":{"rendered":"Pol\u00edtica de Privacidade"},"content":{"rendered":"<p><strong>Pol\u00edtica de Privacidade<\/strong><\/p>\n<p style=\"text-align: justify;\">Todas as suas informa\u00e7\u00f5es pessoais recolhidas, ser\u00e3o usadas para ajudar a tornar a sua visita, no nosso site, o mais produtiva e agrad\u00e1vel poss\u00edvel.<\/p>\n<p style=\"text-align: justify;\">Desta forma, todos os dados pessoais fornecidos pelos Clientes, Contactos e Visitantes com o seu consentimento, ser\u00e3o tratados de forma estritamente confidencial, n\u00e3o ser\u00e3o comercializados a terceiros e utilizados exclusivamente com o objetivo para o qual foram disponibilizados.<\/p>\n<p style=\"text-align: justify;\"><strong>Cen\u00e1rios de A\u00e7\u00facar<\/strong> reserva-se no direito de modificar livremente e, a qualquer momento, as presentes Condi\u00e7\u00f5es Gerais de Venda de modo a adequ\u00e1-las \u00e0 legisla\u00e7\u00e3o aplic\u00e1vel, sem necessidade de qualquer pr\u00e9-aviso. Recomendamos, por isso, a consulta regular da presente declara\u00e7\u00e3o de privacidade, para que possa tomar conhecimento destas altera\u00e7\u00f5es.<br \/>\nConsidera-se que, ao validar um pedido de encomenda, o utilizador est\u00e1 a aceitar as presentes Condi\u00e7\u00f5es Gerais de Utiliza\u00e7\u00e3o e Contrata\u00e7\u00e3o.<\/p>\n<p style=\"text-align: justify;\"><strong>Cen\u00e1rios de A\u00e7\u00facar<\/strong> \u00e9 respons\u00e1vel pelos dados recolhidos que s\u00e3o tratados informaticamente e respeita a privacidade de todos os utilizadores e garante a confidencialidade de todos os dados fornecidos pelos seus clientes.<br \/>\nOs dados recolhidos servir\u00e3o apenas para o tratamento da sua encomenda, respetiva fatura\u00e7\u00e3o, assim como, para suportar e melhorar a nossa rela\u00e7\u00e3o consigo, como por exemplo, para processar uma encomenda, proporcionar-lhe suporte personalizado e partilhar consigo informa\u00e7\u00f5es sobre novos produtos, servi\u00e7os e ofertas atrav\u00e9s das nossas Newsletter ou Promo\u00e7\u00f5es.<br \/>\nTodos os clientes t\u00eam direito de acesso, retifica\u00e7\u00e3o e anula\u00e7\u00e3o de qualquer dado fornecido. Podendo esse direito ser exercido acedendo \u00e0 sua conta de cliente, pessoalmente na nossa loja no Louri\u00e7al, telefone ou por escrito diretamente para o endere\u00e7o de email:cakedesigncenarios@gmail.com<\/p>\n<p style=\"text-align: justify;\"><strong>Cookies<\/strong><br \/>\nUtilizamos a tecnologia de \u201cCookies\u201d atrav\u00e9s da qual os seus servidores depositam c\u00f3digos especiais no computador do cliente. Essas informa\u00e7\u00f5es ajudam a determinar o n\u00famero de visitantes ao Site, de modo cont\u00ednuo e os tipos de browsers da Internet e sistemas operacionais utilizados pelos clientes. Essas informa\u00e7\u00f5es s\u00e3o utilizadas com o \u00fanico objetivo de facilitar a navega\u00e7\u00e3o no Site e personalizar o servi\u00e7o que \u00e9 prestado aos clientes.<\/p>\n","protected":false},"excerpt":{"rendered":"<p>Pol\u00edtica de Privacidade Todas as suas informa\u00e7\u00f5es pessoais recolhidas, ser\u00e3o usadas para ajudar a tornar a sua visita, no nosso site, o mais produtiva e agrad\u00e1vel poss\u00edvel. Desta forma, todos os dados pessoais fornecidos pelos Clientes, Contactos e Visitantes com o seu consentimento, ser\u00e3o tratados de forma estritamente confidencial, n\u00e3o ser\u00e3o comercializados a terceiros e [&hellip;]<\/p>\n","protected":false},"author":2,"featured_media":0,"parent":0,"menu_order":0,"comment_status":"closed","ping_status":"closed","template":"","meta":{"footnotes":""},"class_list":["post-12254","page","type-page","status-publish","hentry"],"yoast_head":"<!-- This site is optimized with the Yoast SEO plugin v27.5 - https:\/\/yoast.com\/product\/yoast-seo-wordpress\/ -->\n<title>Pol\u00edtica de Privacidade - Cen\u00e1rios de A\u00e7ucar<\/title>\n<meta name=\"robots\" content=\"index, follow, max-snippet:-1, max-image-preview:large, max-video-preview:-1\" \/>\n<link rel=\"canonical\" href=\"https:\/\/cenariosdeacucar.pt\/?page_id=12254\" \/>\n<meta property=\"og:locale\" content=\"pt_PT\" \/>\n<meta property=\"og:type\" content=\"article\" \/>\n<meta property=\"og:title\" content=\"Pol\u00edtica de Privacidade - Cen\u00e1rios de A\u00e7ucar\" \/>\n<meta property=\"og:description\" content=\"Pol\u00edtica de Privacidade Todas as suas informa\u00e7\u00f5es pessoais recolhidas, ser\u00e3o usadas para ajudar a tornar a sua visita, no nosso site, o mais produtiva e agrad\u00e1vel poss\u00edvel. Desta forma, todos os dados pessoais fornecidos pelos Clientes, Contactos e Visitantes com o seu consentimento, ser\u00e3o tratados de forma estritamente confidencial, n\u00e3o ser\u00e3o comercializados a terceiros e [&hellip;]\" \/>\n<meta property=\"og:url\" content=\"https:\/\/cenariosdeacucar.pt\/?page_id=12254\" \/>\n<meta property=\"og:site_name\" content=\"Cen\u00e1rios de A\u00e7ucar\" \/>\n<meta property=\"article:modified_time\" content=\"2021-05-13T16:59:01+00:00\" \/>\n<meta name=\"twitter:card\" content=\"summary_large_image\" \/>\n<meta name=\"twitter:label1\" content=\"Tempo estimado de leitura\" \/>\n\t<meta name=\"twitter:data1\" content=\"2 minutos\" \/>\n<script type=\"application\/ld+json\" class=\"yoast-schema-graph\">{\"@context\":\"https:\\\/\\\/schema.org\",\"@graph\":[{\"@type\":\"WebPage\",\"@id\":\"https:\\\/\\\/cenariosdeacucar.pt\\\/?page_id=12254\",\"url\":\"https:\\\/\\\/cenariosdeacucar.pt\\\/?page_id=12254\",\"name\":\"Pol\u00edtica de Privacidade - Cen\u00e1rios de A\u00e7ucar\",\"isPartOf\":{\"@id\":\"https:\\\/\\\/cenariosdeacucar.pt\\\/#website\"},\"datePublished\":\"2021-01-05T17:37:21+00:00\",\"dateModified\":\"2021-05-13T16:59:01+00:00\",\"breadcrumb\":{\"@id\":\"https:\\\/\\\/cenariosdeacucar.pt\\\/?page_id=12254#breadcrumb\"},\"inLanguage\":\"pt-PT\",\"potentialAction\":[{\"@type\":\"ReadAction\",\"target\":[\"https:\\\/\\\/cenariosdeacucar.pt\\\/?page_id=12254\"]}]},{\"@type\":\"BreadcrumbList\",\"@id\":\"https:\\\/\\\/cenariosdeacucar.pt\\\/?page_id=12254#breadcrumb\",\"itemListElement\":[{\"@type\":\"ListItem\",\"position\":1,\"name\":\"In\u00edcio\",\"item\":\"https:\\\/\\\/cenariosdeacucar.pt\\\/\"},{\"@type\":\"ListItem\",\"position\":2,\"name\":\"Pol\u00edtica de Privacidade\"}]},{\"@type\":\"WebSite\",\"@id\":\"https:\\\/\\\/cenariosdeacucar.pt\\\/#website\",\"url\":\"https:\\\/\\\/cenariosdeacucar.pt\\\/\",\"name\":\"Cen\u00e1rios de A\u00e7ucar\",\"description\":\"Cake Design | Festas\",\"potentialAction\":[{\"@type\":\"SearchAction\",\"target\":{\"@type\":\"EntryPoint\",\"urlTemplate\":\"https:\\\/\\\/cenariosdeacucar.pt\\\/?s={search_term_string}\"},\"query-input\":{\"@type\":\"PropertyValueSpecification\",\"valueRequired\":true,\"valueName\":\"search_term_string\"}}],\"inLanguage\":\"pt-PT\"}]}<\/script>\n<!-- \/ Yoast SEO plugin. -->","yoast_head_json":{"title":"Pol\u00edtica de Privacidade - Cen\u00e1rios de A\u00e7ucar","robots":{"index":"index","follow":"follow","max-snippet":"max-snippet:-1","max-image-preview":"max-image-preview:large","max-video-preview":"max-video-preview:-1"},"canonical":"https:\/\/cenariosdeacucar.pt\/?page_id=12254","og_locale":"pt_PT","og_type":"article","og_title":"Pol\u00edtica de Privacidade - Cen\u00e1rios de A\u00e7ucar","og_description":"Pol\u00edtica de Privacidade Todas as suas informa\u00e7\u00f5es pessoais recolhidas, ser\u00e3o usadas para ajudar a tornar a sua visita, no nosso site, o mais produtiva e agrad\u00e1vel poss\u00edvel. Desta forma, todos os dados pessoais fornecidos pelos Clientes, Contactos e Visitantes com o seu consentimento, ser\u00e3o tratados de forma estritamente confidencial, n\u00e3o ser\u00e3o comercializados a terceiros e [&hellip;]","og_url":"https:\/\/cenariosdeacucar.pt\/?page_id=12254","og_site_name":"Cen\u00e1rios de A\u00e7ucar","article_modified_time":"2021-05-13T16:59:01+00:00","twitter_card":"summary_large_image","twitter_misc":{"Tempo estimado de leitura":"2 minutos"},"schema":{"@context":"https:\/\/schema.org","@graph":[{"@type":"WebPage","@id":"https:\/\/cenariosdeacucar.pt\/?page_id=12254","url":"https:\/\/cenariosdeacucar.pt\/?page_id=12254","name":"Pol\u00edtica de Privacidade - Cen\u00e1rios de A\u00e7ucar","isPartOf":{"@id":"https:\/\/cenariosdeacucar.pt\/#website"},"datePublished":"2021-01-05T17:37:21+00:00","dateModified":"2021-05-13T16:59:01+00:00","breadcrumb":{"@id":"https:\/\/cenariosdeacucar.pt\/?page_id=12254#breadcrumb"},"inLanguage":"pt-PT","potentialAction":[{"@type":"ReadAction","target":["https:\/\/cenariosdeacucar.pt\/?page_id=12254"]}]},{"@type":"BreadcrumbList","@id":"https:\/\/cenariosdeacucar.pt\/?page_id=12254#breadcrumb","itemListElement":[{"@type":"ListItem","position":1,"name":"In\u00edcio","item":"https:\/\/cenariosdeacucar.pt\/"},{"@type":"ListItem","position":2,"name":"Pol\u00edtica de Privacidade"}]},{"@type":"WebSite","@id":"https:\/\/cenariosdeacucar.pt\/#website","url":"https:\/\/cenariosdeacucar.pt\/","name":"Cen\u00e1rios de A\u00e7ucar","description":"Cake Design | Festas","potentialAction":[{"@type":"SearchAction","target":{"@type":"EntryPoint","urlTemplate":"https:\/\/cenariosdeacucar.pt\/?s={search_term_string}"},"query-input":{"@type":"PropertyValueSpecification","valueRequired":true,"valueName":"search_term_string"}}],"inLanguage":"pt-PT"}]}},"_links":{"self":[{"href":"https:\/\/cenariosdeacucar.pt\/index.php?rest_route=\/wp\/v2\/pages\/12254","targetHints":{"allow":["GET"]}}],"collection":[{"href":"https:\/\/cenariosdeacucar.pt\/index.php?rest_route=\/wp\/v2\/pages"}],"about":[{"href":"https:\/\/cenariosdeacucar.pt\/index.php?rest_route=\/wp\/v2\/types\/page"}],"author":[{"embeddable":true,"href":"https:\/\/cenariosdeacucar.pt\/index.php?rest_route=\/wp\/v2\/users\/2"}],"replies":[{"embeddable":true,"href":"https:\/\/cenariosdeacucar.pt\/index.php?rest_route=%2Fwp%2Fv2%2Fcomments&post=12254"}],"version-history":[{"count":6,"href":"https:\/\/cenariosdeacucar.pt\/index.php?rest_route=\/wp\/v2\/pages\/12254\/revisions"}],"predecessor-version":[{"id":14108,"href":"https:\/\/cenariosdeacucar.pt\/index.php?rest_route=\/wp\/v2\/pages\/12254\/revisions\/14108"}],"wp:attachment":[{"href":"https:\/\/cenariosdeacucar.pt\/index.php?rest_route=%2Fwp%2Fv2%2Fmedia&parent=12254"}],"curies":[{"name":"wp","href":"https:\/\/api.w.org\/{rel}","templated":true}]}}